{"id":8,"date":"2021-02-23T15:29:48","date_gmt":"2021-02-23T13:29:48","guid":{"rendered":"https:\/\/blog.edu.turku.fi\/lukiokumppanit\/?page_id=8"},"modified":"2021-06-17T09:29:53","modified_gmt":"2021-06-17T06:29:53","slug":"otsikko","status":"publish","type":"page","link":"https:\/\/blog.edu.turku.fi\/lukiokumppanit\/","title":{"rendered":"Lukion ty\u00f6el\u00e4m\u00e4- ja korkeakouluyhteisty\u00f6n parhaat palat"},"content":{"rendered":"<p style=\"text-align: center\">L\u00f6yd\u00e4t t\u00e4lt\u00e4 sivulta kuvaukset lukioiden ty\u00f6el\u00e4m\u00e4- ja korkeakouluyhteisty\u00f6n hyvist\u00e4 k\u00e4yt\u00e4nn\u00f6ist\u00e4, joita olemme<br \/>\nLukion ty\u00f6el\u00e4m\u00e4kumppanit- ja LukioTEKO-hankkeissa kehitt\u00e4neet yhdess\u00e4 lukio-opiskelijoiden ja opettajien kanssa.<\/p>\n<p style=\"text-align: center\"><strong><a href=\"https:\/\/drive.google.com\/file\/d\/1Y16onyCW40V7pRAMRyDvd0ElY65WI566\/view?usp=sharing\" target=\"_blank\" rel=\"noopener\">Lukion ty\u00f6el\u00e4m\u00e4- ja korkeakouluyhteisty\u00f6n parhaat palat -julkaisuun (PDF) &gt;<\/a><\/strong><\/p>\n<p style=\"text-align: center\"><a href=\"https:\/\/www.youtube.com\/watch?v=gST8ztKcaD4\" target=\"_blank\" rel=\"noopener\">P\u00e4\u00e4t\u00f6svideoon (Youtube) &gt;<\/a><br \/>\n<a href=\"https:\/\/www.koulutustakuu.fi\/lukiokumppanit\/\">Lukion ty\u00f6el\u00e4m\u00e4kumppanit -blogisivulle &gt;<\/a><\/p>\n<hr \/>\n<p style=\"text-align: center\"><a href=\"https:\/\/drive.google.com\/file\/d\/1wsvRJre8fbZlqCg_INM6i09CsEuv9w6o\/view\">Tulevaisuuden lukiotekoja -julkaisuun (PDF) &gt;<\/a><br \/>\n<a href=\"https:\/\/www.koulutustakuu.fi\/lukioteko\/miten-kehitamme-lukiokoulutusta\/\">LukioTEKO-hankkeen opiskelijakyselyjen vastauksiin &gt;<\/a><br \/>\n<a href=\"https:\/\/www.koulutustakuu.fi\/lukiotekoblogi\/\">LukioTEKO-blogisivulle &gt;<\/a><br \/>\n<a href=\"https:\/\/tralla.fi\/\">Tralla.fi-palveluun &gt;<\/a><\/p>\n","protected":false},"excerpt":{"rendered":"<p>L\u00f6yd\u00e4t t\u00e4lt\u00e4 sivulta kuvaukset lukioiden ty\u00f6el\u00e4m\u00e4- ja korkeakouluyhteisty\u00f6n hyvist\u00e4 k\u00e4yt\u00e4nn\u00f6ist\u00e4, joita olemme Lukion ty\u00f6el\u00e4m\u00e4kumppanit- ja LukioTEKO-hankkeissa kehitt\u00e4neet yhdess\u00e4 lukio-opiskelijoiden ja opettajien kanssa. Lukion ty\u00f6el\u00e4m\u00e4- ja korkeakouluyhteisty\u00f6n parhaat palat -julkaisuun (PDF) &gt; P\u00e4\u00e4t\u00f6svideoon (Youtube) &gt; Lukion ty\u00f6el\u00e4m\u00e4kumppanit -blogisivulle &gt; Tulevaisuuden lukiotekoja -julkaisuun (PDF) &gt; LukioTEKO-hankkeen opiskelijakyselyjen vastauksiin &gt; LukioTEKO-blogisivulle &gt; Tralla.fi-palveluun &gt;<\/p>\n","protected":false},"author":2254,"featured_media":478,"parent":0,"menu_order":0,"comment_status":"closed","ping_status":"closed","template":"templates\/template-full-width.php","meta":{"footnotes":""},"class_list":["post-8","page","type-page","status-publish","has-post-thumbnail","hentry"],"_links":{"self":[{"href":"https:\/\/blog.edu.turku.fi\/lukiokumppanit\/wp-json\/wp\/v2\/pages\/8","targetHints":{"allow":["GET"]}}],"collection":[{"href":"https:\/\/blog.edu.turku.fi\/lukiokumppanit\/wp-json\/wp\/v2\/pages"}],"about":[{"href":"https:\/\/blog.edu.turku.fi\/lukiokumppanit\/wp-json\/wp\/v2\/types\/page"}],"author":[{"embeddable":true,"href":"https:\/\/blog.edu.turku.fi\/lukiokumppanit\/wp-json\/wp\/v2\/users\/2254"}],"replies":[{"embeddable":true,"href":"https:\/\/blog.edu.turku.fi\/lukiokumppanit\/wp-json\/wp\/v2\/comments?post=8"}],"version-history":[{"count":14,"href":"https:\/\/blog.edu.turku.fi\/lukiokumppanit\/wp-json\/wp\/v2\/pages\/8\/revisions"}],"predecessor-version":[{"id":928,"href":"https:\/\/blog.edu.turku.fi\/lukiokumppanit\/wp-json\/wp\/v2\/pages\/8\/revisions\/928"}],"wp:featuredmedia":[{"embeddable":true,"href":"https:\/\/blog.edu.turku.fi\/lukiokumppanit\/wp-json\/wp\/v2\/media\/478"}],"wp:attachment":[{"href":"https:\/\/blog.edu.turku.fi\/lukiokumppanit\/wp-json\/wp\/v2\/media?parent=8"}],"curies":[{"name":"wp","href":"https:\/\/api.w.org\/{rel}","templated":true}]}}