{"id":51,"date":"2025-04-02T13:44:19","date_gmt":"2025-04-02T10:44:19","guid":{"rendered":"https:\/\/blog.edu.turku.fi\/liikkumisenvuosikello\/?page_id=51"},"modified":"2025-06-24T08:56:17","modified_gmt":"2025-06-24T05:56:17","slug":"syksy","status":"publish","type":"page","link":"https:\/\/blog.edu.turku.fi\/liikkumisenvuosikello\/syksy\/","title":{"rendered":"Syksy"},"content":{"rendered":"\n<div class=\"wp-block-media-text is-stacked-on-mobile is-vertically-aligned-center\" style=\"grid-template-columns:25% auto\"><figure class=\"wp-block-media-text__media\"><img loading=\"lazy\" decoding=\"async\" width=\"937\" height=\"941\" src=\"https:\/\/blog.edu.turku.fi\/liikkumisenvuosikello\/files\/2025\/04\/syksy001-937x941.png\" alt=\"\" class=\"wp-image-95 size-full\" srcset=\"https:\/\/blog.edu.turku.fi\/liikkumisenvuosikello\/files\/2025\/04\/syksy001.png 937w, https:\/\/blog.edu.turku.fi\/liikkumisenvuosikello\/files\/2025\/04\/syksy001-150x150.png 150w, https:\/\/blog.edu.turku.fi\/liikkumisenvuosikello\/files\/2025\/04\/syksy001-300x300.png 300w, https:\/\/blog.edu.turku.fi\/liikkumisenvuosikello\/files\/2025\/04\/syksy001-276x276.png 276w\" sizes=\"auto, (max-width: 937px) 100vw, 937px\" \/><\/figure><div class=\"wp-block-media-text__content\">\n<p>Sis\u00e4ll\u00e4<\/p>\n\n\n\n<p>Ulkona<\/p>\n\n\n\n<p><\/p>\n<\/div><\/div>\n\n\n\n<h2 class=\"wp-block-heading\">Syksyn aikatauluja<\/h2>\n\n\n\n<p><strong>Liikuntakoordinaattoritapaaminen 27.8.25 klo 12:30-13:45:<\/strong> Kaikki p\u00e4iv\u00e4kotien liikuntakoordinaattorit kokoontuvat Teams-tapaamiseen. K\u00e4yd\u00e4\u00e4n l\u00e4pi syksyn aikatauluja, tilojen ja v\u00e4lineiden varaamista sek\u00e4 muita ajankohtaisia asioita. <\/p>\n\n\n\n<p><strong>Liikkumisen nykytilan arviointi:<\/strong> Syyskuussa 2025 jokaisessa varhaiskasvatuksen yksik\u00f6ss\u00e4 arvioidaan yksik\u00f6n liikkumisen nykytilaa. Arvioinnin v\u00e4lineen\u00e4 k\u00e4ytet\u00e4\u00e4n Liikkuva varhaiskasvatus-ohjelman nykytilan arviointi ty\u00f6kalua. Ohjeen vastaamiseen ja vastauslinkin l\u00f6yd\u00e4t t\u00e4\u00e4lt\u00e4 <a href=\"https:\/\/liikkuvavarhaiskasvatus.fi\/nykytilan-arviointi\/\">Nykytilan arviointi &#8211; Liikkuva varhaiskasvatus<\/a><\/p>\n","protected":false},"excerpt":{"rendered":"<p>Sis\u00e4ll\u00e4 Ulkona Syksyn aikatauluja Liikuntakoordinaattoritapaaminen 27.8.25 klo 12:30-13:45: Kaikki p\u00e4iv\u00e4kotien liikuntakoordinaattorit kokoontuvat Teams-tapaamiseen. K\u00e4yd\u00e4\u00e4n l\u00e4pi syksyn aikatauluja, tilojen ja v\u00e4lineiden &hellip; <\/p>\n","protected":false},"author":9,"featured_media":46,"parent":0,"menu_order":0,"comment_status":"closed","ping_status":"closed","template":"","meta":{"footnotes":""},"class_list":["post-51","page","type-page","status-publish","has-post-thumbnail","hentry","latest_post"],"_links":{"self":[{"href":"https:\/\/blog.edu.turku.fi\/liikkumisenvuosikello\/wp-json\/wp\/v2\/pages\/51","targetHints":{"allow":["GET"]}}],"collection":[{"href":"https:\/\/blog.edu.turku.fi\/liikkumisenvuosikello\/wp-json\/wp\/v2\/pages"}],"about":[{"href":"https:\/\/blog.edu.turku.fi\/liikkumisenvuosikello\/wp-json\/wp\/v2\/types\/page"}],"author":[{"embeddable":true,"href":"https:\/\/blog.edu.turku.fi\/liikkumisenvuosikello\/wp-json\/wp\/v2\/users\/9"}],"replies":[{"embeddable":true,"href":"https:\/\/blog.edu.turku.fi\/liikkumisenvuosikello\/wp-json\/wp\/v2\/comments?post=51"}],"version-history":[{"count":29,"href":"https:\/\/blog.edu.turku.fi\/liikkumisenvuosikello\/wp-json\/wp\/v2\/pages\/51\/revisions"}],"predecessor-version":[{"id":379,"href":"https:\/\/blog.edu.turku.fi\/liikkumisenvuosikello\/wp-json\/wp\/v2\/pages\/51\/revisions\/379"}],"wp:featuredmedia":[{"embeddable":true,"href":"https:\/\/blog.edu.turku.fi\/liikkumisenvuosikello\/wp-json\/wp\/v2\/media\/46"}],"wp:attachment":[{"href":"https:\/\/blog.edu.turku.fi\/liikkumisenvuosikello\/wp-json\/wp\/v2\/media?parent=51"}],"curies":[{"name":"wp","href":"https:\/\/api.w.org\/{rel}","templated":true}]}}