{"id":201,"date":"2025-04-29T09:02:24","date_gmt":"2025-04-29T06:02:24","guid":{"rendered":"https:\/\/blog.edu.turku.fi\/liikkumisenvuosikello\/?page_id=201"},"modified":"2025-06-24T08:43:44","modified_gmt":"2025-06-24T05:43:44","slug":"motoriset-perustaidot","status":"publish","type":"page","link":"https:\/\/blog.edu.turku.fi\/liikkumisenvuosikello\/motoriset-perustaidot\/","title":{"rendered":"Motoriset perustaidot"},"content":{"rendered":"\n<p>Varhaiskasvatuksessa vahvistetaan lasten motorisia perustaitoja. Taitojen havainnin tukena k\u00e4ytet\u00e4\u00e4n Innostun liikkumaan-materiaalia <a href=\"https:\/\/innostunliikkumaan.fi\/wp-content\/uploads\/2020\/02\/Motoriikan_haasteet_netti.pdf\">Motoristen perustaitojen havainnointi<\/a> Materiaalissa on havainnointilomakkeet 1-2-vuotiaille, 3-5-vuotiaille ja 6-8-vuotiaille. Materiaali sis\u00e4lt\u00e4\u00e4 my\u00f6s ohjeita motoristen perustaitojen vahvistamiseen. Lomakkeet l\u00f6ytyv\u00e4t s\u00e4hk\u00f6isess\u00e4 muodossa Dotkusta sek\u00e4 Extranetist\u00e4.<\/p>\n\n\n\n<p>Motorisia perustaitoja voi vahvistaa k\u00e4ytt\u00e4m\u00e4ll\u00e4 apuna mm. <a href=\"https:\/\/innostunliikkumaan.fi\/skillilataamo\/\">Skillilataamo | Innostun liikkumaan<\/a> sivulta l\u00f6ytyvi\u00e4 toimintakortteja.<\/p>\n\n\n\n<div class=\"wp-block-buttons is-layout-flex wp-block-buttons-is-layout-flex\">\n<div class=\"wp-block-button\"><a class=\"wp-block-button__link wp-element-button\">1-2-vuotias Utelias tutkija<\/a><\/div>\n\n\n\n<div class=\"wp-block-button\"><a class=\"wp-block-button__link wp-element-button\">3-5-vuotias Touhukas kokeilija<\/a><\/div>\n\n\n\n<div class=\"wp-block-button\"><a class=\"wp-block-button__link wp-element-button\">6-8-vuotias Energinen oppija<\/a><\/div>\n<\/div>\n\n\n\n<figure class=\"wp-block-image size-full\"><img loading=\"lazy\" decoding=\"async\" width=\"777\" height=\"687\" src=\"https:\/\/blog.edu.turku.fi\/liikkumisenvuosikello\/files\/2025\/05\/1-2-vuotias-Utealias-tutkija-1-1.jpg\" alt=\"\" class=\"wp-image-306\" srcset=\"https:\/\/blog.edu.turku.fi\/liikkumisenvuosikello\/files\/2025\/05\/1-2-vuotias-Utealias-tutkija-1-1.jpg 777w, https:\/\/blog.edu.turku.fi\/liikkumisenvuosikello\/files\/2025\/05\/1-2-vuotias-Utealias-tutkija-1-1-300x265.jpg 300w, https:\/\/blog.edu.turku.fi\/liikkumisenvuosikello\/files\/2025\/05\/1-2-vuotias-Utealias-tutkija-1-1-768x679.jpg 768w\" sizes=\"auto, (max-width: 777px) 100vw, 777px\" \/><\/figure>\n\n\n\n<figure class=\"wp-block-image size-full\"><img loading=\"lazy\" decoding=\"async\" width=\"640\" height=\"826\" src=\"https:\/\/blog.edu.turku.fi\/liikkumisenvuosikello\/files\/2025\/05\/3-5-vuotias-Touhukas-kokeilija.jpg\" alt=\"\" class=\"wp-image-300\" srcset=\"https:\/\/blog.edu.turku.fi\/liikkumisenvuosikello\/files\/2025\/05\/3-5-vuotias-Touhukas-kokeilija.jpg 640w, https:\/\/blog.edu.turku.fi\/liikkumisenvuosikello\/files\/2025\/05\/3-5-vuotias-Touhukas-kokeilija-232x300.jpg 232w\" sizes=\"auto, (max-width: 640px) 100vw, 640px\" \/><\/figure>\n\n\n\n<figure class=\"wp-block-image size-full\"><img loading=\"lazy\" decoding=\"async\" width=\"592\" height=\"751\" src=\"https:\/\/blog.edu.turku.fi\/liikkumisenvuosikello\/files\/2025\/05\/6-8-vuotias-Energinen-oppija.jpg\" alt=\"\" class=\"wp-image-301\" srcset=\"https:\/\/blog.edu.turku.fi\/liikkumisenvuosikello\/files\/2025\/05\/6-8-vuotias-Energinen-oppija.jpg 592w, https:\/\/blog.edu.turku.fi\/liikkumisenvuosikello\/files\/2025\/05\/6-8-vuotias-Energinen-oppija-236x300.jpg 236w\" sizes=\"auto, (max-width: 592px) 100vw, 592px\" \/><\/figure>\n","protected":false},"excerpt":{"rendered":"<p>Varhaiskasvatuksessa vahvistetaan lasten motorisia perustaitoja. Taitojen havainnin tukena k\u00e4ytet\u00e4\u00e4n Innostun liikkumaan-materiaalia Motoristen perustaitojen havainnointi Materiaalissa on havainnointilomakkeet 1-2-vuotiaille, 3-5-vuotiaille ja &hellip; <\/p>\n","protected":false},"author":9,"featured_media":0,"parent":0,"menu_order":0,"comment_status":"closed","ping_status":"closed","template":"","meta":{"footnotes":""},"class_list":["post-201","page","type-page","status-publish","hentry","latest_post"],"_links":{"self":[{"href":"https:\/\/blog.edu.turku.fi\/liikkumisenvuosikello\/wp-json\/wp\/v2\/pages\/201","targetHints":{"allow":["GET"]}}],"collection":[{"href":"https:\/\/blog.edu.turku.fi\/liikkumisenvuosikello\/wp-json\/wp\/v2\/pages"}],"about":[{"href":"https:\/\/blog.edu.turku.fi\/liikkumisenvuosikello\/wp-json\/wp\/v2\/types\/page"}],"author":[{"embeddable":true,"href":"https:\/\/blog.edu.turku.fi\/liikkumisenvuosikello\/wp-json\/wp\/v2\/users\/9"}],"replies":[{"embeddable":true,"href":"https:\/\/blog.edu.turku.fi\/liikkumisenvuosikello\/wp-json\/wp\/v2\/comments?post=201"}],"version-history":[{"count":11,"href":"https:\/\/blog.edu.turku.fi\/liikkumisenvuosikello\/wp-json\/wp\/v2\/pages\/201\/revisions"}],"predecessor-version":[{"id":371,"href":"https:\/\/blog.edu.turku.fi\/liikkumisenvuosikello\/wp-json\/wp\/v2\/pages\/201\/revisions\/371"}],"wp:attachment":[{"href":"https:\/\/blog.edu.turku.fi\/liikkumisenvuosikello\/wp-json\/wp\/v2\/media?parent=201"}],"curies":[{"name":"wp","href":"https:\/\/api.w.org\/{rel}","templated":true}]}}