{"id":16,"date":"2025-04-02T13:27:53","date_gmt":"2025-04-02T10:27:53","guid":{"rendered":"https:\/\/blog.edu.turku.fi\/liikkumisenvuosikello\/?page_id=16"},"modified":"2025-06-24T09:25:09","modified_gmt":"2025-06-24T06:25:09","slug":"perheet-liikkumaan","status":"publish","type":"page","link":"https:\/\/blog.edu.turku.fi\/liikkumisenvuosikello\/perheet-liikkumaan\/","title":{"rendered":"Perheet liikkumaan"},"content":{"rendered":"\n<p><strong>Arkiseikkailu kannustaa aikuista ja lasta ihmettelem\u00e4\u00e4n l\u00e4hiymp\u00e4rist\u00f6\u00e4 yhdess\u00e4 liikkuen 22.9.\u20135.10.2025. <\/strong> Arkiseikkailu on Liikkuvan varhaiskasvatuksen ja&nbsp;<a href=\"https:\/\/www.liikkuvaperhe.fi\/\">Liikkuvan perheen<\/a>&nbsp;yhteinen varhaiskasvatusyksik\u00f6ille ja perheille suunnattu kampanja, jossa tutustutaan l\u00e4hiymp\u00e4rist\u00f6\u00f6n yhdess\u00e4 liikkuen.  <a href=\"https:\/\/liikkuvavarhaiskasvatus.fi\/arkiseikkailu\/\">Arkiseikkailu \u2013 Vardags\u00e4ventyr &#8211; Liikkuva varhaiskasvatus<\/a> <\/p>\n\n\n\n<p><a href=\"https:\/\/www.liikkuvaperhe.fi\">https:\/\/www.liikkuvaperhe.fi<\/a> sivustolta l\u00f6ytyy paljon materiaaleja ja vinkkej\u00e4 esimerkiksi toiminnallisten koko perheen tapahtumien rakentamiseen <a href=\"https:\/\/www.liikkuvaperhe.fi\/fi\/liikkuva-perhe\/liikkuva-perhe\/ideoita.html\">Ideoita &#8211; www.liikkuvaperhe.fi<\/a><\/p>\n\n\n\n<p><\/p>\n","protected":false},"excerpt":{"rendered":"<p>Arkiseikkailu kannustaa aikuista ja lasta ihmettelem\u00e4\u00e4n l\u00e4hiymp\u00e4rist\u00f6\u00e4 yhdess\u00e4 liikkuen 22.9.\u20135.10.2025. Arkiseikkailu on Liikkuvan varhaiskasvatuksen ja&nbsp;Liikkuvan perheen&nbsp;yhteinen varhaiskasvatusyksik\u00f6ille ja perheille suunnattu &hellip; <\/p>\n","protected":false},"author":9,"featured_media":0,"parent":0,"menu_order":0,"comment_status":"closed","ping_status":"closed","template":"","meta":{"footnotes":""},"class_list":["post-16","page","type-page","status-publish","hentry","latest_post"],"_links":{"self":[{"href":"https:\/\/blog.edu.turku.fi\/liikkumisenvuosikello\/wp-json\/wp\/v2\/pages\/16","targetHints":{"allow":["GET"]}}],"collection":[{"href":"https:\/\/blog.edu.turku.fi\/liikkumisenvuosikello\/wp-json\/wp\/v2\/pages"}],"about":[{"href":"https:\/\/blog.edu.turku.fi\/liikkumisenvuosikello\/wp-json\/wp\/v2\/types\/page"}],"author":[{"embeddable":true,"href":"https:\/\/blog.edu.turku.fi\/liikkumisenvuosikello\/wp-json\/wp\/v2\/users\/9"}],"replies":[{"embeddable":true,"href":"https:\/\/blog.edu.turku.fi\/liikkumisenvuosikello\/wp-json\/wp\/v2\/comments?post=16"}],"version-history":[{"count":4,"href":"https:\/\/blog.edu.turku.fi\/liikkumisenvuosikello\/wp-json\/wp\/v2\/pages\/16\/revisions"}],"predecessor-version":[{"id":386,"href":"https:\/\/blog.edu.turku.fi\/liikkumisenvuosikello\/wp-json\/wp\/v2\/pages\/16\/revisions\/386"}],"wp:attachment":[{"href":"https:\/\/blog.edu.turku.fi\/liikkumisenvuosikello\/wp-json\/wp\/v2\/media?parent=16"}],"curies":[{"name":"wp","href":"https:\/\/api.w.org\/{rel}","templated":true}]}}