{"id":14,"date":"2025-04-02T13:27:42","date_gmt":"2025-04-02T10:27:42","guid":{"rendered":"https:\/\/blog.edu.turku.fi\/liikkumisenvuosikello\/?page_id=14"},"modified":"2025-06-24T09:11:39","modified_gmt":"2025-06-24T06:11:39","slug":"timanttiset-ideat","status":"publish","type":"page","link":"https:\/\/blog.edu.turku.fi\/liikkumisenvuosikello\/timanttiset-ideat\/","title":{"rendered":"Timanttiset ideat"},"content":{"rendered":"\n<p><a href=\"https:\/\/liikkuvavarhaiskasvatus.fi\/\">Liikkuva varhaiskasvatus &#8211; Liikkumisen iloa lapsille<\/a><\/p>\n\n\n\n<p><a href=\"https:\/\/blog.edu.turku.fi\/ulkopeda\/\">Perhep\u00e4iv\u00e4hoidon ulkopedagogiikan materiaalipaketti \u2013 Turun kaupunki<\/a><\/p>\n\n\n\n<p><a href=\"https:\/\/www.liikunnanaluejarjestot.fi\/varhaisvuodet\/jekku-jano\/\">Jekku-j\u00e4n\u00f6 &#8211; Liikunnan aluej\u00e4rjest\u00f6t c\/o PLU<\/a><\/p>\n\n\n\n<p><a href=\"https:\/\/innostunliikkumaan.fi\/havainnoinnin-tyovalineita\/\">Havainnoinnin ty\u00f6v\u00e4lineit\u00e4 | Innostun liikkumaan<\/a><\/p>\n\n\n\n<p><a href=\"https:\/\/www.liikenneturva.fi\/liikenteessa\/pyoraily\/#b7f5ddc6\">Py\u00f6r\u00e4ily &#8211; Polkupy\u00f6r\u00e4ll\u00e4 turvallisesti liikenteess\u00e4 &#8211; Liikenneturva<\/a><\/p>\n\n\n\n<p><a href=\"https:\/\/www.liikenneturva.fi\/opetusmateriaalit\/\">Opetusmateriaalit liikennekasvatuksen tueksi &#8211; Liikenneturva<\/a><\/p>\n\n\n\n<p><a href=\"https:\/\/idrott.fi\/barnochunga\/smabarnspedagogik\/\">Sm\u00e5barnspedagogik | Finlands Svenska Idrott<\/a><\/p>\n\n\n\n<p><a href=\"https:\/\/bin.yhdistysavain.fi\/1598889\/uKtUyl8713Lhswisov1d0XY7_a\/Varhaisvuosien%20fyysisen%20aktiivisuuden%20suositukset%20suomi.pdf\">Varhaisvuosien fyysisen aktiivisuuden suositukset suomi.pdf<\/a><\/p>\n\n\n\n<p>Liikunnalliset ideat joulu- ja kev\u00e4tjuhlat \/ \u00e4itien\/isien \/t\u00e4rkeiden ihmisten p\u00e4iv\u00e4\u00e4n<\/p>\n\n\n\n<p>Yksik\u00f6ist\u00e4 saadut ideat<\/p>\n\n\n\n<p><\/p>\n","protected":false},"excerpt":{"rendered":"<p>Liikkuva varhaiskasvatus &#8211; Liikkumisen iloa lapsille Perhep\u00e4iv\u00e4hoidon ulkopedagogiikan materiaalipaketti \u2013 Turun kaupunki Jekku-j\u00e4n\u00f6 &#8211; Liikunnan aluej\u00e4rjest\u00f6t c\/o PLU Havainnoinnin ty\u00f6v\u00e4lineit\u00e4 &hellip; <\/p>\n","protected":false},"author":9,"featured_media":0,"parent":0,"menu_order":0,"comment_status":"closed","ping_status":"closed","template":"","meta":{"footnotes":""},"class_list":["post-14","page","type-page","status-publish","hentry","latest_post"],"_links":{"self":[{"href":"https:\/\/blog.edu.turku.fi\/liikkumisenvuosikello\/wp-json\/wp\/v2\/pages\/14","targetHints":{"allow":["GET"]}}],"collection":[{"href":"https:\/\/blog.edu.turku.fi\/liikkumisenvuosikello\/wp-json\/wp\/v2\/pages"}],"about":[{"href":"https:\/\/blog.edu.turku.fi\/liikkumisenvuosikello\/wp-json\/wp\/v2\/types\/page"}],"author":[{"embeddable":true,"href":"https:\/\/blog.edu.turku.fi\/liikkumisenvuosikello\/wp-json\/wp\/v2\/users\/9"}],"replies":[{"embeddable":true,"href":"https:\/\/blog.edu.turku.fi\/liikkumisenvuosikello\/wp-json\/wp\/v2\/comments?post=14"}],"version-history":[{"count":4,"href":"https:\/\/blog.edu.turku.fi\/liikkumisenvuosikello\/wp-json\/wp\/v2\/pages\/14\/revisions"}],"predecessor-version":[{"id":382,"href":"https:\/\/blog.edu.turku.fi\/liikkumisenvuosikello\/wp-json\/wp\/v2\/pages\/14\/revisions\/382"}],"wp:attachment":[{"href":"https:\/\/blog.edu.turku.fi\/liikkumisenvuosikello\/wp-json\/wp\/v2\/media?parent=14"}],"curies":[{"name":"wp","href":"https:\/\/api.w.org\/{rel}","templated":true}]}}