{"id":134,"date":"2025-04-03T11:52:23","date_gmt":"2025-04-03T08:52:23","guid":{"rendered":"https:\/\/blog.edu.turku.fi\/liikkumisenvuosikello\/?page_id=134"},"modified":"2025-06-24T08:58:35","modified_gmt":"2025-06-24T05:58:35","slug":"vuodenajat","status":"publish","type":"page","link":"https:\/\/blog.edu.turku.fi\/liikkumisenvuosikello\/","title":{"rendered":""},"content":{"rendered":"\n<div class=\"wp-block-group is-layout-grid wp-container-core-group-is-layout-cf068345 wp-block-group-is-layout-grid\">\n<div class=\"wp-block-cover is-light wp-container-content-a7057f16\" style=\"min-height:280px;aspect-ratio:unset;\"><img loading=\"lazy\" decoding=\"async\" width=\"937\" height=\"941\" class=\"wp-block-cover__image-background wp-image-95\" alt=\"\" src=\"https:\/\/blog.edu.turku.fi\/liikkumisenvuosikello\/files\/2025\/04\/syksy001.png\" data-object-fit=\"cover\" srcset=\"https:\/\/blog.edu.turku.fi\/liikkumisenvuosikello\/files\/2025\/04\/syksy001.png 937w, https:\/\/blog.edu.turku.fi\/liikkumisenvuosikello\/files\/2025\/04\/syksy001-150x150.png 150w, https:\/\/blog.edu.turku.fi\/liikkumisenvuosikello\/files\/2025\/04\/syksy001-300x300.png 300w, https:\/\/blog.edu.turku.fi\/liikkumisenvuosikello\/files\/2025\/04\/syksy001-276x276.png 276w\" sizes=\"auto, (max-width: 937px) 100vw, 937px\" \/><span aria-hidden=\"true\" class=\"wp-block-cover__background has-background-dim-0 has-background-dim\"><\/span><div class=\"wp-block-cover__inner-container is-layout-constrained wp-block-cover-is-layout-constrained\">\n<p class=\"has-text-align-center has-white-color has-text-color has-link-color has-medium-font-size wp-elements-f9156aead37cb2f723211aa593741373\"><a href=\"https:\/\/blog.edu.turku.fi\/liikkumisenvuosikello\/syksy\"><mark style=\"background-color:#ffffff\" class=\"has-inline-color has-black-color\">-SYKSY-<\/mark><\/a><\/p>\n<\/div><\/div>\n\n\n\n<div class=\"wp-block-cover\" style=\"min-height:280px;aspect-ratio:unset;\"><img loading=\"lazy\" decoding=\"async\" width=\"849\" height=\"852\" class=\"wp-block-cover__image-background wp-image-98\" alt=\"\" src=\"https:\/\/blog.edu.turku.fi\/liikkumisenvuosikello\/files\/2025\/04\/talvi001.png\" data-object-fit=\"cover\" srcset=\"https:\/\/blog.edu.turku.fi\/liikkumisenvuosikello\/files\/2025\/04\/talvi001.png 849w, https:\/\/blog.edu.turku.fi\/liikkumisenvuosikello\/files\/2025\/04\/talvi001-150x150.png 150w, https:\/\/blog.edu.turku.fi\/liikkumisenvuosikello\/files\/2025\/04\/talvi001-300x300.png 300w, https:\/\/blog.edu.turku.fi\/liikkumisenvuosikello\/files\/2025\/04\/talvi001-276x276.png 276w\" sizes=\"auto, (max-width: 849px) 100vw, 849px\" \/><span aria-hidden=\"true\" class=\"wp-block-cover__background has-background-dim-0 has-background-dim\" style=\"background-color:#747d95\"><\/span><div class=\"wp-block-cover__inner-container is-layout-constrained wp-block-cover-is-layout-constrained\">\n<p class=\"has-text-align-center has-white-color has-text-color has-link-color has-medium-font-size wp-elements-9a6b6da6d80cbc5cb10e78a7f92df589\"><a href=\"https:\/\/blog.edu.turku.fi\/liikkumisenvuosikello\/talvi\/\" data-type=\"page\" data-id=\"12\"><mark style=\"background-color:#ffffff\" class=\"has-inline-color has-black-color\">-TALVI-<\/mark><\/a><\/p>\n<\/div><\/div>\n\n\n\n<div class=\"wp-block-cover is-light\" style=\"min-height:280px;aspect-ratio:unset;\"><img loading=\"lazy\" decoding=\"async\" width=\"849\" height=\"852\" class=\"wp-block-cover__image-background wp-image-99\" alt=\"\" src=\"https:\/\/blog.edu.turku.fi\/liikkumisenvuosikello\/files\/2025\/04\/kevat001.png\" data-object-fit=\"cover\" srcset=\"https:\/\/blog.edu.turku.fi\/liikkumisenvuosikello\/files\/2025\/04\/kevat001.png 849w, https:\/\/blog.edu.turku.fi\/liikkumisenvuosikello\/files\/2025\/04\/kevat001-150x150.png 150w, https:\/\/blog.edu.turku.fi\/liikkumisenvuosikello\/files\/2025\/04\/kevat001-300x300.png 300w, https:\/\/blog.edu.turku.fi\/liikkumisenvuosikello\/files\/2025\/04\/kevat001-276x276.png 276w\" sizes=\"auto, (max-width: 849px) 100vw, 849px\" \/><span aria-hidden=\"true\" class=\"wp-block-cover__background has-background-dim-0 has-background-dim\" style=\"background-color:#76a025\"><\/span><div class=\"wp-block-cover__inner-container is-layout-constrained wp-block-cover-is-layout-constrained\">\n<p class=\"has-text-align-center has-white-color has-text-color has-link-color has-medium-font-size wp-elements-61509d41e3cc6d755e44771292bfc4d5\"><a href=\"https:\/\/blog.edu.turku.fi\/liikkumisenvuosikello\/kevat\/\" data-type=\"page\" data-id=\"5\"><mark style=\"background-color:#ffffff\" class=\"has-inline-color has-black-color\">-KEV\u00c4T-<\/mark><\/a><\/p>\n<\/div><\/div>\n\n\n\n<div class=\"wp-block-cover\" style=\"min-height:280px;aspect-ratio:unset;\"><img loading=\"lazy\" decoding=\"async\" width=\"849\" height=\"851\" class=\"wp-block-cover__image-background wp-image-101\" alt=\"\" src=\"https:\/\/blog.edu.turku.fi\/liikkumisenvuosikello\/files\/2025\/04\/kesa001.png\" data-object-fit=\"cover\" srcset=\"https:\/\/blog.edu.turku.fi\/liikkumisenvuosikello\/files\/2025\/04\/kesa001.png 849w, https:\/\/blog.edu.turku.fi\/liikkumisenvuosikello\/files\/2025\/04\/kesa001-150x150.png 150w, https:\/\/blog.edu.turku.fi\/liikkumisenvuosikello\/files\/2025\/04\/kesa001-300x300.png 300w, https:\/\/blog.edu.turku.fi\/liikkumisenvuosikello\/files\/2025\/04\/kesa001-276x276.png 276w\" sizes=\"auto, (max-width: 849px) 100vw, 849px\" \/><span aria-hidden=\"true\" class=\"wp-block-cover__background has-background-dim-0 has-background-dim\" style=\"background-color:#41562e\"><\/span><div class=\"wp-block-cover__inner-container is-layout-constrained wp-block-cover-is-layout-constrained\">\n<p class=\"has-text-align-center has-white-color has-text-color has-link-color has-medium-font-size wp-elements-46b8af17c89d093dcc6beb1036165ed1\"><a href=\"https:\/\/blog.edu.turku.fi\/liikkumisenvuosikello\/kesa\/\" data-type=\"page\" data-id=\"49\"><mark style=\"background-color:#ffffff\" class=\"has-inline-color\">-KES\u00c4-<\/mark><\/a><\/p>\n<\/div><\/div>\n<\/div>\n\n\n\n<br \/>\n<br \/>\n<br \/>\n<br \/>\n\n\n\n<div class=\"wp-block-columns are-vertically-aligned-top is-layout-flex wp-container-core-columns-is-layout-9d6595d7 wp-block-columns-is-layout-flex\">\n<div class=\"wp-block-column is-vertically-aligned-top is-layout-flow wp-block-column-is-layout-flow\" style=\"flex-basis:66.66%\">\n<p>T\u00e4lt\u00e4 sivustolta l\u00f6ytyy tietoa Turun varhaiskasvatuksen liikuntakasvatuksen tueksi.<\/p>\n\n\n\n<h2 class=\"wp-block-heading\">Syksyn aikatauluja<\/h2>\n\n\n\n<p><strong>Liikuntakoordinaattoritapaaminen 27.8.25 klo 12:30-13:45:<\/strong>&nbsp;Kaikki p\u00e4iv\u00e4kotien liikuntakoordinaattorit kokoontuvat Teams-tapaamiseen. K\u00e4yd\u00e4\u00e4n l\u00e4pi syksyn aikatauluja, tilojen ja v\u00e4lineiden varaamista sek\u00e4 muita ajankohtaisia asioita.<\/p>\n\n\n\n<p><strong>Liikkumisen nykytilan arviointi:<\/strong>&nbsp;Syyskuussa 2025 jokaisessa varhaiskasvatuksen yksik\u00f6ss\u00e4 arvioidaan yksik\u00f6n liikkumisen nykytilaa. Arvioinnin v\u00e4lineen\u00e4 k\u00e4ytet\u00e4\u00e4n Liikkuva varhaiskasvatus-ohjelman nykytilan arviointi ty\u00f6kalua. Ohjeen vastaamiseen ja vastauslinkin l\u00f6yd\u00e4t t\u00e4\u00e4lt\u00e4&nbsp;<a href=\"https:\/\/liikkuvavarhaiskasvatus.fi\/nykytilan-arviointi\/\">Nykytilan arviointi \u2013 Liikkuva varhaiskasvatus<\/a><\/p>\n<\/div>\n\n\n\n<div class=\"wp-block-column is-layout-flow wp-block-column-is-layout-flow\"><\/div>\n\n\n\n<div class=\"wp-block-column is-layout-flow wp-block-column-is-layout-flow\"><\/div>\n\n\n\n<div class=\"wp-block-column is-layout-flow wp-block-column-is-layout-flow\"><\/div>\n\n\n\n<div class=\"wp-block-column is-layout-flow wp-block-column-is-layout-flow\"><\/div>\n\n\n\n<div class=\"wp-block-column is-vertically-aligned-top is-layout-flow wp-block-column-is-layout-flow\" style=\"flex-basis:30%\">\n<div class=\"wp-block-group is-layout-grid wp-container-core-group-is-layout-9649a0d9 wp-block-group-is-layout-grid\">\n<p class=\"wp-container-content-02837583\">Uusimmat tiedotteet<\/p>\n\n\n<ul class=\"wp-block-latest-posts__list wp-block-latest-posts wp-container-content-b43833f2\"><li><a class=\"wp-block-latest-posts__post-title\" href=\"https:\/\/blog.edu.turku.fi\/liikkumisenvuosikello\/2025\/04\/03\/liikuntatiedote-4\/\">Liikuntatiedote 4 (muokkaa kohdassa artikkelit)<\/a><\/li>\n<li><a class=\"wp-block-latest-posts__post-title\" href=\"https:\/\/blog.edu.turku.fi\/liikkumisenvuosikello\/2025\/04\/02\/liikuntatiedote-3\/\">Liikuntatiedote 3<\/a><\/li>\n<li><a class=\"wp-block-latest-posts__post-title\" href=\"https:\/\/blog.edu.turku.fi\/liikkumisenvuosikello\/2025\/04\/02\/liikuntatiedote-2\/\">Liikuntatiedote 2<\/a><\/li>\n<li><a class=\"wp-block-latest-posts__post-title\" href=\"https:\/\/blog.edu.turku.fi\/liikkumisenvuosikello\/2025\/04\/02\/liikuntatiedote-1\/\">Liikuntatiedote 1<\/a><\/li>\n<\/ul><\/div>\n\n\n\n<p><a href=\"https:\/\/blog.edu.turku.fi\/liikkumisenvuosikello\/tiedotteet\/\">Katso kaikki tiedotteet<\/a><\/p>\n<\/div>\n<\/div>\n\n\n<div class=\"wp-block-image is-style-default\">\n<figure class=\"aligncenter size-large is-resized\"><img loading=\"lazy\" decoding=\"async\" width=\"1024\" height=\"369\" src=\"https:\/\/blog.edu.turku.fi\/liikkumisenvuosikello\/files\/2025\/04\/cropped-lapset-liikkuvat-1024x369.jpg\" alt=\"Lapset leikkiv\u00e4t pallolla ulkona\" class=\"wp-image-123\" style=\"aspect-ratio:16\/9;object-fit:contain;width:1200px\" srcset=\"https:\/\/blog.edu.turku.fi\/liikkumisenvuosikello\/files\/2025\/04\/cropped-lapset-liikkuvat-1024x369.jpg 1024w, https:\/\/blog.edu.turku.fi\/liikkumisenvuosikello\/files\/2025\/04\/cropped-lapset-liikkuvat-300x108.jpg 300w, https:\/\/blog.edu.turku.fi\/liikkumisenvuosikello\/files\/2025\/04\/cropped-lapset-liikkuvat.jpg 1920w\" sizes=\"auto, (max-width: 1024px) 100vw, 1024px\" \/><\/figure>\n<\/div>","protected":false},"excerpt":{"rendered":"<p>T\u00e4lt\u00e4 sivustolta l\u00f6ytyy tietoa Turun varhaiskasvatuksen liikuntakasvatuksen tueksi. Syksyn aikatauluja Liikuntakoordinaattoritapaaminen 27.8.25 klo 12:30-13:45:&nbsp;Kaikki p\u00e4iv\u00e4kotien liikuntakoordinaattorit kokoontuvat Teams-tapaamiseen. K\u00e4yd\u00e4\u00e4n l\u00e4pi &hellip; <\/p>\n","protected":false},"author":9,"featured_media":0,"parent":0,"menu_order":0,"comment_status":"closed","ping_status":"closed","template":"","meta":{"footnotes":""},"class_list":["post-134","page","type-page","status-publish","hentry","latest_post"],"_links":{"self":[{"href":"https:\/\/blog.edu.turku.fi\/liikkumisenvuosikello\/wp-json\/wp\/v2\/pages\/134","targetHints":{"allow":["GET"]}}],"collection":[{"href":"https:\/\/blog.edu.turku.fi\/liikkumisenvuosikello\/wp-json\/wp\/v2\/pages"}],"about":[{"href":"https:\/\/blog.edu.turku.fi\/liikkumisenvuosikello\/wp-json\/wp\/v2\/types\/page"}],"author":[{"embeddable":true,"href":"https:\/\/blog.edu.turku.fi\/liikkumisenvuosikello\/wp-json\/wp\/v2\/users\/9"}],"replies":[{"embeddable":true,"href":"https:\/\/blog.edu.turku.fi\/liikkumisenvuosikello\/wp-json\/wp\/v2\/comments?post=134"}],"version-history":[{"count":72,"href":"https:\/\/blog.edu.turku.fi\/liikkumisenvuosikello\/wp-json\/wp\/v2\/pages\/134\/revisions"}],"predecessor-version":[{"id":380,"href":"https:\/\/blog.edu.turku.fi\/liikkumisenvuosikello\/wp-json\/wp\/v2\/pages\/134\/revisions\/380"}],"wp:attachment":[{"href":"https:\/\/blog.edu.turku.fi\/liikkumisenvuosikello\/wp-json\/wp\/v2\/media?parent=134"}],"curies":[{"name":"wp","href":"https:\/\/api.w.org\/{rel}","templated":true}]}}