{"id":985,"date":"2022-09-16T16:04:48","date_gmt":"2022-09-16T13:04:48","guid":{"rendered":"https:\/\/blog.edu.turku.fi\/lauste\/?page_id=985"},"modified":"2025-11-28T17:44:57","modified_gmt":"2025-11-28T15:44:57","slug":"https-blog-edu-turku-fi-lauste-tula","status":"publish","type":"page","link":"https:\/\/blog.edu.turku.fi\/lauste\/https-blog-edu-turku-fi-lauste-tula\/","title":{"rendered":""},"content":{"rendered":"<header class=\"entry-header\">\n<h1 class=\"entry-title\">Kiusaamisen vastainen TuLa-tiimi<\/h1>\n<\/header>\n<div class=\"entry-content\">\n<p>Lausteen koulussa toimii kiusaamisen vastainen TuLa-tiimi (Turvallinen Lauste). Tiimin tavoitteena on ennaltaehk\u00e4ist\u00e4 ja puuttua kiusaamiseen.<\/p>\n<p>Lue lis\u00e4\u00e4 TuLan toiminnasta t\u00e4\u00e4lt\u00e4:<\/p>\n<p><a href=\"https:\/\/blog.edu.turku.fi\/lauste\/files\/2022\/09\/TuLa-\u2013tiimi-ja-sen-toiminta.pptx\">TuLa \u2013tiimi ja sen toiminta<\/a><\/p>\n<p>Lausteen koulun kiusaamisen vastainen suunnitelma:<\/p>\n<p><a href=\"https:\/\/blog.edu.turku.fi\/lauste\/files\/2022\/11\/kiusaamisen-vastainen-suunnitelma.pptx\">Kiusaamisen vastainen suunnitelma<\/a><\/p>\n<\/div>\n<p>&nbsp;<\/p>\n<p>Some-vanhempainillan diat marraskuu 2025:<\/p>\n<p><a href=\"https:\/\/blog.edu.turku.fi\/lauste\/files\/2025\/11\/Lauste-25.11.2025-vanhemmat.pptx\">Turvallisuus on yhteisi\u00e4 ratkaisuja Lauste 25.11.2025<\/a><\/p>\n<p>&nbsp;<\/p>\n","protected":false},"excerpt":{"rendered":"<p>Kiusaamisen vastainen TuLa-tiimi Lausteen koulussa toimii kiusaamisen vastainen TuLa-tiimi (Turvallinen Lauste). Tiimin tavoitteena on ennaltaehk\u00e4ist\u00e4 ja puuttua kiusaamiseen. Lue lis\u00e4\u00e4 TuLan toiminnasta t\u00e4\u00e4lt\u00e4: TuLa \u2013tiimi ja sen toiminta Lausteen koulun kiusaamisen vastainen suunnitelma: Kiusaamisen vastainen suunnitelma &nbsp; Some-vanhempainillan diat marraskuu 2025: Turvallisuus on yhteisi\u00e4 ratkaisuja Lauste 25.11.2025 &nbsp;<\/p>\n","protected":false},"author":3191,"featured_media":0,"parent":0,"menu_order":0,"comment_status":"closed","ping_status":"closed","template":"","meta":{"footnotes":""},"class_list":["post-985","page","type-page","status-publish","hentry"],"_links":{"self":[{"href":"https:\/\/blog.edu.turku.fi\/lauste\/wp-json\/wp\/v2\/pages\/985","targetHints":{"allow":["GET"]}}],"collection":[{"href":"https:\/\/blog.edu.turku.fi\/lauste\/wp-json\/wp\/v2\/pages"}],"about":[{"href":"https:\/\/blog.edu.turku.fi\/lauste\/wp-json\/wp\/v2\/types\/page"}],"author":[{"embeddable":true,"href":"https:\/\/blog.edu.turku.fi\/lauste\/wp-json\/wp\/v2\/users\/3191"}],"replies":[{"embeddable":true,"href":"https:\/\/blog.edu.turku.fi\/lauste\/wp-json\/wp\/v2\/comments?post=985"}],"version-history":[{"count":7,"href":"https:\/\/blog.edu.turku.fi\/lauste\/wp-json\/wp\/v2\/pages\/985\/revisions"}],"predecessor-version":[{"id":1251,"href":"https:\/\/blog.edu.turku.fi\/lauste\/wp-json\/wp\/v2\/pages\/985\/revisions\/1251"}],"wp:attachment":[{"href":"https:\/\/blog.edu.turku.fi\/lauste\/wp-json\/wp\/v2\/media?parent=985"}],"curies":[{"name":"wp","href":"https:\/\/api.w.org\/{rel}","templated":true}]}}