{"id":74,"date":"2016-11-30T14:24:35","date_gmt":"2016-11-30T12:24:35","guid":{"rendered":"https:\/\/blog.edu.turku.fi\/lauste\/?page_id=74"},"modified":"2021-10-26T14:08:15","modified_gmt":"2021-10-26T11:08:15","slug":"vanhempainyhdistys-hulava-ry","status":"publish","type":"page","link":"https:\/\/blog.edu.turku.fi\/lauste\/vanhempainyhdistys-hulava-ry\/","title":{"rendered":"Vanhempainyhdistys HuLaVa ry"},"content":{"rendered":"<p><img loading=\"lazy\" decoding=\"async\" class=\"alignnone size-thumbnail wp-image-83\" src=\"https:\/\/blog.edu.turku.fi\/lauste\/files\/2016\/11\/021105-135x150.jpg\" alt=\"021105\" width=\"135\" height=\"150\" \/> <img loading=\"lazy\" decoding=\"async\" class=\"alignnone size-thumbnail wp-image-84\" src=\"https:\/\/blog.edu.turku.fi\/lauste\/files\/2016\/11\/041203-133x150.jpg\" alt=\"041203\" width=\"133\" height=\"150\" \/> <img loading=\"lazy\" decoding=\"async\" class=\"alignnone size-thumbnail wp-image-85\" src=\"https:\/\/blog.edu.turku.fi\/lauste\/files\/2016\/11\/hulavaa1-150x150.jpg\" alt=\"hulavaa1\" width=\"150\" height=\"150\" \/> <img loading=\"lazy\" decoding=\"async\" class=\"alignnone size-thumbnail wp-image-86\" src=\"https:\/\/blog.edu.turku.fi\/lauste\/files\/2016\/11\/hulavaa2-135x150.jpg\" alt=\"hulavaa2\" width=\"135\" height=\"150\" \/> <img loading=\"lazy\" decoding=\"async\" class=\"alignnone size-thumbnail wp-image-87\" src=\"https:\/\/blog.edu.turku.fi\/lauste\/files\/2016\/11\/hulavaa4-150x150.jpg\" alt=\"hulavaa4\" width=\"150\" height=\"150\" \/><\/p>\n<p><strong>HuLaVa<\/strong> \u2013 Huhkolan, Lausteen ja Vaalan vanhempainyhdistys \u2013 on perustettu lokakuussa 1994. Yhdistys toimii Suomen vanhempainliiton alaisuudessa ja on tutustunut my\u00f6s alueellisen vanhempainyhdistyksen Turvaryn toimintaan.<\/p>\n<p>Tarjoamme vuosittain kouluuntutustujille mehuj\u00e4\u00e4t, teemme sopimukset koulukuvauksesta ja huolehdimme Hymypatsas-perinteen jatkamisesta. Yhteisty\u00f6ss\u00e4 koulun kanssa on tuettu esim. ylimpien luokkien luokkaretki\u00e4 ja leirikoulua ja osallistuttu muihin oppilaille t\u00e4rkeisiin asioihin.<\/p>\n<p>Sin\u00e4kin voit vaikuttaa!<\/p>\n<p>Kerro meille, mik\u00e4 asia on t\u00e4rke\u00e4 lapsesi koulunk\u00e4ynnin kannalta!<\/p>\n<p>s\u00e4hk\u00f6posti: hulava.koulu@gmail.com<\/p>\n<p><em>Lis\u00e4\u00e4kin HuLaVa-aiheisia juttuja l\u00f6ytyy <a href=\"http:\/\/info.edu.turku.fi\/lauste\/news\/\">uutisivustoltamme<\/a>.<\/em><\/p>\n","protected":false},"excerpt":{"rendered":"<p>HuLaVa \u2013 Huhkolan, Lausteen ja Vaalan vanhempainyhdistys \u2013 on perustettu lokakuussa 1994. Yhdistys toimii Suomen vanhempainliiton alaisuudessa ja on tutustunut my\u00f6s alueellisen vanhempainyhdistyksen Turvaryn toimintaan. Tarjoamme vuosittain kouluuntutustujille mehuj\u00e4\u00e4t, teemme sopimukset koulukuvauksesta ja huolehdimme Hymypatsas-perinteen jatkamisesta. Yhteisty\u00f6ss\u00e4 koulun kanssa on tuettu esim. ylimpien luokkien luokkaretki\u00e4 ja leirikoulua ja osallistuttu muihin oppilaille t\u00e4rkeisiin asioihin. Sin\u00e4kin voit &hellip; <a href=\"https:\/\/blog.edu.turku.fi\/lauste\/vanhempainyhdistys-hulava-ry\/\" class=\"more-link\">Jatka lukemista<span class=\"screen-reader-text\"> &#8221;Vanhempainyhdistys HuLaVa ry&#8221;<\/span><\/a><\/p>\n","protected":false},"author":2095,"featured_media":0,"parent":0,"menu_order":0,"comment_status":"closed","ping_status":"closed","template":"","meta":{"footnotes":""},"class_list":["post-74","page","type-page","status-publish","hentry"],"_links":{"self":[{"href":"https:\/\/blog.edu.turku.fi\/lauste\/wp-json\/wp\/v2\/pages\/74","targetHints":{"allow":["GET"]}}],"collection":[{"href":"https:\/\/blog.edu.turku.fi\/lauste\/wp-json\/wp\/v2\/pages"}],"about":[{"href":"https:\/\/blog.edu.turku.fi\/lauste\/wp-json\/wp\/v2\/types\/page"}],"author":[{"embeddable":true,"href":"https:\/\/blog.edu.turku.fi\/lauste\/wp-json\/wp\/v2\/users\/2095"}],"replies":[{"embeddable":true,"href":"https:\/\/blog.edu.turku.fi\/lauste\/wp-json\/wp\/v2\/comments?post=74"}],"version-history":[{"count":7,"href":"https:\/\/blog.edu.turku.fi\/lauste\/wp-json\/wp\/v2\/pages\/74\/revisions"}],"predecessor-version":[{"id":893,"href":"https:\/\/blog.edu.turku.fi\/lauste\/wp-json\/wp\/v2\/pages\/74\/revisions\/893"}],"wp:attachment":[{"href":"https:\/\/blog.edu.turku.fi\/lauste\/wp-json\/wp\/v2\/media?parent=74"}],"curies":[{"name":"wp","href":"https:\/\/api.w.org\/{rel}","templated":true}]}}