{"id":69,"date":"2016-11-30T14:17:30","date_gmt":"2016-11-30T12:17:30","guid":{"rendered":"https:\/\/blog.edu.turku.fi\/lauste\/?page_id=69"},"modified":"2023-08-31T14:10:48","modified_gmt":"2023-08-31T11:10:48","slug":"koti-ja-koulu","status":"publish","type":"page","link":"https:\/\/blog.edu.turku.fi\/lauste\/koti-ja-koulu\/","title":{"rendered":"Koti ja koulu"},"content":{"rendered":"<p>Lausteen koululla j\u00e4rjestettiin vanhempainilta 29.8.23.<\/p>\n<p>T\u00e4ss\u00e4 vanhempainillassa esitetyt diat:<\/p>\n<p><a href=\"https:\/\/blog.edu.turku.fi\/lauste\/files\/2023\/08\/Vanhempainilta-29.8.2023.pptx\">Vanhempainilta 29.8.2023<\/a><\/p>\n<p>&nbsp;<\/p>\n<p>&#8211; &#8211; &#8211;<\/p>\n<p>Aktiivisella el\u00e4m\u00e4ntyylill\u00e4 on selv\u00e4 yhteys parempaan terveyteen, hyv\u00e4n el\u00e4m\u00e4n kokemuksiin ja pitk\u00e4\u00e4n ik\u00e4\u00e4n! Alla olevasta linkist\u00e4 tietoa Turun kaupungin lapsiperheille tarjoamista palveluista.<\/p>\n<p><a href=\"http:\/\/www.turku.fi\/linkkeja-koululaisille-turun-kaupungin-palveluista\">http:\/\/www.turku.fi\/linkkeja-koululaisille-turun-kaupungin-palveluista<\/a><\/p>\n","protected":false},"excerpt":{"rendered":"<p>Lausteen koululla j\u00e4rjestettiin vanhempainilta 29.8.23. T\u00e4ss\u00e4 vanhempainillassa esitetyt diat: Vanhempainilta 29.8.2023 &nbsp; &#8211; &#8211; &#8211; Aktiivisella el\u00e4m\u00e4ntyylill\u00e4 on selv\u00e4 yhteys parempaan terveyteen, hyv\u00e4n el\u00e4m\u00e4n kokemuksiin ja pitk\u00e4\u00e4n ik\u00e4\u00e4n! Alla olevasta linkist\u00e4 tietoa Turun kaupungin lapsiperheille tarjoamista palveluista. http:\/\/www.turku.fi\/linkkeja-koululaisille-turun-kaupungin-palveluista<\/p>\n","protected":false},"author":2095,"featured_media":0,"parent":0,"menu_order":0,"comment_status":"closed","ping_status":"closed","template":"","meta":{"footnotes":""},"class_list":["post-69","page","type-page","status-publish","hentry"],"_links":{"self":[{"href":"https:\/\/blog.edu.turku.fi\/lauste\/wp-json\/wp\/v2\/pages\/69","targetHints":{"allow":["GET"]}}],"collection":[{"href":"https:\/\/blog.edu.turku.fi\/lauste\/wp-json\/wp\/v2\/pages"}],"about":[{"href":"https:\/\/blog.edu.turku.fi\/lauste\/wp-json\/wp\/v2\/types\/page"}],"author":[{"embeddable":true,"href":"https:\/\/blog.edu.turku.fi\/lauste\/wp-json\/wp\/v2\/users\/2095"}],"replies":[{"embeddable":true,"href":"https:\/\/blog.edu.turku.fi\/lauste\/wp-json\/wp\/v2\/comments?post=69"}],"version-history":[{"count":5,"href":"https:\/\/blog.edu.turku.fi\/lauste\/wp-json\/wp\/v2\/pages\/69\/revisions"}],"predecessor-version":[{"id":1076,"href":"https:\/\/blog.edu.turku.fi\/lauste\/wp-json\/wp\/v2\/pages\/69\/revisions\/1076"}],"wp:attachment":[{"href":"https:\/\/blog.edu.turku.fi\/lauste\/wp-json\/wp\/v2\/media?parent=69"}],"curies":[{"name":"wp","href":"https:\/\/api.w.org\/{rel}","templated":true}]}}