{"id":53,"date":"2016-11-29T16:24:19","date_gmt":"2016-11-29T14:24:19","guid":{"rendered":"https:\/\/blog.edu.turku.fi\/lauste\/?page_id=53"},"modified":"2025-09-05T10:03:12","modified_gmt":"2025-09-05T07:03:12","slug":"poissaolot","status":"publish","type":"page","link":"https:\/\/blog.edu.turku.fi\/lauste\/poissaolot\/","title":{"rendered":"Poissaolot"},"content":{"rendered":"<p>Oppilaan tulee osallistua perusopetukseen, jollei h\u00e4nelle ole erityisest\u00e4 syyst\u00e4 tilap\u00e4isesti my\u00f6nnetty vapautusta (Perusopetuslaki 35\u00a7).<\/p>\n<p>Oppilas voi olla koulusta poissa ilman erillist\u00e4 lupaa vain sairauden vuoksi. Huoltajan on kuitenkin ilmoitettava siit\u00e4 koululle heti ensimm\u00e4isen\u00e4 poissaolop\u00e4iv\u00e4n\u00e4 klo 10:een menness\u00e4. Ilmoituksen voi tehd\u00e4 jollakin seuraavista tavoista:<\/p>\n<p>joko omalle luokanopettajalle (kotiin l\u00e4hetetyss\u00e4 tiedotteessa sovitulla tavalla): soittamalla, s\u00e4hk\u00f6postitse tai Wilma-viestin\u00e4<\/p>\n<p>tai terveydenhoitajalle, puh. 040 176 4178<\/p>\n<p>Viestiss\u00e4 pit\u00e4\u00e4 mainita lapsen nimi, luokka ja poissaolon syy (esim. Mikko 3a on sairas).<\/p>\n<p>Hammasl\u00e4\u00e4k\u00e4rik\u00e4yntien osalta riitt\u00e4\u00e4, ett\u00e4 oppilas n\u00e4ytt\u00e4\u00e4 opettajalle mieluiten etuk\u00e4teen hammasl\u00e4\u00e4k\u00e4rin ajanvarauskortin.<\/p>\n<p>&nbsp;<\/p>\n<p>Muihin poissaoloihin huoltajan t\u00e4ytyy anoa lupa kirjallisesti etuk\u00e4teen.<\/p>\n<p>Rehtori p\u00e4\u00e4tt\u00e4\u00e4 poissaololuvan my\u00f6nt\u00e4misest\u00e4 enint\u00e4\u00e4n lukuvuoden loppuun ja luokanopettaja enint\u00e4\u00e4n kolmen p\u00e4iv\u00e4n ajaksi.<\/p>\n<p>Oppilaan loma-anomus tehd\u00e4\u00e4n s\u00e4hk\u00f6isesti Wilmassa. Loma-anomusta ei voi tehd\u00e4 opettajalle pikaviestin\u00e4.<\/p>\n<p>Kaavake l\u00f6ytyy huoltajan Wilmassa seuraavasti:<\/p>\n<p>HAKEMUKSET JA P\u00c4\u00c4T\u00d6KSET &gt; TEE UUSI HAKEMUS (pieni linkki sivun oikeassa laidassa)<\/p>\n<p>Valitse anomuksen tyyppi: 1-3 ty\u00f6p\u00e4iv\u00e4\u00e4 tai yli 3 ty\u00f6p\u00e4iv\u00e4\u00e4.<\/p>\n<p>Kun opettaja \/ rehtori on k\u00e4sitellyt anomuksen, p\u00e4\u00e4t\u00f6s n\u00e4kyy Wilmassa kohdassa hakemukset ja p\u00e4\u00e4t\u00f6kset.<\/p>\n<p>Mik\u00e4li oppilaalla on tarvetta lomalle vain pariksi tunniksi, keskustelethan opettajan kanssa tapauskohtaisesti, miten loma-anomuksen kanssa toimitaan.<\/p>\n<p>&nbsp;<\/p>\n<p><strong>Kouluun kiinnitt\u00e4minen ja poissaoloihin puuttuminen Turun perusopetuksessa, opas huoltajille:<\/strong><\/p>\n<p><a href=\"https:\/\/blog.edu.turku.fi\/lauste\/files\/2025\/09\/Koulupoissaoloihin_puuttuminen_ohjeistus_huoltajille-lv2025-2026.pptx\">Koulupoissaoloihin_puuttuminen_ohjeistus_huoltajille lv2025-2026<\/a><\/p>\n<p>&nbsp;<\/p>\n<p>&nbsp;<\/p>\n","protected":false},"excerpt":{"rendered":"<p>Oppilaan tulee osallistua perusopetukseen, jollei h\u00e4nelle ole erityisest\u00e4 syyst\u00e4 tilap\u00e4isesti my\u00f6nnetty vapautusta (Perusopetuslaki 35\u00a7). Oppilas voi olla koulusta poissa ilman erillist\u00e4 lupaa vain sairauden vuoksi. Huoltajan on kuitenkin ilmoitettava siit\u00e4 koululle heti ensimm\u00e4isen\u00e4 poissaolop\u00e4iv\u00e4n\u00e4 klo 10:een menness\u00e4. Ilmoituksen voi tehd\u00e4 jollakin seuraavista tavoista: joko omalle luokanopettajalle (kotiin l\u00e4hetetyss\u00e4 tiedotteessa sovitulla tavalla): soittamalla, s\u00e4hk\u00f6postitse tai Wilma-viestin\u00e4 &hellip; <a href=\"https:\/\/blog.edu.turku.fi\/lauste\/poissaolot\/\" class=\"more-link\">Jatka lukemista<span class=\"screen-reader-text\"> &#8221;Poissaolot&#8221;<\/span><\/a><\/p>\n","protected":false},"author":2297,"featured_media":0,"parent":0,"menu_order":0,"comment_status":"closed","ping_status":"closed","template":"","meta":{"footnotes":""},"class_list":["post-53","page","type-page","status-publish","hentry"],"_links":{"self":[{"href":"https:\/\/blog.edu.turku.fi\/lauste\/wp-json\/wp\/v2\/pages\/53","targetHints":{"allow":["GET"]}}],"collection":[{"href":"https:\/\/blog.edu.turku.fi\/lauste\/wp-json\/wp\/v2\/pages"}],"about":[{"href":"https:\/\/blog.edu.turku.fi\/lauste\/wp-json\/wp\/v2\/types\/page"}],"author":[{"embeddable":true,"href":"https:\/\/blog.edu.turku.fi\/lauste\/wp-json\/wp\/v2\/users\/2297"}],"replies":[{"embeddable":true,"href":"https:\/\/blog.edu.turku.fi\/lauste\/wp-json\/wp\/v2\/comments?post=53"}],"version-history":[{"count":10,"href":"https:\/\/blog.edu.turku.fi\/lauste\/wp-json\/wp\/v2\/pages\/53\/revisions"}],"predecessor-version":[{"id":1230,"href":"https:\/\/blog.edu.turku.fi\/lauste\/wp-json\/wp\/v2\/pages\/53\/revisions\/1230"}],"wp:attachment":[{"href":"https:\/\/blog.edu.turku.fi\/lauste\/wp-json\/wp\/v2\/media?parent=53"}],"curies":[{"name":"wp","href":"https:\/\/api.w.org\/{rel}","templated":true}]}}