{"id":39,"date":"2016-11-29T16:13:51","date_gmt":"2016-11-29T14:13:51","guid":{"rendered":"https:\/\/blog.edu.turku.fi\/lauste\/?page_id=39"},"modified":"2025-09-05T10:08:53","modified_gmt":"2025-09-05T07:08:53","slug":"lausteen-koulun-opetussuunnitelma","status":"publish","type":"page","link":"https:\/\/blog.edu.turku.fi\/lauste\/lausteen-koulun-opetussuunnitelma\/","title":{"rendered":"Opetussuunnitelma"},"content":{"rendered":"<p><a href=\"https:\/\/blog.edu.turku.fi\/ops2016\/files\/2015\/04\/LAUSTE-OPS-2016.pdf\">Lausteen koulun uusi opetussuunnitelma<\/a> on voimassa 1.8.2016 alkaen. (pdf-tiedosto)<\/p>\n<p><a href=\"https:\/\/blog.edu.turku.fi\/ops2016\/files\/2015\/04\/luku-13-1-2lk.pdf\">1.-2. lk<\/a>\u00a0 kaupunkikohtaiset tavoitteet ja sis\u00e4ll\u00f6t\u00a0\u00a0(pdf)<br \/>\n<a href=\"https:\/\/blog.edu.turku.fi\/ops2016\/files\/2021\/09\/Turun-ops-luku-14-3-6lk_210914.pdf\">3.-6. lk <\/a>\u00a0 kaupunkikohtaiset tavoitteet ja sis\u00e4ll\u00f6t (pdf)<\/p>\n<p><a href=\"https:\/\/blog.edu.turku.fi\/lauste\/files\/2022\/09\/Oppilashuoltosuunnitelmat.pdf\">Oppilashuolto ja turvallisuuden edist\u00e4minen (pdf)<\/a><\/p>\n<p><a href=\"https:\/\/blog.edu.turku.fi\/lauste\/files\/2022\/09\/Oppimisen-tuki.pdf\">Oppimisen ja koulunk\u00e4ynnin tuki ja tukimuodot (pdf)<\/a><\/p>\n<p><img loading=\"lazy\" decoding=\"async\" class=\"size-large wp-image-40 aligncenter\" src=\"https:\/\/blog.edu.turku.fi\/lauste\/files\/2016\/11\/ops-taus-600x282.jpg\" alt=\"ops-taus\" width=\"600\" height=\"282\" srcset=\"https:\/\/blog.edu.turku.fi\/lauste\/files\/2016\/11\/ops-taus.jpg 600w, https:\/\/blog.edu.turku.fi\/lauste\/files\/2016\/11\/ops-taus-300x141.jpg 300w\" sizes=\"auto, (max-width: 600px) 85vw, 600px\" \/><\/p>\n<p align=\"left\">Kouluissa annettava opetus perustuu opetussuunnitelmaan.<\/p>\n<p>Opetushallitus on hyv\u00e4ksynyt perusopetuksen opetussuunnitelman perusteet.<br \/>\nNiiden pohjalta on laadittu Turun kaupungin perusopetuksen vuosiluokkien 1-9<br \/>\nopetussuunnitelman kuntakohtainen osio, jota kaikki Turun koulut noudattavat.<\/p>\n<p align=\"left\"><a href=\"https:\/\/blog.edu.turku.fi\/ops2016\/\">Esi- ja perusopetuksen opetussuunnitelmaty\u00f6blogi<\/a><\/p>\n<p align=\"left\"><a href=\"https:\/\/blog.edu.turku.fi\/lauste\/files\/2023\/08\/Tasa-arvo-ja-yhdenvertaisuussuunnitelma-Lausteen-koulu.pdf\">Lausteen koulun tasa-arvo- ja yhdenvertaisuussuunnitelma (pdf)<\/a><\/p>\n","protected":false},"excerpt":{"rendered":"<p>Lausteen koulun uusi opetussuunnitelma on voimassa 1.8.2016 alkaen. (pdf-tiedosto) 1.-2. lk\u00a0 kaupunkikohtaiset tavoitteet ja sis\u00e4ll\u00f6t\u00a0\u00a0(pdf) 3.-6. lk \u00a0 kaupunkikohtaiset tavoitteet ja sis\u00e4ll\u00f6t (pdf) Oppilashuolto ja turvallisuuden edist\u00e4minen (pdf) Oppimisen ja koulunk\u00e4ynnin tuki ja tukimuodot (pdf) Kouluissa annettava opetus perustuu opetussuunnitelmaan. Opetushallitus on hyv\u00e4ksynyt perusopetuksen opetussuunnitelman perusteet. Niiden pohjalta on laadittu Turun kaupungin perusopetuksen vuosiluokkien 1-9 &hellip; <a href=\"https:\/\/blog.edu.turku.fi\/lauste\/lausteen-koulun-opetussuunnitelma\/\" class=\"more-link\">Jatka lukemista<span class=\"screen-reader-text\"> &#8221;Opetussuunnitelma&#8221;<\/span><\/a><\/p>\n","protected":false},"author":2297,"featured_media":0,"parent":0,"menu_order":0,"comment_status":"closed","ping_status":"closed","template":"","meta":{"footnotes":""},"class_list":["post-39","page","type-page","status-publish","hentry"],"_links":{"self":[{"href":"https:\/\/blog.edu.turku.fi\/lauste\/wp-json\/wp\/v2\/pages\/39","targetHints":{"allow":["GET"]}}],"collection":[{"href":"https:\/\/blog.edu.turku.fi\/lauste\/wp-json\/wp\/v2\/pages"}],"about":[{"href":"https:\/\/blog.edu.turku.fi\/lauste\/wp-json\/wp\/v2\/types\/page"}],"author":[{"embeddable":true,"href":"https:\/\/blog.edu.turku.fi\/lauste\/wp-json\/wp\/v2\/users\/2297"}],"replies":[{"embeddable":true,"href":"https:\/\/blog.edu.turku.fi\/lauste\/wp-json\/wp\/v2\/comments?post=39"}],"version-history":[{"count":15,"href":"https:\/\/blog.edu.turku.fi\/lauste\/wp-json\/wp\/v2\/pages\/39\/revisions"}],"predecessor-version":[{"id":1233,"href":"https:\/\/blog.edu.turku.fi\/lauste\/wp-json\/wp\/v2\/pages\/39\/revisions\/1233"}],"wp:attachment":[{"href":"https:\/\/blog.edu.turku.fi\/lauste\/wp-json\/wp\/v2\/media?parent=39"}],"curies":[{"name":"wp","href":"https:\/\/api.w.org\/{rel}","templated":true}]}}