{"id":339,"date":"2017-05-04T06:42:47","date_gmt":"2017-05-04T03:42:47","guid":{"rendered":"https:\/\/blog.edu.turku.fi\/lauste\/?page_id=339"},"modified":"2025-09-04T08:19:27","modified_gmt":"2025-09-04T05:19:27","slug":"terveydenhoitaja","status":"publish","type":"page","link":"https:\/\/blog.edu.turku.fi\/lauste\/terveydenhoitaja\/","title":{"rendered":"Terveydenhoitaja"},"content":{"rendered":"<h3><strong>Terveydenhoito Lausteen koululla<\/strong><\/h3>\n<p>&nbsp;<\/p>\n<p><strong>Terveydenhoitaja Maiju Toivo on koululla maanantaisin, tiistaisin, torstaisin ja perjantaisin, jolloin vastaanotolle voi tulla ilman ajanvarausta klo 10.30-11.00.<\/strong><\/p>\n<p>Terveydenhoitajan tavoittaa puhelimitse numerosta\u00a0<strong class=\"wilma\">044 712 4090.\u00a0 Mik\u00e4li terveydenhoitaja ei pysty heti vastaamaan voit j\u00e4tt\u00e4\u00e4 tekstiviestin. Terveydenhoitajan l\u00f6yt\u00e4\u00e4 my\u00f6s Wilmasta.\u00a0<\/strong>Koulul\u00e4\u00e4k\u00e4rin vastaanotoista sovitaan aina etuk\u00e4teen terveydenhoitajan kanssa.<\/p>\n<p>Huom! Oppilaan sairaanhoito, vapaa-ajalla ja harrastuksissa sattuneet tapaturmat sek\u00e4 akuutit- ja pitk\u00e4aikaissairauksien hoito hoidetaan omassa terveyskeskuksessa.<\/p>\n<p>&nbsp;<\/p>\n<p>Kouluterveydenhuollon tavoitteena on oppilaiden terveyden edist\u00e4minen sek\u00e4 terveen kasvun, kehityksen ja psyykkisen hyvinvoinnin tukeminen yhteisty\u00f6ss\u00e4 vanhempien, opettajien ja muun oppilashuollon kanssa. Kouluterveydenhuollossa tehd\u00e4\u00e4n oppilaille vuosittain terveystarkastus, jossa seurataan kasvua ja kehityst\u00e4 sek\u00e4 ohjataan ja tuetaan koululaisia hyvinvointiin ja elintapoihin liittyviss\u00e4 asioissa. Kouluterveydenhuolto perustuu terveydenhuoltolakiin (1326\/2010) sek\u00e4 Valtioneuvoston asetukseen (338\/2011) ja on oppilaalle maksutonta.<\/p>\n<p>Lapsenne kutsutaan vuosittain terveystarkastukseen, joista 1., 5. ja 8. luokan tarkastukset ovat terveydenhoitajan ja l\u00e4\u00e4k\u00e4rin yhdess\u00e4 tekemi\u00e4 laajoja tarkastuksia, muut terveydenhoitajan tarkastuksia. Huoltajat kutsutaan mukaan laajoihin tarkastuksiin. Yksil\u00f6llisen tarpeen mukaan my\u00f6s muita lis\u00e4k\u00e4yntej\u00e4 voidaan sopia. Kouluterveydenhuolto huolehtii oppilaiden rokotuksista ja osallistuu koulun oppilashuoltoty\u00f6h\u00f6n. Terveydenhoitajan avoimelle vastaanotolle (ti, to ja pe klo 10.30-11.30) oppilas voi tulla ilman ajanvarausta kaikissa mielt\u00e4 askarruttavissa asioissa, esimerkiksi kasvuun ja kehitykseen, kaverisuhteisiin tai ravitsemukseen, uneen ja liikuntaan liittyen.<\/p>\n<p>Kouluterveydenhuoltoon ei sis\u00e4lly sairaanhoito. Sairaana ei pid\u00e4 tulla kouluun. Opettaja l\u00e4hett\u00e4\u00e4 kesken p\u00e4iv\u00e4\u00e4 sairastuneen oppilaan kotiin. Pitk\u00e4aikaissairauksissa, vapaa-ajalla tapahtuneissa tapaturmissa ja \u00e4killisiss\u00e4 sairastapauksissa ensisijainen hoitopaikka on oma terveysasema. Terveysasemilla hoidetaan esimerkiksi flunssat, korva- ja silm\u00e4tulehdukset, infektiot sek\u00e4 ihottumat. Terveysasemien ollessa suljettuna kiireellisiss\u00e4 tapauksissa voi ottaa yhteytt\u00e4 lasten ja nuorten p\u00e4ivystykseen TYKS Majakkasairaalaan, puh. 02 313 1420, Savitehtaankatu 5, sis\u00e4\u00e4nk\u00e4ynti 22A.<\/p>\n<p>Lapsenne turvallisuuden kannalta on t\u00e4rke\u00e4\u00e4, ett\u00e4 opettaja on tietoinen lapsen pitk\u00e4aikaissairaudesta ja l\u00e4\u00e4kityksest\u00e4, jota lapsi saattaa tarvita koulup\u00e4iv\u00e4n aikana. L\u00e4\u00e4ke on aina hyv\u00e4 olla lapsen mukana koulussa.<\/p>\n<p>Suun terveydenhuollon m\u00e4\u00e4r\u00e4aikaiset terveystarkastukset j\u00e4rjestet\u00e4\u00e4n koululaiselle 1., 5. ja 8. luokalla. Kaikissa suun terveydenhuoltoon liittyviss\u00e4 asioissa ottakaa yhteytt\u00e4 suun terveydenhuollon ajanvaraukseen puh. 02-2660644. Jos oppilas on muuttanut Turkuun, huoltajaa pyydet\u00e4\u00e4n ottamaan yhteytt\u00e4 suun terveydenhuollon ajanvaraukseen, jotta saadaan varmistettua oppilaan osallistuminen suun terveystarkastuksiin.<\/p>\n<p>Koulutapaturma on perusopetuksen oppilaalle sattunut tapaturma koulussa, koulumatkalla tai koulun toimintasuunnitelmaan liittyv\u00e4ss\u00e4 muussa toiminnassa, esimerkiksi leirikoulussa tai retkell\u00e4 ym.<\/p>\n<p>Tapaturman sattuessa:<\/p>\n<p>\u00b7 Paikalla ollut opettaja tai muu koulun henkil\u00f6st\u00f6\u00f6n kuuluva arvioi tilanteen, antaa ensiavun ja ohjaa tarvittaessa jatkohoitoon ja tekee aina tapaturmailmoituksen vakuutusyhti\u00f6lle.<\/p>\n<p>\u00b7 Akuuttia hoitoa vaativan koulutapaturman ensisijainen hoitopaikka on TYKS Majakkasairaala, lasten ja nuorten p\u00e4ivystys, puh. 02 313 1420, Savitehtaankatu 5, sis\u00e4\u00e4nk\u00e4ynti 22A.<\/p>\n<p>\u00b7 Ambulanssikuljetusta tarvitsevat lapset ja nuoret hoidetaan Tyks Akuutissa, T-sairaala, Savitehtaankatu 1.<\/p>\n<p>\u00b7 Hammastapaturmat hoidetaan suun terveydenhuollon toimipisteiss\u00e4, ajanvaraus 02 2660 644.<\/p>\n<p>\u00b7 Halutessaan koulutapaturman hoitoon voi hakeutua my\u00f6s yksityissektorille, silloin tulee ensin olla yhteydess\u00e4 L\u00e4hiTapiolaan 09 4532 316 korvausk\u00e4yt\u00e4nt\u00f6jen varmistamiseksi.<\/p>\n<p>\u00b7 Mik\u00e4li tapaturma tapahtuu koulumatkalla ja vanhempana saat siit\u00e4 ensin tiedon, ota yhteytt\u00e4 aina opettajaan, rehtoriin ja\/tai my\u00f6s tapaturmasta riippuen suoraan TYKS lasten ja nuorten p\u00e4ivystykseen (puh. 02 3131420).<\/p>\n<p>\u00b7 H\u00e4t\u00e4tapauksissa soita aina 112.<\/p>\n<p>&nbsp;<\/p>\n<p>&nbsp;<\/p>\n<p><strong>Lis\u00e4tietoja:<\/strong><\/p>\n<p><a href=\"https:\/\/www.turku.fi\/sosiaali-ja-terveyspalvelut\/terveyspalvelut\/koulu-ja-opiskeluterveydenhuolto\/kouluterveydenhuolto\">Turku: Kouluterveydenhuolto<\/a><\/p>\n<p><a href=\"https:\/\/thl.fi\/fi\/web\/lapset-nuoret-ja-perheet\/sote-palvelut\/opiskeluhuolto\/kouluterveydenhuolto\">THL: Kouluterveydenhuolto<\/a><\/p>\n<p><a href=\"https:\/\/thl.fi\/fi\/web\/infektiotaudit-ja-rokotukset\/tietoa-rokotuksista\/kansallinen-rokotusohjelma\">THL: Tietoa rokotuksista<\/a><\/p>\n<p>&nbsp;<\/p>\n","protected":false},"excerpt":{"rendered":"<p>Terveydenhoito Lausteen koululla &nbsp; Terveydenhoitaja Maiju Toivo on koululla maanantaisin, tiistaisin, torstaisin ja perjantaisin, jolloin vastaanotolle voi tulla ilman ajanvarausta klo 10.30-11.00. Terveydenhoitajan tavoittaa puhelimitse numerosta\u00a0044 712 4090.\u00a0 Mik\u00e4li terveydenhoitaja ei pysty heti vastaamaan voit j\u00e4tt\u00e4\u00e4 tekstiviestin. Terveydenhoitajan l\u00f6yt\u00e4\u00e4 my\u00f6s Wilmasta.\u00a0Koulul\u00e4\u00e4k\u00e4rin vastaanotoista sovitaan aina etuk\u00e4teen terveydenhoitajan kanssa. Huom! Oppilaan sairaanhoito, vapaa-ajalla ja harrastuksissa sattuneet tapaturmat &hellip; <a href=\"https:\/\/blog.edu.turku.fi\/lauste\/terveydenhoitaja\/\" class=\"more-link\">Jatka lukemista<span class=\"screen-reader-text\"> &#8221;Terveydenhoitaja&#8221;<\/span><\/a><\/p>\n","protected":false},"author":2297,"featured_media":0,"parent":0,"menu_order":0,"comment_status":"closed","ping_status":"closed","template":"","meta":{"footnotes":""},"class_list":["post-339","page","type-page","status-publish","hentry"],"_links":{"self":[{"href":"https:\/\/blog.edu.turku.fi\/lauste\/wp-json\/wp\/v2\/pages\/339","targetHints":{"allow":["GET"]}}],"collection":[{"href":"https:\/\/blog.edu.turku.fi\/lauste\/wp-json\/wp\/v2\/pages"}],"about":[{"href":"https:\/\/blog.edu.turku.fi\/lauste\/wp-json\/wp\/v2\/types\/page"}],"author":[{"embeddable":true,"href":"https:\/\/blog.edu.turku.fi\/lauste\/wp-json\/wp\/v2\/users\/2297"}],"replies":[{"embeddable":true,"href":"https:\/\/blog.edu.turku.fi\/lauste\/wp-json\/wp\/v2\/comments?post=339"}],"version-history":[{"count":32,"href":"https:\/\/blog.edu.turku.fi\/lauste\/wp-json\/wp\/v2\/pages\/339\/revisions"}],"predecessor-version":[{"id":1222,"href":"https:\/\/blog.edu.turku.fi\/lauste\/wp-json\/wp\/v2\/pages\/339\/revisions\/1222"}],"wp:attachment":[{"href":"https:\/\/blog.edu.turku.fi\/lauste\/wp-json\/wp\/v2\/media?parent=339"}],"curies":[{"name":"wp","href":"https:\/\/api.w.org\/{rel}","templated":true}]}}