{"id":26,"date":"2016-11-29T15:58:57","date_gmt":"2016-11-29T13:58:57","guid":{"rendered":"https:\/\/blog.edu.turku.fi\/lauste\/?page_id=26"},"modified":"2023-02-03T14:08:18","modified_gmt":"2023-02-03T12:08:18","slug":"keittiohenkilokunta","status":"publish","type":"page","link":"https:\/\/blog.edu.turku.fi\/lauste\/keittiohenkilokunta\/","title":{"rendered":"Keitti\u00f6henkil\u00f6kunta"},"content":{"rendered":"<p>Keitti\u00f6mme puhelinnumero on 040 6610 726.<\/p>\n<p><a href=\"https:\/\/menu.kaarea.fi\/KaareaAromieMenus\/FI\/Default\/Kaarea\/LAUSTEKO\/Restaurant.aspx\">Lounaslistat<\/a><\/p>\n<p>&nbsp;<\/p>\n<p>&nbsp;<\/p>\n","protected":false},"excerpt":{"rendered":"<p>Keitti\u00f6mme puhelinnumero on 040 6610 726. Lounaslistat &nbsp; &nbsp;<\/p>\n","protected":false},"author":2095,"featured_media":0,"parent":0,"menu_order":0,"comment_status":"closed","ping_status":"closed","template":"","meta":{"footnotes":""},"class_list":["post-26","page","type-page","status-publish","hentry"],"_links":{"self":[{"href":"https:\/\/blog.edu.turku.fi\/lauste\/wp-json\/wp\/v2\/pages\/26","targetHints":{"allow":["GET"]}}],"collection":[{"href":"https:\/\/blog.edu.turku.fi\/lauste\/wp-json\/wp\/v2\/pages"}],"about":[{"href":"https:\/\/blog.edu.turku.fi\/lauste\/wp-json\/wp\/v2\/types\/page"}],"author":[{"embeddable":true,"href":"https:\/\/blog.edu.turku.fi\/lauste\/wp-json\/wp\/v2\/users\/2095"}],"replies":[{"embeddable":true,"href":"https:\/\/blog.edu.turku.fi\/lauste\/wp-json\/wp\/v2\/comments?post=26"}],"version-history":[{"count":15,"href":"https:\/\/blog.edu.turku.fi\/lauste\/wp-json\/wp\/v2\/pages\/26\/revisions"}],"predecessor-version":[{"id":1036,"href":"https:\/\/blog.edu.turku.fi\/lauste\/wp-json\/wp\/v2\/pages\/26\/revisions\/1036"}],"wp:attachment":[{"href":"https:\/\/blog.edu.turku.fi\/lauste\/wp-json\/wp\/v2\/media?parent=26"}],"curies":[{"name":"wp","href":"https:\/\/api.w.org\/{rel}","templated":true}]}}