{"id":212,"date":"2016-12-01T15:04:55","date_gmt":"2016-12-01T13:04:55","guid":{"rendered":"https:\/\/blog.edu.turku.fi\/lauste\/?page_id=212"},"modified":"2016-12-01T15:19:03","modified_gmt":"2016-12-01T13:19:03","slug":"aikakone-29-4","status":"publish","type":"page","link":"https:\/\/blog.edu.turku.fi\/lauste\/aikakone-29-4\/","title":{"rendered":"Aikakone: 29.4."},"content":{"rendered":"<p>Onko ilmastonmuutos tosiasia my\u00f6s Lausteen koulun pihamaalla?<br \/>\nT\u00e4n\u00e4\u00e4n l\u00e4mp\u00f6tila oli kuvanottohetkell\u00e4 noin +11 astetta.<br \/>\nVertaile milt\u00e4 koulun piha n\u00e4ytti samoihin aikoihin vuosina 1998 &#8211; 2016.<\/p>\n<p><img loading=\"lazy\" decoding=\"async\" class=\"aligncenter size-large wp-image-213\" src=\"https:\/\/blog.edu.turku.fi\/lauste\/files\/2016\/12\/piha290416-700x484.jpg\" alt=\"piha290416\" width=\"700\" height=\"484\" srcset=\"https:\/\/blog.edu.turku.fi\/lauste\/files\/2016\/12\/piha290416.jpg 700w, https:\/\/blog.edu.turku.fi\/lauste\/files\/2016\/12\/piha290416-300x207.jpg 300w\" sizes=\"auto, (max-width: 700px) 85vw, 700px\" \/><\/p>\n<p style=\"text-align: center\"><b><span style=\"font-family: Arial,Helvetica\">KOULUN PIHA VUONNA 2016<\/span><\/b><\/p>\n<p style=\"text-align: center\"><img loading=\"lazy\" decoding=\"async\" class=\"aligncenter size-large wp-image-214\" src=\"https:\/\/blog.edu.turku.fi\/lauste\/files\/2016\/12\/piha300414-700x525.jpg\" alt=\"piha300414\" width=\"700\" height=\"525\" srcset=\"https:\/\/blog.edu.turku.fi\/lauste\/files\/2016\/12\/piha300414.jpg 700w, https:\/\/blog.edu.turku.fi\/lauste\/files\/2016\/12\/piha300414-300x225.jpg 300w\" sizes=\"auto, (max-width: 700px) 85vw, 700px\" \/><br \/>\n<strong>KOULUN PIHA VUONNA 2014<\/strong><br \/>\n30.04.2014<br \/>\nL\u00e4mp\u00f6tila n. +9 astetta<\/p>\n<p style=\"text-align: center\"><img loading=\"lazy\" decoding=\"async\" class=\"aligncenter size-large wp-image-215\" src=\"https:\/\/blog.edu.turku.fi\/lauste\/files\/2016\/12\/piha300412-700x525.jpg\" alt=\"piha300412\" width=\"700\" height=\"525\" srcset=\"https:\/\/blog.edu.turku.fi\/lauste\/files\/2016\/12\/piha300412.jpg 700w, https:\/\/blog.edu.turku.fi\/lauste\/files\/2016\/12\/piha300412-300x225.jpg 300w\" sizes=\"auto, (max-width: 700px) 85vw, 700px\" \/><br \/>\n<strong>KOULUN PIHA VUONNA 2012<\/strong><br \/>\n30.04.2012<br \/>\nL\u00e4mp\u00f6tila n. +13 astetta<\/p>\n<p style=\"text-align: center\"><img loading=\"lazy\" decoding=\"async\" class=\"aligncenter size-large wp-image-216\" src=\"https:\/\/blog.edu.turku.fi\/lauste\/files\/2016\/12\/piha290410-600x450.jpg\" alt=\"piha290410\" width=\"600\" height=\"450\" srcset=\"https:\/\/blog.edu.turku.fi\/lauste\/files\/2016\/12\/piha290410.jpg 600w, https:\/\/blog.edu.turku.fi\/lauste\/files\/2016\/12\/piha290410-300x225.jpg 300w\" sizes=\"auto, (max-width: 600px) 85vw, 600px\" \/><br \/>\n<strong>KOULUN PIHA VUONNA 2010<\/strong><br \/>\nPiha 29.04.2010 (l\u00e4mp\u00f6tila n. +7astetta)<\/p>\n<p style=\"text-align: center\"><strong><img loading=\"lazy\" decoding=\"async\" class=\"size-large wp-image-217\" src=\"https:\/\/blog.edu.turku.fi\/lauste\/files\/2016\/12\/piha290408-600x450.jpg\" alt=\"OLYMPUS DIGITAL CAMERA\" width=\"600\" height=\"450\" srcset=\"https:\/\/blog.edu.turku.fi\/lauste\/files\/2016\/12\/piha290408.jpg 600w, https:\/\/blog.edu.turku.fi\/lauste\/files\/2016\/12\/piha290408-300x225.jpg 300w\" sizes=\"auto, (max-width: 600px) 85vw, 600px\" \/><\/strong><br \/>\n<strong> KOULUN PIHA VUONNA 2008<\/strong><br \/>\nPiha 29.04.2008 (l\u00e4mp\u00f6tila n. +18 astetta)<\/p>\n<p style=\"text-align: center\"><img loading=\"lazy\" decoding=\"async\" class=\"aligncenter size-large wp-image-218\" src=\"https:\/\/blog.edu.turku.fi\/lauste\/files\/2016\/12\/pihaa280406-400x300.jpg\" alt=\"pihaa280406\" width=\"400\" height=\"300\" srcset=\"https:\/\/blog.edu.turku.fi\/lauste\/files\/2016\/12\/pihaa280406.jpg 400w, https:\/\/blog.edu.turku.fi\/lauste\/files\/2016\/12\/pihaa280406-300x225.jpg 300w\" sizes=\"auto, (max-width: 400px) 85vw, 400px\" \/><br \/>\n<strong>KOULUN PIHA VUONNA 2006<\/strong><br \/>\nPiha 28.04.06 (l\u00e4mp\u00f6tila n. +14 astetta)<\/p>\n<p style=\"text-align: center\"><img loading=\"lazy\" decoding=\"async\" class=\"aligncenter size-large wp-image-219\" src=\"https:\/\/blog.edu.turku.fi\/lauste\/files\/2016\/12\/pihaa290404-400x300.jpg\" alt=\"pihaa290404\" width=\"400\" height=\"300\" srcset=\"https:\/\/blog.edu.turku.fi\/lauste\/files\/2016\/12\/pihaa290404.jpg 400w, https:\/\/blog.edu.turku.fi\/lauste\/files\/2016\/12\/pihaa290404-300x225.jpg 300w\" sizes=\"auto, (max-width: 400px) 85vw, 400px\" \/><br \/>\n<strong>KOULUN PIHA VUONNA 2004<\/strong><br \/>\nPiha 22.04.04 (l\u00e4mp\u00f6tila n. +8astetta)<\/p>\n<p style=\"text-align: center\"><img loading=\"lazy\" decoding=\"async\" class=\"aligncenter size-large wp-image-220\" src=\"https:\/\/blog.edu.turku.fi\/lauste\/files\/2016\/12\/piha290402-320x240.jpg\" alt=\"piha290402\" width=\"320\" height=\"240\" srcset=\"https:\/\/blog.edu.turku.fi\/lauste\/files\/2016\/12\/piha290402.jpg 320w, https:\/\/blog.edu.turku.fi\/lauste\/files\/2016\/12\/piha290402-300x225.jpg 300w\" sizes=\"auto, (max-width: 320px) 85vw, 320px\" \/><br \/>\n<strong>KOULUN PIHA VUONNA 2002<\/strong><br \/>\nPiha 29.04.02 (l\u00e4mp\u00f6tila n. +20 astetta)<\/p>\n<p style=\"text-align: center\"><img loading=\"lazy\" decoding=\"async\" class=\"aligncenter size-large wp-image-221\" src=\"https:\/\/blog.edu.turku.fi\/lauste\/files\/2016\/12\/piha280400-320x240.jpg\" alt=\"piha280400\" width=\"320\" height=\"240\" srcset=\"https:\/\/blog.edu.turku.fi\/lauste\/files\/2016\/12\/piha280400.jpg 320w, https:\/\/blog.edu.turku.fi\/lauste\/files\/2016\/12\/piha280400-300x225.jpg 300w\" sizes=\"auto, (max-width: 320px) 85vw, 320px\" \/><br \/>\n<strong>KOULUN PIHA VUONNA 2000<\/strong><br \/>\nPiha 28.04.00 (l\u00e4mp\u00f6tila n. +17 astetta)<\/p>\n<p style=\"text-align: center\"><img loading=\"lazy\" decoding=\"async\" class=\"aligncenter size-large wp-image-222\" src=\"https:\/\/blog.edu.turku.fi\/lauste\/files\/2016\/12\/piha30_4-320x240.jpg\" alt=\"piha30_4\" width=\"320\" height=\"240\" srcset=\"https:\/\/blog.edu.turku.fi\/lauste\/files\/2016\/12\/piha30_4.jpg 320w, https:\/\/blog.edu.turku.fi\/lauste\/files\/2016\/12\/piha30_4-300x225.jpg 300w\" sizes=\"auto, (max-width: 320px) 85vw, 320px\" \/><br \/>\n<strong>KOULUN PIHA VUONNA 1998<\/strong><br \/>\nPiha 30.04.98 (l\u00e4mp\u00f6tila n. +15 astetta)<\/p>\n","protected":false},"excerpt":{"rendered":"<p>Onko ilmastonmuutos tosiasia my\u00f6s Lausteen koulun pihamaalla? T\u00e4n\u00e4\u00e4n l\u00e4mp\u00f6tila oli kuvanottohetkell\u00e4 noin +11 astetta. Vertaile milt\u00e4 koulun piha n\u00e4ytti samoihin aikoihin vuosina 1998 &#8211; 2016. KOULUN PIHA VUONNA 2016 KOULUN PIHA VUONNA 2014 30.04.2014 L\u00e4mp\u00f6tila n. +9 astetta KOULUN PIHA VUONNA 2012 30.04.2012 L\u00e4mp\u00f6tila n. +13 astetta KOULUN PIHA VUONNA 2010 Piha 29.04.2010 (l\u00e4mp\u00f6tila n. &hellip; <a href=\"https:\/\/blog.edu.turku.fi\/lauste\/aikakone-29-4\/\" class=\"more-link\">Jatka lukemista<span class=\"screen-reader-text\"> &#8221;Aikakone: 29.4.&#8221;<\/span><\/a><\/p>\n","protected":false},"author":2095,"featured_media":0,"parent":0,"menu_order":0,"comment_status":"closed","ping_status":"closed","template":"","meta":{"footnotes":""},"class_list":["post-212","page","type-page","status-publish","hentry"],"_links":{"self":[{"href":"https:\/\/blog.edu.turku.fi\/lauste\/wp-json\/wp\/v2\/pages\/212","targetHints":{"allow":["GET"]}}],"collection":[{"href":"https:\/\/blog.edu.turku.fi\/lauste\/wp-json\/wp\/v2\/pages"}],"about":[{"href":"https:\/\/blog.edu.turku.fi\/lauste\/wp-json\/wp\/v2\/types\/page"}],"author":[{"embeddable":true,"href":"https:\/\/blog.edu.turku.fi\/lauste\/wp-json\/wp\/v2\/users\/2095"}],"replies":[{"embeddable":true,"href":"https:\/\/blog.edu.turku.fi\/lauste\/wp-json\/wp\/v2\/comments?post=212"}],"version-history":[{"count":2,"href":"https:\/\/blog.edu.turku.fi\/lauste\/wp-json\/wp\/v2\/pages\/212\/revisions"}],"predecessor-version":[{"id":237,"href":"https:\/\/blog.edu.turku.fi\/lauste\/wp-json\/wp\/v2\/pages\/212\/revisions\/237"}],"wp:attachment":[{"href":"https:\/\/blog.edu.turku.fi\/lauste\/wp-json\/wp\/v2\/media?parent=212"}],"curies":[{"name":"wp","href":"https:\/\/api.w.org\/{rel}","templated":true}]}}