{"id":200,"date":"2016-12-01T14:56:24","date_gmt":"2016-12-01T12:56:24","guid":{"rendered":"https:\/\/blog.edu.turku.fi\/lauste\/?page_id=200"},"modified":"2017-03-26T18:08:29","modified_gmt":"2017-03-26T15:08:29","slug":"aikakone-29-3","status":"publish","type":"page","link":"https:\/\/blog.edu.turku.fi\/lauste\/aikakone-29-3\/","title":{"rendered":"Aikakone: 29.3."},"content":{"rendered":"<p>Onko ilmastonmuutos tosiasia my\u00f6s Lausteen koulun pihamaalla?<br \/>\nVertaile milt\u00e4 koulun piha n\u00e4ytti samoihin aikoihin vuosina 1998 &#8211; 2016.<\/p>\n<p style=\"text-align: center\"><img loading=\"lazy\" decoding=\"async\" class=\"aligncenter size-large wp-image-201\" src=\"https:\/\/blog.edu.turku.fi\/lauste\/files\/2016\/12\/piha290316-700x429.jpg\" alt=\"piha290316\" width=\"700\" height=\"429\" srcset=\"https:\/\/blog.edu.turku.fi\/lauste\/files\/2016\/12\/piha290316.jpg 700w, https:\/\/blog.edu.turku.fi\/lauste\/files\/2016\/12\/piha290316-300x184.jpg 300w\" sizes=\"auto, (max-width: 700px) 85vw, 700px\" \/><b><span style=\"font-family: Arial,Helvetica\">KOULUN PIHA VUONNA 2016 <\/span><\/b><span style=\"font-family: Arial,Helvetica\">(L\u00e4mp\u00f6tila oli kuvanottohetkell\u00e4 noin +10 astetta.)<\/span><b><span style=\"font-family: Arial,Helvetica\"><br \/>\n<\/span><\/b><\/p>\n<p style=\"text-align: center\"><img loading=\"lazy\" decoding=\"async\" class=\"aligncenter size-large wp-image-202\" src=\"https:\/\/blog.edu.turku.fi\/lauste\/files\/2016\/12\/piha280314-700x453.jpg\" alt=\"piha280314\" width=\"700\" height=\"453\" srcset=\"https:\/\/blog.edu.turku.fi\/lauste\/files\/2016\/12\/piha280314.jpg 700w, https:\/\/blog.edu.turku.fi\/lauste\/files\/2016\/12\/piha280314-300x194.jpg 300w\" sizes=\"auto, (max-width: 700px) 85vw, 700px\" \/><strong>KOULUN PIHA VUONNA 2014<\/strong><br \/>\n29.3.2014 (l\u00e4mp\u00f6tila n. +9 astetta)<br \/>\nKev\u00e4thavainto: Peippo lauloi t\u00e4n\u00e4\u00e4n koulun metsik\u00f6ss\u00e4.<\/p>\n<p style=\"text-align: center\"><img loading=\"lazy\" decoding=\"async\" class=\"aligncenter size-large wp-image-203\" src=\"https:\/\/blog.edu.turku.fi\/lauste\/files\/2016\/12\/piha280312-700x525.jpg\" alt=\"piha280312\" width=\"700\" height=\"525\" srcset=\"https:\/\/blog.edu.turku.fi\/lauste\/files\/2016\/12\/piha280312.jpg 700w, https:\/\/blog.edu.turku.fi\/lauste\/files\/2016\/12\/piha280312-300x225.jpg 300w\" sizes=\"auto, (max-width: 700px) 85vw, 700px\" \/><strong>KOULUN PIHA VUONNA 2012<\/strong><br \/>\n28.3.2012 (l\u00e4mp\u00f6tila n. +7 astetta)<\/p>\n<p style=\"text-align: center\"><img loading=\"lazy\" decoding=\"async\" class=\"size-large wp-image-204\" src=\"https:\/\/blog.edu.turku.fi\/lauste\/files\/2016\/12\/piha300310-600x450.jpg\" alt=\"OLYMPUS DIGITAL CAMERA\" width=\"600\" height=\"450\" srcset=\"https:\/\/blog.edu.turku.fi\/lauste\/files\/2016\/12\/piha300310.jpg 600w, https:\/\/blog.edu.turku.fi\/lauste\/files\/2016\/12\/piha300310-300x225.jpg 300w\" sizes=\"auto, (max-width: 600px) 85vw, 600px\" \/><br \/>\n<strong>KOULUN PIHA VUONNA 2010<\/strong><br \/>\n30.3.2010 (l\u00e4mp\u00f6tila n. +4 astetta)<\/p>\n<p style=\"text-align: center\"><img loading=\"lazy\" decoding=\"async\" class=\"aligncenter size-large wp-image-205\" src=\"https:\/\/blog.edu.turku.fi\/lauste\/files\/2016\/12\/piha010408-600x450.jpg\" alt=\"piha010408\" width=\"600\" height=\"450\" srcset=\"https:\/\/blog.edu.turku.fi\/lauste\/files\/2016\/12\/piha010408.jpg 600w, https:\/\/blog.edu.turku.fi\/lauste\/files\/2016\/12\/piha010408-300x225.jpg 300w\" sizes=\"auto, (max-width: 600px) 85vw, 600px\" \/><strong>KOULUN PIHA VUONNA 2008<\/strong><br \/>\n1.4.2008 (l\u00e4mp\u00f6tila n. +7 astetta)<\/p>\n<p style=\"text-align: center\"><img loading=\"lazy\" decoding=\"async\" class=\"aligncenter size-large wp-image-206\" src=\"https:\/\/blog.edu.turku.fi\/lauste\/files\/2016\/12\/piha050406-480x360.jpg\" alt=\"piha050406\" width=\"480\" height=\"360\" srcset=\"https:\/\/blog.edu.turku.fi\/lauste\/files\/2016\/12\/piha050406.jpg 480w, https:\/\/blog.edu.turku.fi\/lauste\/files\/2016\/12\/piha050406-300x225.jpg 300w\" sizes=\"auto, (max-width: 480px) 85vw, 480px\" \/><strong>KOULUN PIHA VUONNA 2006<\/strong><br \/>\nPiha 5.4.06 (l\u00e4mp\u00f6tila n. +3 astetta)<\/p>\n<p style=\"text-align: center\"><img loading=\"lazy\" decoding=\"async\" class=\"aligncenter size-large wp-image-207\" src=\"https:\/\/blog.edu.turku.fi\/lauste\/files\/2016\/12\/pihaa310304-400x300.jpg\" alt=\"\" width=\"400\" height=\"300\" srcset=\"https:\/\/blog.edu.turku.fi\/lauste\/files\/2016\/12\/pihaa310304.jpg 400w, https:\/\/blog.edu.turku.fi\/lauste\/files\/2016\/12\/pihaa310304-300x225.jpg 300w\" sizes=\"auto, (max-width: 400px) 85vw, 400px\" \/><strong>KOULUN PIHA VUONNA 2004<\/strong><br \/>\nPiha 31.03.04 (l\u00e4mp\u00f6tila n. +7 astetta)<\/p>\n<p style=\"text-align: center\"><img loading=\"lazy\" decoding=\"async\" class=\"aligncenter size-large wp-image-208\" src=\"https:\/\/blog.edu.turku.fi\/lauste\/files\/2016\/12\/piha290302-320x240.jpg\" alt=\"piha290302\" width=\"320\" height=\"240\" srcset=\"https:\/\/blog.edu.turku.fi\/lauste\/files\/2016\/12\/piha290302.jpg 320w, https:\/\/blog.edu.turku.fi\/lauste\/files\/2016\/12\/piha290302-300x225.jpg 300w\" sizes=\"auto, (max-width: 320px) 85vw, 320px\" \/><strong>KOULUN PIHA VUONNA 2002<\/strong><br \/>\nPiha 29.03.02 (l\u00e4mp\u00f6tila n. +8 astetta)<\/p>\n<p style=\"text-align: center\"><img loading=\"lazy\" decoding=\"async\" class=\"aligncenter size-large wp-image-209\" src=\"https:\/\/blog.edu.turku.fi\/lauste\/files\/2016\/12\/piha310300-320x240.jpg\" alt=\"piha310300\" width=\"320\" height=\"240\" srcset=\"https:\/\/blog.edu.turku.fi\/lauste\/files\/2016\/12\/piha310300.jpg 320w, https:\/\/blog.edu.turku.fi\/lauste\/files\/2016\/12\/piha310300-300x225.jpg 300w\" sizes=\"auto, (max-width: 320px) 85vw, 320px\" \/><strong>KOULUN PIHA VUONNA 2000<\/strong><br \/>\nPiha 31.03.00 (l\u00e4mp\u00f6tila n. +7 astetta)<\/p>\n<p style=\"text-align: center\"><img loading=\"lazy\" decoding=\"async\" class=\"aligncenter size-large wp-image-210\" src=\"https:\/\/blog.edu.turku.fi\/lauste\/files\/2016\/12\/piha010498-320x240.jpg\" alt=\"piha010498\" width=\"320\" height=\"240\" srcset=\"https:\/\/blog.edu.turku.fi\/lauste\/files\/2016\/12\/piha010498.jpg 320w, https:\/\/blog.edu.turku.fi\/lauste\/files\/2016\/12\/piha010498-300x225.jpg 300w\" sizes=\"auto, (max-width: 320px) 85vw, 320px\" \/><strong>KOULUN PIHA VUONNA 1998<\/strong><br \/>\nPiha 01.04.98 (l\u00e4mp\u00f6tila n. -2 astetta)<\/p>\n","protected":false},"excerpt":{"rendered":"<p>Onko ilmastonmuutos tosiasia my\u00f6s Lausteen koulun pihamaalla? Vertaile milt\u00e4 koulun piha n\u00e4ytti samoihin aikoihin vuosina 1998 &#8211; 2016. KOULUN PIHA VUONNA 2016 (L\u00e4mp\u00f6tila oli kuvanottohetkell\u00e4 noin +10 astetta.) KOULUN PIHA VUONNA 2014 29.3.2014 (l\u00e4mp\u00f6tila n. +9 astetta) Kev\u00e4thavainto: Peippo lauloi t\u00e4n\u00e4\u00e4n koulun metsik\u00f6ss\u00e4. KOULUN PIHA VUONNA 2012 28.3.2012 (l\u00e4mp\u00f6tila n. +7 astetta) KOULUN PIHA VUONNA &hellip; <a href=\"https:\/\/blog.edu.turku.fi\/lauste\/aikakone-29-3\/\" class=\"more-link\">Jatka lukemista<span class=\"screen-reader-text\"> &#8221;Aikakone: 29.3.&#8221;<\/span><\/a><\/p>\n","protected":false},"author":2095,"featured_media":0,"parent":0,"menu_order":0,"comment_status":"closed","ping_status":"closed","template":"","meta":{"footnotes":""},"class_list":["post-200","page","type-page","status-publish","hentry"],"_links":{"self":[{"href":"https:\/\/blog.edu.turku.fi\/lauste\/wp-json\/wp\/v2\/pages\/200","targetHints":{"allow":["GET"]}}],"collection":[{"href":"https:\/\/blog.edu.turku.fi\/lauste\/wp-json\/wp\/v2\/pages"}],"about":[{"href":"https:\/\/blog.edu.turku.fi\/lauste\/wp-json\/wp\/v2\/types\/page"}],"author":[{"embeddable":true,"href":"https:\/\/blog.edu.turku.fi\/lauste\/wp-json\/wp\/v2\/users\/2095"}],"replies":[{"embeddable":true,"href":"https:\/\/blog.edu.turku.fi\/lauste\/wp-json\/wp\/v2\/comments?post=200"}],"version-history":[{"count":8,"href":"https:\/\/blog.edu.turku.fi\/lauste\/wp-json\/wp\/v2\/pages\/200\/revisions"}],"predecessor-version":[{"id":314,"href":"https:\/\/blog.edu.turku.fi\/lauste\/wp-json\/wp\/v2\/pages\/200\/revisions\/314"}],"wp:attachment":[{"href":"https:\/\/blog.edu.turku.fi\/lauste\/wp-json\/wp\/v2\/media?parent=200"}],"curies":[{"name":"wp","href":"https:\/\/api.w.org\/{rel}","templated":true}]}}