{"id":2,"date":"2016-11-16T08:31:11","date_gmt":"2016-11-16T06:31:11","guid":{"rendered":"https:\/\/blog.edu.turku.fi\/lauste\/?page_id=2"},"modified":"2026-04-20T14:07:18","modified_gmt":"2026-04-20T11:07:18","slug":"esimerkkisivu","status":"publish","type":"page","link":"https:\/\/blog.edu.turku.fi\/lauste\/","title":{"rendered":""},"content":{"rendered":"<h1 style=\"text-align: center\"><strong>Moi! Nabad! P\u00ebrsh\u00ebndetje! Marhaba! Hello!<br \/>\n<\/strong><strong>Tervetuloa Lausteen koulun sivuille.<\/strong><\/h1>\n<h5 style=\"text-align: center\"><strong><br \/>\n<\/strong>Lausteen koulussa opiskelee lukuvuonna 2025-2026 noin 300 oppilasta vuosiluokilla 1\u20136.<br \/>\nKoulumme toimii t\u00e4ll\u00e4 hetkell\u00e4 v\u00e4ist\u00f6tiloissa.<br \/>\nArviolta vuonna 2028 p\u00e4\u00e4semme muuttamaan uuteen Karhunaukion yhten\u00e4iskouluun.<\/h5>\n<p>&nbsp;<\/p>\n<h5 style=\"text-align: center\"><a href=\"https:\/\/blog.edu.turku.fi\/lauste\/files\/2025\/09\/Huoltajien-ilta-2025-ja-Huoltajadiat-tuen-uudistus.pptx\">Huoltajien illan diat 2.9.25<\/a><\/h5>\n<p style=\"text-align: center\">&#8211; &#8211; &#8211;<\/p>\n<p>&nbsp;<\/p>\n<div><\/div>\n<div style=\"text-align: center\">\n<h2><strong>Tervetuloa tutustumaan Lausteen kouluun!<\/strong><\/h2>\n<p>&nbsp;<\/p>\n<p><strong>Tulevien ekaluokkalaisten kouluun tutustumisp\u00e4iv\u00e4<\/strong><\/p>\n<p><strong>AIKA: torstai 7.5. klo 8.15\u20139.45<\/strong><\/p>\n<p><strong>PAIKKA: Lausteen koulu<\/strong>, kokoontuminen koulun pihalla<\/p>\n<p>&nbsp;<\/p>\n<p>Tutustumisaamun aikana <strong>lapset tutustuvat kouluun opettajien johdolla<\/strong>. Oppilaiden tarkempi luokkajako selvi\u00e4\u00e4 koulun alkaessa syksyll\u00e4.<\/p>\n<p><strong>Rehtori ja vararehtori pit\u00e4v\u00e4t infotilaisuuden huoltajille<\/strong> oppilaiden tutustumisp\u00e4iv\u00e4n aikana. Yhdess\u00e4 k\u00e4yd\u00e4\u00e4n l\u00e4pi t\u00e4rke\u00e4\u00e4 tietoa koulun aloituksesta.<\/p>\n<p>Tutustumisp\u00e4iv\u00e4\u00e4n ei tarvitse ilmoittautua ennakkoon.<\/p>\n<p>Jos ette voi osallistua tutustumisp\u00e4iv\u00e4\u00e4n, voitte olla yhteydess\u00e4 rehtoriin.<\/p>\n<p>&nbsp;<\/p>\n<p>L\u00e4mpim\u00e4sti tervetuloa!<\/p>\n<p>Marjaana Yl\u00f6nen, rehtori<br \/>\np. 040 5931 649<\/p>\n<p>&#8212;<\/p>\n<p>&nbsp;<\/p>\n<\/div>\n<div dir=\"auto\" style=\"text-align: center\">\n<p><img loading=\"lazy\" decoding=\"async\" class=\"wp-image-869 alignright\" src=\"https:\/\/blog.edu.turku.fi\/lauste\/files\/2021\/09\/canvas2-300x225.png\" alt=\"Lausteen kielipilvi\" width=\"931\" height=\"698\" srcset=\"https:\/\/blog.edu.turku.fi\/lauste\/files\/2021\/09\/canvas2-300x225.png 300w, https:\/\/blog.edu.turku.fi\/lauste\/files\/2021\/09\/canvas2.png 1024w\" sizes=\"auto, (max-width: 709px) 85vw, (max-width: 909px) 67vw, (max-width: 1362px) 62vw, 840px\" \/><\/p>\n<\/div>\n<p style=\"text-align: center\">Lausteen koulussa osataan monia kieli\u00e4! Olmme ylpeit\u00e4 monikielisyydest\u00e4mme ja kielitietoisuudestamme.<\/p>\n<p>&nbsp;<\/p>\n<p><iframe loading=\"lazy\" title=\"Mit\u00e4 on kielitietoisuus?\" width=\"840\" height=\"473\" src=\"https:\/\/www.youtube.com\/embed\/4byNNmgQVls?feature=oembed\" frameborder=\"0\" allow=\"accelerometer; autoplay; clipboard-write; encrypted-media; gyroscope; picture-in-picture; web-share\" referrerpolicy=\"strict-origin-when-cross-origin\" allowfullscreen><\/iframe><\/p>\n<p>&nbsp;<\/p>\n<h5 style=\"text-align: center\"><\/h5>\n<h6 style=\"text-align: center\"><\/h6>\n<h6><img loading=\"lazy\" decoding=\"async\" class=\"wp-image-833 aligncenter\" src=\"https:\/\/blog.edu.turku.fi\/lauste\/files\/2021\/06\/opemolkky-225x300.jpg\" alt=\"\" width=\"409\" height=\"545\" srcset=\"https:\/\/blog.edu.turku.fi\/lauste\/files\/2021\/06\/opemolkky-225x300.jpg 225w, https:\/\/blog.edu.turku.fi\/lauste\/files\/2021\/06\/opemolkky.jpg 600w\" sizes=\"auto, (max-width: 409px) 85vw, 409px\" \/><\/h6>\n<p style=\"text-align: center\">Lausteen koulun Opem\u00f6lkky.<\/p>\n<p>&nbsp;<\/p>\n<p>Koulumme n\u00e4kyy my\u00f6s <a href=\"https:\/\/www.instagram.com\/lausteen_koulu\/\">Instagramissa<\/a>. K\u00e4yk\u00e4\u00e4 katsomassa hienoja kuvia ja tarinoita!<\/p>\n<p>Vanhat kuvat (kev\u00e4\u00e4seen 2017) l\u00f6ytyv\u00e4t oikealla olevasta linkist\u00e4 Lausteen koulun uutisia 1997-2017.<\/p>\n<p>Alla olevasta kev\u00e4tkalenterista voit tutkia, miten kev\u00e4t on saapunut Lausteelle aikaisempina vuosina. Kev\u00e4tkalenteria on yll\u00e4pidetty joka toinen vuosi vuodesta 1998 l\u00e4htien.<\/p>\n<p><a href=\"https:\/\/blog.edu.turku.fi\/lauste\/aikakone-21-5\/\"><img loading=\"lazy\" decoding=\"async\" class=\"alignnone wp-image-117\" src=\"https:\/\/blog.edu.turku.fi\/lauste\/files\/2016\/11\/paju230516-300x148.jpg\" alt=\"\" width=\"264\" height=\"130\" srcset=\"https:\/\/blog.edu.turku.fi\/lauste\/files\/2016\/11\/paju230516-300x148.jpg 300w, https:\/\/blog.edu.turku.fi\/lauste\/files\/2016\/11\/paju230516.jpg 600w\" sizes=\"auto, (max-width: 264px) 85vw, 264px\" \/><\/a><\/p>\n<p>&nbsp;<\/p>\n<p>&nbsp;<\/p>\n<p><img loading=\"lazy\" decoding=\"async\" class=\"size-medium wp-image-1081 aligncenter\" src=\"https:\/\/blog.edu.turku.fi\/lauste\/files\/2023\/09\/ProKoulu-logo-RGB-768x206-1-300x80.jpg\" alt=\"\" width=\"300\" height=\"80\" srcset=\"https:\/\/blog.edu.turku.fi\/lauste\/files\/2023\/09\/ProKoulu-logo-RGB-768x206-1-300x80.jpg 300w, https:\/\/blog.edu.turku.fi\/lauste\/files\/2023\/09\/ProKoulu-logo-RGB-768x206-1.jpg 768w\" sizes=\"auto, (max-width: 300px) 85vw, 300px\" \/><\/p>\n","protected":false},"excerpt":{"rendered":"<p>Moi! Nabad! P\u00ebrsh\u00ebndetje! Marhaba! Hello! Tervetuloa Lausteen koulun sivuille. Lausteen koulussa opiskelee lukuvuonna 2025-2026 noin 300 oppilasta vuosiluokilla 1\u20136. Koulumme toimii t\u00e4ll\u00e4 hetkell\u00e4 v\u00e4ist\u00f6tiloissa. Arviolta vuonna 2028 p\u00e4\u00e4semme muuttamaan uuteen Karhunaukion yhten\u00e4iskouluun. &nbsp; Huoltajien illan diat 2.9.25 &#8211; &#8211; &#8211; &nbsp; Tervetuloa tutustumaan Lausteen kouluun! &nbsp; Tulevien ekaluokkalaisten kouluun tutustumisp\u00e4iv\u00e4 AIKA: torstai 7.5. klo 8.15\u20139.45 &hellip; <a href=\"https:\/\/blog.edu.turku.fi\/lauste\/\" class=\"more-link\">Jatka lukemista<span class=\"screen-reader-text\"> &#8221;&#8221;<\/span><\/a><\/p>\n","protected":false},"author":2297,"featured_media":0,"parent":0,"menu_order":0,"comment_status":"closed","ping_status":"open","template":"","meta":{"footnotes":""},"class_list":["post-2","page","type-page","status-publish","hentry"],"_links":{"self":[{"href":"https:\/\/blog.edu.turku.fi\/lauste\/wp-json\/wp\/v2\/pages\/2","targetHints":{"allow":["GET"]}}],"collection":[{"href":"https:\/\/blog.edu.turku.fi\/lauste\/wp-json\/wp\/v2\/pages"}],"about":[{"href":"https:\/\/blog.edu.turku.fi\/lauste\/wp-json\/wp\/v2\/types\/page"}],"author":[{"embeddable":true,"href":"https:\/\/blog.edu.turku.fi\/lauste\/wp-json\/wp\/v2\/users\/2297"}],"replies":[{"embeddable":true,"href":"https:\/\/blog.edu.turku.fi\/lauste\/wp-json\/wp\/v2\/comments?post=2"}],"version-history":[{"count":259,"href":"https:\/\/blog.edu.turku.fi\/lauste\/wp-json\/wp\/v2\/pages\/2\/revisions"}],"predecessor-version":[{"id":1257,"href":"https:\/\/blog.edu.turku.fi\/lauste\/wp-json\/wp\/v2\/pages\/2\/revisions\/1257"}],"wp:attachment":[{"href":"https:\/\/blog.edu.turku.fi\/lauste\/wp-json\/wp\/v2\/media?parent=2"}],"curies":[{"name":"wp","href":"https:\/\/api.w.org\/{rel}","templated":true}]}}