{"id":188,"date":"2016-12-01T14:49:14","date_gmt":"2016-12-01T12:49:14","guid":{"rendered":"https:\/\/blog.edu.turku.fi\/lauste\/?page_id=188"},"modified":"2017-03-26T17:32:51","modified_gmt":"2017-03-26T14:32:51","slug":"aikakone-5-4","status":"publish","type":"page","link":"https:\/\/blog.edu.turku.fi\/lauste\/aikakone-5-4\/","title":{"rendered":"Aikakone: 5.4."},"content":{"rendered":"<p>Onko ilmastonmuutos tosiasia my\u00f6s Lausteen koulun pihamaalla?<br \/>\nVertaile, milt\u00e4 koulun piha n\u00e4ytti samoihin aikoihin vuosina 1998 &#8211; 2016.<\/p>\n<p><img loading=\"lazy\" decoding=\"async\" class=\"aligncenter size-large wp-image-189\" src=\"https:\/\/blog.edu.turku.fi\/lauste\/files\/2016\/12\/piha050416-700x395.jpg\" alt=\"piha050416\" width=\"700\" height=\"395\" srcset=\"https:\/\/blog.edu.turku.fi\/lauste\/files\/2016\/12\/piha050416.jpg 700w, https:\/\/blog.edu.turku.fi\/lauste\/files\/2016\/12\/piha050416-300x169.jpg 300w\" sizes=\"auto, (max-width: 700px) 85vw, 700px\" \/><\/p>\n<p style=\"text-align: center\"><b><span style=\"font-family: Arial,Helvetica\">KOULUN PIHA VUONNA 2016 <\/span><\/b><span style=\"font-family: Arial,Helvetica\"> (L\u00e4mp\u00f6tila oli kuvanottohetkell\u00e4 noin +6 astetta.)<\/span><b><span style=\"font-family: Arial,Helvetica\"><br \/>\n<\/span><\/b><\/p>\n<p style=\"text-align: center\"><img loading=\"lazy\" decoding=\"async\" class=\"aligncenter size-large wp-image-190\" src=\"https:\/\/blog.edu.turku.fi\/lauste\/files\/2016\/12\/piha_040414-700x535.jpg\" alt=\"piha_040414\" width=\"700\" height=\"535\" srcset=\"https:\/\/blog.edu.turku.fi\/lauste\/files\/2016\/12\/piha_040414.jpg 700w, https:\/\/blog.edu.turku.fi\/lauste\/files\/2016\/12\/piha_040414-300x229.jpg 300w\" sizes=\"auto, (max-width: 700px) 85vw, 700px\" \/><br \/>\n<strong>KOULUN PIHA VUONNA 2014<\/strong><br \/>\nPiha 04.04.14 (l\u00e4mp\u00f6tila n. +8 astetta)<\/p>\n<p style=\"text-align: center\"><img loading=\"lazy\" decoding=\"async\" class=\"aligncenter size-large wp-image-191\" src=\"https:\/\/blog.edu.turku.fi\/lauste\/files\/2016\/12\/piha050412-700x525.jpg\" alt=\"piha050412\" width=\"700\" height=\"525\" srcset=\"https:\/\/blog.edu.turku.fi\/lauste\/files\/2016\/12\/piha050412.jpg 700w, https:\/\/blog.edu.turku.fi\/lauste\/files\/2016\/12\/piha050412-300x225.jpg 300w\" sizes=\"auto, (max-width: 700px) 85vw, 700px\" \/><br \/>\n<strong>KOULUN PIHA VUONNA 2012<\/strong><br \/>\nPiha 05.04.12 (l\u00e4mp\u00f6tila n. +5 astetta)<\/p>\n<p style=\"text-align: center\"><img loading=\"lazy\" decoding=\"async\" class=\"aligncenter size-large wp-image-192\" src=\"https:\/\/blog.edu.turku.fi\/lauste\/files\/2016\/12\/piha080408-600x450.jpg\" alt=\"piha080408\" width=\"600\" height=\"450\" srcset=\"https:\/\/blog.edu.turku.fi\/lauste\/files\/2016\/12\/piha080408.jpg 600w, https:\/\/blog.edu.turku.fi\/lauste\/files\/2016\/12\/piha080408-300x225.jpg 300w\" sizes=\"auto, (max-width: 600px) 85vw, 600px\" \/><br \/>\n<strong>KOULUN PIHA VUONNA 2010<\/strong><br \/>\nPiha 08.04.10 (l\u00e4mp\u00f6tila n. +8 astetta)<\/p>\n<p style=\"text-align: center\"><img loading=\"lazy\" decoding=\"async\" class=\"aligncenter size-large wp-image-193\" src=\"https:\/\/blog.edu.turku.fi\/lauste\/files\/2016\/12\/pihaa050406-400x300.jpg\" alt=\"pihaa050406\" width=\"400\" height=\"300\" srcset=\"https:\/\/blog.edu.turku.fi\/lauste\/files\/2016\/12\/pihaa050406.jpg 400w, https:\/\/blog.edu.turku.fi\/lauste\/files\/2016\/12\/pihaa050406-300x225.jpg 300w\" sizes=\"auto, (max-width: 400px) 85vw, 400px\" \/><br \/>\n<strong> KOULUN PIHA VUONNA 2006<\/strong><br \/>\nPiha 05.04.06 (l\u00e4mp\u00f6tila n. +3 astetta)<br \/>\n<img loading=\"lazy\" decoding=\"async\" class=\"aligncenter size-large wp-image-194\" src=\"https:\/\/blog.edu.turku.fi\/lauste\/files\/2016\/12\/piha070404-400x300.jpg\" alt=\"piha070404\" width=\"400\" height=\"300\" srcset=\"https:\/\/blog.edu.turku.fi\/lauste\/files\/2016\/12\/piha070404.jpg 400w, https:\/\/blog.edu.turku.fi\/lauste\/files\/2016\/12\/piha070404-300x225.jpg 300w\" sizes=\"auto, (max-width: 400px) 85vw, 400px\" \/><br \/>\n<strong>KOULUN PIHA VUONNA 2004<\/strong><br \/>\nPiha 07.04.04 (l\u00e4mp\u00f6tila n. +7 astetta)<\/p>\n<p style=\"text-align: center\"><img loading=\"lazy\" decoding=\"async\" class=\"aligncenter size-large wp-image-196\" src=\"https:\/\/blog.edu.turku.fi\/lauste\/files\/2016\/12\/piha080402-320x240.jpg\" alt=\"piha080402\" width=\"320\" height=\"240\" srcset=\"https:\/\/blog.edu.turku.fi\/lauste\/files\/2016\/12\/piha080402.jpg 320w, https:\/\/blog.edu.turku.fi\/lauste\/files\/2016\/12\/piha080402-300x225.jpg 300w\" sizes=\"auto, (max-width: 320px) 85vw, 320px\" \/><br \/>\n<strong>KOULUN PIHA VUONNA 2002<\/strong><br \/>\nPiha 08.04.02 (l\u00e4mp\u00f6tila n. +6 astetta)<\/p>\n<p style=\"text-align: center\"><img loading=\"lazy\" decoding=\"async\" class=\"aligncenter size-large wp-image-197\" src=\"https:\/\/blog.edu.turku.fi\/lauste\/files\/2016\/12\/piha7400-320x240.jpg\" alt=\"piha7400\" width=\"320\" height=\"240\" srcset=\"https:\/\/blog.edu.turku.fi\/lauste\/files\/2016\/12\/piha7400.jpg 320w, https:\/\/blog.edu.turku.fi\/lauste\/files\/2016\/12\/piha7400-300x225.jpg 300w\" sizes=\"auto, (max-width: 320px) 85vw, 320px\" \/><br \/>\n<strong>KOULUN PIHA VUONNA 2000<\/strong><br \/>\nPiha 07.04.00 (l\u00e4mp\u00f6tila n. +5 astetta)<\/p>\n<p style=\"text-align: center\"><img loading=\"lazy\" decoding=\"async\" class=\"aligncenter size-large wp-image-198\" src=\"https:\/\/blog.edu.turku.fi\/lauste\/files\/2016\/12\/piha0804-320x240.jpg\" alt=\"piha0804\" width=\"320\" height=\"240\" srcset=\"https:\/\/blog.edu.turku.fi\/lauste\/files\/2016\/12\/piha0804.jpg 320w, https:\/\/blog.edu.turku.fi\/lauste\/files\/2016\/12\/piha0804-300x225.jpg 300w\" sizes=\"auto, (max-width: 320px) 85vw, 320px\" \/><br \/>\n<strong>KOULUN PIHA VUONNA 1998<\/strong><br \/>\nPiha 08.04.98 (l\u00e4mp\u00f6tila n. +3 astetta)<\/p>\n","protected":false},"excerpt":{"rendered":"<p>Onko ilmastonmuutos tosiasia my\u00f6s Lausteen koulun pihamaalla? Vertaile, milt\u00e4 koulun piha n\u00e4ytti samoihin aikoihin vuosina 1998 &#8211; 2016. KOULUN PIHA VUONNA 2016 (L\u00e4mp\u00f6tila oli kuvanottohetkell\u00e4 noin +6 astetta.) KOULUN PIHA VUONNA 2014 Piha 04.04.14 (l\u00e4mp\u00f6tila n. +8 astetta) KOULUN PIHA VUONNA 2012 Piha 05.04.12 (l\u00e4mp\u00f6tila n. +5 astetta) KOULUN PIHA VUONNA 2010 Piha 08.04.10 (l\u00e4mp\u00f6tila &hellip; <a href=\"https:\/\/blog.edu.turku.fi\/lauste\/aikakone-5-4\/\" class=\"more-link\">Jatka lukemista<span class=\"screen-reader-text\"> &#8221;Aikakone: 5.4.&#8221;<\/span><\/a><\/p>\n","protected":false},"author":2095,"featured_media":0,"parent":0,"menu_order":0,"comment_status":"closed","ping_status":"closed","template":"","meta":{"footnotes":""},"class_list":["post-188","page","type-page","status-publish","hentry"],"_links":{"self":[{"href":"https:\/\/blog.edu.turku.fi\/lauste\/wp-json\/wp\/v2\/pages\/188","targetHints":{"allow":["GET"]}}],"collection":[{"href":"https:\/\/blog.edu.turku.fi\/lauste\/wp-json\/wp\/v2\/pages"}],"about":[{"href":"https:\/\/blog.edu.turku.fi\/lauste\/wp-json\/wp\/v2\/types\/page"}],"author":[{"embeddable":true,"href":"https:\/\/blog.edu.turku.fi\/lauste\/wp-json\/wp\/v2\/users\/2095"}],"replies":[{"embeddable":true,"href":"https:\/\/blog.edu.turku.fi\/lauste\/wp-json\/wp\/v2\/comments?post=188"}],"version-history":[{"count":4,"href":"https:\/\/blog.edu.turku.fi\/lauste\/wp-json\/wp\/v2\/pages\/188\/revisions"}],"predecessor-version":[{"id":308,"href":"https:\/\/blog.edu.turku.fi\/lauste\/wp-json\/wp\/v2\/pages\/188\/revisions\/308"}],"wp:attachment":[{"href":"https:\/\/blog.edu.turku.fi\/lauste\/wp-json\/wp\/v2\/media?parent=188"}],"curies":[{"name":"wp","href":"https:\/\/api.w.org\/{rel}","templated":true}]}}