{"id":18,"date":"2016-11-29T15:50:26","date_gmt":"2016-11-29T13:50:26","guid":{"rendered":"https:\/\/blog.edu.turku.fi\/lauste\/?page_id=18"},"modified":"2025-09-05T10:23:54","modified_gmt":"2025-09-05T07:23:54","slug":"muu-henkilokunta","status":"publish","type":"page","link":"https:\/\/blog.edu.turku.fi\/lauste\/muu-henkilokunta\/","title":{"rendered":"Muu henkil\u00f6kunta"},"content":{"rendered":"<p style=\"text-align: left\">Lausteen koulussa ty\u00f6skentelee p\u00e4\u00e4toimisesti tai osa-aikaisesti t\u00e4ll\u00e4 hetkell\u00e4<\/p>\n<p><strong>Tuuli Heino-Carpenter<\/strong><br \/>\nkoulusihteeri, puh. 040 0944 562<br \/>\nPaikalla tiistaisin ja torstaisin.<\/p>\n<p><strong>Riikka Ahonen<br \/>\n<\/strong>koulupsykologi, puh. 050 4323 175<br \/>\nPaikalla maanantaisin, tiistaisin ja perjantaisin.<\/p>\n<div><b>Margareta Herrg\u00e5rd\u00a0<\/b><\/div>\n<div>psykiatrinen sairaanhoitaja, puh. 044 4937 940<br \/>\nPaikalla keskiviikkoisin<strong>.<\/strong><\/div>\n<div><\/div>\n<div><strong>Jenni M\u00e4kinen<br \/>\n<\/strong>koulukuraattori, puh. 044 9075 660<br \/>\nPaikalla keskiviikkoisin ja torstaisin<b>.<\/b><\/div>\n<div><\/div>\n<div><b>Maiju Toivo<br \/>\n<\/b><\/div>\n<div>terveydenhoitaja, puh. 044\u00a0712 4090<\/div>\n<div>Paikalla maanantaisin, tiistaisin, torstaisin ja perjantaisin<strong>.<\/strong><\/div>\n<div><\/div>\n<div><strong>Iida Valtala<\/strong><\/div>\n<div>koulunuorisoty\u00f6ntekij\u00e4, puh. 044 907 4236<br \/>\nPaikalla maanantaisin, keskiviikkoisin, torstaisin ja perjantaisin.<\/div>\n<div><\/div>\n<div><\/div>\n<p>&nbsp;<\/p>\n<p><strong>Minna Ahonen<\/strong> puh. 040 193 0577<br \/>\nkoulunk\u00e4ynninohjaaja<\/p>\n<p><strong>Emmi And<\/strong> puh. 044 907 5339<br \/>\nkoulunk\u00e4ynninohjaaja<\/p>\n<p><strong>Priya Gidwani<\/strong> puh. 044 907 5612<br \/>\nkoulunk\u00e4ynninohjaaja<\/p>\n<div><b>Tanja Holmstr\u00f6m <\/b>puh. 044 9075 317<\/div>\n<div>koulunk\u00e4ynninohjaaja<\/div>\n<div><\/div>\n<div><span class=\"OZZZK\"><strong>Najia Mohseni<\/strong> puh. 044 907 5862<br \/>\n<\/span><span class=\"OZZZK\">koulunk\u00e4ynninohjaaja<\/span><\/div>\n<div><\/div>\n<div><strong>Emma Nieminen <\/strong>puh. 040 1689 636<br \/>\nkoulunk\u00e4ynninohjaaja<\/div>\n<div><\/div>\n<div><strong>Maarit Ranta<\/strong> puh. 040 356 1781<br \/>\nkoulunk\u00e4ynninohjaaja<\/div>\n<div><\/div>\n<div><strong>Mikko Vaittinen<\/strong> puh. 040 193 3083<br \/>\nkoulunk\u00e4ynninohjaaja<\/div>\n<div><\/div>\n<div><strong>Jiida Varvikko<\/strong><\/div>\n<div>koulunk\u00e4ynninohjaaja<\/div>\n","protected":false},"excerpt":{"rendered":"<p>Lausteen koulussa ty\u00f6skentelee p\u00e4\u00e4toimisesti tai osa-aikaisesti t\u00e4ll\u00e4 hetkell\u00e4 Tuuli Heino-Carpenter koulusihteeri, puh. 040 0944 562 Paikalla tiistaisin ja torstaisin. Riikka Ahonen koulupsykologi, puh. 050 4323 175 Paikalla maanantaisin, tiistaisin ja perjantaisin. Margareta Herrg\u00e5rd\u00a0 psykiatrinen sairaanhoitaja, puh. 044 4937 940 Paikalla keskiviikkoisin. Jenni M\u00e4kinen koulukuraattori, puh. 044 9075 660 Paikalla keskiviikkoisin ja torstaisin. Maiju Toivo terveydenhoitaja, &hellip; <a href=\"https:\/\/blog.edu.turku.fi\/lauste\/muu-henkilokunta\/\" class=\"more-link\">Jatka lukemista<span class=\"screen-reader-text\"> &#8221;Muu henkil\u00f6kunta&#8221;<\/span><\/a><\/p>\n","protected":false},"author":2297,"featured_media":0,"parent":0,"menu_order":0,"comment_status":"closed","ping_status":"closed","template":"","meta":{"footnotes":""},"class_list":["post-18","page","type-page","status-publish","hentry"],"_links":{"self":[{"href":"https:\/\/blog.edu.turku.fi\/lauste\/wp-json\/wp\/v2\/pages\/18","targetHints":{"allow":["GET"]}}],"collection":[{"href":"https:\/\/blog.edu.turku.fi\/lauste\/wp-json\/wp\/v2\/pages"}],"about":[{"href":"https:\/\/blog.edu.turku.fi\/lauste\/wp-json\/wp\/v2\/types\/page"}],"author":[{"embeddable":true,"href":"https:\/\/blog.edu.turku.fi\/lauste\/wp-json\/wp\/v2\/users\/2297"}],"replies":[{"embeddable":true,"href":"https:\/\/blog.edu.turku.fi\/lauste\/wp-json\/wp\/v2\/comments?post=18"}],"version-history":[{"count":53,"href":"https:\/\/blog.edu.turku.fi\/lauste\/wp-json\/wp\/v2\/pages\/18\/revisions"}],"predecessor-version":[{"id":1234,"href":"https:\/\/blog.edu.turku.fi\/lauste\/wp-json\/wp\/v2\/pages\/18\/revisions\/1234"}],"wp:attachment":[{"href":"https:\/\/blog.edu.turku.fi\/lauste\/wp-json\/wp\/v2\/media?parent=18"}],"curies":[{"name":"wp","href":"https:\/\/api.w.org\/{rel}","templated":true}]}}