{"id":162,"date":"2016-12-01T14:30:34","date_gmt":"2016-12-01T12:30:34","guid":{"rendered":"https:\/\/blog.edu.turku.fi\/lauste\/?page_id=162"},"modified":"2016-12-01T15:18:11","modified_gmt":"2016-12-01T13:18:11","slug":"aikakone-21-4","status":"publish","type":"page","link":"https:\/\/blog.edu.turku.fi\/lauste\/aikakone-21-4\/","title":{"rendered":"Aikakone: 21.4."},"content":{"rendered":"<p>Onko ilmastonmuutos tosiasia my\u00f6s Lausteen koulun pihamaalla?<br \/>\nT\u00e4n\u00e4\u00e4n l\u00e4mp\u00f6tila oli kuvanottohetkell\u00e4 noin +9 astetta.<br \/>\nVertaile milt\u00e4 koulun piha n\u00e4ytti samoihin aikoihin vuosina 1998 &#8211; 2016.<\/p>\n<p style=\"text-align: center\"><img loading=\"lazy\" decoding=\"async\" class=\"aligncenter size-large wp-image-163\" src=\"https:\/\/blog.edu.turku.fi\/lauste\/files\/2016\/12\/piha210416-700x500.jpg\" alt=\"piha210416\" width=\"700\" height=\"500\" srcset=\"https:\/\/blog.edu.turku.fi\/lauste\/files\/2016\/12\/piha210416.jpg 700w, https:\/\/blog.edu.turku.fi\/lauste\/files\/2016\/12\/piha210416-300x214.jpg 300w\" sizes=\"auto, (max-width: 700px) 85vw, 700px\" \/><br \/>\n<strong>KOULUN PIHA VUONNA 2016<\/strong><\/p>\n<p style=\"text-align: center\"><img loading=\"lazy\" decoding=\"async\" class=\"aligncenter size-large wp-image-164\" src=\"https:\/\/blog.edu.turku.fi\/lauste\/files\/2016\/12\/piha_220414-700x515.jpg\" alt=\"piha_220414\" width=\"700\" height=\"515\" srcset=\"https:\/\/blog.edu.turku.fi\/lauste\/files\/2016\/12\/piha_220414.jpg 700w, https:\/\/blog.edu.turku.fi\/lauste\/files\/2016\/12\/piha_220414-300x221.jpg 300w\" sizes=\"auto, (max-width: 700px) 85vw, 700px\" \/><br \/>\n<strong>KOULUN PIHA VUONNA 2014<\/strong><br \/>\nPiha 22.4.2014<br \/>\n(l\u00e4mp\u00f6tila n. +17 astetta)<\/p>\n<p style=\"text-align: center\"><img loading=\"lazy\" decoding=\"async\" class=\"aligncenter size-large wp-image-165\" src=\"https:\/\/blog.edu.turku.fi\/lauste\/files\/2016\/12\/piha230412-700x525.jpg\" alt=\"piha230412\" width=\"700\" height=\"525\" srcset=\"https:\/\/blog.edu.turku.fi\/lauste\/files\/2016\/12\/piha230412.jpg 700w, https:\/\/blog.edu.turku.fi\/lauste\/files\/2016\/12\/piha230412-300x225.jpg 300w\" sizes=\"auto, (max-width: 700px) 85vw, 700px\" \/><br \/>\n<strong>KOULUN PIHA VUONNA 2012<\/strong><br \/>\nPiha 23.4.2012<br \/>\n(l\u00e4mp\u00f6tila n. +10 astetta)<\/p>\n<p style=\"text-align: center\"><img loading=\"lazy\" decoding=\"async\" class=\"wp-caption-dd\" src=\"https:\/\/blog.edu.turku.fi\/lauste\/files\/2016\/12\/piha230410-600x450.jpg\" alt=\"OLYMPUS DIGITAL CAMERA\" width=\"600\" height=\"450\" \/><br \/>\n<strong>KOULUN PIHA VUONNA 2010<\/strong><br \/>\nPiha 23.4.2010<br \/>\n(l\u00e4mp\u00f6tila n. +5 astetta)<br \/>\n<img loading=\"lazy\" decoding=\"async\" class=\"aligncenter size-large wp-image-167\" src=\"https:\/\/blog.edu.turku.fi\/lauste\/files\/2016\/12\/piha220408-600x450.jpg\" alt=\"piha220408\" width=\"600\" height=\"450\" srcset=\"https:\/\/blog.edu.turku.fi\/lauste\/files\/2016\/12\/piha220408.jpg 600w, https:\/\/blog.edu.turku.fi\/lauste\/files\/2016\/12\/piha220408-300x225.jpg 300w\" sizes=\"auto, (max-width: 600px) 85vw, 600px\" \/><br \/>\n<strong>KOULUN PIHA VUONNA 2008<\/strong><br \/>\n(l\u00e4mp\u00f6tila n. +12 astetta)<\/p>\n<p style=\"text-align: center\"><img loading=\"lazy\" decoding=\"async\" class=\"aligncenter size-large wp-image-168\" src=\"https:\/\/blog.edu.turku.fi\/lauste\/files\/2016\/12\/pihaa210406-400x300.jpg\" alt=\"pihaa210406\" width=\"400\" height=\"300\" srcset=\"https:\/\/blog.edu.turku.fi\/lauste\/files\/2016\/12\/pihaa210406.jpg 400w, https:\/\/blog.edu.turku.fi\/lauste\/files\/2016\/12\/pihaa210406-300x225.jpg 300w\" sizes=\"auto, (max-width: 400px) 85vw, 400px\" \/><br \/>\n<strong>KOULUN PIHA VUONNA 2006<\/strong><br \/>\nPiha 21.04.06 (l\u00e4mp\u00f6tila n. +7 astetta)<\/p>\n<p style=\"text-align: center\"><img loading=\"lazy\" decoding=\"async\" class=\"aligncenter size-large wp-image-169\" src=\"https:\/\/blog.edu.turku.fi\/lauste\/files\/2016\/12\/piha210404-320x240.jpg\" alt=\"piha210404\" width=\"320\" height=\"240\" srcset=\"https:\/\/blog.edu.turku.fi\/lauste\/files\/2016\/12\/piha210404.jpg 320w, https:\/\/blog.edu.turku.fi\/lauste\/files\/2016\/12\/piha210404-300x225.jpg 300w\" sizes=\"auto, (max-width: 320px) 85vw, 320px\" \/><br \/>\n<strong>KOULUN PIHA VUONNA 2004<\/strong><br \/>\nPiha 22.04.04 (l\u00e4mp\u00f6tila n. +7 astetta)<\/p>\n<p style=\"text-align: center\"><img loading=\"lazy\" decoding=\"async\" class=\"aligncenter size-large wp-image-170\" src=\"https:\/\/blog.edu.turku.fi\/lauste\/files\/2016\/12\/piha220402-320x240.jpg\" alt=\"piha220402\" width=\"320\" height=\"240\" srcset=\"https:\/\/blog.edu.turku.fi\/lauste\/files\/2016\/12\/piha220402.jpg 320w, https:\/\/blog.edu.turku.fi\/lauste\/files\/2016\/12\/piha220402-300x225.jpg 300w\" sizes=\"auto, (max-width: 320px) 85vw, 320px\" \/><br \/>\n<strong>KOULUN PIHA VUONNA 2002<\/strong><br \/>\nPiha 22.04.02 (l\u00e4mp\u00f6tila n. +15 astetta)<\/p>\n<p style=\"text-align: center\"><img loading=\"lazy\" decoding=\"async\" class=\"aligncenter size-large wp-image-171\" src=\"https:\/\/blog.edu.turku.fi\/lauste\/files\/2016\/12\/piha250400-320x240.jpg\" alt=\"piha250400\" width=\"320\" height=\"240\" srcset=\"https:\/\/blog.edu.turku.fi\/lauste\/files\/2016\/12\/piha250400.jpg 320w, https:\/\/blog.edu.turku.fi\/lauste\/files\/2016\/12\/piha250400-300x225.jpg 300w\" sizes=\"auto, (max-width: 320px) 85vw, 320px\" \/><br \/>\n<strong>KOULUN PIHA VUONNA 2000<\/strong><br \/>\nPiha 25.04.00 (l\u00e4mp\u00f6tila n. +16 astetta)<\/p>\n<p style=\"text-align: center\"><img loading=\"lazy\" decoding=\"async\" class=\"aligncenter size-large wp-image-172\" src=\"https:\/\/blog.edu.turku.fi\/lauste\/files\/2016\/12\/piha2204-320x240.jpg\" alt=\"piha2204\" width=\"320\" height=\"240\" srcset=\"https:\/\/blog.edu.turku.fi\/lauste\/files\/2016\/12\/piha2204.jpg 320w, https:\/\/blog.edu.turku.fi\/lauste\/files\/2016\/12\/piha2204-300x225.jpg 300w\" sizes=\"auto, (max-width: 320px) 85vw, 320px\" \/><br \/>\n<strong>KOULUN PIHA VUONNA 1998<\/strong><br \/>\nPiha 22.04.98 (l\u00e4mp\u00f6tila n. +12 astetta)<\/p>\n","protected":false},"excerpt":{"rendered":"<p>Onko ilmastonmuutos tosiasia my\u00f6s Lausteen koulun pihamaalla? T\u00e4n\u00e4\u00e4n l\u00e4mp\u00f6tila oli kuvanottohetkell\u00e4 noin +9 astetta. Vertaile milt\u00e4 koulun piha n\u00e4ytti samoihin aikoihin vuosina 1998 &#8211; 2016. KOULUN PIHA VUONNA 2016 KOULUN PIHA VUONNA 2014 Piha 22.4.2014 (l\u00e4mp\u00f6tila n. +17 astetta) KOULUN PIHA VUONNA 2012 Piha 23.4.2012 (l\u00e4mp\u00f6tila n. +10 astetta) KOULUN PIHA VUONNA 2010 Piha 23.4.2010 &hellip; <a href=\"https:\/\/blog.edu.turku.fi\/lauste\/aikakone-21-4\/\" class=\"more-link\">Jatka lukemista<span class=\"screen-reader-text\"> &#8221;Aikakone: 21.4.&#8221;<\/span><\/a><\/p>\n","protected":false},"author":2095,"featured_media":0,"parent":0,"menu_order":0,"comment_status":"closed","ping_status":"closed","template":"","meta":{"footnotes":""},"class_list":["post-162","page","type-page","status-publish","hentry"],"_links":{"self":[{"href":"https:\/\/blog.edu.turku.fi\/lauste\/wp-json\/wp\/v2\/pages\/162","targetHints":{"allow":["GET"]}}],"collection":[{"href":"https:\/\/blog.edu.turku.fi\/lauste\/wp-json\/wp\/v2\/pages"}],"about":[{"href":"https:\/\/blog.edu.turku.fi\/lauste\/wp-json\/wp\/v2\/types\/page"}],"author":[{"embeddable":true,"href":"https:\/\/blog.edu.turku.fi\/lauste\/wp-json\/wp\/v2\/users\/2095"}],"replies":[{"embeddable":true,"href":"https:\/\/blog.edu.turku.fi\/lauste\/wp-json\/wp\/v2\/comments?post=162"}],"version-history":[{"count":3,"href":"https:\/\/blog.edu.turku.fi\/lauste\/wp-json\/wp\/v2\/pages\/162\/revisions"}],"predecessor-version":[{"id":236,"href":"https:\/\/blog.edu.turku.fi\/lauste\/wp-json\/wp\/v2\/pages\/162\/revisions\/236"}],"wp:attachment":[{"href":"https:\/\/blog.edu.turku.fi\/lauste\/wp-json\/wp\/v2\/media?parent=162"}],"curies":[{"name":"wp","href":"https:\/\/api.w.org\/{rel}","templated":true}]}}