{"id":150,"date":"2016-12-01T14:19:06","date_gmt":"2016-12-01T12:19:06","guid":{"rendered":"https:\/\/blog.edu.turku.fi\/lauste\/?page_id=150"},"modified":"2016-12-01T15:20:16","modified_gmt":"2016-12-01T13:20:16","slug":"aikakone-4-5","status":"publish","type":"page","link":"https:\/\/blog.edu.turku.fi\/lauste\/aikakone-4-5\/","title":{"rendered":"Aikakone: 4.5."},"content":{"rendered":"<p>Onko ilmastonmuutos tosiasia my\u00f6s Lausteen koulun pihamaalla?<br \/>\nT\u00e4n\u00e4\u00e4n 4.5. l\u00e4mp\u00f6tila oli kuvanottohetkell\u00e4 noin +18 astetta.<br \/>\nVertaile milt\u00e4 koulun piha n\u00e4ytti samoihin aikoihin vuosina 1998 &#8211; 2016.<\/p>\n<p><img loading=\"lazy\" decoding=\"async\" class=\"aligncenter size-large wp-image-152\" src=\"https:\/\/blog.edu.turku.fi\/lauste\/files\/2016\/12\/piha040516-700x408.jpg\" alt=\"piha040516\" width=\"700\" height=\"408\" srcset=\"https:\/\/blog.edu.turku.fi\/lauste\/files\/2016\/12\/piha040516.jpg 700w, https:\/\/blog.edu.turku.fi\/lauste\/files\/2016\/12\/piha040516-300x175.jpg 300w\" sizes=\"auto, (max-width: 700px) 85vw, 700px\" \/><\/p>\n<p style=\"text-align: center\"><span class=\"style1\"><b><span style=\"font-family: Arial,Helvetica\">KOULUN PIHA VUONNA 201<\/span><\/b><\/span><b><span style=\"font-family: Arial,Helvetica\">6<\/span><\/b><\/p>\n<p style=\"text-align: center\"><img loading=\"lazy\" decoding=\"async\" class=\"aligncenter size-large wp-image-157\" src=\"https:\/\/blog.edu.turku.fi\/lauste\/files\/2016\/12\/piha070514-700x472.jpg\" alt=\"piha070514\" width=\"700\" height=\"472\" srcset=\"https:\/\/blog.edu.turku.fi\/lauste\/files\/2016\/12\/piha070514.jpg 700w, https:\/\/blog.edu.turku.fi\/lauste\/files\/2016\/12\/piha070514-300x202.jpg 300w\" sizes=\"auto, (max-width: 700px) 85vw, 700px\" \/><\/p>\n<p style=\"text-align: center\"><span class=\"style1\"><b><span style=\"font-family: Arial,Helvetica\">KOULUN PIHA VUONNA 201<\/span><\/b><\/span><b><span style=\"font-family: Arial,Helvetica\">4<\/span><\/b><span class=\"style1\"><br \/>\nPiha 07.05.2014 (l\u00e4mp\u00f6tila +12 astetta)<\/span><\/p>\n<p style=\"text-align: center\"><img loading=\"lazy\" decoding=\"async\" class=\"aligncenter size-large wp-image-156\" src=\"https:\/\/blog.edu.turku.fi\/lauste\/files\/2016\/12\/piha070512-700x525.jpg\" alt=\"piha070512\" width=\"700\" height=\"525\" srcset=\"https:\/\/blog.edu.turku.fi\/lauste\/files\/2016\/12\/piha070512.jpg 700w, https:\/\/blog.edu.turku.fi\/lauste\/files\/2016\/12\/piha070512-300x225.jpg 300w\" sizes=\"auto, (max-width: 700px) 85vw, 700px\" \/><br \/>\n<strong>KOULUN PIHA VUONNA 2012<\/strong><br \/>\nPiha 07.05.2012 (l\u00e4mp\u00f6tila +13 astetta)<\/p>\n<p style=\"text-align: center\"><img loading=\"lazy\" decoding=\"async\" class=\"size-large wp-image-155\" src=\"https:\/\/blog.edu.turku.fi\/lauste\/files\/2016\/12\/piha060510-600x450.jpg\" alt=\"OLYMPUS DIGITAL CAMERA\" width=\"600\" height=\"450\" srcset=\"https:\/\/blog.edu.turku.fi\/lauste\/files\/2016\/12\/piha060510.jpg 600w, https:\/\/blog.edu.turku.fi\/lauste\/files\/2016\/12\/piha060510-300x225.jpg 300w\" sizes=\"auto, (max-width: 600px) 85vw, 600px\" \/><br \/>\n<strong>KOULUN PIHA VUONNA 2010<\/strong><br \/>\nPiha 06.05.2010 (l\u00e4mp\u00f6tila +8 astetta)<\/p>\n<p style=\"text-align: center\"><img loading=\"lazy\" decoding=\"async\" class=\"size-large wp-image-154\" src=\"https:\/\/blog.edu.turku.fi\/lauste\/files\/2016\/12\/piha060508-600x450.jpg\" alt=\"OLYMPUS DIGITAL CAMERA\" width=\"600\" height=\"450\" srcset=\"https:\/\/blog.edu.turku.fi\/lauste\/files\/2016\/12\/piha060508.jpg 600w, https:\/\/blog.edu.turku.fi\/lauste\/files\/2016\/12\/piha060508-300x225.jpg 300w\" sizes=\"auto, (max-width: 600px) 85vw, 600px\" \/><\/p>\n<p style=\"text-align: center\"><strong>KOULUN PIHA VUONNA 2008<\/strong><br \/>\nPiha 06.05.2008 (l\u00e4mp\u00f6tila +12 astetta)<\/p>\n<p style=\"text-align: center\"><img loading=\"lazy\" decoding=\"async\" class=\"aligncenter size-large wp-image-159\" src=\"https:\/\/blog.edu.turku.fi\/lauste\/files\/2016\/12\/pihaa050506-400x300.jpg\" alt=\"pihaa050506\" width=\"400\" height=\"300\" srcset=\"https:\/\/blog.edu.turku.fi\/lauste\/files\/2016\/12\/pihaa050506.jpg 400w, https:\/\/blog.edu.turku.fi\/lauste\/files\/2016\/12\/pihaa050506-300x225.jpg 300w\" sizes=\"auto, (max-width: 400px) 85vw, 400px\" \/><br \/>\n<strong>KOULUN PIHA VUONNA 2006<\/strong><br \/>\nPiha 05.05.06 (l\u00e4mp\u00f6tila n. +20 astetta)<\/p>\n<p style=\"text-align: center\"><img loading=\"lazy\" decoding=\"async\" class=\"aligncenter size-large wp-image-160\" src=\"https:\/\/blog.edu.turku.fi\/lauste\/files\/2016\/12\/pihaa060504-400x300.jpg\" alt=\"pihaa060504\" width=\"400\" height=\"300\" srcset=\"https:\/\/blog.edu.turku.fi\/lauste\/files\/2016\/12\/pihaa060504.jpg 400w, https:\/\/blog.edu.turku.fi\/lauste\/files\/2016\/12\/pihaa060504-300x225.jpg 300w\" sizes=\"auto, (max-width: 400px) 85vw, 400px\" \/><br \/>\n<strong>KOULUN PIHA VUONNA 2004<\/strong><br \/>\nPiha 06.05.04 (l\u00e4mp\u00f6tila n. +22 astetta)<\/p>\n<p style=\"text-align: center\"><img loading=\"lazy\" decoding=\"async\" class=\"aligncenter size-large wp-image-153\" src=\"https:\/\/blog.edu.turku.fi\/lauste\/files\/2016\/12\/piha060502-320x240.jpg\" alt=\"piha060502\" width=\"320\" height=\"240\" srcset=\"https:\/\/blog.edu.turku.fi\/lauste\/files\/2016\/12\/piha060502.jpg 320w, https:\/\/blog.edu.turku.fi\/lauste\/files\/2016\/12\/piha060502-300x225.jpg 300w\" sizes=\"auto, (max-width: 320px) 85vw, 320px\" \/><br \/>\n<strong> KOULUN PIHA VUONNA 2002<\/strong><br \/>\nPiha 08.05.02 (l\u00e4mp\u00f6tila n. +16 astetta)<\/p>\n<p style=\"text-align: center\"><img loading=\"lazy\" decoding=\"async\" class=\"aligncenter size-large wp-image-158\" src=\"https:\/\/blog.edu.turku.fi\/lauste\/files\/2016\/12\/piha080500-320x240.jpg\" alt=\"piha080500\" width=\"320\" height=\"240\" srcset=\"https:\/\/blog.edu.turku.fi\/lauste\/files\/2016\/12\/piha080500.jpg 320w, https:\/\/blog.edu.turku.fi\/lauste\/files\/2016\/12\/piha080500-300x225.jpg 300w\" sizes=\"auto, (max-width: 320px) 85vw, 320px\" \/><br \/>\n<strong>KOULUN PIHA VUONNA 2000<\/strong><br \/>\nPiha 06.05.00 (l\u00e4mp\u00f6tila n. +14 astetta)<\/p>\n<p style=\"text-align: center\"><img loading=\"lazy\" decoding=\"async\" class=\"aligncenter size-large wp-image-151\" src=\"https:\/\/blog.edu.turku.fi\/lauste\/files\/2016\/12\/piha0505-320x240.jpg\" alt=\"piha0505\" width=\"320\" height=\"240\" srcset=\"https:\/\/blog.edu.turku.fi\/lauste\/files\/2016\/12\/piha0505.jpg 320w, https:\/\/blog.edu.turku.fi\/lauste\/files\/2016\/12\/piha0505-300x225.jpg 300w\" sizes=\"auto, (max-width: 320px) 85vw, 320px\" \/><br \/>\n<strong>KOULUN PIHA VUONNA 1998<\/strong><br \/>\nPiha 05.05.98 (l\u00e4mp\u00f6tila n. +12 astetta)<\/p>\n","protected":false},"excerpt":{"rendered":"<p>Onko ilmastonmuutos tosiasia my\u00f6s Lausteen koulun pihamaalla? T\u00e4n\u00e4\u00e4n 4.5. l\u00e4mp\u00f6tila oli kuvanottohetkell\u00e4 noin +18 astetta. Vertaile milt\u00e4 koulun piha n\u00e4ytti samoihin aikoihin vuosina 1998 &#8211; 2016. KOULUN PIHA VUONNA 2016 KOULUN PIHA VUONNA 2014 Piha 07.05.2014 (l\u00e4mp\u00f6tila +12 astetta) KOULUN PIHA VUONNA 2012 Piha 07.05.2012 (l\u00e4mp\u00f6tila +13 astetta) KOULUN PIHA VUONNA 2010 Piha 06.05.2010 (l\u00e4mp\u00f6tila &hellip; <a href=\"https:\/\/blog.edu.turku.fi\/lauste\/aikakone-4-5\/\" class=\"more-link\">Jatka lukemista<span class=\"screen-reader-text\"> &#8221;Aikakone: 4.5.&#8221;<\/span><\/a><\/p>\n","protected":false},"author":2095,"featured_media":0,"parent":0,"menu_order":0,"comment_status":"closed","ping_status":"closed","template":"","meta":{"footnotes":""},"class_list":["post-150","page","type-page","status-publish","hentry"],"_links":{"self":[{"href":"https:\/\/blog.edu.turku.fi\/lauste\/wp-json\/wp\/v2\/pages\/150","targetHints":{"allow":["GET"]}}],"collection":[{"href":"https:\/\/blog.edu.turku.fi\/lauste\/wp-json\/wp\/v2\/pages"}],"about":[{"href":"https:\/\/blog.edu.turku.fi\/lauste\/wp-json\/wp\/v2\/types\/page"}],"author":[{"embeddable":true,"href":"https:\/\/blog.edu.turku.fi\/lauste\/wp-json\/wp\/v2\/users\/2095"}],"replies":[{"embeddable":true,"href":"https:\/\/blog.edu.turku.fi\/lauste\/wp-json\/wp\/v2\/comments?post=150"}],"version-history":[{"count":2,"href":"https:\/\/blog.edu.turku.fi\/lauste\/wp-json\/wp\/v2\/pages\/150\/revisions"}],"predecessor-version":[{"id":238,"href":"https:\/\/blog.edu.turku.fi\/lauste\/wp-json\/wp\/v2\/pages\/150\/revisions\/238"}],"wp:attachment":[{"href":"https:\/\/blog.edu.turku.fi\/lauste\/wp-json\/wp\/v2\/media?parent=150"}],"curies":[{"name":"wp","href":"https:\/\/api.w.org\/{rel}","templated":true}]}}