{"id":135,"date":"2016-11-30T16:16:01","date_gmt":"2016-11-30T14:16:01","guid":{"rendered":"https:\/\/blog.edu.turku.fi\/lauste\/?page_id=135"},"modified":"2021-04-27T11:18:38","modified_gmt":"2021-04-27T08:18:38","slug":"aikakone-21-5","status":"publish","type":"page","link":"https:\/\/blog.edu.turku.fi\/lauste\/aikakone-21-5\/","title":{"rendered":"Aikakone: 21.5."},"content":{"rendered":"<p style=\"text-align: left\">Onko ilmastonmuutos tosiasia my\u00f6s Lausteen koulun pihamaalla?<\/p>\n<p style=\"text-align: left\">Vertaile milt\u00e4 koulun piha n\u00e4ytti samoihin aikoihin vuosina 1998 &#8211; 2016.<\/p>\n<p class=\"style1\" style=\"text-align: left\">Olemme kuvanneet vertailuissa my\u00f6s <a href=\"http:\/\/info.edu.turku.fi\/lauste\/news\/luonto\/indexpaju230516.html\">pajupensasta<\/a> koulun pihalla ja <a href=\"http:\/\/info.edu.turku.fi\/lauste\/news\/luonto\/indexkanto230516.html\">kantoa <\/a>metsik\u00f6ss\u00e4.<\/p>\n<h2 style=\"text-align: center\" align=\"center\"><span class=\"style1\">Tilanne n. 21. toukokuuta <\/span><\/h2>\n<p style=\"text-align: center\"><img loading=\"lazy\" decoding=\"async\" class=\"aligncenter size-large wp-image-112\" src=\"https:\/\/blog.edu.turku.fi\/lauste\/files\/2016\/11\/piha230516-700x446.jpg\" alt=\"piha230516\" width=\"700\" height=\"446\" srcset=\"https:\/\/blog.edu.turku.fi\/lauste\/files\/2016\/11\/piha230516.jpg 700w, https:\/\/blog.edu.turku.fi\/lauste\/files\/2016\/11\/piha230516-300x191.jpg 300w\" sizes=\"auto, (max-width: 700px) 85vw, 700px\" \/><\/p>\n<p style=\"text-align: center\"><b><span style=\"font-family: Arial,Helvetica\">KOULUN PIHA VUONNA 2016 <\/span><\/b><span style=\"font-family: Arial,Helvetica\">(<\/span><span style=\"font-family: Arial,Helvetica\"><br \/>\nPiha 23.05.16 (+21 astetta)<\/span><b><span style=\"font-family: Arial,Helvetica\"><br \/>\n<\/span><\/b><\/p>\n<p style=\"text-align: center\"><img loading=\"lazy\" decoding=\"async\" class=\"aligncenter size-large wp-image-111\" src=\"https:\/\/blog.edu.turku.fi\/lauste\/files\/2016\/11\/piha230514-700x382.jpg\" alt=\"piha230514\" width=\"700\" height=\"382\" srcset=\"https:\/\/blog.edu.turku.fi\/lauste\/files\/2016\/11\/piha230514.jpg 700w, https:\/\/blog.edu.turku.fi\/lauste\/files\/2016\/11\/piha230514-300x164.jpg 300w\" sizes=\"auto, (max-width: 700px) 85vw, 700px\" \/><\/p>\n<p style=\"text-align: center\"><strong>KOULUN PIHA VUONNA 2014<\/strong><br \/>\nPiha 23.05.14 (+25 astetta)<\/p>\n<p style=\"text-align: center\"><img loading=\"lazy\" decoding=\"async\" class=\"aligncenter size-large wp-image-109\" src=\"https:\/\/blog.edu.turku.fi\/lauste\/files\/2016\/11\/piha210512-700x525.jpg\" alt=\"piha210512\" width=\"700\" height=\"525\" srcset=\"https:\/\/blog.edu.turku.fi\/lauste\/files\/2016\/11\/piha210512.jpg 700w, https:\/\/blog.edu.turku.fi\/lauste\/files\/2016\/11\/piha210512-300x225.jpg 300w\" sizes=\"auto, (max-width: 700px) 85vw, 700px\" \/><\/p>\n<p style=\"text-align: center\"><strong>KOULUN PIHA VUONNA 2012<\/strong><br \/>\nPiha 21.05.12 (+23 astetta)<\/p>\n<p style=\"text-align: center\"><img loading=\"lazy\" decoding=\"async\" class=\"size-large wp-image-107\" src=\"https:\/\/blog.edu.turku.fi\/lauste\/files\/2016\/11\/piha200510-600x450.jpg\" alt=\"OLYMPUS DIGITAL CAMERA\" width=\"600\" height=\"450\" srcset=\"https:\/\/blog.edu.turku.fi\/lauste\/files\/2016\/11\/piha200510.jpg 600w, https:\/\/blog.edu.turku.fi\/lauste\/files\/2016\/11\/piha200510-300x225.jpg 300w\" sizes=\"auto, (max-width: 600px) 85vw, 600px\" \/><\/p>\n<p style=\"text-align: center\"><b><span style=\"font-family: Arial,Helvetica\">KOULUN PIHA VUONNA 2010<\/span><\/b><br \/>\nPiha 20.05.10 (+24 astetta)<\/p>\n<p style=\"text-align: center\"><img loading=\"lazy\" decoding=\"async\" class=\"size-large wp-image-108\" src=\"https:\/\/blog.edu.turku.fi\/lauste\/files\/2016\/11\/piha210508-600x450.jpg\" alt=\"OLYMPUS DIGITAL CAMERA\" width=\"600\" height=\"450\" srcset=\"https:\/\/blog.edu.turku.fi\/lauste\/files\/2016\/11\/piha210508.jpg 600w, https:\/\/blog.edu.turku.fi\/lauste\/files\/2016\/11\/piha210508-300x225.jpg 300w\" sizes=\"auto, (max-width: 600px) 85vw, 600px\" \/><\/p>\n<p style=\"text-align: center\"><b><span style=\"font-family: Arial,Helvetica\">KOULUN PIHA VUONNA 2008 <\/span><\/b><br \/>\nPiha 21.05.08<\/p>\n<p style=\"text-align: center\"><img loading=\"lazy\" decoding=\"async\" class=\"size-large wp-image-115 aligncenter\" src=\"https:\/\/blog.edu.turku.fi\/lauste\/files\/2016\/11\/pihaa190506-400x300.jpg\" alt=\"pihaa190506\" width=\"400\" height=\"300\" srcset=\"https:\/\/blog.edu.turku.fi\/lauste\/files\/2016\/11\/pihaa190506.jpg 400w, https:\/\/blog.edu.turku.fi\/lauste\/files\/2016\/11\/pihaa190506-300x225.jpg 300w\" sizes=\"auto, (max-width: 400px) 85vw, 400px\" \/><\/p>\n<p style=\"text-align: center\"><b><span style=\"font-family: Arial,Helvetica\">KOULUN PIHA VUONNA 2006<\/span><\/b><br \/>\nPiha 19.05.06<\/p>\n<p style=\"text-align: center\"><img loading=\"lazy\" decoding=\"async\" class=\"aligncenter size-large wp-image-114\" src=\"https:\/\/blog.edu.turku.fi\/lauste\/files\/2016\/11\/pihaa190504-400x300.jpg\" alt=\"pihaa190504\" width=\"400\" height=\"300\" srcset=\"https:\/\/blog.edu.turku.fi\/lauste\/files\/2016\/11\/pihaa190504.jpg 400w, https:\/\/blog.edu.turku.fi\/lauste\/files\/2016\/11\/pihaa190504-300x225.jpg 300w\" sizes=\"auto, (max-width: 400px) 85vw, 400px\" \/><\/p>\n<p style=\"text-align: center\"><strong>KOULUN PIHA VUONNA 2004<\/strong><br \/>\nPiha 20.05.04<\/p>\n<p style=\"text-align: center\"><img loading=\"lazy\" decoding=\"async\" class=\"aligncenter size-large wp-image-106\" src=\"https:\/\/blog.edu.turku.fi\/lauste\/files\/2016\/11\/piha200502-320x240.jpg\" alt=\"piha200502\" width=\"320\" height=\"240\" srcset=\"https:\/\/blog.edu.turku.fi\/lauste\/files\/2016\/11\/piha200502.jpg 320w, https:\/\/blog.edu.turku.fi\/lauste\/files\/2016\/11\/piha200502-300x225.jpg 300w\" sizes=\"auto, (max-width: 320px) 85vw, 320px\" \/><\/p>\n<p style=\"text-align: center\"><strong>KOULUN PIHA VUONNA 2002<\/strong><br \/>\nPiha 20.05.02<\/p>\n<p style=\"text-align: center\"><img loading=\"lazy\" decoding=\"async\" class=\"aligncenter size-large wp-image-110\" src=\"https:\/\/blog.edu.turku.fi\/lauste\/files\/2016\/11\/piha220500-320x240.jpg\" alt=\"piha220500\" width=\"320\" height=\"240\" srcset=\"https:\/\/blog.edu.turku.fi\/lauste\/files\/2016\/11\/piha220500.jpg 320w, https:\/\/blog.edu.turku.fi\/lauste\/files\/2016\/11\/piha220500-300x225.jpg 300w\" sizes=\"auto, (max-width: 320px) 85vw, 320px\" \/><b> KOULUN PIHA VUONNA 2000<br \/>\n<\/b>Piha 22.05.00<b> <\/b><\/p>\n<p style=\"text-align: center\"><img loading=\"lazy\" decoding=\"async\" class=\"aligncenter size-large wp-image-113\" src=\"https:\/\/blog.edu.turku.fi\/lauste\/files\/2016\/11\/pihaa2005-320x240.jpg\" alt=\"pihaa2005\" width=\"320\" height=\"240\" srcset=\"https:\/\/blog.edu.turku.fi\/lauste\/files\/2016\/11\/pihaa2005.jpg 320w, https:\/\/blog.edu.turku.fi\/lauste\/files\/2016\/11\/pihaa2005-300x225.jpg 300w\" sizes=\"auto, (max-width: 320px) 85vw, 320px\" \/><\/p>\n<p style=\"text-align: center\"><strong>KOULUN PIHA VUONNA 1998<\/strong><br \/>\nPiha 20.05.98<\/p>\n<p style=\"text-align: center\">\n","protected":false},"excerpt":{"rendered":"<p>Onko ilmastonmuutos tosiasia my\u00f6s Lausteen koulun pihamaalla? Vertaile milt\u00e4 koulun piha n\u00e4ytti samoihin aikoihin vuosina 1998 &#8211; 2016. Olemme kuvanneet vertailuissa my\u00f6s pajupensasta koulun pihalla ja kantoa metsik\u00f6ss\u00e4. Tilanne n. 21. toukokuuta KOULUN PIHA VUONNA 2016 ( Piha 23.05.16 (+21 astetta) KOULUN PIHA VUONNA 2014 Piha 23.05.14 (+25 astetta) KOULUN PIHA VUONNA 2012 Piha 21.05.12 &hellip; <a href=\"https:\/\/blog.edu.turku.fi\/lauste\/aikakone-21-5\/\" class=\"more-link\">Jatka lukemista<span class=\"screen-reader-text\"> &#8221;Aikakone: 21.5.&#8221;<\/span><\/a><\/p>\n","protected":false},"author":2095,"featured_media":0,"parent":0,"menu_order":0,"comment_status":"closed","ping_status":"closed","template":"","meta":{"footnotes":""},"class_list":["post-135","page","type-page","status-publish","hentry"],"_links":{"self":[{"href":"https:\/\/blog.edu.turku.fi\/lauste\/wp-json\/wp\/v2\/pages\/135","targetHints":{"allow":["GET"]}}],"collection":[{"href":"https:\/\/blog.edu.turku.fi\/lauste\/wp-json\/wp\/v2\/pages"}],"about":[{"href":"https:\/\/blog.edu.turku.fi\/lauste\/wp-json\/wp\/v2\/types\/page"}],"author":[{"embeddable":true,"href":"https:\/\/blog.edu.turku.fi\/lauste\/wp-json\/wp\/v2\/users\/2095"}],"replies":[{"embeddable":true,"href":"https:\/\/blog.edu.turku.fi\/lauste\/wp-json\/wp\/v2\/comments?post=135"}],"version-history":[{"count":6,"href":"https:\/\/blog.edu.turku.fi\/lauste\/wp-json\/wp\/v2\/pages\/135\/revisions"}],"predecessor-version":[{"id":322,"href":"https:\/\/blog.edu.turku.fi\/lauste\/wp-json\/wp\/v2\/pages\/135\/revisions\/322"}],"wp:attachment":[{"href":"https:\/\/blog.edu.turku.fi\/lauste\/wp-json\/wp\/v2\/media?parent=135"}],"curies":[{"name":"wp","href":"https:\/\/api.w.org\/{rel}","templated":true}]}}