{"id":13,"date":"2016-11-29T15:46:37","date_gmt":"2016-11-29T13:46:37","guid":{"rendered":"https:\/\/blog.edu.turku.fi\/lauste\/?page_id=13"},"modified":"2026-02-24T10:42:36","modified_gmt":"2026-02-24T08:42:36","slug":"opettajat","status":"publish","type":"page","link":"https:\/\/blog.edu.turku.fi\/lauste\/opettajat\/","title":{"rendered":"Opettajat lv. 25-26"},"content":{"rendered":"<p style=\"text-align: left\">Rehtori: <strong>Marjaana Yl\u00f6nen <\/strong>puh. 040 5931 649<\/p>\n<p>Vararehtori: <strong>Mona Kauppinen<\/strong> puh. 044 907 2031<br \/>\nHelena Tojander, virkavapaalla<\/p>\n<p>&nbsp;<\/p>\n<p><strong>1a Heidi Gr\u00f6nqvist<\/strong> puh. 040 1861347 heidi.m.gronqvist(at)edu.turku.fi<\/p>\n<p><strong>1b Olivia Muhonen <\/strong>puh.\u00a0 040 184 9423<\/p>\n<p><strong>1c Tuulia Niemi<\/strong> puh. 040 765 9546<\/p>\n<p><strong>2a Henna Sundell<\/strong> puh. 040 480 3159<\/p>\n<p><strong>2b Mervi Uusitalo-Heikkinen <\/strong>puh. 040 4803 981<\/p>\n<p><strong>2c Mona Kauppinen <\/strong>puh. 044 907 2031<\/p>\n<p><strong>3a Inkeri Kajala<\/strong> puh. 040 4824 536<\/p>\n<p><strong>3b Susanna M\u00e4kel\u00e4<\/strong> puh. 040 1679 293<\/p>\n<p><strong>3c Katja Rautee <\/strong>puh. <span data-olk-copy-source=\"MessageBody\">040 4803 794<\/span><\/p>\n<p><strong>4a Janne Laitinen <\/strong>puh. 040 4826 645 janne.a.laitinen(at)edu.turku.fi<\/p>\n<p><strong>4b Aleksi Vuorinen <\/strong>puh. 040 4802 074<\/p>\n<p><strong>4c<\/strong> <strong>Mari Toivio <\/strong>puh. 040 4849 056<\/p>\n<p><strong>5a Valpuri Martinvuo <\/strong>puh. 040 1996 131<\/p>\n<p><strong>5b Mikael Alakruuvi <\/strong>puh. 040 4867 274<strong><br \/>\n<\/strong><\/p>\n<p><strong>5c Mari Toivio <\/strong>puh. 040 4849 056<\/p>\n<p><strong>6a Saara Rinne-Kaunisto <\/strong>puh. 040 6215 593<\/p>\n<p><strong>6b Sini Mulari <\/strong>puh. 040 1689 702<strong><br \/>\n<\/strong><\/p>\n<p>&nbsp;<\/p>\n<p>&nbsp;<\/p>\n<p>erityisopettaja: <strong>Marika Vesalainen<\/strong>\u00a0puh. 040 5698 527<\/p>\n<p>erityisopettaja: <strong>Sini-Tuuli M\u00e4kinen <\/strong>puh. 040 358 9168<strong><br \/>\n<\/strong><\/p>\n<p>resurssiopettaja: <strong>Aino-Lotta Ekholm\u00a0<\/strong>puh. 044 9023 842<\/p>\n<p>suomen kielen opetus: <strong>Vuokko Kilpi<\/strong> puh. 040 1418 056<\/p>\n<p>valmistava opetus (valmo):<strong> Maikki Lepist\u00f6<\/strong> puh. 040 1831 544<\/p>\n<p>vieraskielisten kielellisesti tuettu opetus (kietu):<strong> Heli Vigren<\/strong> puh. 040 1418 291<\/p>\n<p>&nbsp;<\/p>\n<p>albanian kielen omakielinen opettaja: <strong>Bujar Berisha<\/strong><\/p>\n<p>arabian kielen omakielinen opettaja: <b>Leena<\/b><strong>\u00a0al Salih<br \/>\n<\/strong><\/p>\n<p>islamin uskonnon opettaja: <strong>Pirjo Jansson<br \/>\n<\/strong><\/p>\n<p>kurdin kielen omakielinen opettaja: <strong>Avin Mohammed Ahmed<\/strong><\/p>\n<p>somalin kielen omakielinen opettaja: <b>Adan Gadid Muhamed<\/b><\/p>\n<p>vietnamin kielen omakielinen opettaja:\u00a0<b>Theresa Hoang<\/b><\/p>\n<p>&nbsp;<\/p>\n<p>Huom! S\u00e4hk\u00f6postiosoitteet periaatteella: etunimi.sukunimi@edu.turku.fi<br \/>\n(\u00e5=a \u00f6=o \u00f8=o)<\/p>\n","protected":false},"excerpt":{"rendered":"<p>Rehtori: Marjaana Yl\u00f6nen puh. 040 5931 649 Vararehtori: Mona Kauppinen puh. 044 907 2031 Helena Tojander, virkavapaalla &nbsp; 1a Heidi Gr\u00f6nqvist puh. 040 1861347 heidi.m.gronqvist(at)edu.turku.fi 1b Olivia Muhonen puh.\u00a0 040 184 9423 1c Tuulia Niemi puh. 040 765 9546 2a Henna Sundell puh. 040 480 3159 2b Mervi Uusitalo-Heikkinen puh. 040 4803 981 2c Mona &hellip; <a href=\"https:\/\/blog.edu.turku.fi\/lauste\/opettajat\/\" class=\"more-link\">Jatka lukemista<span class=\"screen-reader-text\"> &#8221;Opettajat lv. 25-26&#8221;<\/span><\/a><\/p>\n","protected":false},"author":2297,"featured_media":0,"parent":0,"menu_order":0,"comment_status":"closed","ping_status":"closed","template":"","meta":{"footnotes":""},"class_list":["post-13","page","type-page","status-publish","hentry"],"_links":{"self":[{"href":"https:\/\/blog.edu.turku.fi\/lauste\/wp-json\/wp\/v2\/pages\/13","targetHints":{"allow":["GET"]}}],"collection":[{"href":"https:\/\/blog.edu.turku.fi\/lauste\/wp-json\/wp\/v2\/pages"}],"about":[{"href":"https:\/\/blog.edu.turku.fi\/lauste\/wp-json\/wp\/v2\/types\/page"}],"author":[{"embeddable":true,"href":"https:\/\/blog.edu.turku.fi\/lauste\/wp-json\/wp\/v2\/users\/2297"}],"replies":[{"embeddable":true,"href":"https:\/\/blog.edu.turku.fi\/lauste\/wp-json\/wp\/v2\/comments?post=13"}],"version-history":[{"count":95,"href":"https:\/\/blog.edu.turku.fi\/lauste\/wp-json\/wp\/v2\/pages\/13\/revisions"}],"predecessor-version":[{"id":1253,"href":"https:\/\/blog.edu.turku.fi\/lauste\/wp-json\/wp\/v2\/pages\/13\/revisions\/1253"}],"wp:attachment":[{"href":"https:\/\/blog.edu.turku.fi\/lauste\/wp-json\/wp\/v2\/media?parent=13"}],"curies":[{"name":"wp","href":"https:\/\/api.w.org\/{rel}","templated":true}]}}