{"id":11,"date":"2016-11-29T15:43:59","date_gmt":"2016-11-29T13:43:59","guid":{"rendered":"https:\/\/blog.edu.turku.fi\/lauste\/?page_id=11"},"modified":"2025-10-23T13:15:05","modified_gmt":"2025-10-23T10:15:05","slug":"yhteystiedot","status":"publish","type":"page","link":"https:\/\/blog.edu.turku.fi\/lauste\/yhteystiedot\/","title":{"rendered":"Yhteystiedot"},"content":{"rendered":"<p><strong>Lausteen koulu<\/strong><br \/>\nRaadinkatu 7<br \/>\n20750 TURKU<\/p>\n<p><strong>Rehtori Marjaana Yl\u00f6nen puh. 040 5931 649<\/strong><br \/>\nmarjaana.ylonen(at)edu.turku.fi<\/p>\n<p><strong>Vararehtori<\/strong>:<br \/>\nMona Kauppinen puh. 044 907 2031<br \/>\nHelena Tojander, virkavapaalla<\/p>\n<p><strong>Terveydenhoitaja:<\/strong><br \/>\n044 712 4090<\/p>\n<p><strong>Keitti\u00f6:<\/strong><br \/>\n040 6610 726<\/p>\n<p><strong>Iltap\u00e4iv\u00e4toiminta:<\/strong><br \/>\n044 907 2968<\/p>\n<p><strong>Lausteen koulun esiopetus:<\/strong><br \/>\n040 482 8409<\/p>\n","protected":false},"excerpt":{"rendered":"<p>Lausteen koulu Raadinkatu 7 20750 TURKU Rehtori Marjaana Yl\u00f6nen puh. 040 5931 649 marjaana.ylonen(at)edu.turku.fi Vararehtori: Mona Kauppinen puh. 044 907 2031 Helena Tojander, virkavapaalla Terveydenhoitaja: 044 712 4090 Keitti\u00f6: 040 6610 726 Iltap\u00e4iv\u00e4toiminta: 044 907 2968 Lausteen koulun esiopetus: 040 482 8409<\/p>\n","protected":false},"author":2297,"featured_media":0,"parent":0,"menu_order":0,"comment_status":"closed","ping_status":"closed","template":"","meta":{"footnotes":""},"class_list":["post-11","page","type-page","status-publish","hentry"],"_links":{"self":[{"href":"https:\/\/blog.edu.turku.fi\/lauste\/wp-json\/wp\/v2\/pages\/11","targetHints":{"allow":["GET"]}}],"collection":[{"href":"https:\/\/blog.edu.turku.fi\/lauste\/wp-json\/wp\/v2\/pages"}],"about":[{"href":"https:\/\/blog.edu.turku.fi\/lauste\/wp-json\/wp\/v2\/types\/page"}],"author":[{"embeddable":true,"href":"https:\/\/blog.edu.turku.fi\/lauste\/wp-json\/wp\/v2\/users\/2297"}],"replies":[{"embeddable":true,"href":"https:\/\/blog.edu.turku.fi\/lauste\/wp-json\/wp\/v2\/comments?post=11"}],"version-history":[{"count":23,"href":"https:\/\/blog.edu.turku.fi\/lauste\/wp-json\/wp\/v2\/pages\/11\/revisions"}],"predecessor-version":[{"id":1242,"href":"https:\/\/blog.edu.turku.fi\/lauste\/wp-json\/wp\/v2\/pages\/11\/revisions\/1242"}],"wp:attachment":[{"href":"https:\/\/blog.edu.turku.fi\/lauste\/wp-json\/wp\/v2\/media?parent=11"}],"curies":[{"name":"wp","href":"https:\/\/api.w.org\/{rel}","templated":true}]}}