{"id":1086,"date":"2023-09-25T08:27:42","date_gmt":"2023-09-25T05:27:42","guid":{"rendered":"https:\/\/blog.edu.turku.fi\/lauste\/?page_id=1086"},"modified":"2023-09-25T08:27:42","modified_gmt":"2023-09-25T05:27:42","slug":"prokoulu","status":"publish","type":"page","link":"https:\/\/blog.edu.turku.fi\/lauste\/prokoulu\/","title":{"rendered":"ProKoulu"},"content":{"rendered":"<div class=\"entry-content\">\n<p><img loading=\"lazy\" decoding=\"async\" class=\"size-medium wp-image-1081 aligncenter\" src=\"https:\/\/blog.edu.turku.fi\/lauste\/files\/2023\/09\/ProKoulu-logo-RGB-768x206-1-300x80.jpg\" alt=\"\" width=\"300\" height=\"80\" srcset=\"https:\/\/blog.edu.turku.fi\/lauste\/files\/2023\/09\/ProKoulu-logo-RGB-768x206-1-300x80.jpg 300w, https:\/\/blog.edu.turku.fi\/lauste\/files\/2023\/09\/ProKoulu-logo-RGB-768x206-1.jpg 768w\" sizes=\"auto, (max-width: 300px) 85vw, 300px\" \/><\/p>\n<p>Lausteen koulu on l\u00e4htenyt mukaan ProKoulu (=Positiivisesti Ryhm\u00e4ss\u00e4 Oppiva Koulu) toimintaan.<\/p>\n<p>ProKoulu on tutkimustietoon perustuva toiminatamalli, jossa kehitet\u00e4\u00e4n koulun toimintakulttuuria, opettajien kasvatusosaamista ja kaikkien oppilaiden k\u00e4ytt\u00e4ytymisen oppimista positiivisesti ohjaamalla ja kannustamalla.<\/p>\n<p>ProKoulun tavoitteena on lis\u00e4t\u00e4 my\u00f6nteist\u00e4 k\u00e4ytt\u00e4ytymist\u00e4, turvallisuutta ja viihtyvyytt\u00e4 koulussa sek\u00e4 parantaa koulun ilmapiiri\u00e4 ja samalla tukea oppimista ty\u00f6rauhaa edist\u00e4m\u00e4ll\u00e4.<\/p>\n<p>Lis\u00e4\u00e4 tietoa ProKoulun nettisivuilta: <a href=\"http:\/\/www.prokoulu.fi\/\">http:\/\/www.prokoulu.fi\/<\/a><\/p>\n<\/div>\n","protected":false},"excerpt":{"rendered":"<p>Lausteen koulu on l\u00e4htenyt mukaan ProKoulu (=Positiivisesti Ryhm\u00e4ss\u00e4 Oppiva Koulu) toimintaan. ProKoulu on tutkimustietoon perustuva toiminatamalli, jossa kehitet\u00e4\u00e4n koulun toimintakulttuuria, opettajien kasvatusosaamista ja kaikkien oppilaiden k\u00e4ytt\u00e4ytymisen oppimista positiivisesti ohjaamalla ja kannustamalla. ProKoulun tavoitteena on lis\u00e4t\u00e4 my\u00f6nteist\u00e4 k\u00e4ytt\u00e4ytymist\u00e4, turvallisuutta ja viihtyvyytt\u00e4 koulussa sek\u00e4 parantaa koulun ilmapiiri\u00e4 ja samalla tukea oppimista ty\u00f6rauhaa edist\u00e4m\u00e4ll\u00e4. Lis\u00e4\u00e4 tietoa ProKoulun nettisivuilta: &hellip; <a href=\"https:\/\/blog.edu.turku.fi\/lauste\/prokoulu\/\" class=\"more-link\">Jatka lukemista<span class=\"screen-reader-text\"> &#8221;ProKoulu&#8221;<\/span><\/a><\/p>\n","protected":false},"author":3191,"featured_media":0,"parent":0,"menu_order":0,"comment_status":"closed","ping_status":"closed","template":"","meta":{"footnotes":""},"class_list":["post-1086","page","type-page","status-publish","hentry"],"_links":{"self":[{"href":"https:\/\/blog.edu.turku.fi\/lauste\/wp-json\/wp\/v2\/pages\/1086","targetHints":{"allow":["GET"]}}],"collection":[{"href":"https:\/\/blog.edu.turku.fi\/lauste\/wp-json\/wp\/v2\/pages"}],"about":[{"href":"https:\/\/blog.edu.turku.fi\/lauste\/wp-json\/wp\/v2\/types\/page"}],"author":[{"embeddable":true,"href":"https:\/\/blog.edu.turku.fi\/lauste\/wp-json\/wp\/v2\/users\/3191"}],"replies":[{"embeddable":true,"href":"https:\/\/blog.edu.turku.fi\/lauste\/wp-json\/wp\/v2\/comments?post=1086"}],"version-history":[{"count":1,"href":"https:\/\/blog.edu.turku.fi\/lauste\/wp-json\/wp\/v2\/pages\/1086\/revisions"}],"predecessor-version":[{"id":1087,"href":"https:\/\/blog.edu.turku.fi\/lauste\/wp-json\/wp\/v2\/pages\/1086\/revisions\/1087"}],"wp:attachment":[{"href":"https:\/\/blog.edu.turku.fi\/lauste\/wp-json\/wp\/v2\/media?parent=1086"}],"curies":[{"name":"wp","href":"https:\/\/api.w.org\/{rel}","templated":true}]}}