{"id":30,"date":"2012-03-12T12:56:05","date_gmt":"2012-03-12T12:56:05","guid":{"rendered":"https:\/\/blog.edu.turku.fi\/lastenparlamentti\/?page_id=30"},"modified":"2026-01-16T08:40:18","modified_gmt":"2026-01-16T08:40:18","slug":"suurkokousten-esityslistat","status":"publish","type":"page","link":"https:\/\/blog.edu.turku.fi\/lastenparlamentti\/suurkokousten-esityslistat\/","title":{"rendered":"Suurkokousten esityslistat"},"content":{"rendered":"<p style=\"text-align: left\">Turun lasten parlamentin suurkokouksissa on kahden oppilaan edustus jokaisesta turkulaisesta alakoulusta. Lis\u00e4ksi kev\u00e4\u00e4n j\u00e4rjest\u00e4ytymiskokoukseen on voinut osallistua Turun lasten parlamentin hallitukseen pyrkivi\u00e4 oppilasehdokkaita ilman \u00e4\u00e4nioikeutta.<\/p>\n<p style=\"text-align: left\">Suurkokousten osallistujam\u00e4\u00e4r\u00e4 on noin 50 oppilasta.<\/p>\n<p><strong>2025<\/strong><\/p>\n<p>Turun Lasten Parlamentin suurkokous on Turun ty\u00f6v\u00e4enopistossa<\/p>\n<p>tiistaina 18.11.2025 klo 9.00-11.00.<\/p>\n<p><a href=\"https:\/\/blog.edu.turku.fi\/lastenparlamentti\/files\/2026\/01\/esityslista_suurkokous18.11.2025.docx\" target=\"_blank\" rel=\"noopener\">18.11. esityslista<\/a><\/p>\n<p>&nbsp;<\/p>\n<p>Turun Lasten Parlamentin j\u00e4rjest\u00e4ytymiskokous on Turun ty\u00f6v\u00e4enopistossa<\/p>\n<p>keskiviikkona 9.4.2025 klo 9.00-11.00.<\/p>\n<p><a href=\"https:\/\/blog.edu.turku.fi\/lastenparlamentti\/files\/2025\/05\/9.4.-esityslista.pdf\">9.4. esityslista<\/a><\/p>\n<p>&nbsp;<\/p>\n<p><strong>2024<\/strong><\/p>\n<p>Turun Lasten Parlamentin suurkokous on Turun kaupungintalon valtuustosalissa<\/p>\n<p>keskiviikkona 27.11.2024 klo 9.00-11.00.<\/p>\n<p><a href=\"https:\/\/blog.edu.turku.fi\/lastenparlamentti\/files\/2025\/02\/27.11.2024-esityslista.pdf\">27.11.2024 esityslista<\/a><\/p>\n<p>&nbsp;<\/p>\n<p>Turun Lasten Parlamentin suurkokous on Turun kaupungintalon valtuustosalissa<\/p>\n<p>torstaina 11.4.2024 klo 9.00-11.00.<\/p>\n<p><a href=\"https:\/\/blog.edu.turku.fi\/lastenparlamentti\/files\/2024\/03\/Esityslista-11.4.2024.pdf\">Esityslista 11.4.2024<\/a><\/p>\n<p><strong>2023<\/strong><\/p>\n<p>Turun Lasten Parlamentin suurkokous on Turun kaupungintalon valtuustosalissa<\/p>\n<p>torstaina 16.11.23 klo 9.00-11.00.<\/p>\n<p><a href=\"https:\/\/blog.edu.turku.fi\/lastenparlamentti\/files\/2023\/11\/Turun-Lasten-Parlamenti-Suurkokouksen-esityslista-16.11.2023.pdf\">Turun Lasten Parlamenti Suurkokouksen esityslista 16.11.2023<\/a><\/p>\n<p><strong>2022<\/strong><\/p>\n<p>Turun Lasten Parlamentin suurkokous on Turun kaupungintalon valtuustosalissa<\/p>\n<p>torstaina 17.11.22 klo 9.00-11.00.<\/p>\n<p>&nbsp;<\/p>\n<p><strong>(2021)<\/strong><\/p>\n<p>Turun Lasten Parlamentin suurkokous j\u00e4rjesttiin Teams-yhteydell\u00e4 28.1.22 klo 9.00-11.00.<\/p>\n<p>&nbsp;<\/p>\n<p><strong>2020<\/strong><\/p>\n<p><a href=\"https:\/\/blog.edu.turku.fi\/lastenparlamentti\/files\/2020\/05\/Juhlaseminaarin-ohjelma.docx\">Juhlaseminaarin ohjelma 2020<\/a><\/p>\n<p>&nbsp;<\/p>\n<p><b>2019<\/b><\/p>\n<p>Turun Lasten Parlamentin valtuustosalikokous Turun kaupungintalon valtuustosalissa torstaina 25.4.2019 klo 9.00 &#8211; 11.30.<\/p>\n<p><a href=\"https:\/\/blog.edu.turku.fi\/lastenparlamentti\/files\/2019\/04\/Esityslista_25.4.2019.pdf\">Valtuustosalikokouksen 25.4.2019 esityslista<\/a><\/p>\n<p>&nbsp;<\/p>\n<p>Turun Lasten Parlamentin suurkokous 27.3.2019 Turun ty\u00f6v\u00e4enopistolla, Kaskenkatu 5.<\/p>\n<p><a href=\"https:\/\/blog.edu.turku.fi\/lastenparlamentti\/files\/2019\/02\/Esityslista_27.3.2019_TLP.pdf\">Suurkokouksen 27.3.2019 esityslista<\/a><\/p>\n<p>&nbsp;<\/p>\n<p><strong>2018<\/strong><\/p>\n<p>Turun Lasten Parlamentin suurkokous Ruissalon Marjaniemess\u00e4<\/p>\n<p>Oppilaskunnan oppilasedustajien ja oppilaskunnan ohjaajien yhteisen verkostoitumisp\u00e4iv\u00e4n ohjelma<\/p>\n<p><a href=\"https:\/\/blog.edu.turku.fi\/lastenparlamentti\/files\/2018\/10\/Osallistuva-koulu.pdf\">Osallistuva koulu 4.10.2018 -ohjelm<\/a><\/p>\n<p>&nbsp;<\/p>\n<p>Valtuustosalikokous 19.4.2018<\/p>\n<p><a href=\"https:\/\/blog.edu.turku.fi\/lastenparlamentti\/suurkokousten-esityslistat\/esityslista-19-4-2018\/\" rel=\"attachment wp-att-1966\">Esityslista 19.4.2018<\/a><\/p>\n<p>&nbsp;<\/p>\n<p>J\u00e4rjest\u00e4ytymiskokous 13.3.2018<\/p>\n<p>&nbsp;<\/p>\n<p><a href=\"https:\/\/blog.edu.turku.fi\/lastenparlamentti\/suurkokousten-esityslistat\/esityslista-13-3-2018\/\" rel=\"attachment wp-att-1910\">Esityslista 13.3.2018<\/a><\/p>\n<p>&nbsp;<\/p>\n<p><strong>2017<\/strong><\/p>\n<p>Lasten oikeudet 100 -vuotiaassa Suomessa (suurkokous) Vimman juhlasalissa 21.11.2017<\/p>\n<p><a href=\"https:\/\/blog.edu.turku.fi\/lastenparlamentti\/2017\/11\/19\/lasten-oikeuksien-juhla\/suomi-100\/\" rel=\"attachment wp-att-1861\"><img loading=\"lazy\" decoding=\"async\" class=\"alignleft wp-image-1861\" src=\"https:\/\/blog.edu.turku.fi\/lastenparlamentti\/files\/2017\/11\/Suomi-100-300x169.png\" alt=\"\" width=\"167\" height=\"94\" \/><br \/>\n<\/a><\/p>\n<p>&nbsp;<\/p>\n<p>&nbsp;<\/p>\n<p><a href=\"https:\/\/blog.edu.turku.fi\/lastenparlamentti\/suurkokousten-esityslistat\/juhlaseminaarin-ohjelma-suomi100\/\" rel=\"attachment wp-att-1866\">Juhlaseminaarin ohjelma SUOMI100<\/a><\/p>\n<p>&nbsp;<\/p>\n<p><strong>Turun Lasten Parlamentin suurkokous Turun kaupungintalon valtuustosalissa<\/strong><\/p>\n<p><strong><a href=\"https:\/\/blog.edu.turku.fi\/lastenparlamentti\/suurkokousten-esityslistat\/valtuustosalikokouksen-27-4-2017-esityslista\/\" rel=\"attachment wp-att-1686\">Valtuustosalikokouksen esityslista<\/a><\/strong><\/p>\n<p>&nbsp;<\/p>\n<p><strong>Turun Lasten Parlamentin suurkokous ( j\u00e4rjest\u00e4ytymiskokous ) Puutarhakadun auditoriossa 30.3.2017 <\/strong><\/p>\n<p><strong><a href=\"https:\/\/blog.edu.turku.fi\/lastenparlamentti\/2017\/03\/26\/jarjestaytymiskokous-30-3-2017\/jarjestaytymiskokouksen-esityslista-30-3-2017\/\" rel=\"attachment wp-att-1659\">J\u00e4rjest\u00e4ytymiskokouksen esityslista 30.3.2017<\/a><\/strong><\/p>\n<p>&nbsp;<\/p>\n<p><strong>2016<\/strong><\/p>\n<p><strong><b>Turun Lasten Parlamentin suurkokous Turun kaupungintalon valtuustosalissa<\/b><\/strong><\/p>\n<p><strong><a href=\"https:\/\/blog.edu.turku.fi\/lastenparlamentti\/suurkokousten-esityslistat\/tlpn-valtuustosalikokous-14-4-2016\/\" rel=\"attachment wp-att-1445\">TLPn valtuustosalikokous 14.4.2016<\/a><\/strong><\/p>\n<p>&nbsp;<\/p>\n<p><strong>Turun Lasten Parlamentin suurkokous ( j\u00e4rjest\u00e4ytymiskokous ) Puutarhakadun auditoriossa 15.3.2016 <\/strong><\/p>\n<p><strong><a href=\"https:\/\/blog.edu.turku.fi\/lastenparlamentti\/suurkokousten-esityslistat\/esityslista-15032016\/\" rel=\"attachment wp-att-1374\">Esityslista 15032016<\/a><\/strong><\/p>\n<p>&nbsp;<\/p>\n<p><strong>2015<\/strong><\/p>\n<p><strong>Turun Lasten Parlamentin suurkokous Turun kaupungintalon valtuustosalissa<\/strong><\/p>\n<p><strong><a href=\"https:\/\/blog.edu.turku.fi\/lastenparlamentti\/suurkokousten-esityslistat\/valtuustosalikokous-2015-2\/\" rel=\"attachment wp-att-1421\">Valtuustosalikokous 2015<\/a><\/strong><\/p>\n<p>&nbsp;<\/p>\n<p><strong>Turun Lasten Parlamentin suurkokous keskiviikkona 11.3.2015 Puutarhakadun auditoriossa<\/strong><\/p>\n<p><strong><a href=\"https:\/\/blog.edu.turku.fi\/lastenparlamentti\/files\/2012\/03\/Suurkokouksen-esityslista-11.3.2015.docx\">Suurkokouksen esityslista 11.3.2015<\/a><\/strong><\/p>\n<p>&nbsp;<\/p>\n<p><strong>2014<\/strong><\/p>\n<p><b>Turun Lasten Parlamentin suurkokous Turun kaupungintalon valtuustosalissa<\/b><\/p>\n<p><strong><a href=\"https:\/\/blog.edu.turku.fi\/lastenparlamentti\/suurkokousten-esityslistat\/valtuustosalikokous-2014-2\/\" rel=\"attachment wp-att-1422\">Valtuustosalikokous 2014<\/a><\/strong><\/p>\n<p>&nbsp;<\/p>\n<p><strong>Turun Lasten Parlamentin j\u00e4rjest\u00e4ytymiskokous pidet\u00e4\u00e4n Turun Ty\u00f6v\u00e4enopistolla ti 4.3.2014<\/strong><\/p>\n<p><strong><a href=\"https:\/\/blog.edu.turku.fi\/lastenparlamentti\/files\/2012\/03\/Esityslista_04032014.docx\">Esityslista_04032014<\/a><\/strong><\/p>\n<p>&nbsp;<\/p>\n<p><strong>2013<\/strong><\/p>\n<p><b>Turun Lasten Parlamentin suurkokous Turun kaupungintalon valtuustosalissa<\/b><\/p>\n<p><strong><a href=\"https:\/\/blog.edu.turku.fi\/lastenparlamentti\/suurkokousten-esityslistat\/valtuustosalikokous-2013-2\/\" rel=\"attachment wp-att-1425\">Valtuustosalikokous 2013<\/a><\/strong><\/p>\n<p>&nbsp;<\/p>\n<p><b>Turun Lasten Parlamentin\u00a0suurkokous\u00a0<i> \/ Lasten oikeuksien p\u00e4iv\u00e4n Juhlaseminaari 20.11.2013<\/i><\/b><\/p>\n<p>Syksyll\u00e4 marraskuussa j\u00e4rjestettiinn suurkokous juhlaseminaarina, jonka aiheena oli &#8221;Lasten oikeudet&#8221;.<\/p>\n<p><strong><a href=\"https:\/\/blog.edu.turku.fi\/lastenparlamentti\/files\/2012\/03\/Juhlaseminaarin-ohjelma.docx\">Juhlaseminaarin ohjelma<\/a>\u00a0ja <a href=\"https:\/\/blog.edu.turku.fi\/lastenparlamentti\/files\/2012\/03\/Juliste-20112013.docx\">Juliste 20112013<\/a><\/strong><\/p>\n<p>&nbsp;<\/p>\n<p><b>Osallistuva oppilas -seminaari Turun ty\u00f6v\u00e4enopiston auditoriossa 11.3.2013<\/b><\/p>\n<p><strong><a href=\"https:\/\/blog.edu.turku.fi\/lastenparlamentti\/suurkokousten-esityslistat\/esityslista-11-3-2013-turun-lasten-parlamentti-jarjestaytymiskokous\/\" rel=\"attachment wp-att-516\">Esityslista 11.3.2013 Turun Lasten Parlamentti ( j\u00e4rjest\u00e4ytymiskokous )<\/a><\/strong><\/p>\n<p><strong><a href=\"https:\/\/blog.edu.turku.fi\/lastenparlamentti\/suurkokousten-esityslistat\/seminaarin-ohjelma-11-3-2013\/\" rel=\"attachment wp-att-636\">Seminaarin ohjelma 11.3.2013<\/a><\/strong><\/p>\n<p>&nbsp;<\/p>\n<p><strong><em>Turun Lasten Parlamentin alueelliset oppilaskuntakokoukset<\/em><\/strong><\/p>\n<p>Kokoukset pidettiin alueellisten koordinaattoreiden toimesta kouluilla.<\/p>\n<p><strong>\u00a0<\/strong><\/p>\n<p><strong>2012<\/strong><\/p>\n<p><b>Turun Lasten Parlamentin suurkokous Turun kaupungintalon valtuustosalissa<\/b><\/p>\n<p><strong><a href=\"https:\/\/blog.edu.turku.fi\/lastenparlamentti\/suurkokousten-esityslistat\/valtuustosalikokous-2012\/\" rel=\"attachment wp-att-1426\">Valtuustosalikokous 2012<\/a><\/strong><\/p>\n<p>&nbsp;<\/p>\n<p><b>Turun Lasten Parlamentin suurkokous Turun ty\u00f6v\u00e4enopiston auditoriossa<\/b><\/p>\n<p><strong><a href=\"https:\/\/blog.edu.turku.fi\/lastenparlamentti\/files\/2012\/03\/TURUN-LASTEN-PARLAMENTTIesityslista1.pdf\">Esityslista 5.3.2012 Turun Lasten Parlamentti<\/a>\u00a0<\/strong>( j\u00e4rjest\u00e4ytymiskokous )<\/p>\n<p>&nbsp;<\/p>\n<p><strong>Osallistuva oppilas -seminaari<\/strong><\/p>\n<p><strong><a href=\"https:\/\/blog.edu.turku.fi\/lastenparlamentti\/files\/2012\/03\/Seminaarin-ohjelma-5.11.2012.docx\">Seminaarin ohjelma 5.11.2012<\/a><\/strong>\u00a0( Osallistuva oppilas -seminaari )<\/p>\n<p><strong><a href=\"https:\/\/blog.edu.turku.fi\/lastenparlamentti\/suurkokousten-esityslistat\/seminaarin-ohjelma-5-3-2012\/\" rel=\"attachment wp-att-633\">Seminaarin ohjelma 5.3.2012<\/a><\/strong>\u00a0( Osallistuva oppilas -seminaari )<\/p>\n<p>&nbsp;<\/p>\n<p>&nbsp;<\/p>\n<p><strong>2011<\/strong><\/p>\n<p>Kokoukset pidettiin alueellisten koordinaattoreiden toimesta kouluilla.<\/p>\n<p><a href=\"https:\/\/blog.edu.turku.fi\/lastenparlamentti\/files\/2012\/03\/Alueoppilaskunnan-esityslista-10.5.2011.docx\">Alueoppilaskunnan esityslista 10.5.2011<\/a> ( It\u00e4inen yhteisty\u00f6alue )<\/p>\n<p><a href=\"https:\/\/blog.edu.turku.fi\/lastenparlamentti\/files\/2012\/03\/Alueoppilaskunnan-esityslista-21.11.20111.doc\">Alueoppilaskunnan esityslista 21.11.2011<\/a>\u00a0( Pohjoinen ja Etel\u00e4inen yhteisty\u00f6alue )<\/p>\n<p>&nbsp;<\/p>\n<p><a href=\"https:\/\/blog.edu.turku.fi\/lastenparlamentti\/suurkokousten-esityslistat\/oppilaan-osallistamisen-koulutus-yhdysopettajille-12-9-2011\/\" rel=\"attachment wp-att-630\">Oppilaan osallistamisen koulutus yhdysopettajille 12.9.2011<\/a><\/p>\n<p>&nbsp;<\/p>\n<p>&nbsp;<\/p>\n<p>&nbsp;<\/p>\n<p><a href=\"https:\/\/blog.edu.turku.fi\/lastenparlamentti\/files\/2012\/03\/L1000333pieni.jpg\"><img loading=\"lazy\" decoding=\"async\" class=\"aligncenter size-medium wp-image-764\" src=\"https:\/\/blog.edu.turku.fi\/lastenparlamentti\/files\/2012\/03\/L1000333pieni-300x200.jpg\" alt=\"L1000333pieni\" width=\"300\" height=\"200\" \/><\/a><\/p>\n<p>&nbsp;<\/p>\n","protected":false},"excerpt":{"rendered":"<p>Turun lasten parlamentin suurkokouksissa on kahden oppilaan edustus jokaisesta turkulaisesta alakoulusta. Lis\u00e4ksi kev\u00e4\u00e4n j\u00e4rjest\u00e4ytymiskokoukseen on voinut osallistua Turun lasten parlamentin hallitukseen pyrkivi\u00e4 oppilasehdokkaita ilman \u00e4\u00e4nioikeutta. Suurkokousten osallistujam\u00e4\u00e4r\u00e4 on noin 50 oppilasta. 2025 Turun Lasten Parlamentin suurkokous on Turun ty\u00f6v\u00e4enopistossa tiistaina 18.11.2025 klo 9.00-11.00. 18.11. esityslista &nbsp; Turun Lasten Parlamentin j\u00e4rjest\u00e4ytymiskokous on Turun ty\u00f6v\u00e4enopistossa keskiviikkona 9.4.2025 &hellip; <a href=\"https:\/\/blog.edu.turku.fi\/lastenparlamentti\/suurkokousten-esityslistat\/\" class=\"more-link\">Jatka lukemista<span class=\"screen-reader-text\"> &#8221;Suurkokousten esityslistat&#8221;<\/span><\/a><\/p>\n","protected":false},"author":3215,"featured_media":0,"parent":0,"menu_order":2,"comment_status":"closed","ping_status":"closed","template":"","meta":{"footnotes":""},"class_list":["post-30","page","type-page","status-publish","hentry"],"_links":{"self":[{"href":"https:\/\/blog.edu.turku.fi\/lastenparlamentti\/wp-json\/wp\/v2\/pages\/30","targetHints":{"allow":["GET"]}}],"collection":[{"href":"https:\/\/blog.edu.turku.fi\/lastenparlamentti\/wp-json\/wp\/v2\/pages"}],"about":[{"href":"https:\/\/blog.edu.turku.fi\/lastenparlamentti\/wp-json\/wp\/v2\/types\/page"}],"author":[{"embeddable":true,"href":"https:\/\/blog.edu.turku.fi\/lastenparlamentti\/wp-json\/wp\/v2\/users\/3215"}],"replies":[{"embeddable":true,"href":"https:\/\/blog.edu.turku.fi\/lastenparlamentti\/wp-json\/wp\/v2\/comments?post=30"}],"version-history":[{"count":88,"href":"https:\/\/blog.edu.turku.fi\/lastenparlamentti\/wp-json\/wp\/v2\/pages\/30\/revisions"}],"predecessor-version":[{"id":2675,"href":"https:\/\/blog.edu.turku.fi\/lastenparlamentti\/wp-json\/wp\/v2\/pages\/30\/revisions\/2675"}],"wp:attachment":[{"href":"https:\/\/blog.edu.turku.fi\/lastenparlamentti\/wp-json\/wp\/v2\/media?parent=30"}],"curies":[{"name":"wp","href":"https:\/\/api.w.org\/{rel}","templated":true}]}}