{"id":24,"date":"2012-03-12T12:50:52","date_gmt":"2012-03-12T12:50:52","guid":{"rendered":"https:\/\/blog.edu.turku.fi\/lastenparlamentti\/?page_id=24"},"modified":"2026-01-16T08:44:50","modified_gmt":"2026-01-16T08:44:50","slug":"hallituksen-kokoukset","status":"publish","type":"page","link":"https:\/\/blog.edu.turku.fi\/lastenparlamentti\/hallituksen-kokoukset\/","title":{"rendered":"Hallituksen toiminta"},"content":{"rendered":"<p>Osallisuus ja vaikuttaminen toteutuvat Turun lasten parlamentin hallituksen toiminnassa.<\/p>\n<p>Hallitukseen kuuluu 12 j\u00e4sent\u00e4, jotka ovat noin 11-12-vuotiaita. Hallituksen teht\u00e4v\u00e4n\u00e4 on ty\u00f6st\u00e4\u00e4 alakoulujen oppilaskunnilta saatuja aloitteita sek\u00e4 valmistella Turun lasten parlamentin tulevia suurkokouksia. Hallituksen ty\u00f6skentelyn kantavana voimana on yhdess\u00e4 tekemisen ilo.<\/p>\n<p><a href=\"https:\/\/blog.edu.turku.fi\/lastenparlamentti\/files\/2025\/11\/Turun-Lasten-Parlamentin-saannot-2025-2026.docx\" target=\"_blank\" rel=\"noopener\">Turun lasten parlamentin s\u00e4\u00e4nn\u00f6t 25-26<\/a><\/p>\n<p><strong><br \/>\nAIKAISEMMAT HALLITUKSET<\/p>\n<p><\/strong><strong>Turun Lasten Parlamentin hallitus kaudella 2024-2025:<\/strong><\/p>\n<p>Hilda Huhtala (tiedotusvastaava)<br \/>\nJussi Koski<br \/>\nKarri Koskinen (varasihteeri)<br \/>\nIda Langille<br \/>\nEllinoora Marjava<br \/>\nVera Marttila<br \/>\nMyy Musta (varapuheenjohtaja)<br \/>\nKasper R\u00e4zm (sihteeri)<br \/>\nEllen Saarinen<br \/>\nEino Tuomela (tiedotusvastaava)<br \/>\nAnni Vesterinen<br \/>\nTuulikki V\u00e4\u00e4t\u00e4inen (puheenjohtaja)<\/p>\n<h2><strong>2018-2019 (seitsem\u00e4s toimintavuosi)<\/strong><\/h2>\n<p><a href=\"https:\/\/blog.edu.turku.fi\/lastenparlamentti\/files\/2019\/01\/TURUN-LASTEN-PARLAMENTTI-hallitus.pdf\">Turun Lasten Parlamentin hallitus 2018-2019<\/a><\/p>\n<h2><strong>2017-2018 (kuudes toimintavuosi)<\/strong><\/h2>\n<p>Uusi hallitus lukuvuodelle 2017 &#8211; 2018 on valittu suljetulla lippu\u00e4\u00e4nestyksell\u00e4. Onnea!<\/p>\n<p><a href=\"https:\/\/blog.edu.turku.fi\/lastenparlamentti\/hallituksen-kokoukset\/hallituksen-nimilista-2\/\" target=\"_blank\" rel=\"attachment wp-att-1834 noopener\">Turun Lasten Parlamentin hallituksen j\u00e4senet 2017-2018<\/a><\/p>\n<h2>2016-2017 (viides toimintavuosi)<\/h2>\n<p>Uusi hallitus lukuvuodelle 2016 &#8211; 2017 on valittu TLP:n valtuustosalikokouksessa. Onnea!<\/p>\n<p><a href=\"https:\/\/blog.edu.turku.fi\/lastenparlamentti\/hallituksen-jasenet\/turun-lasten-parlamentin-hallitus-2016-2017\/\" rel=\"attachment wp-att-1391\">Turun Lasten Parlamentin hallitus 2016 &#8211; 2017<\/a><\/p>\n<h2><strong>2015-2016 (nelj\u00e4s toimintavuosi)<\/strong><\/h2>\n<p>Uusi hallitus lukuvuodelle 2015 &#8211; 2016 on valittu TLP:n valtuustosalikokouksessa. Onnea valituille.<\/p>\n<p><a href=\"https:\/\/blog.edu.turku.fi\/lastenparlamentti\/files\/2012\/03\/Turun-Lasten-Parlamentin-hallitus-2015-2016.pdf\">Turun Lasten Parlamentin hallitus 2015 -2016<\/a><\/p>\n<h2>2014-2015 (kolmas toimintavuosi)<\/h2>\n<p><strong>Hallitus kokoontuu Wimman kokoustilassa kerran kuukaudessa.<\/strong><\/p>\n<p>Yhteisty\u00f6t\u00e4 tehd\u00e4\u00e4n kouluviihtyvyyden edist\u00e4miseksi eri hallintokuntien ja yhteisty\u00f6tahojen kanssa.<\/p>\n<p><strong>Kolmas Turun Lasten Parlamentin hallitus<\/strong><\/p>\n<p><a href=\"https:\/\/blog.edu.turku.fi\/lastenparlamentti\/files\/2012\/03\/TLPn-hallitus-2014-2015.pdf\">TLPn hallitus 2014 &#8211; 2015<\/a><\/p>\n<p><strong>Pohjoinen alue<br \/>\n<\/strong>Viivi Spets \u00a0\u00a0\u00a0\u00a0\u00a0\u00a0\u00a0\u00a0\u00a0\u00a0\u00a0\u00a0\u00a0\u00a0\u00a0\u00a0\u00a0\u00a0\u00a0\u00a0\u00a0\u00a0\u00a0\u00a0\u00a0\u00a0\u00a0\u00a0\u00a0\u00a0\u00a0\u00a0\u00a0\u00a0\u00a0\u00a0\u00a0\u00a0\u00a0\u00a0\u00a0\u00a0\u00a0\u00a0 J\u00e4k\u00e4rl\u00e4n koulu<br \/>\nVille Viitanen\u00a0\u00a0\u00a0\u00a0\u00a0\u00a0\u00a0\u00a0\u00a0\u00a0\u00a0\u00a0\u00a0\u00a0\u00a0\u00a0\u00a0\u00a0\u00a0\u00a0\u00a0\u00a0\u00a0\u00a0\u00a0\u00a0\u00a0\u00a0\u00a0\u00a0\u00a0\u00a0\u00a0\u00a0\u00a0\u00a0\u00a0\u00a0\u00a0\u00a0\u00a0Ter\u00e4srautelan koulu<br \/>\nKiia Vesalainen \u00a0\u00a0\u00a0\u00a0\u00a0\u00a0\u00a0\u00a0\u00a0\u00a0\u00a0\u00a0\u00a0\u00a0\u00a0\u00a0\u00a0\u00a0\u00a0\u00a0\u00a0\u00a0\u00a0\u00a0\u00a0\u00a0\u00a0\u00a0\u00a0\u00a0\u00a0\u00a0\u00a0\u00a0\u00a0 Paattisten koulu<br \/>\nEetu Raunio \u00a0\u00a0\u00a0\u00a0\u00a0\u00a0\u00a0\u00a0\u00a0\u00a0\u00a0\u00a0\u00a0\u00a0\u00a0\u00a0\u00a0\u00a0\u00a0\u00a0\u00a0\u00a0\u00a0\u00a0\u00a0\u00a0\u00a0\u00a0\u00a0\u00a0\u00a0\u00a0\u00a0\u00a0\u00a0\u00a0\u00a0\u00a0\u00a0\u00a0\u00a0 Aunelan koulu<br \/>\nOlivia Kaskinen\u00a0\u00a0\u00a0\u00a0\u00a0\u00a0\u00a0\u00a0\u00a0\u00a0\u00a0\u00a0\u00a0\u00a0\u00a0 \u00a0\u00a0\u00a0\u00a0\u00a0\u00a0\u00a0\u00a0\u00a0\u00a0\u00a0\u00a0\u00a0\u00a0\u00a0\u00a0\u00a0\u00a0\u00a0\u00a0 Ter\u00e4srautelan koulu<\/p>\n<p><strong>It\u00e4inen alue<br \/>\n<\/strong>Aada Siren\u00a0 \u00a0\u00a0\u00a0\u00a0\u00a0\u00a0\u00a0\u00a0\u00a0\u00a0\u00a0\u00a0\u00a0\u00a0\u00a0\u00a0\u00a0\u00a0\u00a0\u00a0\u00a0\u00a0\u00a0\u00a0\u00a0\u00a0\u00a0\u00a0\u00a0\u00a0\u00a0\u00a0\u00a0\u00a0\u00a0\u00a0\u00a0\u00a0\u00a0\u00a0\u00a0\u00a0 P\u00e4\u00e4skyvuoren koulu<br \/>\nLotta Jansson\u00a0\u00a0\u00a0\u00a0\u00a0\u00a0\u00a0\u00a0\u00a0\u00a0\u00a0\u00a0\u00a0\u00a0\u00a0\u00a0\u00a0\u00a0 \u00a0\u00a0\u00a0\u00a0\u00a0\u00a0\u00a0\u00a0\u00a0\u00a0\u00a0\u00a0\u00a0\u00a0\u00a0\u00a0\u00a0\u00a0\u00a0\u00a0 Turun Normaalikoulu<br \/>\nMette H\u00e4meenaho\u00a0\u00a0\u00a0\u00a0\u00a0\u00a0\u00a0\u00a0\u00a0\u00a0 \u00a0\u00a0\u00a0\u00a0\u00a0\u00a0\u00a0\u00a0\u00a0\u00a0\u00a0\u00a0\u00a0\u00a0\u00a0\u00a0\u00a0\u00a0\u00a0\u00a0 Turun Normaalikoulu<br \/>\nChelsea Rogerson \u00a0\u00a0\u00a0\u00a0\u00a0\u00a0\u00a0\u00a0\u00a0\u00a0\u00a0\u00a0\u00a0\u00a0\u00a0\u00a0\u00a0\u00a0\u00a0\u00a0\u00a0\u00a0\u00a0\u00a0\u00a0\u00a0\u00a0\u00a0\u00a0\u00a0 Turun Kansainv\u00e4linen koulu<br \/>\nAlexandra Raita\u00a0\u00a0\u00a0\u00a0\u00a0\u00a0\u00a0\u00a0\u00a0\u00a0\u00a0\u00a0\u00a0\u00a0 \u00a0\u00a0\u00a0\u00a0\u00a0\u00a0\u00a0\u00a0\u00a0\u00a0\u00a0\u00a0\u00a0\u00a0\u00a0\u00a0\u00a0\u00a0\u00a0\u00a0 Vasaram\u00e4en koulu<br \/>\nLotta Lingdren\u00a0\u00a0\u00a0\u00a0\u00a0\u00a0\u00a0\u00a0\u00a0\u00a0\u00a0\u00a0\u00a0\u00a0\u00a0\u00a0\u00a0\u00a0\u00a0\u00a0\u00a0\u00a0\u00a0\u00a0\u00a0\u00a0\u00a0\u00a0\u00a0\u00a0\u00a0\u00a0\u00a0\u00a0\u00a0\u00a0\u00a0\u00a0\u00a0Hannunniitun koulu<\/p>\n<p><strong>Etel\u00e4inen alue<br \/>\n<\/strong>Mikael Talka \u00a0\u00a0\u00a0\u00a0\u00a0\u00a0\u00a0\u00a0\u00a0\u00a0\u00a0\u00a0\u00a0\u00a0\u00a0\u00a0\u00a0\u00a0\u00a0\u00a0\u00a0\u00a0\u00a0\u00a0\u00a0\u00a0\u00a0\u00a0\u00a0\u00a0\u00a0\u00a0\u00a0\u00a0\u00a0\u00a0\u00a0\u00a0\u00a0\u00a0\u00a0 W\u00e4in\u00f6 Aaltosen koulu<\/p>\n<p>&nbsp;<\/p>\n<p>&#8212;&#8212;&#8212;&#8212;&#8212;&#8212;&#8212;&#8212;&#8212;&#8212;&#8212;&#8212;&#8212;&#8212;&#8212;&#8212;&#8212;&#8212;&#8212;&#8212;&#8212;&#8211;<\/p>\n<p><strong>Toinen\u00a0Turun Lasten Parlamentin hallitus<\/strong><\/p>\n<h2><strong>2013-2014<\/strong><\/h2>\n<p><strong><strong>Turun Lasten Parlamentin hallitus 2013 \u2013 2014 <\/strong><\/strong><\/p>\n<p><a href=\"https:\/\/blog.edu.turku.fi\/lastenparlamentti\/files\/2012\/03\/Turun-Lasten-Parlamentin-uusi-hallitus-2013.docx\">Turun Lasten Parlamentin uusi hallitus 2013<\/a>\u00a0\u00a0 ( hallituksen j\u00e4senet erillisen\u00e4 liitteen\u00e4 )<\/p>\n<p><b>It\u00e4inen yhteisty\u00f6alue<br \/>\n<\/b>Salamia Youssofi \u00a0\u00a0\u00a0 Luolavuoren koulu<br \/>\nWilma Nurminen\u00a0\u00a0\u00a0\u00a0\u00a0 P\u00e4\u00e4skyvuoren koulu<br \/>\nHeidi Huovinen\u00a0\u00a0\u00a0\u00a0\u00a0\u00a0\u00a0 Hannuniitun koulu<br \/>\nMette H\u00e4meenaho\u00a0\u00a0 Turun Normaalikoulu<br \/>\nLotta Jansson\u00a0\u00a0\u00a0\u00a0\u00a0\u00a0\u00a0\u00a0\u00a0 Turun Normaalikoulu<\/p>\n<p><b>Pohjoinen yhteisty\u00f6alue<br \/>\n<\/b>Niklas Vaulanen\u00a0\u00a0\u00a0\u00a0\u00a0\u00a0 Runosm\u00e4en koulu<br \/>\nAukusti Harju\u00a0\u00a0\u00a0\u00a0\u00a0\u00a0\u00a0\u00a0\u00a0\u00a0\u00a0 K\u00e4h\u00e4rin koulu<br \/>\nIgnacy Winarczyk\u00a0\u00a0\u00a0\u00a0 Aunelan koulu<br \/>\nVille Viitanen\u00a0\u00a0\u00a0\u00a0\u00a0\u00a0\u00a0\u00a0\u00a0\u00a0\u00a0\u00a0 Ter\u00e4srautelan koulu<\/p>\n<p><b>Etel\u00e4inen yhteisty\u00f6alue<br \/>\n<\/b>Sani Blomqvist\u00a0\u00a0\u00a0\u00a0\u00a0\u00a0\u00a0\u00a0 Kakskerran koulu<br \/>\nIda Ojuva\u00a0\u00a0\u00a0\u00a0\u00a0\u00a0\u00a0\u00a0\u00a0\u00a0\u00a0\u00a0\u00a0\u00a0\u00a0\u00a0\u00a0 W\u00e4in\u00f6 Aaltosen koulu<br \/>\nMikael Talka\u00a0\u00a0\u00a0\u00a0\u00a0\u00a0\u00a0\u00a0\u00a0\u00a0\u00a0\u00a0 W\u00e4in\u00f6 Aaltosen koulu<\/p>\n<div>\n<p>&#8212;&#8212;&#8212;&#8212;&#8212;&#8212;&#8212;&#8212;&#8212;&#8212;&#8212;&#8212;&#8212;&#8212;&#8212;&#8212;&#8212;&#8212;&#8212;&#8212;&#8212;&#8212;&#8212;&#8212;&#8212;&#8212;&#8212;&#8212;&#8212;&#8212;&#8212;&#8212;&#8212;&#8212;&#8212;-<\/p>\n<\/div>\n<p><strong>Ensimm\u00e4inen Turun Lasten Parlamentin hallitus<\/strong><\/p>\n<h2>2012-2013<\/h2>\n<p><strong><strong>Turun Lasten Parlamentin hallitus 2012 \u2013 2013 <\/strong><\/strong><\/p>\n<p>Turun Lasten Parlamentin j\u00e4rjest\u00e4ytymiskouksessa 5.3.2012 lapset \u00e4\u00e4nestiv\u00e4t hallitukseen 10 j\u00e4sent\u00e4 ja 2 varaj\u00e4sent\u00e4.<\/p>\n<p><strong>Varsinaiset j\u00e4senet<br \/>\n<\/strong>Hanna V\u00e4lim\u00e4ki<br \/>\nAdele Aalto<br \/>\nRoope Virtanen<br \/>\nLasse Norqvist<br \/>\nSaana Herlevi<br \/>\nAlina Viitala<br \/>\nSalamia Youssoufi<br \/>\nEmmi Sarjanoja<br \/>\nJasmin S\u00f6derman<br \/>\nSini Reini<\/p>\n<p><strong>Varaj\u00e4senet<br \/>\n<\/strong>Inka Kankare<br \/>\nLotta Rajam\u00e4ki<\/p>\n<p>Hallitus on kokoontunut ensimm\u00e4isen kerran keskiviikkona 14.5.2012.<\/p>\n<p>Puheenjohtajaksi valittiin\u00a0Hanna V\u00e4lim\u00e4ki ja sihteeriksi Alina Viitala.<\/p>\n<p>Seuraava kokous oli keskiviikkona 11.4.2012, jolloin hallitus mm. \u00e4\u00e4nesti logokilpailun loppukilpailuun menev\u00e4t ehdotukset.<\/p>\n<p>Turun Lasten Parlamentin hallituksen kokoukset on pidetty nuorten taide- ja toimintatalo Vimmassa.<\/p>\n<p>Marraskuussa\u00a02012 hallituksen j\u00e4senet kokoontuivat kaksi kertaa kokoustamaan\u00a0sek\u00e4 syventym\u00e4\u00e4n mediapajan maailmaan. Videot ja animaatiot valmistuivat nopeasti ja hauskasti.<\/p>\n","protected":false},"excerpt":{"rendered":"<p>Osallisuus ja vaikuttaminen toteutuvat Turun lasten parlamentin hallituksen toiminnassa. Hallitukseen kuuluu 12 j\u00e4sent\u00e4, jotka ovat noin 11-12-vuotiaita. Hallituksen teht\u00e4v\u00e4n\u00e4 on ty\u00f6st\u00e4\u00e4 alakoulujen oppilaskunnilta saatuja aloitteita sek\u00e4 valmistella Turun lasten parlamentin tulevia suurkokouksia. Hallituksen ty\u00f6skentelyn kantavana voimana on yhdess\u00e4 tekemisen ilo. Turun lasten parlamentin s\u00e4\u00e4nn\u00f6t 25-26 AIKAISEMMAT HALLITUKSET Turun Lasten Parlamentin hallitus kaudella 2024-2025: Hilda Huhtala &hellip; <a href=\"https:\/\/blog.edu.turku.fi\/lastenparlamentti\/hallituksen-kokoukset\/\" class=\"more-link\">Jatka lukemista<span class=\"screen-reader-text\"> &#8221;Hallituksen toiminta&#8221;<\/span><\/a><\/p>\n","protected":false},"author":103,"featured_media":0,"parent":0,"menu_order":8,"comment_status":"closed","ping_status":"closed","template":"","meta":{"footnotes":""},"class_list":["post-24","page","type-page","status-publish","hentry"],"_links":{"self":[{"href":"https:\/\/blog.edu.turku.fi\/lastenparlamentti\/wp-json\/wp\/v2\/pages\/24","targetHints":{"allow":["GET"]}}],"collection":[{"href":"https:\/\/blog.edu.turku.fi\/lastenparlamentti\/wp-json\/wp\/v2\/pages"}],"about":[{"href":"https:\/\/blog.edu.turku.fi\/lastenparlamentti\/wp-json\/wp\/v2\/types\/page"}],"author":[{"embeddable":true,"href":"https:\/\/blog.edu.turku.fi\/lastenparlamentti\/wp-json\/wp\/v2\/users\/103"}],"replies":[{"embeddable":true,"href":"https:\/\/blog.edu.turku.fi\/lastenparlamentti\/wp-json\/wp\/v2\/comments?post=24"}],"version-history":[{"count":83,"href":"https:\/\/blog.edu.turku.fi\/lastenparlamentti\/wp-json\/wp\/v2\/pages\/24\/revisions"}],"predecessor-version":[{"id":2679,"href":"https:\/\/blog.edu.turku.fi\/lastenparlamentti\/wp-json\/wp\/v2\/pages\/24\/revisions\/2679"}],"wp:attachment":[{"href":"https:\/\/blog.edu.turku.fi\/lastenparlamentti\/wp-json\/wp\/v2\/media?parent=24"}],"curies":[{"name":"wp","href":"https:\/\/api.w.org\/{rel}","templated":true}]}}