{"id":10,"date":"2012-02-03T13:10:45","date_gmt":"2012-02-03T13:10:45","guid":{"rendered":"https:\/\/blog.edu.turku.fi\/lastenparlamentti\/?page_id=10"},"modified":"2022-11-08T17:37:14","modified_gmt":"2022-11-08T17:37:14","slug":"lasten-osallisuus","status":"publish","type":"page","link":"https:\/\/blog.edu.turku.fi\/lastenparlamentti\/lasten-osallisuus\/","title":{"rendered":"Lasten osallisuus"},"content":{"rendered":"<p><strong>Lasten osallisuus turkulaisissa alakouluissa<\/strong><\/p>\n<p>Syksyst\u00e4 2011 alkaen on\u00a0jokaisessa turkulaisessa alakoulussa k\u00e4ynnistynyt\u00a0tavoitteellinen oppilaskuntatoiminta. Koulun oman oppilaskunnan hallituksen\u00a0toiminnassa\u00a0jokainen yksitt\u00e4inen\u00a0oppilas p\u00e4\u00e4see vaikuttamaan\u00a0koulun toimintakulttuuriin oman luokkansa edustajan v\u00e4lityksell\u00e4. Lapset ovat itse parhaita asiantuntijoita heit\u00e4 koskevissa asioissa ja heit\u00e4 tulee kannustaa aloitteiden tekij\u00f6iksi.<\/p>\n<p>Eri koulujen oppilaskuntien edustajien kanssa on kuluneen lukuvuoden aikana harjoiteltu kokousk\u00e4ynt\u00e4nteit\u00e4 alueellisissa oppilaskuntakokouksissa sek\u00e4 j\u00e4rjest\u00e4ytymiskokouksessa, joihin on osallistunut aina kaksi oppilasedustajaa jokaisesta Turun alakoulusta. Alueellisissa kokouksissa on keskusteltu mm. kouluviihtyvyyden edist\u00e4mist\u00e4 koskevista asioista sek\u00e4 esitelty eri koulujen oppilaskuntien toimintakulttuuria. Koulujen oppilaskunnat tekev\u00e4t tulevaisuudessa entist\u00e4 laajempaa alueellista yhteisty\u00f6t\u00e4 kehitt\u00e4en lapsil\u00e4ht\u00f6isesti heille t\u00e4rkeit\u00e4 ja ajankohtaisia asioita. Lis\u00e4ksi jokaisen turkulaisen alakoulun oppilaskunta valitsee keskuudestaan\u00a0kaksi edustajaa kehitt\u00e4m\u00e4\u00e4n ja p\u00e4\u00e4tt\u00e4m\u00e4\u00e4n heit\u00e4 koskevia asioita Turun Lasten Parlamentin suurkokouksiin.<\/p>\n<p>Kunta haluaa kuulla ja osallistaa\u00a0nuoria heit\u00e4 koskevassa p\u00e4\u00e4t\u00f6ksenteossa. T\u00e4st\u00e4 syyst\u00e4 lapset ja nuoret tulisi ottaa mukaan osalliseksi suunnittelemaan, kehitt\u00e4m\u00e4\u00e4n, toteuttamaan ja arvioimaan\u00a0heille suunnattuja tai\u00a0heid\u00e4n el\u00e4m\u00e4\u00e4ns\u00e4 vaikuttavia palveluja. Lapsiyst\u00e4v\u00e4llinen kunta velvoittaa t\u00e4h\u00e4n.<\/p>\n<p>Lasten osallisuus -teema\u00a0perustuu\u00a0mm. YK:n lapsen oikeuksien yleissopimukseen, Suomen perustuslakiin, Suomen nuorisolakiin, Perusopetuksen opetussuunnitelmaan ja Lapsi- ja nuorisopolitiikan kehitt\u00e4misohjelmaan. Ne tiedot, taidot ja asenteet, jotka my\u00f6hemmin n\u00e4kyv\u00e4t aktiivisena kansalaisuutena ja kiinnostuksena yhteiskuntaa kohtaan, saavat alkunsa jo ensimm\u00e4isill\u00e4 luokilla ja varhaiskasvatuksessa.<\/p>\n<p>Lasten osallisuuden aktivoiminen ja kehitt\u00e4minen koulun arjessa jatkuu edelleen eri hallintokuntien ja yhteisty\u00f6tahojen kanssa.<\/p>\n<p>&nbsp;<\/p>\n<p>Videolinkki TLP:n ensimm\u00e4iseen valtuustosalikokoukseen, joka j\u00e4rjestettiin vuonna 2012:<\/p>\n<p><a href=\"http:\/\/www.youtube.com\/watch?v=n8sFGqDUaAc&amp;noredirect=1\">VIDEO<\/a><\/p>\n<p>Turun Lasten Parlamentin perustaminen l\u00e4hti liikkeelle Ella Laakion kunnallisaloitteesta.<\/p>\n<p>&nbsp;<\/p>\n<p>&#8211; &#8211; &#8211;<\/p>\n<p>Oppilaskuntatoiminnan helmi\u00e4:<\/p>\n<p><a href=\"https:\/\/blog.edu.turku.fi\/lastenparlamentti\/lasten-osallisuus\/parastjustny-valokuvakisan-osallistujat\/\" target=\"_blank\" rel=\"attachment noopener wp-att-1472\">#parastjustny valokuvakisan osallistujat<\/a><\/p>\n<p>&nbsp;<\/p>\n<p>Oheisesta linkist\u00e4\u00a0l\u00f6yd\u00e4t oppilaskuntatoiminnan ja Turun Lasten Parlamentin toiminnan yhteisty\u00f6n esittelyn<\/p>\n<p><a href=\"https:\/\/blog.edu.turku.fi\/lastenparlamentti\/lasten-osallisuus\/turun-lasten-parlamentin-toimintaperiaatteita-2016-2017\/\" rel=\"attachment wp-att-1414\">Turun Lasten Parlamentin toimintaperiaatteita 2016-2017<\/a><\/p>\n","protected":false},"excerpt":{"rendered":"<p>Lasten osallisuus turkulaisissa alakouluissa Syksyst\u00e4 2011 alkaen on\u00a0jokaisessa turkulaisessa alakoulussa k\u00e4ynnistynyt\u00a0tavoitteellinen oppilaskuntatoiminta. Koulun oman oppilaskunnan hallituksen\u00a0toiminnassa\u00a0jokainen yksitt\u00e4inen\u00a0oppilas p\u00e4\u00e4see vaikuttamaan\u00a0koulun toimintakulttuuriin oman luokkansa edustajan v\u00e4lityksell\u00e4. Lapset ovat itse parhaita asiantuntijoita heit\u00e4 koskevissa asioissa ja heit\u00e4 tulee kannustaa aloitteiden tekij\u00f6iksi. Eri koulujen oppilaskuntien edustajien kanssa on kuluneen lukuvuoden aikana harjoiteltu kokousk\u00e4ynt\u00e4nteit\u00e4 alueellisissa oppilaskuntakokouksissa sek\u00e4 j\u00e4rjest\u00e4ytymiskokouksessa, joihin on &hellip; <a href=\"https:\/\/blog.edu.turku.fi\/lastenparlamentti\/lasten-osallisuus\/\" class=\"more-link\">Jatka lukemista<span class=\"screen-reader-text\"> &#8221;Lasten osallisuus&#8221;<\/span><\/a><\/p>\n","protected":false},"author":101,"featured_media":0,"parent":0,"menu_order":5,"comment_status":"closed","ping_status":"closed","template":"","meta":{"footnotes":""},"class_list":["post-10","page","type-page","status-publish","hentry"],"_links":{"self":[{"href":"https:\/\/blog.edu.turku.fi\/lastenparlamentti\/wp-json\/wp\/v2\/pages\/10","targetHints":{"allow":["GET"]}}],"collection":[{"href":"https:\/\/blog.edu.turku.fi\/lastenparlamentti\/wp-json\/wp\/v2\/pages"}],"about":[{"href":"https:\/\/blog.edu.turku.fi\/lastenparlamentti\/wp-json\/wp\/v2\/types\/page"}],"author":[{"embeddable":true,"href":"https:\/\/blog.edu.turku.fi\/lastenparlamentti\/wp-json\/wp\/v2\/users\/101"}],"replies":[{"embeddable":true,"href":"https:\/\/blog.edu.turku.fi\/lastenparlamentti\/wp-json\/wp\/v2\/comments?post=10"}],"version-history":[{"count":57,"href":"https:\/\/blog.edu.turku.fi\/lastenparlamentti\/wp-json\/wp\/v2\/pages\/10\/revisions"}],"predecessor-version":[{"id":2483,"href":"https:\/\/blog.edu.turku.fi\/lastenparlamentti\/wp-json\/wp\/v2\/pages\/10\/revisions\/2483"}],"wp:attachment":[{"href":"https:\/\/blog.edu.turku.fi\/lastenparlamentti\/wp-json\/wp\/v2\/media?parent=10"}],"curies":[{"name":"wp","href":"https:\/\/api.w.org\/{rel}","templated":true}]}}