{"id":905,"date":"2021-03-02T23:27:11","date_gmt":"2021-03-02T21:27:11","guid":{"rendered":"https:\/\/blog.edu.turku.fi\/laskunnighet\/?page_id=905"},"modified":"2022-10-21T08:50:51","modified_gmt":"2022-10-21T05:50:51","slug":"tvasprakiga-webbinariedagar","status":"publish","type":"page","link":"https:\/\/blog.edu.turku.fi\/laskunnighet\/material\/for-personal\/tvasprakiga-webbinariedagar\/","title":{"rendered":"Tv\u00e5spr\u00e5kiga webbinariedagar 2021"},"content":{"rendered":"<h1>Tv\u00e5 webbinariedagar under v\u00e5ren 2021<\/h1>\n<p>Ett av Rikta dig till l\u00e4sning! -projektets m\u00e5l \u00e4r att hj\u00e4lpa personalen inom sm\u00e5barnspedagogiken och nyb\u00f6rjarundervisningen att verkst\u00e4lla utvecklingen av l\u00e4skultur samt f\u00f6rst\u00e4rka personalens kunnande.<\/p>\n<p>Rikta dig till l\u00e4sning! i samarbete med En l\u00e4sande kommun -n\u00e4tverkets projekt Ordens symfoni i Sydv\u00e4stra Finland ordnade tv\u00e5 tv\u00e5spr\u00e5kiga webbinariedagar p\u00e5 v\u00e5ren 2021. F\u00f6redrag h\u00f6lls av experter, forskare och specialister inom barnens l\u00e4skunnighet och -lust, barnb\u00f6cker och -litteratur, m\u00e5ngspr\u00e5kighet och kulturell m\u00e5ngfald samt ordkonst.<\/p>\n<hr \/>\n<h2>27.03.2021 kl. 10\u201313: Det sl\u00e5r l\u00e4sgnistor om barnb\u00f6ckerna!<\/h2>\n<p>V\u00e4lkommen till den f\u00f6rsta tv\u00e5spr\u00e5kiga webbinariedagen! \u00c4mnen och teman som behandlas under dagen \u00e4r aktuell barnlitteratur och forskning inom barnlitteraturen samt v\u00e4ckande av l\u00e4siver av barn och familjer. \u00c4ven praktiska verktyg f\u00f6r v\u00e4ckande av l\u00e4siver kommer att presenteras. Webbinariedagen ordnas tv\u00e5spr\u00e5kigt.<\/p>\n<p><strong>10:00\u201311:00<\/strong> Aktuell barnlitteratur och forskning inom barnlitteraturen (FD, doc. Mia \u00d6sterlund)<\/p>\n<p><strong>11:00\u201312:00<\/strong> Lasten ja perheiden lukuinnon her\u00e4tt\u00e4minen (PeD, doc. Juli-Anna Aerila)<\/p>\n<p><strong>12:00\u201313:00<\/strong> K\u00e4yt\u00e4nn\u00f6n ty\u00f6v\u00e4lineit\u00e4 lukuinnon her\u00e4tt\u00e4miseen (PeD, doc. Juli-Anna Aerila)<\/p>\n<p><strong>Mia \u00d6sterlund<\/strong> (FD, doc.) arbetar som universitetsl\u00e4rare i litteraturvetenskap vid \u00c5bo Akademi och \u00e4r docent i litteraturvetenskap vid Helsingfors universitet. \u00d6sterlund fungerar ocks\u00e5 som projektledare vid Svenska Litteraturs\u00e4llskapet f\u00f6r <em>Konkurrerande tidsordningar: Krononormativitet i 2000-talets finlandssvenska litteratur och kultur f\u00f6r barn och unga<\/em> (2019-22). \u00d6sterlund forskar i barnlitteratur med inriktning p\u00e5 genus och queerteori, flickforskning samt bilderboks- och ungdomsromanstudier.<\/p>\n<p><strong>Juli-Anna Aerila<\/strong> (PeD, doc.) arbetar som universitetslektor i modersm\u00e5lets och litteraturens didaktik vid \u00c5bo universitet. Aerila medverkar i flera olika projekt inom v\u00e4ckande av barnens l\u00e4siver samt litteraturfostran. Aerila har tillsammans med Merja Kauppinen skrivit verk <em>Sytyt\u00e4 lukukipin\u00e4 : pedagogisia keinoja lukuinnon her\u00e4ttelyyn<\/em> (2019) och <em>Kirjasta kaveri : Sytykkeit\u00e4 lukijaksi kasvamiseen<\/em>\u00a0(2021).<\/p>\n<hr \/>\n<h2>10.04.2021 kl. 10\u201313 Kompasser till en god l\u00e4skunnighet<\/h2>\n<p>H\u00e4ng med p\u00e5 v\u00e5rens andra tv\u00e5spr\u00e5kiga webbinariedag <em>Kompasser till en god l\u00e4skunnighet<\/em> \u2013 Hj\u00e4rnan, spr\u00e5kmedvetenhet och ordkonst av Rikta dig till l\u00e4sning! och Ordens symfoni i Sydv\u00e4stra Finland! Under dagens diskuteras s\u00e5v\u00e4l hj\u00e4rnan och l\u00e4sning, spr\u00e5kligt och kulturellt ansvarsfylld pedagogik som ordkonst. Webbinariedagen ordnas p\u00e5 tv\u00e5 spr\u00e5k.<\/p>\n<p>10:00\u201311:00 N\u00e4in aivot oppivat lukemaan \/ hj\u00e4rnforskare, professor i pedagogik Minna Huotilainen (HU)<\/p>\n<p>11:00\u201312:00 Kieli- ja kulttuuritietoinen opetus \/ forskare, PeD. Jenni Alisaari (\u00c5U)<\/p>\n<p>12:00\u201313:00 Tv\u00e5spr\u00e5kig lektion i ordkonst \/ ordkonstl\u00e4rare Paola Fraboni, Maja Ottelin &amp; Jenni Turunlahti (Kirjan talo \u2013 Bokens hus ry)<\/p>\n<p>Talarpresentationerna av webbinariedagens f\u00f6rel\u00e4sare hittar du <a href=\"https:\/\/blog.edu.turku.fi\/laskunnighet\/category\/talarpresentation\/\">p\u00e5 L\u00e4sgl\u00e4dje-bloggen<\/a>.<\/p>\n<hr \/>\n<p>R\u00e4ttigheter till tidtabell- och inneh\u00e5llsm\u00e4ssiga f\u00f6r\u00e4ndringar f\u00f6rbeh\u00e5lls.<\/p>\n","protected":false},"excerpt":{"rendered":"<p>Tv\u00e5 webbinariedagar under v\u00e5ren 2021 Ett av Rikta dig till l\u00e4sning! -projektets m\u00e5l \u00e4r att hj\u00e4lpa personalen inom sm\u00e5barnspedagogiken och nyb\u00f6rjarundervisningen att verkst\u00e4lla utvecklingen av l\u00e4skultur samt f\u00f6rst\u00e4rka personalens kunnande. Rikta dig till l\u00e4sning! i samarbete med En l\u00e4sande kommun -n\u00e4tverkets projekt Ordens symfoni i Sydv\u00e4stra Finland ordnade tv\u00e5 tv\u00e5spr\u00e5kiga webbinariedagar p\u00e5 v\u00e5ren 2021. F\u00f6redrag &hellip; <a href=\"https:\/\/blog.edu.turku.fi\/laskunnighet\/material\/for-personal\/tvasprakiga-webbinariedagar\/\" class=\"more-link\">Forts\u00e4tt l\u00e4sa<span class=\"screen-reader-text\"> \u201dTv\u00e5spr\u00e5kiga webbinariedagar 2021\u201d<\/span><\/a><\/p>\n","protected":false},"author":2465,"featured_media":0,"parent":26,"menu_order":0,"comment_status":"closed","ping_status":"closed","template":"","meta":{"footnotes":""},"class_list":["post-905","page","type-page","status-publish","hentry"],"_links":{"self":[{"href":"https:\/\/blog.edu.turku.fi\/laskunnighet\/wp-json\/wp\/v2\/pages\/905","targetHints":{"allow":["GET"]}}],"collection":[{"href":"https:\/\/blog.edu.turku.fi\/laskunnighet\/wp-json\/wp\/v2\/pages"}],"about":[{"href":"https:\/\/blog.edu.turku.fi\/laskunnighet\/wp-json\/wp\/v2\/types\/page"}],"author":[{"embeddable":true,"href":"https:\/\/blog.edu.turku.fi\/laskunnighet\/wp-json\/wp\/v2\/users\/2465"}],"replies":[{"embeddable":true,"href":"https:\/\/blog.edu.turku.fi\/laskunnighet\/wp-json\/wp\/v2\/comments?post=905"}],"version-history":[{"count":25,"href":"https:\/\/blog.edu.turku.fi\/laskunnighet\/wp-json\/wp\/v2\/pages\/905\/revisions"}],"predecessor-version":[{"id":1965,"href":"https:\/\/blog.edu.turku.fi\/laskunnighet\/wp-json\/wp\/v2\/pages\/905\/revisions\/1965"}],"up":[{"embeddable":true,"href":"https:\/\/blog.edu.turku.fi\/laskunnighet\/wp-json\/wp\/v2\/pages\/26"}],"wp:attachment":[{"href":"https:\/\/blog.edu.turku.fi\/laskunnighet\/wp-json\/wp\/v2\/media?parent=905"}],"curies":[{"name":"wp","href":"https:\/\/api.w.org\/{rel}","templated":true}]}}