{"id":716,"date":"2021-02-04T09:26:56","date_gmt":"2021-02-04T07:26:56","guid":{"rendered":"https:\/\/blog.edu.turku.fi\/laskunnighet\/?page_id=716"},"modified":"2022-06-06T10:38:39","modified_gmt":"2022-06-06T07:38:39","slug":"pedagogiska-eftermiddagar","status":"publish","type":"page","link":"https:\/\/blog.edu.turku.fi\/laskunnighet\/material\/for-personal\/pedagogiska-eftermiddagar\/","title":{"rendered":"Pedagogiska eftermiddagar 2021"},"content":{"rendered":"<h1>Pedagogiska eftermiddagar p\u00e5 v\u00e5ren 2021<\/h1>\n<p>Pedagogiska eftermiddagarna var engagerande specialistdiskussioner d\u00e4r specialister, forskare och f\u00f6rfattare inom barnens l\u00e4skunnighet och -lust, barnb\u00f6cker och -litteratur och m\u00e5ngspr\u00e5kighet och kulturell m\u00e5ngfald g\u00e4stade och ber\u00e4ttade om sina arbeten samt diskuterade med deltagare.<\/p>\n<p>Eftermiddagarna ordnades i samarbete med En l\u00e4sande kommun -n\u00e4tverkets projekt Ordens symfoni i Sydv\u00e4stra Finland.<\/p>\n<p>Sammanlagt \u00e5tta pedagogiska eftermiddagarna ordnades.<\/p>\n<hr \/>\n<h2>V\u00e4ckande av barnens l\u00e4slust som tema i februari<\/h2>\n<h3>17.02.2021 kl. 14\u201315<\/h3>\n<p>G\u00e4stspecialister: universitetslektor <strong>Juli-Anna Aerila<\/strong> (\u00c5U) och <strong>Sara Routarinne<\/strong>, professor vid l\u00e4rarutbildningsanstalt (\u00c5U). Eftermiddagen genomf\u00f6rdes p\u00e5 finska.<\/p>\n<h3>18.02.2021 kl. 14\u201315<\/h3>\n<p>G\u00e4stspecialist: specialbiblioteksfunktion\u00e4r och l\u00e4sinspirat\u00f6r <strong>Agneta &#8221;Netta&#8221; M\u00f6ller-Salmela<\/strong> (Hang\u00f6 stadsbibliotek). Eftermiddagen genomf\u00f6rdes p\u00e5 svenska.<\/p>\n<p>Material:<\/p>\n<ul>\n<li>broschyren <a href=\"https:\/\/lukuliike.fi\/wp-content\/uploads\/2020\/11\/Hemmala%CC%88sning-nya-v3.pdf\" target=\"_blank\" rel=\"noopener noreferrer\"><em>Hemmal\u00e4sningens m\u00f6jligheter<\/em><\/a> (2020) av M\u00f6ller-Salmela p\u00e5 L\u00e4sr\u00f6relsens webbsida (en separat pdf-fil \u00f6ppnas i ny flik)<\/li>\n<li>artikeln <a href=\"https:\/\/www.kirjastokaista.fi\/sv\/fortrollande-berattelser-fantasins-makt-i-hango-stadsbiblioteks-upplevelserum\/\" target=\"_blank\" rel=\"noopener noreferrer\">F\u00f6rtrollande ber\u00e4ttelser: Fantasins makt i Hang\u00f6 stadsbiblioteks Upplevelserum<\/a> (20.01.2021) p\u00e5 Bibliotekskanalen<\/li>\n<\/ul>\n<hr \/>\n<h2>Arbete som f\u00f6rfattare och illustrat\u00f6r som tema i mars<\/h2>\n<h3>10.03.2021 kl. 14\u201315<\/h3>\n<p>Onsdag eftermiddagens g\u00e4stspecialist var den prisbel\u00f6nta f\u00f6rfattaren <strong>Magdalena Hai<\/strong>. Eftermiddagen genomf\u00f6rdes p\u00e5 finska.<\/p>\n<h3>15.03.2021 kl. 14\u201315<\/h3>\n<p>G\u00e4stspecialisten under m\u00e5ndagens pedagogiska eftermiddag varden v\u00e4lanlitade bilderbokskonstn\u00e4ren <strong>Jenny Lucander<\/strong>. Eftermiddagen genomf\u00f6rdes p\u00e5 svenska.<\/p>\n<hr \/>\n<h2>Spr\u00e5kliga fr\u00e5gor som tema i april<\/h2>\n<h3>26.04.2021 kl. 16\u201317<\/h3>\n<p>G\u00e4stspecialist: \u00e4mnesl\u00e4rare i engelska och svenska, spr\u00e5kinstrukt\u00f6r (Turun Kielivirta och Kielitietoisesti kouluissa) <strong>Wera Kunnas<\/strong> fr\u00e5n Helsingfors stad. Eftermiddagen genomf\u00f6rdes p\u00e5 svenska.<\/p>\n<h3>28.04.2021 kl. 14\u201315<\/h3>\n<p>G\u00e4stspecialist: projektforskare <strong>Niina Kekki<\/strong> fr\u00e5n \u00c5bo universitet. Eftermiddagen genomf\u00f6rdes p\u00e5 finska.<\/p>\n<hr \/>\n<h2>Samarbete mellan daghem, skola, bibliotek och hemmet som tema i maj<\/h2>\n<h3>12.05.2021 kl. 14\u201315<\/h3>\n<p>G\u00e4stspecialist: bibliotekarie <strong>Riitta Taara<\/strong> (\u00c5bo stadsbibliotek). Eftermiddagen genomf\u00f6rdes p\u00e5 svenska.<\/p>\n<h3>17.05.2021 kl. 14\u201315<\/h3>\n<p>G\u00e4stspecialist: informatiker <strong>Terhi Hannula<\/strong> (\u00c5bo stadsbibliotek). Eftermiddagen genomf\u00f6rdes p\u00e5 finska.<\/p>\n<hr \/>\n<p>R\u00e4ttigheter\u00a0till tidtabell- och inneh\u00e5llsm\u00e4ssiga f\u00f6r\u00e4ndringar f\u00f6rbeh\u00e5lls.<\/p>\n","protected":false},"excerpt":{"rendered":"<p>Pedagogiska eftermiddagar p\u00e5 v\u00e5ren 2021 Pedagogiska eftermiddagarna var engagerande specialistdiskussioner d\u00e4r specialister, forskare och f\u00f6rfattare inom barnens l\u00e4skunnighet och -lust, barnb\u00f6cker och -litteratur och m\u00e5ngspr\u00e5kighet och kulturell m\u00e5ngfald g\u00e4stade och ber\u00e4ttade om sina arbeten samt diskuterade med deltagare. Eftermiddagarna ordnades i samarbete med En l\u00e4sande kommun -n\u00e4tverkets projekt Ordens symfoni i Sydv\u00e4stra Finland. Sammanlagt \u00e5tta &hellip; <a href=\"https:\/\/blog.edu.turku.fi\/laskunnighet\/material\/for-personal\/pedagogiska-eftermiddagar\/\" class=\"more-link\">Forts\u00e4tt l\u00e4sa<span class=\"screen-reader-text\"> \u201dPedagogiska eftermiddagar 2021\u201d<\/span><\/a><\/p>\n","protected":false},"author":2465,"featured_media":0,"parent":26,"menu_order":0,"comment_status":"closed","ping_status":"closed","template":"","meta":{"footnotes":""},"class_list":["post-716","page","type-page","status-publish","hentry"],"_links":{"self":[{"href":"https:\/\/blog.edu.turku.fi\/laskunnighet\/wp-json\/wp\/v2\/pages\/716","targetHints":{"allow":["GET"]}}],"collection":[{"href":"https:\/\/blog.edu.turku.fi\/laskunnighet\/wp-json\/wp\/v2\/pages"}],"about":[{"href":"https:\/\/blog.edu.turku.fi\/laskunnighet\/wp-json\/wp\/v2\/types\/page"}],"author":[{"embeddable":true,"href":"https:\/\/blog.edu.turku.fi\/laskunnighet\/wp-json\/wp\/v2\/users\/2465"}],"replies":[{"embeddable":true,"href":"https:\/\/blog.edu.turku.fi\/laskunnighet\/wp-json\/wp\/v2\/comments?post=716"}],"version-history":[{"count":71,"href":"https:\/\/blog.edu.turku.fi\/laskunnighet\/wp-json\/wp\/v2\/pages\/716\/revisions"}],"predecessor-version":[{"id":1875,"href":"https:\/\/blog.edu.turku.fi\/laskunnighet\/wp-json\/wp\/v2\/pages\/716\/revisions\/1875"}],"up":[{"embeddable":true,"href":"https:\/\/blog.edu.turku.fi\/laskunnighet\/wp-json\/wp\/v2\/pages\/26"}],"wp:attachment":[{"href":"https:\/\/blog.edu.turku.fi\/laskunnighet\/wp-json\/wp\/v2\/media?parent=716"}],"curies":[{"name":"wp","href":"https:\/\/api.w.org\/{rel}","templated":true}]}}