{"id":632,"date":"2020-12-30T14:17:08","date_gmt":"2020-12-30T12:17:08","guid":{"rendered":"https:\/\/blog.edu.turku.fi\/laskunnighet\/?page_id=632"},"modified":"2022-06-06T10:34:39","modified_gmt":"2022-06-06T07:34:39","slug":"632-2","status":"publish","type":"page","link":"https:\/\/blog.edu.turku.fi\/laskunnighet\/material\/barn-och-barnfamiljer\/boktips-enligt-olika-litteraturpriser\/632-2\/","title":{"rendered":"Nominerade kandidater till Litteraturpriset till Astrid Lindgrens minne 2021"},"content":{"rendered":"<h1>V\u00e4rldens st\u00f6rsta barn- och ungdomslitteraturpris \u00e4r Litteraturpriset till Astrid Lindgrens minne<\/h1>\n<p>Nominerade kandidater till v\u00e4rldens st\u00f6rsta barn- och ungdomslitteraturpris har tillk\u00e4nnagivits. Priset delas ut oavsett spr\u00e5k eller nationalitet till f\u00f6rfattare, illustrat\u00f6rer eller ber\u00e4ttare men \u00e4ven till personer eller organisationer som genom sitt arbete fr\u00e4mjar barn och ungas l\u00e4sande. Prissumman \u00e4r cirka 570 000 euro (fem miljoner svenska kronor).<\/p>\n<p>2021 \u00e5rs nomineringar rymmer 262 kandidater fr\u00e5n 68 olika l\u00e4nder.<\/p>\n<blockquote><p>I kandidaternas verk finns storslagna \u00e4ventyr, vardagsbetraktelser fulla av k\u00e4nslor och psykologisk insikt, lysande bildkonst och humoristiska m\u00e4sterverk. P\u00e5 listan finns ocks\u00e5 l\u00e4sfr\u00e4mjande verksamheter i flera v\u00e4rldsdelar vars arbete kan inspirera till nya s\u00e4tt att v\u00e4cka l\u00e4slust hos unga. (Webbsidan f\u00f6r Litteraturpriset till Astrid Lindgrens minne)<\/p><\/blockquote>\n<p>Av de alla 262 nominerade \u00e4r fem kandidaterna fr\u00e5n Finland: illustrat\u00f6r Linda Bondestam, f\u00f6rfattare och illustrat\u00f6r Marika Maijala, f\u00f6rfattare Timo Parvela, f\u00f6rfattare Salla Simukka samt f\u00f6rfattare Maria Turtschaninoff.<\/p>\n<h2>Finlands representanter p\u00e5 Vaski-databasen &amp; exempelverk<\/h2>\n<p><a href=\"https:\/\/vaski.finna.fi\/Search\/Results?limit=0&amp;filter%5B%5D=%7Ebuilding_sub_str_mv%3A%222%22&amp;filter%5B%5D=%7Elanguage%3A%22swe%22&amp;dfApplied=1&amp;lookfor=Linda+Bondestam&amp;type=AllFields\" target=\"_blank\" rel=\"noopener noreferrer\">Linda Bondestam p\u00e5 Vaski-databasen<\/a><\/p>\n<p>Exempelverk: Mitt bottenliv: av en ensam axolotl (2020), God natt p\u00e5 jorden (2018) &amp; Silkeapans skratt (2019)<\/p>\n<p><a href=\"https:\/\/vaski.finna.fi\/Search\/Results?limit=0&amp;filter%5B%5D=%7Ebuilding_sub_str_mv%3A%222%22&amp;filter%5B%5D=%7Elanguage%3A%22swe%22&amp;dfApplied=1&amp;lookfor=Marika+Maijala&amp;type=AllFields\" target=\"_blank\" rel=\"noopener noreferrer\">Marika Maijala p\u00e5\u00a0 Vaski-databasen<\/a><\/p>\n<p>Exempelverk: Rosie springer (2018), Piano p\u00e5 rymmen (2016) &amp; Sp\u00f6kboken (2009)<\/p>\n<p><a href=\"https:\/\/vaski.finna.fi\/Search\/Results?limit=0&amp;filter%5B%5D=%7Ebuilding_sub_str_mv%3A%222%22&amp;filter%5B%5D=%7Elanguage%3A%22swe%22&amp;dfApplied=1&amp;lookfor=Timo+parvela&amp;type=AllFields\" target=\"_blank\" rel=\"noopener noreferrer\">Timo Parvela p\u00e5 Vaski-databasen<\/a><\/p>\n<p>Exempelverk: Ella och utpressaren (2004), Karusellen (2010) &amp; Gungbr\u00e4dan (2010)<\/p>\n<p><a href=\"https:\/\/vaski.finna.fi\/Search\/Results?filter%5B%5D=%7Ebuilding_sub_str_mv%3A%222%22&amp;dfApplied=1&amp;lookfor=salla+simukka&amp;type=AllFields\" target=\"_blank\" rel=\"noopener noreferrer\">Salla Simukka p\u00e5 Vaski-databasen<\/a><\/p>\n<p>Exempelverk p\u00e5 finska: Tihe\u00e4 pulssi: novelleja (2020), Lukitut (2020) &amp; Sytyt\u00e4 valot!: pieni\u00e4 kauniita tarinoita; Sammuta valot!: pieni\u00e4 kauheita tarinoita (2018)<\/p>\n<p><a href=\"https:\/\/vaski.finna.fi\/Search\/Results?limit=0&amp;filter%5B%5D=%7Ebuilding_sub_str_mv%3A%222%22&amp;filter%5B%5D=%7Elanguage%3A%22swe%22&amp;dfApplied=1&amp;lookfor=Maria+Turtschaninoff&amp;type=AllFields\" target=\"_blank\" rel=\"noopener noreferrer\">Maria Turtschaninoff p\u00e5 Vaski-databasen<\/a><\/p>\n<p>Exempelverk: Maresi (2014) &amp; De \u00e4nnu inte valda (2007)<\/p>\n<hr \/>\n<p>Mera om de nominerade kandidaterna finns p\u00e5 webbsidan <a href=\"https:\/\/alma.se\/\" target=\"_blank\" rel=\"noopener noreferrer\">www.alma.se (Astrid Lindgren Memorial Award)<\/a>. Listan \u00f6ver kandidaterna finns <a href=\"https:\/\/alma.se\/nominering\/kandidater\/\" target=\"_blank\" rel=\"noopener noreferrer\">h\u00e4r<\/a>.<\/p>\n","protected":false},"excerpt":{"rendered":"<p>V\u00e4rldens st\u00f6rsta barn- och ungdomslitteraturpris \u00e4r Litteraturpriset till Astrid Lindgrens minne Nominerade kandidater till v\u00e4rldens st\u00f6rsta barn- och ungdomslitteraturpris har tillk\u00e4nnagivits. Priset delas ut oavsett spr\u00e5k eller nationalitet till f\u00f6rfattare, illustrat\u00f6rer eller ber\u00e4ttare men \u00e4ven till personer eller organisationer som genom sitt arbete fr\u00e4mjar barn och ungas l\u00e4sande. Prissumman \u00e4r cirka 570 000 euro (fem &hellip; <a href=\"https:\/\/blog.edu.turku.fi\/laskunnighet\/material\/barn-och-barnfamiljer\/boktips-enligt-olika-litteraturpriser\/632-2\/\" class=\"more-link\">Forts\u00e4tt l\u00e4sa<span class=\"screen-reader-text\"> \u201dNominerade kandidater till Litteraturpriset till Astrid Lindgrens minne 2021\u201d<\/span><\/a><\/p>\n","protected":false},"author":2465,"featured_media":0,"parent":1856,"menu_order":0,"comment_status":"closed","ping_status":"closed","template":"","meta":{"footnotes":""},"class_list":["post-632","page","type-page","status-publish","hentry"],"_links":{"self":[{"href":"https:\/\/blog.edu.turku.fi\/laskunnighet\/wp-json\/wp\/v2\/pages\/632","targetHints":{"allow":["GET"]}}],"collection":[{"href":"https:\/\/blog.edu.turku.fi\/laskunnighet\/wp-json\/wp\/v2\/pages"}],"about":[{"href":"https:\/\/blog.edu.turku.fi\/laskunnighet\/wp-json\/wp\/v2\/types\/page"}],"author":[{"embeddable":true,"href":"https:\/\/blog.edu.turku.fi\/laskunnighet\/wp-json\/wp\/v2\/users\/2465"}],"replies":[{"embeddable":true,"href":"https:\/\/blog.edu.turku.fi\/laskunnighet\/wp-json\/wp\/v2\/comments?post=632"}],"version-history":[{"count":5,"href":"https:\/\/blog.edu.turku.fi\/laskunnighet\/wp-json\/wp\/v2\/pages\/632\/revisions"}],"predecessor-version":[{"id":639,"href":"https:\/\/blog.edu.turku.fi\/laskunnighet\/wp-json\/wp\/v2\/pages\/632\/revisions\/639"}],"up":[{"embeddable":true,"href":"https:\/\/blog.edu.turku.fi\/laskunnighet\/wp-json\/wp\/v2\/pages\/1856"}],"wp:attachment":[{"href":"https:\/\/blog.edu.turku.fi\/laskunnighet\/wp-json\/wp\/v2\/media?parent=632"}],"curies":[{"name":"wp","href":"https:\/\/api.w.org\/{rel}","templated":true}]}}