{"id":53,"date":"2020-09-07T15:31:17","date_gmt":"2020-09-07T12:31:17","guid":{"rendered":"https:\/\/blog.edu.turku.fi\/laskunnighet\/?page_id=53"},"modified":"2022-09-29T13:38:46","modified_gmt":"2022-09-29T10:38:46","slug":"hem","status":"publish","type":"page","link":"https:\/\/blog.edu.turku.fi\/laskunnighet\/","title":{"rendered":"Aktuellt"},"content":{"rendered":"<p><strong>Rikta dig till l\u00e4sning! -l\u00e4skunnighetprojektet har slutat (7\/2022).<\/strong><\/p>\n<hr \/>\n<p><a href=\"https:\/\/aoe.fi\/#\/materiaali\/2063\" target=\"_blank\" rel=\"noopener\"><em>Rikta dig till l\u00e4sning! L\u00e4skunnighetprojektet presenterar: Material som st\u00f6d f\u00f6r l\u00e4skunnighetsarbete<\/em><\/a><\/p>\n<figure id=\"attachment_1947\" aria-describedby=\"caption-attachment-1947\" style=\"width: 500px\" class=\"wp-caption aligncenter\"><img loading=\"lazy\" decoding=\"async\" class=\"wp-image-1947\" src=\"https:\/\/blog.edu.turku.fi\/laskunnighet\/files\/2022\/07\/Julkaisu-300x235.jpg\" alt=\"En h\u00f6g av f\u00e4rggranna b\u00f6cker och tv\u00e5 f\u00e4rggranna virkade f\u00e5glar.\" width=\"500\" height=\"391\" srcset=\"https:\/\/blog.edu.turku.fi\/laskunnighet\/files\/2022\/07\/Julkaisu-300x235.jpg 300w, https:\/\/blog.edu.turku.fi\/laskunnighet\/files\/2022\/07\/Julkaisu.jpg 1024w\" sizes=\"auto, (max-width: 500px) 85vw, 500px\" \/><figcaption id=\"caption-attachment-1947\" class=\"wp-caption-text\">Omslagsbilden till boken: Jenny Lucander. Bild: Henrik Hurme.<\/figcaption><\/figure>\n<hr \/>\n<h1>Rikta dig till l\u00e4sning! -projekt<\/h1>\n<p>Rikta dig till l\u00e4sning! -projekt \u00e4r ett tv\u00e5\u00e5rigt (2020\u20132022) och tv\u00e5spr\u00e5kigt utvecklingsprojekt finansierat av undervisnings- och kulturministeriet. Projektets syfte \u00e4r att fr\u00e4mja, utveckla och f\u00f6rst\u00e4rka barnens l\u00e4skunnighet, l\u00e4skultur och l\u00e4sintresse. Ett annat m\u00e5l \u00e4r att f\u00f6rst\u00e4rka och \u00f6ka samarbetet mellan sm\u00e5barnspedagogik, f\u00f6rskoleundervisning och nyb\u00f6rjarundervisning samt hem, f\u00f6r\u00e4ldrar och kulturbransch med anknytning till l\u00e4skunnighet och l\u00e4sning.<\/p>\n<p>Som \u00c5bo stads l\u00e4skoordinator fungerade Henrik Hurme.<\/p>\n","protected":false},"excerpt":{"rendered":"<p>Rikta dig till l\u00e4sning! -l\u00e4skunnighetprojektet har slutat (7\/2022). Rikta dig till l\u00e4sning! L\u00e4skunnighetprojektet presenterar: Material som st\u00f6d f\u00f6r l\u00e4skunnighetsarbete Rikta dig till l\u00e4sning! -projekt Rikta dig till l\u00e4sning! -projekt \u00e4r ett tv\u00e5\u00e5rigt (2020\u20132022) och tv\u00e5spr\u00e5kigt utvecklingsprojekt finansierat av undervisnings- och kulturministeriet. Projektets syfte \u00e4r att fr\u00e4mja, utveckla och f\u00f6rst\u00e4rka barnens l\u00e4skunnighet, l\u00e4skultur och l\u00e4sintresse. Ett &hellip; <a href=\"https:\/\/blog.edu.turku.fi\/laskunnighet\/\" class=\"more-link\">Forts\u00e4tt l\u00e4sa<span class=\"screen-reader-text\"> \u201dAktuellt\u201d<\/span><\/a><\/p>\n","protected":false},"author":2465,"featured_media":0,"parent":0,"menu_order":0,"comment_status":"closed","ping_status":"closed","template":"","meta":{"footnotes":""},"class_list":["post-53","page","type-page","status-publish","hentry"],"_links":{"self":[{"href":"https:\/\/blog.edu.turku.fi\/laskunnighet\/wp-json\/wp\/v2\/pages\/53","targetHints":{"allow":["GET"]}}],"collection":[{"href":"https:\/\/blog.edu.turku.fi\/laskunnighet\/wp-json\/wp\/v2\/pages"}],"about":[{"href":"https:\/\/blog.edu.turku.fi\/laskunnighet\/wp-json\/wp\/v2\/types\/page"}],"author":[{"embeddable":true,"href":"https:\/\/blog.edu.turku.fi\/laskunnighet\/wp-json\/wp\/v2\/users\/2465"}],"replies":[{"embeddable":true,"href":"https:\/\/blog.edu.turku.fi\/laskunnighet\/wp-json\/wp\/v2\/comments?post=53"}],"version-history":[{"count":141,"href":"https:\/\/blog.edu.turku.fi\/laskunnighet\/wp-json\/wp\/v2\/pages\/53\/revisions"}],"predecessor-version":[{"id":1956,"href":"https:\/\/blog.edu.turku.fi\/laskunnighet\/wp-json\/wp\/v2\/pages\/53\/revisions\/1956"}],"wp:attachment":[{"href":"https:\/\/blog.edu.turku.fi\/laskunnighet\/wp-json\/wp\/v2\/media?parent=53"}],"curies":[{"name":"wp","href":"https:\/\/api.w.org\/{rel}","templated":true}]}}