{"id":500,"date":"2020-11-26T15:26:35","date_gmt":"2020-11-26T13:26:35","guid":{"rendered":"https:\/\/blog.edu.turku.fi\/laskunnighet\/?page_id=500"},"modified":"2022-06-06T10:34:57","modified_gmt":"2022-06-06T07:34:57","slug":"nordiska-boktips-nominerade-till-nordiska-radets-barn-och-ungdomslitteraturpris-2020","status":"publish","type":"page","link":"https:\/\/blog.edu.turku.fi\/laskunnighet\/material\/barn-och-barnfamiljer\/boktips-enligt-olika-litteraturpriser\/nordiska-boktips-nominerade-till-nordiska-radets-barn-och-ungdomslitteraturpris-2020\/","title":{"rendered":"Nordiska boktips &#8211; nominerade till Nordiska r\u00e5dets barn- och ungdomslitteraturpris 2020"},"content":{"rendered":"<h1>Bokeliten fr\u00e5n Norden<\/h1>\n<p>Nedan listade b\u00f6ckerna var nominerade till Nordiska r\u00e5dets barn- och ungdomslitteraturpris 2020. B\u00f6ckerna \u00e4r listade enligt deras ursprungsland. L\u00e4nken efter varje bok f\u00f6r till bokens sida p\u00e5 webbsidan av Nordiskt samarbete &#8211; d\u00e4r finns det mera information om varje bok p\u00e5 svenska.<\/p>\n<hr \/>\n<h2>Danmark<\/h2>\n<ul>\n<li>Ud af det bl\u00e5 av Rebecca Bach-Lauritsen &amp; Anna Margrethe Kj\u00e6rgaard (ill.). Bilderbok, Jensen &amp; Dalgaard, 2019. <a href=\"https:\/\/www.norden.org\/sv\/nominee\/rebecca-bach-lauritsen-anna-margrethe-kjaergaard-ill\">Rebecca Bach-Lauritsen &amp; Anna Margrethe Kj\u00e6rgaard (ill.)<\/a><\/li>\n<li>Min \u00f8jesten av Merete Pryds Helle &amp; Helle Vibeke Jensen (ill.). Bildroman, Danskl\u00e6rerforeningens Forlag, 2019. <a href=\"https:\/\/www.norden.org\/sv\/nominee\/merete-pryds-helle-helle-vibeke-jensen-ill\">Merete Pryds Helle &amp; Helle Vibeke Jensen (ill.)<\/a><\/li>\n<\/ul>\n<h2>Finland<\/h2>\n<ul>\n<li>Vi \u00e4r Lajon! av Jens Mattsson &amp; Jenny Lucander (ill.). Bilderbok, F\u00f6rlaget M, 2019. <a href=\"https:\/\/www.norden.org\/sv\/nominee\/jens-mattsson-jenny-lucander-ill\">Jens Mattsson &amp; Jenny Lucander (ill.)<\/a><\/li>\n<li>Sorsa Aaltonen ja lent\u00e4misen oireet av Veera Salmi &amp; Matti Pikkuj\u00e4ms\u00e4 (ill.). Bilderbok, Otava, 2019. <a href=\"https:\/\/www.norden.org\/sv\/nominee\/veera-salmi-matti-pikkujamsa-ill\">Veera Salmi &amp; Matti Pikkuj\u00e4ms\u00e4 (ill.)<\/a><\/li>\n<\/ul>\n<h2>F\u00e4r\u00f6arna<\/h2>\n<ul>\n<li>Loftar t\u00fa m\u00e6r? av Rakel Helmsdal. Bilderbok, B\u00f3kadeild F\u00f8roya L\u00e6rarafelags, 2019. <a href=\"https:\/\/www.norden.org\/sv\/nominee\/rakel-helmsdal-0\">Rakel Helmsdal<\/a><\/li>\n<\/ul>\n<h2>Gr\u00f6nland<\/h2>\n<ul>\n<li>Orpilissat nunarsuarmi kusanarnersaat av Juaaka Lyberth &amp; Maja-Lisa Kehlet (ill.). Bilderbok, Milik Publishing, 2019. <a href=\"https:\/\/www.norden.org\/sv\/nominee\/juaaka-lyberth-maja-lisa-kehlet-ill\">Juaaka Lyberth &amp; Maja-Lisa Kehlet (ill.)<\/a><\/li>\n<\/ul>\n<h2>Island<\/h2>\n<ul>\n<li>Villueyjar av Ragnhildur H\u00f3lmgeirsd\u00f3ttir. Ungdomsroman, Bj\u00f6rt b\u00f3ka\u00fatg\u00e1fa; B\u00f3kabeitan, 2019. <a href=\"https:\/\/www.norden.org\/sv\/nominee\/ragnhildur-holmgeirsdottir-0\">Ragnhildur H\u00f3lmgeirsd\u00f3ttir<\/a><\/li>\n<li>Egill sp\u00e1ma\u00f0ur av Lani Yamamoto. Bilderbok, Ang\u00fast\u00fara, 2019. <a href=\"https:\/\/www.norden.org\/sv\/nominee\/lani-yamamoto-0\">Lani Yamamoto<\/a><\/li>\n<\/ul>\n<h2>Norge<\/h2>\n<ul>\n<li>Draumar betyr ingenting av Ane Barmen. Ungdomsroman, Gyldendal, 2019. <a href=\"https:\/\/www.norden.org\/sv\/nominee\/ane-barmen\">Ane Barmen<\/a><\/li>\n<li>N\u00e5r er jeg gammel nok til \u00e5 skyte faren min? av \u00c5se Ombustvedt &amp; Marianne Gretteberg Engedal (ill.). Ungdomslyrik, Ena Forlag, 2019. <a href=\"https:\/\/www.norden.org\/sv\/nominee\/ase-ombustvedt-marianne-gretteberg-engedal-ill\">\u00c5se Ombustvedt &amp; Marianne Gretteberg Engedal (ill.)<\/a><\/li>\n<\/ul>\n<h2>Det samiska spr\u00e5komr\u00e5det<\/h2>\n<ul>\n<li>Guovssu guovssahasat av Karen Anne Buljo &amp; Inga-Wiktoria P\u00e5ve (ill.). Bilderbok, Davvi Girji, 2019. <a href=\"https:\/\/www.norden.org\/sv\/nominee\/karen-anne-buljo-inga-wiktoria-pave-ill\">Karen Anne Buljo &amp; Inga-Wiktoria P\u00e5ve (ill.)<\/a><\/li>\n<\/ul>\n<h2>Sverige<\/h2>\n<ul>\n<li>H\u00e4stpojkarna av Johan Ehn. Ungdomsroman, Gilla B\u00f6cker, 2019. <a href=\"https:\/\/www.norden.org\/sv\/nominee\/johan-ehn\">Johan Ehn<\/a><\/li>\n<li>Trettonde sommaren av Gabriella Sk\u00f6ldenberg. Ungdomsroman, Natur &amp; Kultur, 2018. <a href=\"https:\/\/www.norden.org\/sv\/nominee\/gabriella-skoldenberg\">Gabriella Sk\u00f6ldenberg<\/a><\/li>\n<\/ul>\n<h2>\u00c5land<\/h2>\n<ul>\n<li>Segraren av Karin Erlandsson. Roman, Schildts &amp; S\u00f6derstr\u00f6ms, 2019. <a href=\"https:\/\/www.norden.org\/sv\/nominee\/karin-erlandsson\">Karin Erlandsson<\/a><\/li>\n<\/ul>\n<hr \/>\n<h2>B\u00f6ckerna p\u00e5 Vaski-biblioteken<\/h2>\n<p>De b\u00f6cker som kan l\u00e5nas p\u00e5 Vaski-biblioteken, finns listade under. L\u00e4nken f\u00f6r till bokens sida p\u00e5 Vaski-databas.<\/p>\n<ul>\n<li><a href=\"https:\/\/vaski.finna.fi\/Record\/vaski.3910166\">Vi \u00e4r lajon! av Jens Mattsson och Jenny Lucander (ill.) p\u00e5 Vaski-databasen<\/a><\/li>\n<li><a href=\"https:\/\/vaski.finna.fi\/Record\/vaski.3825050\">Sorsa Aaltonen ja lent\u00e4misen oireet av Veera Salmi och Matti Pikkuj\u00e4ms\u00e4 (ill.) p\u00e5 Vaski-databasen<\/a><\/li>\n<li><a href=\"https:\/\/vaski.finna.fi\/Search\/Results?lookfor=Rakel+Helmsdal&amp;type=AllFields&amp;limit=20&amp;lng=sv\">\u00d6vers\u00e4ttningar av Rakel Helmsdals andra verk p\u00e5 Vaski-databas<\/a><\/li>\n<li><a href=\"https:\/\/vaski.finna.fi\/Record\/vaski.4149341\">H\u00e4stpojkarna av Johan Ehn p\u00e5 Vaski-databas<\/a><\/li>\n<li><a href=\"https:\/\/vaski.finna.fi\/Record\/vaski.3916926\">Segraren av Karin Erlandsson p\u00e5 Vaski-databas<\/a><\/li>\n<\/ul>\n<hr \/>\n<p>Alla nominerade intervjuades f\u00f6re prisutdelningen och dessa intervjuer kan tittas p\u00e5 <a href=\"https:\/\/www.facebook.com\/watch\/381910115699\/2719801191463971\">Facebook-sidan av Nordiskt kulturkontakt<\/a>.<\/p>\n<p>\u00c5rets vinnare av Nordiska r\u00e5dets barn- och ungdomslitteraturpris \u00e4r Finlands representant Vi \u00e4r lajon! av Jens Mattsson och Jenny Lucander (ill.)! Mera om priset och vinnaren p\u00e5 <a href=\"https:\/\/blog.edu.turku.fi\/laskunnighet\/2020\/10\/28\/jattesucce-for-finland-pa-nordiska-radets-prisutdelning\/\">en artikel p\u00e5 L\u00e4sgl\u00e4dje-bloggen (28.10.2020)<\/a>.<\/p>\n","protected":false},"excerpt":{"rendered":"<p>Bokeliten fr\u00e5n Norden Nedan listade b\u00f6ckerna var nominerade till Nordiska r\u00e5dets barn- och ungdomslitteraturpris 2020. B\u00f6ckerna \u00e4r listade enligt deras ursprungsland. L\u00e4nken efter varje bok f\u00f6r till bokens sida p\u00e5 webbsidan av Nordiskt samarbete &#8211; d\u00e4r finns det mera information om varje bok p\u00e5 svenska. Danmark Ud af det bl\u00e5 av Rebecca Bach-Lauritsen &amp; Anna &hellip; <a href=\"https:\/\/blog.edu.turku.fi\/laskunnighet\/material\/barn-och-barnfamiljer\/boktips-enligt-olika-litteraturpriser\/nordiska-boktips-nominerade-till-nordiska-radets-barn-och-ungdomslitteraturpris-2020\/\" class=\"more-link\">Forts\u00e4tt l\u00e4sa<span class=\"screen-reader-text\"> \u201dNordiska boktips &#8211; nominerade till Nordiska r\u00e5dets barn- och ungdomslitteraturpris 2020\u201d<\/span><\/a><\/p>\n","protected":false},"author":2465,"featured_media":0,"parent":1856,"menu_order":0,"comment_status":"closed","ping_status":"closed","template":"","meta":{"footnotes":""},"class_list":["post-500","page","type-page","status-publish","hentry"],"_links":{"self":[{"href":"https:\/\/blog.edu.turku.fi\/laskunnighet\/wp-json\/wp\/v2\/pages\/500","targetHints":{"allow":["GET"]}}],"collection":[{"href":"https:\/\/blog.edu.turku.fi\/laskunnighet\/wp-json\/wp\/v2\/pages"}],"about":[{"href":"https:\/\/blog.edu.turku.fi\/laskunnighet\/wp-json\/wp\/v2\/types\/page"}],"author":[{"embeddable":true,"href":"https:\/\/blog.edu.turku.fi\/laskunnighet\/wp-json\/wp\/v2\/users\/2465"}],"replies":[{"embeddable":true,"href":"https:\/\/blog.edu.turku.fi\/laskunnighet\/wp-json\/wp\/v2\/comments?post=500"}],"version-history":[{"count":5,"href":"https:\/\/blog.edu.turku.fi\/laskunnighet\/wp-json\/wp\/v2\/pages\/500\/revisions"}],"predecessor-version":[{"id":526,"href":"https:\/\/blog.edu.turku.fi\/laskunnighet\/wp-json\/wp\/v2\/pages\/500\/revisions\/526"}],"up":[{"embeddable":true,"href":"https:\/\/blog.edu.turku.fi\/laskunnighet\/wp-json\/wp\/v2\/pages\/1856"}],"wp:attachment":[{"href":"https:\/\/blog.edu.turku.fi\/laskunnighet\/wp-json\/wp\/v2\/media?parent=500"}],"curies":[{"name":"wp","href":"https:\/\/api.w.org\/{rel}","templated":true}]}}