{"id":497,"date":"2020-11-26T15:26:10","date_gmt":"2020-11-26T13:26:10","guid":{"rendered":"https:\/\/blog.edu.turku.fi\/laskunnighet\/?page_id=497"},"modified":"2022-06-06T10:35:10","modified_gmt":"2022-06-06T07:35:10","slug":"svenska-boktips-nominerade-till-augustpriset-2020","status":"publish","type":"page","link":"https:\/\/blog.edu.turku.fi\/laskunnighet\/material\/barn-och-barnfamiljer\/boktips-enligt-olika-litteraturpriser\/svenska-boktips-nominerade-till-augustpriset-2020\/","title":{"rendered":"Svenska boktips &#8211; nominerade till \u00c5rets svenska barn- och ungdomsbok 2020"},"content":{"rendered":"<h1>Sex toppb\u00f6cker fr\u00e5n Sverige<\/h1>\n<p>B\u00f6ckerna som \u00e4r listade nedan t\u00e4vlade om Augustpriset \u00c5rets svenska barn- och ungdomsbok 2020.<\/p>\n<p>Nedan varje verk finns \u00e4ven juryns motiveringar. I juryn f\u00f6r \u00c5rets svenska barn- och ungdomsbok satt Mia \u00d6sterlund (ordf.), Marcus Barbosa Ferreira, Martin Hellstr\u00f6m, Mia Juhlin och Amanda Stenberg.<\/p>\n<p>Mera om priset finns p\u00e5 <a href=\"https:\/\/www.augustpriset.se\/\" target=\"_blank\" rel=\"noopener\">Augustprisets webbsida<\/a> (www.augustpriset.se).<\/p>\n<p>\u00c5rets vinnare av Augustpriset i kategorin \u00c5rets svenska barn- och ungdomsbok \u00e4r Kristina Sigunsdotter &amp; Ester Eriksson med boken Humlan Hanssons hemligheter (Natur &amp; Kultur)!<\/p>\n<p>Och f\u00f6rresten, ordf\u00f6randen f\u00f6r juryn, Mia \u00d6sterlund, \u00e4r docent och universitetsl\u00e4rare i litteraturvetenskap vid \u00c5bo Akademi.<\/p>\n<hr \/>\n<h2>Linda Bondestam: Mitt bottenliv. Av en ensam axolotl (Berghs F\u00f6rlag)<\/h2>\n<blockquote><p>Mitt bottenliv erbjuder en humoristisk och hoppfull klimatber\u00e4ttelse i autofiktionsformat. En utrotningshotad salamander f\u00f6rundras \u00f6ver allt skr\u00e4p som fyller havet, och sveps iv\u00e4g av en tsunami f\u00f6rorsakad av m\u00e4nniskans klimatp\u00e5verkan. Fram tr\u00e4der ett ekosystem i fritt fall. Milj\u00f6katastrofen gestaltas med dov kolorism och stringent text snillrikt infogad p\u00e5 de v\u00e4lutnyttjade uppslagen. Verket visar Linda Bondestams virtuositet genom att begagna och berika bilderbokens hela repertoar.<\/p><\/blockquote>\n<p>Boken kan l\u00e5nas p\u00e5 Vaski-biblioteken, <a href=\"https:\/\/vaski.finna.fi\/Record\/vaski.4059303\">checka bokens tillg\u00e4nglighet p\u00e5 Vaski-databasen<\/a>.<\/p>\n<h2>Anders Fager &amp; Peter Bergting: Kr\u00e5korna (Natur &amp; Kultur)<\/h2>\n<blockquote><p>Att trauman \u00f6verf\u00f6rs fr\u00e5n generation till generation gestaltas som aldrig f\u00f6rr i serieromanen Kr\u00e5korna, d\u00e4r Kim, som f\u00e5r \u00e4rva en \u00f6vergiven sl\u00e4ktg\u00e5rd p\u00e5 landsbygden, konfronterar sitt s\u00e5riga arv. Anders Fager portionerar ut texten p\u00e5 flera niv\u00e5er, i form av post it-lappar och r\u00f6ster fr\u00e5n det f\u00f6rflutna. S\u00f6ml\u00f6st griper Peter Bergtings st\u00e4mningsm\u00e4ttade bildber\u00e4ttande in i skildringen av att m\u00f6ta ett sm\u00e4rtsamt ursprung. Kusliga skr\u00e4ckelement och folktro f\u00f6rdjupar r\u00f6rande den olust som ruvar \u00f6ver b\u00e5de Kim och l\u00e4saren.<\/p><\/blockquote>\n<p>Boken kan l\u00e5nas p\u00e5 Vaski-biblioteken, <a href=\"https:\/\/vaski.finna.fi\/Record\/vaski.4082033\">l\u00e4nken till bokens sida p\u00e5 Vaski-databasen<\/a>.<\/p>\n<h2>Julia Hansson: Billie, Korven och havet (Natur &amp; Kultur)<\/h2>\n<blockquote><p>En solsmekt dag p\u00e5 stranden har s\u00e4llan f\u00e5ngats som i Billie, Korven och havet. Julia Hanssons sinnliga bilderboksdebut b\u00e5gnar av strandk\u00e4nsla och v\u00e4rme genom en makal\u00f6s ljuss\u00e4ttning som ger kroppslig igenk\u00e4nning. Med bravur tecknas barnets vilja och motvilja lika finessrikt som solstr\u00e5larnas spel. Eftermiddagssolens sken framkallar badandets bestyr s\u00e5 att sandkornen, parasollskuggan och frott\u00e9handdukens str\u00e4vhet k\u00e4nns i skinnet p\u00e5 b\u00e5de den vuxna betraktaren och p\u00e5 det barn som likt Billie inte alltid vill kasta sig i vattnet.<\/p><\/blockquote>\n<h2>\u00c5sa Lind &amp; Emma Virke: Kom dagen, kom natten (Lilla Piratf\u00f6rlaget)<\/h2>\n<blockquote><p>Dragspelsformatet kommer till sin fulla r\u00e4tt i Kom dagen, kom natten, d\u00e4r en dag- och en nattsida vecklas ut. Ur det lilla barnets perspektiv levandeg\u00f6rs en sensommardag p\u00e5 landet, d\u00e4r hj\u00e4rtat pulserar i marken, solstr\u00e5lar v\u00e4rmer och ensamhet trollas bort. Vardag \u00f6verg\u00e5r efterhand i dr\u00f6m och i en \u00f6nskan om att v\u00e5ga sl\u00e4ppa sina flytkuddar. \u00c5sa Linds l\u00e4ttflytande vers rymmer ett poetiskt anslag som Emma Virkes perspektivrika illustrationer k\u00e4nsligt f\u00f6rdjupar. Hyllningen till en sinnlig barndomsv\u00e4rld och nordisk sommar, och till sj\u00e4lva bilderboksformatet, h\u00e4nf\u00f6r.<\/p><\/blockquote>\n<p>Boken kan l\u00e5nas p\u00e5 Vaski-biblioteken, <a href=\"https:\/\/vaski.finna.fi\/Record\/vaski.4082080\">checka bokens tillg\u00e4nglighet p\u00e5 Vaski-databasen<\/a>.<\/p>\n<p>Verket av Lind &amp; Virke n\u00e4mndes \u00e4ven p\u00e5 <a href=\"https:\/\/blog.edu.turku.fi\/laskunnighet\/2020\/10\/26\/manadsoversikt-oktober\/\">oktobers m\u00e5nads\u00f6versikt p\u00e5 L\u00e4sgl\u00e4dje-bloggen (26.10.2020)<\/a>!<\/p>\n<h2>Kristina Sigunsdotter &amp; Ester Eriksson: Humlan Hanssons hemligheter (Natur &amp; Kultur)<\/h2>\n<blockquote><p>Balansakten mellan existentiell sm\u00e4rta och humor \u00e4r kongenial i Humlan Hanssons hemligheter. Den avv\u00e4pnande ber\u00e4ttelsen om b\u00e4stissvek och v\u00e4xtv\u00e4rk kickstartar i dagboksformat. Kristina Sigunsdotters text \u00e4r skruvad och s\u00e4llsynt levande. Ester Eriksson excellerar i sv\u00e4rta, i illustrationer som f\u00e5ngar Humlans konstn\u00e4rssj\u00e4l. H\u00e4r har h\u00e4sttjejerna faktiskt h\u00e4sthuvud, och den psykiskt sjuka fasterns konstn\u00e4rskap ger relief \u00e5t Humlans tillvaro i ett text- och bildsamarbete som bjuder p\u00e5 vr\u00e5lskratt och hj\u00e4rtenyp.<\/p><\/blockquote>\n<p>Boken kan l\u00e5nas p\u00e5 Vaski-biblioteken, <a href=\"https:\/\/vaski.finna.fi\/Record\/vaski.4050438\">l\u00e4nken till bokens sida p\u00e5 Vaski-databasen<\/a>.<\/p>\n<p>\u00c5rets vinnare.<\/p>\n<h2>Alma Th\u00f6rn: Alltid hejd\u00e5 (Galago)<\/h2>\n<blockquote><p>Alma Th\u00f6rns sj\u00e4lvbiografiska debut handlar om att l\u00e4ngta hem innan man farit, tvingas v\u00e4lja mellan m\u00e4nniskor man \u00e4lskar och om att alltid beh\u00f6va s\u00e4ga hejd\u00e5. Med bildber\u00e4ttelsens medel f\u00e5ngas lyh\u00f6rt k\u00e4nslan av heml\u00e4ngtan och otillr\u00e4cklighet \u00f6ver generationsgr\u00e4nserna. En tolv\u00e5rig Alma slits mellan sin mamma och pappa, likt hennes mamma gjorde trettio \u00e5r tidigare. Gr\u00e5skala och sepia g\u00e5r omlott f\u00f6r att markera de tidslager som \u00e5terges med fullst\u00e4ndig tontr\u00e4ff. Alltid hejd\u00e5 \u00e4r en serieroman sedd genom barnets \u00f6gon som sk\u00e4r i hj\u00e4rtat och ger en varm kram p\u00e5 samma g\u00e5ng.<\/p><\/blockquote>\n<p>Boken kan l\u00e5nas p\u00e5 Vaski-biblioteken, <a href=\"https:\/\/vaski.finna.fi\/Record\/vaski.4027335\">kolla bokens tillg\u00e4nglighet p\u00e5 Vaski-databasen<\/a>.<\/p>\n","protected":false},"excerpt":{"rendered":"<p>Sex toppb\u00f6cker fr\u00e5n Sverige B\u00f6ckerna som \u00e4r listade nedan t\u00e4vlade om Augustpriset \u00c5rets svenska barn- och ungdomsbok 2020. Nedan varje verk finns \u00e4ven juryns motiveringar. I juryn f\u00f6r \u00c5rets svenska barn- och ungdomsbok satt Mia \u00d6sterlund (ordf.), Marcus Barbosa Ferreira, Martin Hellstr\u00f6m, Mia Juhlin och Amanda Stenberg. Mera om priset finns p\u00e5 Augustprisets webbsida (www.augustpriset.se). &hellip; <a href=\"https:\/\/blog.edu.turku.fi\/laskunnighet\/material\/barn-och-barnfamiljer\/boktips-enligt-olika-litteraturpriser\/svenska-boktips-nominerade-till-augustpriset-2020\/\" class=\"more-link\">Forts\u00e4tt l\u00e4sa<span class=\"screen-reader-text\"> \u201dSvenska boktips &#8211; nominerade till \u00c5rets svenska barn- och ungdomsbok 2020\u201d<\/span><\/a><\/p>\n","protected":false},"author":2465,"featured_media":0,"parent":1856,"menu_order":0,"comment_status":"closed","ping_status":"closed","template":"","meta":{"footnotes":""},"class_list":["post-497","page","type-page","status-publish","hentry"],"_links":{"self":[{"href":"https:\/\/blog.edu.turku.fi\/laskunnighet\/wp-json\/wp\/v2\/pages\/497","targetHints":{"allow":["GET"]}}],"collection":[{"href":"https:\/\/blog.edu.turku.fi\/laskunnighet\/wp-json\/wp\/v2\/pages"}],"about":[{"href":"https:\/\/blog.edu.turku.fi\/laskunnighet\/wp-json\/wp\/v2\/types\/page"}],"author":[{"embeddable":true,"href":"https:\/\/blog.edu.turku.fi\/laskunnighet\/wp-json\/wp\/v2\/users\/2465"}],"replies":[{"embeddable":true,"href":"https:\/\/blog.edu.turku.fi\/laskunnighet\/wp-json\/wp\/v2\/comments?post=497"}],"version-history":[{"count":8,"href":"https:\/\/blog.edu.turku.fi\/laskunnighet\/wp-json\/wp\/v2\/pages\/497\/revisions"}],"predecessor-version":[{"id":1650,"href":"https:\/\/blog.edu.turku.fi\/laskunnighet\/wp-json\/wp\/v2\/pages\/497\/revisions\/1650"}],"up":[{"embeddable":true,"href":"https:\/\/blog.edu.turku.fi\/laskunnighet\/wp-json\/wp\/v2\/pages\/1856"}],"wp:attachment":[{"href":"https:\/\/blog.edu.turku.fi\/laskunnighet\/wp-json\/wp\/v2\/media?parent=497"}],"curies":[{"name":"wp","href":"https:\/\/api.w.org\/{rel}","templated":true}]}}