{"id":464,"date":"2020-11-24T13:01:53","date_gmt":"2020-11-24T11:01:53","guid":{"rendered":"https:\/\/blog.edu.turku.fi\/laskunnighet\/?page_id=464"},"modified":"2022-05-23T13:09:12","modified_gmt":"2022-05-23T10:09:12","slug":"verksamhetsmodell","status":"publish","type":"page","link":"https:\/\/blog.edu.turku.fi\/laskunnighet\/material\/for-personal\/verksamhetsmodell\/","title":{"rendered":"Verksamhetsmodell: barnboksorientering"},"content":{"rendered":"<h1>Verksamhetsmodell: Rikta dig till l\u00e4sning! -barnboksorientering<\/h1>\n<p>Orienteringsbanan kan laddas ned som pdf-fil nedan.<\/p>\n<ul>\n<li><a href=\"https:\/\/blog.edu.turku.fi\/laskunnighet\/files\/2021\/02\/Skolversion.pdf\" target=\"_blank\" rel=\"noopener noreferrer\">Skolversion<\/a> (inkl. f\u00f6rsta och sista kontroll)<\/li>\n<li><a href=\"https:\/\/blog.edu.turku.fi\/laskunnighet\/files\/2021\/06\/Barnboksorientering-med-havsmotiv.pdf\" target=\"_blank\" rel=\"noopener\">Barnboksorientering med havsmotiv<\/a> (inkl. f\u00f6rsta och sista kontroll)<\/li>\n<li><a href=\"https:\/\/blog.edu.turku.fi\/laskunnighet\/files\/2021\/09\/Barnboksorientering-om-vanskap.pdf\" target=\"_blank\" rel=\"noopener\">Barnboksorientering om v\u00e4nskap<\/a> (inkl. f\u00f6rsta och sista kontroll)<\/li>\n<li><a href=\"https:\/\/blog.edu.turku.fi\/laskunnighet\/files\/2021\/06\/Barnboksorientering-med-\u00b4action\u00b4-som-motiv.pdf\" target=\"_blank\" rel=\"noopener\">Barnboksorientering med action som motiv<\/a> (inkl. f\u00f6rsta och sista kontroll)<\/li>\n<li><a href=\"https:\/\/blog.edu.turku.fi\/laskunnighet\/files\/2021\/09\/Barnboksorientering-om-familj.pdf\" target=\"_blank\" rel=\"noopener\">Barnboksorientering om familj<\/a> (inkl. f\u00f6rsta och sista kontroll)<\/li>\n<li><a href=\"https:\/\/blog.edu.turku.fi\/laskunnighet\/files\/2021\/06\/Barnboksorientering-for-utskrift.pdf\">Barnboksorientering p\u00e5 sommar 2021<\/a> (inkl. f\u00f6rsta och sista kontroll)<\/li>\n<li><a href=\"https:\/\/blog.edu.turku.fi\/laskunnighet\/files\/2022\/05\/Bokorientering.pdf\" target=\"_blank\" rel=\"noopener\">Kompisdeckarna -bokorientering p\u00e5 v\u00e5ren 2022<\/a><\/li>\n<\/ul>\n<p><a href=\"https:\/\/blog.edu.turku.fi\/lukutaito\/kasvatus-ja-opetushenkilokunnalle\/toimintamalli-lastenkirjasuunnistus\/\">Kontrollerna p\u00e5 finska finns p\u00e5 projektets finskspr\u00e5kiga webbsida Suuntaa lukemiseen!.<\/a><\/p>\n","protected":false},"excerpt":{"rendered":"<p>Verksamhetsmodell: Rikta dig till l\u00e4sning! -barnboksorientering Orienteringsbanan kan laddas ned som pdf-fil nedan. Skolversion (inkl. f\u00f6rsta och sista kontroll) Barnboksorientering med havsmotiv (inkl. f\u00f6rsta och sista kontroll) Barnboksorientering om v\u00e4nskap (inkl. f\u00f6rsta och sista kontroll) Barnboksorientering med action som motiv (inkl. f\u00f6rsta och sista kontroll) Barnboksorientering om familj (inkl. f\u00f6rsta och sista kontroll) Barnboksorientering p\u00e5 &hellip; <a href=\"https:\/\/blog.edu.turku.fi\/laskunnighet\/material\/for-personal\/verksamhetsmodell\/\" class=\"more-link\">Forts\u00e4tt l\u00e4sa<span class=\"screen-reader-text\"> \u201dVerksamhetsmodell: barnboksorientering\u201d<\/span><\/a><\/p>\n","protected":false},"author":2465,"featured_media":0,"parent":26,"menu_order":0,"comment_status":"closed","ping_status":"closed","template":"","meta":{"footnotes":""},"class_list":["post-464","page","type-page","status-publish","hentry"],"_links":{"self":[{"href":"https:\/\/blog.edu.turku.fi\/laskunnighet\/wp-json\/wp\/v2\/pages\/464","targetHints":{"allow":["GET"]}}],"collection":[{"href":"https:\/\/blog.edu.turku.fi\/laskunnighet\/wp-json\/wp\/v2\/pages"}],"about":[{"href":"https:\/\/blog.edu.turku.fi\/laskunnighet\/wp-json\/wp\/v2\/types\/page"}],"author":[{"embeddable":true,"href":"https:\/\/blog.edu.turku.fi\/laskunnighet\/wp-json\/wp\/v2\/users\/2465"}],"replies":[{"embeddable":true,"href":"https:\/\/blog.edu.turku.fi\/laskunnighet\/wp-json\/wp\/v2\/comments?post=464"}],"version-history":[{"count":34,"href":"https:\/\/blog.edu.turku.fi\/laskunnighet\/wp-json\/wp\/v2\/pages\/464\/revisions"}],"predecessor-version":[{"id":1834,"href":"https:\/\/blog.edu.turku.fi\/laskunnighet\/wp-json\/wp\/v2\/pages\/464\/revisions\/1834"}],"up":[{"embeddable":true,"href":"https:\/\/blog.edu.turku.fi\/laskunnighet\/wp-json\/wp\/v2\/pages\/26"}],"wp:attachment":[{"href":"https:\/\/blog.edu.turku.fi\/laskunnighet\/wp-json\/wp\/v2\/media?parent=464"}],"curies":[{"name":"wp","href":"https:\/\/api.w.org\/{rel}","templated":true}]}}