{"id":433,"date":"2020-11-23T08:43:46","date_gmt":"2020-11-23T06:43:46","guid":{"rendered":"https:\/\/blog.edu.turku.fi\/laskunnighet\/?page_id=433"},"modified":"2022-05-30T09:02:52","modified_gmt":"2022-05-30T06:02:52","slug":"boktips-kring-jul","status":"publish","type":"page","link":"https:\/\/blog.edu.turku.fi\/laskunnighet\/material\/barn-och-barnfamiljer\/boktips-kring-jul\/","title":{"rendered":"Boktips kring jul"},"content":{"rendered":"<h1>Dags att v\u00e4nda bladet mot julen!<\/h1>\n<p>Nedan finns en lista \u00f6ver juliga b\u00f6cker samt l\u00e4nkar till b\u00f6ckernas sidor p\u00e5 Vaski-databasen. H\u00e4r tipsas det \u00e4ven om andra sidorna, t.ex. bokbloggar, d\u00e4r det finns mera juliga boktips!<\/p>\n<hr \/>\n<h2>Kalenderb\u00f6cker i f\u00f6rv\u00e4ntan av julen<\/h2>\n<p>Kalenderb\u00f6cker kallas \u00e4ven f\u00f6r adventsbok eller julbok.<\/p>\n<p>Kalenderb\u00f6ckerna passar mer \u00e4n bra f\u00f6r de som ot\u00e5ligt v\u00e4ntar p\u00e5 julen! Oftast best\u00e5r adventsb\u00f6cker av cirka 24 kapitel &#8211; ett kapitel per dag fram till julafton!<\/p>\n<h3>Jul i Stora Skogen av Ulf Stark och Eva Eriksson (2012)<\/h3>\n<blockquote><p>Det \u00e4r 1 december, den m\u00e5nad d\u00e5 barnen r\u00e4knar dagarna till julafton. Men det vet inte Vrese, den ilskna gamla g\u00e5rdstomten, eller Nina och Kain, kaninbarnen, som bor med sin talrika sl\u00e4kt i Stora Skogen. \u00c4n mindre vet de att de f\u00f6r f\u00f6rsta g\u00e5ngen ska fira jul eller att tomten ska komma. (Vaski-databas)<\/p><\/blockquote>\n<p>Verket \u00e4r en julsaga i 25 avsnitt som kan l\u00e4sas varje decemberdag fram till juldagen. Bibliotekarierna Miitu Makkonen och Marianne Saarenp\u00e4\u00e4 fr\u00e5n barnens zon Saga i \u00c5bo stadsbibliotek rekommenderar!<\/p>\n<p><a href=\"https:\/\/vaski.finna.fi\/Record\/vaski.2771576?lng=sv\">L\u00e4nken till bokens sida p\u00e5 Vaski-databasen<\/a><\/p>\n<h3>I v\u00e4ntan p\u00e5 julen av Ulf Nilsson, Alexander Jansson (ill.), Anna Sandler (ill.), Katarina Str\u00f6mg\u00e5rd (ill.) och Emma Ganslandt (ill.) (2019)<\/h3>\n<p>En fantastisk julbok som inneh\u00e5ller fyra ber\u00e4ttelser f\u00f6r varje adventss\u00f6ndag \u00e4nda fram till jul.<\/p>\n<p>Ber\u00e4ttelserna f\u00f6ljer l\u00e4saren genom hela december och \u00e4nda fram till julafton. En mysig h\u00f6gl\u00e4sningsbok f\u00f6r hela familjen!<\/p>\n<p><a href=\"https:\/\/vaski.finna.fi\/Record\/vaski.3982289\">L\u00e4nken till bokens sida p\u00e5 Vaski-databasen<\/a><\/p>\n<h3>Mera om kalenderb\u00f6cker finns p\u00e5:<\/h3>\n<ul>\n<li><a href=\"https:\/\/gullislastips.weebly.com\/bokrecensioner\/bokema-adventsbocker-med-24-kapitel\">Gullis l\u00e4stips<\/a><\/li>\n<li><a href=\"https:\/\/snowglitterbooks.com\/index.php\/2020\/11\/22\/julkalenderbocker\/\">Snowglitter &#8211; En blogg om b\u00f6cker<\/a><\/li>\n<li><a href=\"https:\/\/barnensboktips.se\/tag\/adventsbok\/\">Barnens boktips<\/a><\/li>\n<li><a href=\"http:\/\/www.barnboksbloggen.se\/?cat=108\">Barnboksbloggen<\/a><\/li>\n<\/ul>\n<p><a href=\"https:\/\/blog.edu.turku.fi\/laskunnighet\/files\/2020\/11\/Punarinta-tonttulakilla-e1606214868245.png\"><img loading=\"lazy\" decoding=\"async\" class=\"alignnone wp-image-439 size-medium\" src=\"https:\/\/blog.edu.turku.fi\/laskunnighet\/files\/2020\/11\/Punarinta-tonttulakilla-e1606215112211-222x300.png\" alt=\"\" width=\"222\" height=\"300\" srcset=\"https:\/\/blog.edu.turku.fi\/laskunnighet\/files\/2020\/11\/Punarinta-tonttulakilla-e1606215112211-222x300.png 222w, https:\/\/blog.edu.turku.fi\/laskunnighet\/files\/2020\/11\/Punarinta-tonttulakilla-e1606215112211.png 380w\" sizes=\"auto, (max-width: 222px) 85vw, 222px\" \/><\/a><\/p>\n<hr \/>\n<h2>Julst\u00e4mning i form av dikt och rim<\/h2>\n<p>H\u00e4mta julst\u00e4ming i diktform!<\/p>\n<h3 class=\"record-title hidden-xs\">Drutten och Plutten firar jul<\/h3>\n<blockquote><p>Drutten och Plutten h\u00e5ller n\u00e4stan p\u00e5 att missa julafton! Som tur \u00e4r uppt\u00e4cker de det i sista sekund, men det \u00e4r mycket som ska ordnas, gran, mat och julkalppar. (Vaski-databas)<\/p><\/blockquote>\n<p>Boken \u00e4r riktad till barn 3-8 \u00e5ldern och den \u00e4r skriven med rim.<\/p>\n<p><a href=\"https:\/\/vaski.finna.fi\/Record\/vaski.3070291\">L\u00e4nken till bokens sida p\u00e5 Vaski-databasen<\/a><\/p>\n<hr \/>\n<h2>Juliga \u00e4ventyr och g\u00e5tor<\/h2>\n<h3>Miljoner biljoner julgubbar av Hiroko Motai, Marika Maijala (ill.) och Hannele Mikaela Taivassalo (\u00f6vers.) (2014)<\/h3>\n<blockquote><p>F\u00f6r l\u00e4nge sedan fanns det bara en julgubbe i hela v\u00e4rlden. P\u00e5 den tiden var m\u00e4nniskorna och barnen f\u00e5, s\u00e5 julgubben hann dela ut presenter till alla barn under en natt. Men ju flera barn det f\u00f6ddes desto flera hem skulle julgubben hinna till. S\u00e4cken med klappar blev allt tyngre och renarna beh\u00f6vde vila, s\u00e5 julgubben bad om att f\u00e5 f\u00f6rvandlas till tv\u00e5. De tv\u00e5 julgubbarna var h\u00e4lften mindre men klarade av utdelningen dubbelt s\u00e5 snabbt som en. Snart r\u00e4ckte det inte med tv\u00e5, utan gubbarna blev fler och fler och mindre och mindre tills de var en miljon biljon. (Vaski-databas)<\/p><\/blockquote>\n<p>Miitu Makkonen och Marianne Saarenp\u00e4\u00e4, bibliotekarier p\u00e5 barnens zon Saga i \u00c5bo stadsbibliotek, rekommenderar.<\/p>\n<p><a href=\"https:\/\/vaski.finna.fi\/Record\/vaski.2983409\">L\u00e4nken till bokens sida p\u00e5 Vaski-databasen<\/a><\/p>\n<h3>Det \u00f6verraskande julkortet av Annette Amrhein, Sabine Straub (ill.) och Jesper Festin (\u00f6vers.) (2020)<\/h3>\n<blockquote><p>Julen st\u00e5r f\u00f6r d\u00f6rren och den lille tv\u00e4ttbj\u00f6rnen Puck ser l\u00e4ngtansfullt efter f\u00e5glarna som flyger ut med julposten. Han vill s\u00e5 g\u00e4rna f\u00e5 ett alldeles eget julkort, ett som bara \u00e4r till honom, ett som det st\u00e5r Puck p\u00e5. I en annan del av skogen best\u00e4mmer sig morbror Morrh\u00e5r f\u00f6r att l\u00e5ta Pucks \u00f6nskan g\u00e5 i uppfyllelse. Han skriver ett kort, men f\u00e5geln som tar det i sin n\u00e4bb \u00e4r mycket liten och kortet tungt. Kommer den lilla f\u00e5geln att lyckas ta sig fram till Puck innan jul? (Vaski-databas)<\/p><\/blockquote>\n<p>Rekommendation av bibliotekarierna Miitu Makkonen och Marianne Saarenp\u00e4\u00e4 fr\u00e5n barnens zon Saga i \u00c5bo stadsbibliotek!<\/p>\n<p><a href=\"https:\/\/vaski.finna.fi\/Record\/vaski.4101627\">L\u00e4nken till bokens sida p\u00e5 Vaski-databasen<\/a><\/p>\n<hr \/>\n<h4>Fridfulla och juliga l\u00e4sestunder!<\/h4>\n<p><a href=\"https:\/\/blog.edu.turku.fi\/laskunnighet\/files\/2020\/11\/punarinnat-tonttulakeilla.png\"><img loading=\"lazy\" decoding=\"async\" class=\"wp-image-442 size-medium alignnone\" src=\"https:\/\/blog.edu.turku.fi\/laskunnighet\/files\/2020\/11\/punarinnat-tonttulakeilla-300x297.png\" alt=\"\" width=\"300\" height=\"297\" srcset=\"https:\/\/blog.edu.turku.fi\/laskunnighet\/files\/2020\/11\/punarinnat-tonttulakeilla-300x297.png 300w, https:\/\/blog.edu.turku.fi\/laskunnighet\/files\/2020\/11\/punarinnat-tonttulakeilla-150x150.png 150w, https:\/\/blog.edu.turku.fi\/laskunnighet\/files\/2020\/11\/punarinnat-tonttulakeilla.png 654w\" sizes=\"auto, (max-width: 300px) 85vw, 300px\" \/><\/a><\/p>\n<p>PS Mera juliga b\u00f6cker f\u00f6r barn och unga hittas p\u00e5 <a href=\"https:\/\/vaski.finna.fi\/Search\/Results?filter%5B%5D=%7Ebuilding_sub_str_mv%3A%222%22&amp;filter%5B%5D=%7Eformat%3A%220%2FBook%2F%22&amp;dfApplied=1&amp;lookfor=%22jul%22&amp;type=Subject&amp;sort=main_date_str+desc\">Vaski-databasen med s\u00f6kord &#8221;jul&#8221;<\/a>.<\/p>\n","protected":false},"excerpt":{"rendered":"<p>Dags att v\u00e4nda bladet mot julen! Nedan finns en lista \u00f6ver juliga b\u00f6cker samt l\u00e4nkar till b\u00f6ckernas sidor p\u00e5 Vaski-databasen. H\u00e4r tipsas det \u00e4ven om andra sidorna, t.ex. bokbloggar, d\u00e4r det finns mera juliga boktips! Kalenderb\u00f6cker i f\u00f6rv\u00e4ntan av julen Kalenderb\u00f6cker kallas \u00e4ven f\u00f6r adventsbok eller julbok. Kalenderb\u00f6ckerna passar mer \u00e4n bra f\u00f6r de som &hellip; <a href=\"https:\/\/blog.edu.turku.fi\/laskunnighet\/material\/barn-och-barnfamiljer\/boktips-kring-jul\/\" class=\"more-link\">Forts\u00e4tt l\u00e4sa<span class=\"screen-reader-text\"> \u201dBoktips kring jul\u201d<\/span><\/a><\/p>\n","protected":false},"author":2465,"featured_media":0,"parent":1587,"menu_order":0,"comment_status":"closed","ping_status":"closed","template":"","meta":{"footnotes":""},"class_list":["post-433","page","type-page","status-publish","hentry"],"_links":{"self":[{"href":"https:\/\/blog.edu.turku.fi\/laskunnighet\/wp-json\/wp\/v2\/pages\/433","targetHints":{"allow":["GET"]}}],"collection":[{"href":"https:\/\/blog.edu.turku.fi\/laskunnighet\/wp-json\/wp\/v2\/pages"}],"about":[{"href":"https:\/\/blog.edu.turku.fi\/laskunnighet\/wp-json\/wp\/v2\/types\/page"}],"author":[{"embeddable":true,"href":"https:\/\/blog.edu.turku.fi\/laskunnighet\/wp-json\/wp\/v2\/users\/2465"}],"replies":[{"embeddable":true,"href":"https:\/\/blog.edu.turku.fi\/laskunnighet\/wp-json\/wp\/v2\/comments?post=433"}],"version-history":[{"count":7,"href":"https:\/\/blog.edu.turku.fi\/laskunnighet\/wp-json\/wp\/v2\/pages\/433\/revisions"}],"predecessor-version":[{"id":463,"href":"https:\/\/blog.edu.turku.fi\/laskunnighet\/wp-json\/wp\/v2\/pages\/433\/revisions\/463"}],"up":[{"embeddable":true,"href":"https:\/\/blog.edu.turku.fi\/laskunnighet\/wp-json\/wp\/v2\/pages\/1587"}],"wp:attachment":[{"href":"https:\/\/blog.edu.turku.fi\/laskunnighet\/wp-json\/wp\/v2\/media?parent=433"}],"curies":[{"name":"wp","href":"https:\/\/api.w.org\/{rel}","templated":true}]}}