{"id":317,"date":"2020-11-12T08:17:16","date_gmt":"2020-11-12T06:17:16","guid":{"rendered":"https:\/\/blog.edu.turku.fi\/laskunnighet\/?page_id=317"},"modified":"2022-05-30T08:58:36","modified_gmt":"2022-05-30T05:58:36","slug":"vardberget","status":"publish","type":"page","link":"https:\/\/blog.edu.turku.fi\/laskunnighet\/material\/barn-och-barnfamiljer\/barnboksorientering\/vardberget\/","title":{"rendered":"V\u00e5rdberget"},"content":{"rendered":"<h1>Tema i V\u00e5rdberget: V\u00c4NSKAP<\/h1>\n<p>B\u00f6ckerna \u00e4r listade enligt genre i slumpm\u00e4ssig ordning.<\/p>\n<h2>Bilderbok<\/h2>\n<ul>\n<li>Tove Appelgren, Salla Savolainen (ill.): Vesta-Linnea och v\u00e4nnerna (2019)\n<ul>\n<li><a href=\"https:\/\/vaski.finna.fi\/Record\/vaski.3840329\">L\u00e4nken till bokens sida i Vaski-databas<\/a><\/li>\n<\/ul>\n<\/li>\n<li>Tove Appelgren, Salla Savolainen (ill.), Tittamari Marttinen (\u00f6vers.): Vesta-Linnea ja kaverit (2019)\n<ul>\n<li><a href=\"https:\/\/vaski.finna.fi\/Record\/vaski.3821966\">L\u00e4nken till bokens sida i Vaski-databas<\/a><\/li>\n<\/ul>\n<\/li>\n<\/ul>\n<h2>Deckare<\/h2>\n<ul>\n<li>Lars M\u00e6hle, Odd Henning Skyllingstad (ill.), Karin Johansson (\u00f6vers.): Vart tog alla strumpor v\u00e4gen?\n<ul>\n<li><a href=\"https:\/\/vaski.finna.fi\/Record\/vaski.3902448\">L\u00e4nken till bokens sida i Vaski-databas<\/a><\/li>\n<\/ul>\n<\/li>\n<li>Lars M\u00e6hle, Odd Henning Skyllingstad (ill.), Eeva-Liisa Nyqvist (\u00f6vers.): Kadonneiden sukkien arvoitus (2018)\n<ul>\n<li><a href=\"https:\/\/vaski.finna.fi\/Record\/vaski.3742608\">L\u00e4nken till bokens sida i Vaski-databas<\/a><\/li>\n<\/ul>\n<\/li>\n<\/ul>\n<h2>K\u00e4nslobok<\/h2>\n<ul>\n<li>Felicity Brooks, Frankie Allen, Mar Ferrero (ill.), Sara Jonasson (\u00f6vers.): Allt om k\u00e4nslor (2019)\n<ul>\n<li><a href=\"https:\/\/vaski.finna.fi\/Record\/vaski.4019501\">L\u00e4nken till bokens sida i Vaski-databas<\/a><\/li>\n<\/ul>\n<\/li>\n<li>Paula Noronen, Terese Bast (ill.): Supermarsun kirja tunteista (2020)\n<ul>\n<li><a href=\"https:\/\/vaski.finna.fi\/Record\/vaski.4052397\">L\u00e4nken till bokens sida i Vaski-databas<\/a><\/li>\n<\/ul>\n<\/li>\n<\/ul>\n<h2>Klassiker<\/h2>\n<ul>\n<li>Janosch, Gun-Britt Sundstr\u00f6m (\u00f6vers.): Lilla Tiger p\u00e5 villov\u00e4gar \u2013 Ber\u00e4ttelsen om n\u00e4r lill Tiger en vacker dag inte kom hem (1988)\n<ul>\n<li><a href=\"https:\/\/vaski.finna.fi\/Record\/vaski.91980\">L\u00e4nken till bokens sida i Vaski-databas<\/a><\/li>\n<\/ul>\n<\/li>\n<li>Janosch, Riitta M\u00e4yr\u00e4l\u00e4 (\u00f6vers.): Suuri Panamakirja (2004)\n<ul>\n<li><a href=\"https:\/\/vaski.finna.fi\/Record\/vaski.430459\">L\u00e4nken till bokens sida i Vaski-databas<\/a><\/li>\n<\/ul>\n<\/li>\n<\/ul>\n<h2>Faktabok<\/h2>\n<ul>\n<li>Christine A. Adams, R.W. Alley (ill.), Sara Borneling (\u00f6vers.): Bli en bra kompis: en bok f\u00f6r barn om v\u00e4nskap (2006)\n<ul>\n<li><a href=\"https:\/\/vaski.finna.fi\/Record\/vaski.490934\">L\u00e4nken till bokens sida i Vaski-databas<\/a><\/li>\n<\/ul>\n<\/li>\n<li>Jennifer Holland, Terhi Vartia (\u00f6vers.): Yll\u00e4tt\u00e4v\u00e4t yst\u00e4vykset: 47 kiehtovaa tarinaa el\u00e4inmaailmasta (2014)\n<ul>\n<li><a href=\"https:\/\/vaski.finna.fi\/Search\/Results?lookfor=yll%C3%A4tt%C3%A4v%C3%A4t+yst%C3%A4vykset&amp;type=AllFields&amp;limit=20\">L\u00e4nken till bokens sida i Vaski-databas<\/a><\/li>\n<\/ul>\n<\/li>\n<\/ul>\n<h2>Serie<\/h2>\n<ul>\n<li>Jujja Wieslander, Sven Nordqvist, Micaela Favilla (ill.): Mamma Mu firar Kr\u00e5kan (2015)\n<ul>\n<li><a href=\"https:\/\/vaski.finna.fi\/Record\/vaski.3087542\">L\u00e4nken till bokens sida i Vaski-databas<\/a><\/li>\n<\/ul>\n<\/li>\n<li>Jujja Wieslander, Sven Nordqvist, Micaela Favilla (ill.), Terhi Leskinen (\u00f6vers.): Mimmi Lehm\u00e4 ja Varis juhlivat (2016)\n<ul>\n<li><a href=\"https:\/\/vaski.finna.fi\/Record\/vaski.3437861\">L\u00e4nken till bokens sida i Vaski-databas<\/a><\/li>\n<\/ul>\n<\/li>\n<\/ul>\n<h2>Dikter och ramsor<\/h2>\n<ul>\n<li>Emma Adb\u00e5ge, Lisen Adb\u00e5ge: Folk: fr\u00e4mlingar och v\u00e4nner \u2013 n\u00e5n du kanske k\u00e4nner! (2019)\n<ul>\n<li><a href=\"https:\/\/vaski.finna.fi\/Record\/vaski.3943556\">L\u00e4nken till bokens sida i Vaski-databas<\/a><\/li>\n<\/ul>\n<\/li>\n<li>Piia Perki\u00f6, Sanna Pelliccioni (ill.): Kiitos! sanoi Leijona \u2013 loruja lasten arjesta (2014)\n<ul>\n<li><a href=\"https:\/\/vaski.finna.fi\/Record\/vaski.2990284\">L\u00e4nken till bokens sida i Vaski-databas<\/a><\/li>\n<\/ul>\n<\/li>\n<\/ul>\n<h2>Godnattsagor<\/h2>\n<ul>\n<li>Timo Parvela, Virpi Talvitie (ill.), Marjut Markkanen (\u00f6vers.): Gungbr\u00e4dan (2010)\n<ul>\n<li><a href=\"https:\/\/vaski.finna.fi\/Record\/vaski.687312\">L\u00e4nken till bokens sida i Vaski-databas<\/a><\/li>\n<\/ul>\n<\/li>\n<li>Timo Parvela, Virpi Talvitie (ill.): Keinulauta (2006)\n<ul>\n<li><a href=\"https:\/\/vaski.finna.fi\/Record\/vaski.470141\">L\u00e4nken till bokens sida i Vaski-databas<\/a><\/li>\n<\/ul>\n<\/li>\n<\/ul>\n<h2>En p\u00e4rla som bok<\/h2>\n<ul>\n<li>Linda Palm, Lisa Sollenberg (ill.): S\u00e4g f\u00f6rl\u00e5t \u2013 en kompisbok f\u00f6r de yngsta (2016)\n<ul>\n<li><a href=\"https:\/\/vaski.finna.fi\/Record\/vaski.687312\">L\u00e4nken till bokens sida i Vaski-databas<\/a><\/li>\n<\/ul>\n<\/li>\n<li>Barry Timms, Raija Rintam\u00e4ki (k\u00e4\u00e4nt.): Saanko anteeksi? (2020)\n<ul>\n<li><a href=\"https:\/\/vaski.finna.fi\/Record\/vaski.4006954\">L\u00e4nken till bokens sida i Vaski-databas<\/a><\/li>\n<\/ul>\n<\/li>\n<\/ul>\n<h2>S\u00f6k och hitta<\/h2>\n<ul>\n<li>Lars Klinting: Castor \u2013 titta och hitta! (2015)\n<ul>\n<li><a href=\"https:\/\/vaski.finna.fi\/Record\/vaski.3114372\">L\u00e4nken till bokens sida i Vaski-databas<\/a><\/li>\n<\/ul>\n<\/li>\n<li>Mauri Kunnas (ill.), Katriina Kauppila: Herra Hakkarainen kyl\u00e4ilee (2018)\n<ul>\n<li><a href=\"https:\/\/vaski.finna.fi\/Record\/vaski.3733036\">L\u00e4nken till bokens sida i Vaski-databas<\/a><\/li>\n<\/ul>\n<\/li>\n<\/ul>\n","protected":false},"excerpt":{"rendered":"<p>Tema i V\u00e5rdberget: V\u00c4NSKAP B\u00f6ckerna \u00e4r listade enligt genre i slumpm\u00e4ssig ordning. Bilderbok Tove Appelgren, Salla Savolainen (ill.): Vesta-Linnea och v\u00e4nnerna (2019) L\u00e4nken till bokens sida i Vaski-databas Tove Appelgren, Salla Savolainen (ill.), Tittamari Marttinen (\u00f6vers.): Vesta-Linnea ja kaverit (2019) L\u00e4nken till bokens sida i Vaski-databas Deckare Lars M\u00e6hle, Odd Henning Skyllingstad (ill.), Karin Johansson &hellip; <a href=\"https:\/\/blog.edu.turku.fi\/laskunnighet\/material\/barn-och-barnfamiljer\/barnboksorientering\/vardberget\/\" class=\"more-link\">Forts\u00e4tt l\u00e4sa<span class=\"screen-reader-text\"> \u201dV\u00e5rdberget\u201d<\/span><\/a><\/p>\n","protected":false},"author":2465,"featured_media":0,"parent":245,"menu_order":0,"comment_status":"closed","ping_status":"closed","template":"","meta":{"footnotes":""},"class_list":["post-317","page","type-page","status-publish","hentry"],"_links":{"self":[{"href":"https:\/\/blog.edu.turku.fi\/laskunnighet\/wp-json\/wp\/v2\/pages\/317","targetHints":{"allow":["GET"]}}],"collection":[{"href":"https:\/\/blog.edu.turku.fi\/laskunnighet\/wp-json\/wp\/v2\/pages"}],"about":[{"href":"https:\/\/blog.edu.turku.fi\/laskunnighet\/wp-json\/wp\/v2\/types\/page"}],"author":[{"embeddable":true,"href":"https:\/\/blog.edu.turku.fi\/laskunnighet\/wp-json\/wp\/v2\/users\/2465"}],"replies":[{"embeddable":true,"href":"https:\/\/blog.edu.turku.fi\/laskunnighet\/wp-json\/wp\/v2\/comments?post=317"}],"version-history":[{"count":6,"href":"https:\/\/blog.edu.turku.fi\/laskunnighet\/wp-json\/wp\/v2\/pages\/317\/revisions"}],"predecessor-version":[{"id":705,"href":"https:\/\/blog.edu.turku.fi\/laskunnighet\/wp-json\/wp\/v2\/pages\/317\/revisions\/705"}],"up":[{"embeddable":true,"href":"https:\/\/blog.edu.turku.fi\/laskunnighet\/wp-json\/wp\/v2\/pages\/245"}],"wp:attachment":[{"href":"https:\/\/blog.edu.turku.fi\/laskunnighet\/wp-json\/wp\/v2\/media?parent=317"}],"curies":[{"name":"wp","href":"https:\/\/api.w.org\/{rel}","templated":true}]}}