{"id":310,"date":"2020-11-12T08:14:53","date_gmt":"2020-11-12T06:14:53","guid":{"rendered":"https:\/\/blog.edu.turku.fi\/laskunnighet\/?page_id=310"},"modified":"2022-05-30T08:58:25","modified_gmt":"2022-05-30T05:58:25","slug":"pansio","status":"publish","type":"page","link":"https:\/\/blog.edu.turku.fi\/laskunnighet\/material\/barn-och-barnfamiljer\/barnboksorientering\/pansio\/","title":{"rendered":"Pansio"},"content":{"rendered":"<h1>Tema i Pansio: V\u00c4RLDEN<\/h1>\n<p>B\u00f6ckerna \u00e4r listade enligt genre i slumpm\u00e4ssig ordning.<\/p>\n<h2>Bilderbok<\/h2>\n<ul>\n<li>Zo\u00eb Tucker, Zoe Persico (ill.), Marie Helleday Ekwurtzel (\u00f6vers.): Greta och j\u00e4ttarna (2020)\n<ul>\n<li><a href=\"https:\/\/vaski.finna.fi\/Record\/vaski.4019491\">L\u00e4nken till bokens sida i Vaski-databas<\/a><\/li>\n<\/ul>\n<\/li>\n<li>Zo\u00eb Tucker, Zoe Persico (ill.), Tuuli-Maaria Rauta (\u00f6vers.): Rohkea tytt\u00f6 ja j\u00e4ttil\u00e4iset: Greta Thunbergin innoittama satu maapallon pelastamisesta (2020)\n<ul>\n<li><a href=\"https:\/\/vaski.finna.fi\/Record\/vaski.4008507\">L\u00e4nken till bokens sida i Vaski-databas<\/a><\/li>\n<\/ul>\n<\/li>\n<\/ul>\n<h2>Deckare<\/h2>\n<ul>\n<li>M\u00e5rten Melin, Jimmy Wallin (ill.): Attack fr\u00e5n yttre rymden (2020)\n<ul>\n<li><a href=\"https:\/\/vaski.finna.fi\/Record\/vaski.4058677\">L\u00e4nken till bokens sida i Vaski-databas<\/a><\/li>\n<\/ul>\n<\/li>\n<li>Timo Parvela, Pasi Pitk\u00e4nen (ill.): Pate ja Blacknessin hirvi\u00f6 (2019)\n<ul>\n<li><a href=\"https:\/\/vaski.finna.fi\/Record\/vaski.3822458\">L\u00e4nken till bokens sida i Vaski-databas<\/a><\/li>\n<\/ul>\n<\/li>\n<\/ul>\n<h2>K\u00e4nslobok<\/h2>\n<ul>\n<li>Marie-Louise Gay, Horst Schr\u00f6der (\u00f6vers.): Caramba (2017)\n<ul>\n<li><a href=\"https:\/\/vaski.finna.fi\/Record\/vaski.3613878\">L\u00e4nken till bokens sida i Vaski-databas<\/a><\/li>\n<\/ul>\n<\/li>\n<li>Petri Tamminen, Valpuri Kerttula (ill.): Kun kohtaat avaruusolennon: viisi t\u00e4rke\u00e4\u00e4 ohjetta (2019)\n<ul>\n<li><a href=\"https:\/\/vaski.finna.fi\/Record\/vaski.3830182\">L\u00e4nken till bokens sida i Vaski-databas<\/a><\/li>\n<\/ul>\n<\/li>\n<\/ul>\n<h2>Klassiker<\/h2>\n<ul>\n<li>Antoine de Saint-Exup\u00e9ry, Gunvor Bang (\u00f6vers.): Lille prinsen (1993)\n<ul>\n<li><a href=\"https:\/\/vaski.finna.fi\/Record\/vaski.82267\">L\u00e4nken till bokens sida i Vaski-databas<\/a><\/li>\n<\/ul>\n<\/li>\n<li>Antoine de Saint-Exup\u00e9ry, Irma Packal\u00e9n (\u00f6vers.): Pikku prinssi (2013)\n<ul>\n<li><a href=\"https:\/\/vaski.finna.fi\/Record\/vaski.2870695\">L\u00e4nken till bokens sida i Vaski-databas<\/a><\/li>\n<\/ul>\n<\/li>\n<\/ul>\n<h2>Faktabok<\/h2>\n<ul>\n<li>Tim Marshall, Grace Easton (ill.), Jessica Smith (ill.), Emily Hawkins (red.), Pippa Crane (red.), Niklas Darke (\u00f6vers.): Geografins makt: 12 enkla kartor som f\u00f6rklarar v\u00e4rlden (2020)\n<ul>\n<li><a href=\"https:\/\/vaski.finna.fi\/Record\/vaski.4003784\">L\u00e4nken till bokens sida i Vaski-databas<\/a><\/li>\n<\/ul>\n<\/li>\n<li>Tim Marshall, Grace Easton (ill.), Jessica Smith (ill.), Emily Hawkins (red.), Pippa Crane (red.), Jaana Iso-Markku (\u00f6vers.): Maapallo hallussa: karttoja, jotka kertovat kaiken meist\u00e4 ja maailmasta (2020)\n<ul>\n<li><a href=\"https:\/\/vaski.finna.fi\/Record\/vaski.4000380\">L\u00e4nken till bokens sida i Vaski-databas<\/a><\/li>\n<\/ul>\n<\/li>\n<\/ul>\n<h2>Serie<\/h2>\n<ul>\n<li>Aino Havukainen, Sami Toivonen, Janina Orlov (\u00f6vers.): Det h\u00e4r \u00e4r Finland (2017)\n<ul>\n<li><a href=\"https:\/\/vaski.finna.fi\/Record\/vaski.3592842\">L\u00e4nken till bokens sida i Vaski-databas<\/a><\/li>\n<\/ul>\n<\/li>\n<li>Aino Havukainen, Sami Toivonen: Tatun ja Patun p\u00e4ivitetty Suomi (2017)\n<ul>\n<li><a href=\"https:\/\/vaski.finna.fi\/Record\/vaski.3533412\">L\u00e4nken till bokens sida i Vaski-databas<\/a><\/li>\n<\/ul>\n<\/li>\n<\/ul>\n<h2>Dikter och ramsor<\/h2>\n<ul>\n<li>Anders Holmer: Allting h\u00e4nder! (2017)\n<ul>\n<li><a href=\"https:\/\/vaski.finna.fi\/Record\/vaski.3573364\">L\u00e4nken till bokens sida i Vaski-databas<\/a><\/li>\n<\/ul>\n<\/li>\n<li>Tuulia Aho, Aino-Maija Metsola (ill.): T\u00e4htienlaskijan runoja (2014)\n<ul>\n<li><a href=\"https:\/\/vaski.finna.fi\/Record\/vaski.2985331\">L\u00e4nken till bokens sida i Vaski-databas<\/a><\/li>\n<\/ul>\n<\/li>\n<\/ul>\n<h2>Godnattsagor<\/h2>\n<ul>\n<li>Jimmy Liao, Anna Gustafsson Chen (\u00f6vers.): N\u00e4r m\u00e5nen gl\u00f6mde (2019)\n<ul>\n<li><a href=\"https:\/\/vaski.finna.fi\/Record\/vaski.3886726\">L\u00e4nken till bokens sida i Vaski-databas<\/a><\/li>\n<\/ul>\n<\/li>\n<li>Hannele Huovi, Jukka Lemmetty (ill.): Urpo ja Turpo avaruudessa (2011)\n<ul>\n<li><a href=\"https:\/\/vaski.finna.fi\/Record\/vaski.699982\">L\u00e4nken till bokens sida i Vaski-databas<\/a><\/li>\n<\/ul>\n<\/li>\n<\/ul>\n<h2>En p\u00e4rla som bok<\/h2>\n<ul>\n<li>Jenny Vargensten (\u00f6vers.), Ronan Badel (ill.), Lars-\u00c5ke Janzon (faktagranskare), Hanna-Stina Martisson-Ahlz\u00e9n (faktagranskare): F\u00f6rsta forskarboken: fakta om livet p\u00e5 jorden (2012)\n<ul>\n<li><a href=\"https:\/\/vaski.finna.fi\/Record\/vaski.2738769\">L\u00e4nken till bokens sida i Vaski-databas<\/a><\/li>\n<\/ul>\n<\/li>\n<li>Laura Ertimo, Satu Kontinen (ill.): Vesi: kirja maailman t\u00e4rkeimm\u00e4st\u00e4 aineesta (2017)\n<ul>\n<li><a href=\"https:\/\/vaski.finna.fi\/Record\/vaski.3534558\">L\u00e4nken till bokens sida i Vaski-databas<\/a><\/li>\n<\/ul>\n<\/li>\n<\/ul>\n<h2>S\u00f6k och hitta<\/h2>\n<ul>\n<li>Anna Ribbing, Mia Nilsson (ill.): Stora bildordboken (2013)\n<ul>\n<li><a href=\"https:\/\/vaski.finna.fi\/Record\/vaski.2887501\">L\u00e4nken till bokens sida i Vaski-databas<\/a><\/li>\n<\/ul>\n<\/li>\n<li>Tom Schamp, Oona Juutinen (\u00f6vers.): Suurin ja kivoin kuvasanakirja (2019)\n<ul>\n<li><a href=\"https:\/\/vaski.finna.fi\/Record\/vaski.3882903\">L\u00e4nken till bokens sida i Vaski-databas<\/a><\/li>\n<\/ul>\n<\/li>\n<\/ul>\n","protected":false},"excerpt":{"rendered":"<p>Tema i Pansio: V\u00c4RLDEN B\u00f6ckerna \u00e4r listade enligt genre i slumpm\u00e4ssig ordning. Bilderbok Zo\u00eb Tucker, Zoe Persico (ill.), Marie Helleday Ekwurtzel (\u00f6vers.): Greta och j\u00e4ttarna (2020) L\u00e4nken till bokens sida i Vaski-databas Zo\u00eb Tucker, Zoe Persico (ill.), Tuuli-Maaria Rauta (\u00f6vers.): Rohkea tytt\u00f6 ja j\u00e4ttil\u00e4iset: Greta Thunbergin innoittama satu maapallon pelastamisesta (2020) L\u00e4nken till bokens sida &hellip; <a href=\"https:\/\/blog.edu.turku.fi\/laskunnighet\/material\/barn-och-barnfamiljer\/barnboksorientering\/pansio\/\" class=\"more-link\">Forts\u00e4tt l\u00e4sa<span class=\"screen-reader-text\"> \u201dPansio\u201d<\/span><\/a><\/p>\n","protected":false},"author":2465,"featured_media":0,"parent":245,"menu_order":0,"comment_status":"closed","ping_status":"closed","template":"","meta":{"footnotes":""},"class_list":["post-310","page","type-page","status-publish","hentry"],"_links":{"self":[{"href":"https:\/\/blog.edu.turku.fi\/laskunnighet\/wp-json\/wp\/v2\/pages\/310","targetHints":{"allow":["GET"]}}],"collection":[{"href":"https:\/\/blog.edu.turku.fi\/laskunnighet\/wp-json\/wp\/v2\/pages"}],"about":[{"href":"https:\/\/blog.edu.turku.fi\/laskunnighet\/wp-json\/wp\/v2\/types\/page"}],"author":[{"embeddable":true,"href":"https:\/\/blog.edu.turku.fi\/laskunnighet\/wp-json\/wp\/v2\/users\/2465"}],"replies":[{"embeddable":true,"href":"https:\/\/blog.edu.turku.fi\/laskunnighet\/wp-json\/wp\/v2\/comments?post=310"}],"version-history":[{"count":5,"href":"https:\/\/blog.edu.turku.fi\/laskunnighet\/wp-json\/wp\/v2\/pages\/310\/revisions"}],"predecessor-version":[{"id":341,"href":"https:\/\/blog.edu.turku.fi\/laskunnighet\/wp-json\/wp\/v2\/pages\/310\/revisions\/341"}],"up":[{"embeddable":true,"href":"https:\/\/blog.edu.turku.fi\/laskunnighet\/wp-json\/wp\/v2\/pages\/245"}],"wp:attachment":[{"href":"https:\/\/blog.edu.turku.fi\/laskunnighet\/wp-json\/wp\/v2\/media?parent=310"}],"curies":[{"name":"wp","href":"https:\/\/api.w.org\/{rel}","templated":true}]}}