{"id":308,"date":"2020-11-12T08:14:22","date_gmt":"2020-11-12T06:14:22","guid":{"rendered":"https:\/\/blog.edu.turku.fi\/laskunnighet\/?page_id=308"},"modified":"2022-05-30T08:58:19","modified_gmt":"2022-05-30T05:58:19","slug":"laustis","status":"publish","type":"page","link":"https:\/\/blog.edu.turku.fi\/laskunnighet\/material\/barn-och-barnfamiljer\/barnboksorientering\/laustis\/","title":{"rendered":"Laustis"},"content":{"rendered":"<h1>Tema i Laustis: FAMILJ<\/h1>\n<p>B\u00f6ckerna \u00e4r listade enligt genre i slumpm\u00e4ssig ordning.<\/p>\n<h2>Bilderbok<\/h2>\n<ul>\n<li>S\u00f6ren Olsson, Anders Jacobsson, Eva Lind\u00e9n (ill.): H\u00e5kan Br\u00e5kan och bebismysteriet (2004)\n<ul>\n<li><a href=\"https:\/\/vaski.finna.fi\/Record\/vaski.434106\">L\u00e4nken till bokens sida i Vaski-databas<\/a><\/li>\n<\/ul>\n<\/li>\n<li>Riina Katajavuori, Riikka Toivanen, Maiju Tokola, Christel R\u00f6nns (ill.): Meid\u00e4n pihan perhesoppa (2015)\n<ul>\n<li><a href=\"https:\/\/vaski.finna.fi\/Record\/vaski.3105828\">L\u00e4nken till bokens sida i Vaski-databas<\/a><\/li>\n<\/ul>\n<\/li>\n<\/ul>\n<h2>Deckare<\/h2>\n<ul>\n<li>Siri Kolu, Camilla Frostell (\u00f6vers.): N\u00e4r jag blev stulen andra veckan i juni (2013)\n<ul>\n<li><a href=\"https:\/\/vaski.finna.fi\/Record\/vaski.2838401\">L\u00e4nken till bokens sida i Vaski-databas<\/a><\/li>\n<\/ul>\n<\/li>\n<li>Siri Kolu: Me Rosvolat (2010)\n<ul>\n<li><a href=\"https:\/\/vaski.finna.fi\/Record\/vaski.660621\">L\u00e4nken till bokens sida i Vaski-databas<\/a><\/li>\n<\/ul>\n<\/li>\n<\/ul>\n<h2>K\u00e4nslobok<\/h2>\n<ul>\n<li>Jens Mattson, Jenny Lucander (ill.): Vi \u00e4r lajon! (2019)\n<ul>\n<li><a href=\"https:\/\/vaski.finna.fi\/Record\/vaski.3910166?lng=sv\">L\u00e4nken till bokens sida i Vaski-databas<\/a><\/li>\n<\/ul>\n<\/li>\n<li>Eppu Nuotio, Liisa Kallio (ill.), Anna Anttonen, Kati Inkala: Min\u00e4 tykk\u00e4\u00e4n nyt &#8211; ilosta, ujostelusta ja muista tunteista (2019)\n<ul>\n<li><a href=\"https:\/\/vaski.finna.fi\/Record\/vaski.3822473\">L\u00e4nken till bokens sida i Vaski-databas<\/a><\/li>\n<\/ul>\n<\/li>\n<\/ul>\n<h2>Klassiker<\/h2>\n<ul>\n<li>Tove Jansson: Det osynliga barnet och andra ber\u00e4ttelser (orig. 1962)\n<ul>\n<li><a href=\"https:\/\/vaski.finna.fi\/Record\/vaski.2939157\">L\u00e4nken till bokens sida i Vaski-databas<\/a><\/li>\n<\/ul>\n<\/li>\n<li>Tove Jansson, Laila J\u00e4rvinen (\u00f6vers.): N\u00e4kym\u00e4t\u00f6n lapsi ja muita kertomuksia (orig. 1962)\n<ul>\n<li><a href=\"https:\/\/vaski.finna.fi\/Record\/vaski.3723697\">L\u00e4nken till bokens sida i Vaski-databas<\/a><\/li>\n<\/ul>\n<\/li>\n<\/ul>\n<h2>Faktabok<\/h2>\n<ul>\n<li>Felicity Brooks, Mar Ferrero (ill.), Sara Jonasson (\u00f6vers.): Allt om familjer (2018)\n<ul>\n<li><a href=\"https:\/\/vaski.finna.fi\/Record\/vaski.3852879\">L\u00e4nken till bokens sida i Vaski-databas<\/a><\/li>\n<\/ul>\n<\/li>\n<li>Felicity Brooks, Mar Ferrero (ill.), Tuuli-Maaria Rauta (\u00f6vers.): Monen sortin perheet (2020)\n<ul>\n<li><a href=\"https:\/\/vaski.finna.fi\/Record\/vaski.4008498\">L\u00e4nken till bokens sida i Vaski-databas<\/a><\/li>\n<\/ul>\n<\/li>\n<\/ul>\n<h2>Serie<\/h2>\n<ul>\n<li>Kalle Hakkola, Mari Ahokoivu (ill.), Emil Johansson (\u00f6vers.): Sanni &amp; Joonas: vinternatt (2015)\n<ul>\n<li><a href=\"https:\/\/vaski.finna.fi\/Record\/vaski.3150993\">L\u00e4nken till bokens sida i Vaski-databas<\/a><\/li>\n<\/ul>\n<\/li>\n<li>Kalle Hakkola, Mari Ahokoivu (ill.): Sanni &amp; Joonas: talviy\u00f6 (2014)\n<ul>\n<li><a href=\"https:\/\/vaski.finna.fi\/Record\/vaski.2975221\">L\u00e4nken till bokens sida i Vaski-databas<\/a><\/li>\n<\/ul>\n<\/li>\n<\/ul>\n<h2>Dikter och ramsor<\/h2>\n<ul>\n<li>Sandelin Annika, Karoliina Pertamo (ill.): R\u00e5ttan Bettan och masken Baudelaire \u2013 babypoesi och vilda ramsor (2013)\n<ul>\n<li><a href=\"https:\/\/vaski.finna.fi\/Record\/vaski.2872863\">L\u00e4nken till bokens sida i Vaski-databas<\/a><\/li>\n<\/ul>\n<\/li>\n<li>Kirsi Kunnas, Maija Karma (ill.): Tiiti\u00e4isen satupuu (1988)\n<ul>\n<li><a href=\"https:\/\/vaski.finna.fi\/Record\/vaski.110464\">L\u00e4nken till bokens sida i Vaski-databas<\/a><\/li>\n<\/ul>\n<\/li>\n<\/ul>\n<h2>Godnattsagor<\/h2>\n<ul>\n<li>Sinikka Nopola, Tiina Nopola, Markus Majaluoma (ill.), Camilla Frostell (\u00f6vers.): Halmhatten och Filttofflan f\u00e5r en bebi (1995)\n<ul>\n<li><a href=\"https:\/\/vaski.finna.fi\/Record\/vaski.573203\">L\u00e4nken till bokens sida i Vaski-databas<\/a><\/li>\n<\/ul>\n<\/li>\n<li>Sinikka Nopola, Tiina Nopola, Markus Majaluoma (ill.): Hein\u00e4hattu, Vilttitossu ja vauva (1990)\n<ul>\n<li><a href=\"https:\/\/vaski.finna.fi\/Record\/vaski.137211\">L\u00e4nken till bokens sida i Vaski-databas<\/a><\/li>\n<\/ul>\n<\/li>\n<\/ul>\n<h2>En p\u00e4rla som bok<\/h2>\n<ul>\n<li>Gunilla Wolde: Emma och lillebror (2009)\n<ul>\n<li><a href=\"https:\/\/vaski.finna.fi\/Record\/vaski.2722715\">L\u00e4nken till bokens sida i Vaski-databas<\/a><\/li>\n<\/ul>\n<\/li>\n<li>Teija Rekola, Mervi Lindman (ill.): Eetu ja ruma Rusina (2013)\n<ul>\n<li><a href=\"https:\/\/vaski.finna.fi\/Record\/vaski.2806530\">L\u00e4nken till bokens sida i Vaski-databas<\/a><\/li>\n<\/ul>\n<\/li>\n<\/ul>\n<h2>S\u00f6k och hitta<\/h2>\n<ul>\n<li>Sanna Mander: Nyckelknipan (2017)\n<ul>\n<li><a href=\"https:\/\/vaski.finna.fi\/Record\/vaski.3539928\">L\u00e4nken till bokens sida i Vaski-databas<\/a><\/li>\n<\/ul>\n<\/li>\n<li>Kristin Roskifte, Arja Kantele (\u00f6vers.): Kaikki lasketaan (2020)\n<ul>\n<li><a href=\"https:\/\/vaski.finna.fi\/Record\/vaski.4007085\">L\u00e4nken till bokens sida i Vaski-databas<\/a><\/li>\n<\/ul>\n<\/li>\n<\/ul>\n","protected":false},"excerpt":{"rendered":"<p>Tema i Laustis: FAMILJ B\u00f6ckerna \u00e4r listade enligt genre i slumpm\u00e4ssig ordning. Bilderbok S\u00f6ren Olsson, Anders Jacobsson, Eva Lind\u00e9n (ill.): H\u00e5kan Br\u00e5kan och bebismysteriet (2004) L\u00e4nken till bokens sida i Vaski-databas Riina Katajavuori, Riikka Toivanen, Maiju Tokola, Christel R\u00f6nns (ill.): Meid\u00e4n pihan perhesoppa (2015) L\u00e4nken till bokens sida i Vaski-databas Deckare Siri Kolu, Camilla Frostell &hellip; <a href=\"https:\/\/blog.edu.turku.fi\/laskunnighet\/material\/barn-och-barnfamiljer\/barnboksorientering\/laustis\/\" class=\"more-link\">Forts\u00e4tt l\u00e4sa<span class=\"screen-reader-text\"> \u201dLaustis\u201d<\/span><\/a><\/p>\n","protected":false},"author":2465,"featured_media":0,"parent":245,"menu_order":0,"comment_status":"closed","ping_status":"closed","template":"","meta":{"footnotes":""},"class_list":["post-308","page","type-page","status-publish","hentry"],"_links":{"self":[{"href":"https:\/\/blog.edu.turku.fi\/laskunnighet\/wp-json\/wp\/v2\/pages\/308","targetHints":{"allow":["GET"]}}],"collection":[{"href":"https:\/\/blog.edu.turku.fi\/laskunnighet\/wp-json\/wp\/v2\/pages"}],"about":[{"href":"https:\/\/blog.edu.turku.fi\/laskunnighet\/wp-json\/wp\/v2\/types\/page"}],"author":[{"embeddable":true,"href":"https:\/\/blog.edu.turku.fi\/laskunnighet\/wp-json\/wp\/v2\/users\/2465"}],"replies":[{"embeddable":true,"href":"https:\/\/blog.edu.turku.fi\/laskunnighet\/wp-json\/wp\/v2\/comments?post=308"}],"version-history":[{"count":10,"href":"https:\/\/blog.edu.turku.fi\/laskunnighet\/wp-json\/wp\/v2\/pages\/308\/revisions"}],"predecessor-version":[{"id":347,"href":"https:\/\/blog.edu.turku.fi\/laskunnighet\/wp-json\/wp\/v2\/pages\/308\/revisions\/347"}],"up":[{"embeddable":true,"href":"https:\/\/blog.edu.turku.fi\/laskunnighet\/wp-json\/wp\/v2\/pages\/245"}],"wp:attachment":[{"href":"https:\/\/blog.edu.turku.fi\/laskunnighet\/wp-json\/wp\/v2\/media?parent=308"}],"curies":[{"name":"wp","href":"https:\/\/api.w.org\/{rel}","templated":true}]}}