{"id":306,"date":"2020-11-12T08:14:09","date_gmt":"2020-11-12T06:14:09","guid":{"rendered":"https:\/\/blog.edu.turku.fi\/laskunnighet\/?page_id=306"},"modified":"2022-05-30T08:58:13","modified_gmt":"2022-05-30T05:58:13","slug":"katarina","status":"publish","type":"page","link":"https:\/\/blog.edu.turku.fi\/laskunnighet\/material\/barn-och-barnfamiljer\/barnboksorientering\/katarina\/","title":{"rendered":"Katarina"},"content":{"rendered":"<h1>Tema i Katarina: HAVET<\/h1>\n<p>B\u00f6ckerna \u00e4r listade enligt genre i slumpm\u00e4ssig ordning.<\/p>\n<h2>Bilderbok<\/h2>\n<ul>\n<li>Kjell Thorsson: Djungelpiraterna (2017)\n<ul>\n<li><a href=\"https:\/\/vaski.finna.fi\/Record\/vaski.3585020\">L\u00e4nken till bokens sida i Vaski-databas<\/a><\/li>\n<\/ul>\n<\/li>\n<li>Mauri Kunnas (ill.), Tarja Kunnas: Apua, merirosvoja (1994)\n<ul>\n<li><a href=\"https:\/\/vaski.finna.fi\/Record\/vaski.253422\">L\u00e4nken till bokens sida i Vaski-databas<\/a><\/li>\n<\/ul>\n<\/li>\n<\/ul>\n<h2>Deckare<\/h2>\n<ul>\n<li>Stefan Casta, Mimmi Tollerupp-Grkovic (ill.): Bl\u00e5b\u00e4rspatrullen och sj\u00f6r\u00f6varna (2009)\n<ul>\n<li><a href=\"https:\/\/vaski.finna.fi\/Record\/vaski.655258\">L\u00e4nken till bokens sida i Vaski-databas<\/a><\/li>\n<\/ul>\n<\/li>\n<li>Stefan Casta, Mimmi Tollerup-Grkovic (ill.), Terhi Leskinen (\u00f6vers.): Mustikkajengi ja merirosvot (2010)\n<ul>\n<li><a href=\"https:\/\/vaski.finna.fi\/Record\/vaski.662050?lng=fi\">L\u00e4nken till bokens sida i Vaski-databas<\/a><\/li>\n<\/ul>\n<\/li>\n<\/ul>\n<h2>K\u00e4nslobok<\/h2>\n<ul>\n<li>Lena Fr\u00f6lander-Ulf: Pappa, jag och havet (2018)\n<ul>\n<li><a href=\"https:\/\/vaski.finna.fi\/Record\/vaski.3659269\">L\u00e4nken till bokens sida i Vaski-databas<\/a><\/li>\n<\/ul>\n<\/li>\n<li>Jane Chapman, Raija Rintam\u00e4ki (\u00f6vers.): Tartu tassuuni (2018)\n<ul>\n<li><a href=\"https:\/\/vaski.finna.fi\/Record\/vaski.3667259\">L\u00e4nken till bokens sida i Vaski-databas<\/a><\/li>\n<\/ul>\n<\/li>\n<\/ul>\n<h2>Klassiker<\/h2>\n<ul>\n<li>Tove Jansson: Pappan och havet (1965)\n<ul>\n<li><a href=\"https:\/\/vaski.finna.fi\/Record\/vaski.2939153\">L\u00e4nken till bokens sida i Vaski-databas<\/a><\/li>\n<\/ul>\n<\/li>\n<li>Marjatta Kurenniemi: Oli ennen Onnimanni&#8230; (1963)\n<ul>\n<li><a href=\"https:\/\/vaski.finna.fi\/Record\/vaski.2566575\">L\u00e4nken till bokens sida i Vaski-databas<\/a><\/li>\n<\/ul>\n<\/li>\n<\/ul>\n<h2>Faktabok<\/h2>\n<ul>\n<li>Camilla De la B\u00e9doy\u00e8re, Bodil Svensson (\u00f6vers.): Min bok om hajar (2017)\n<ul>\n<li><a href=\"https:\/\/vaski.finna.fi\/Record\/vaski.3556816\">L\u00e4nken till bokens sida i Vaski-databas<\/a><\/li>\n<\/ul>\n<\/li>\n<li>Camilla De la B\u00e9doy\u00e8re, Richar Watson (ill.), Vesa Korpela (\u00f6vers.): Valaan j\u00e4ljill\u00e4 (2019)\n<ul>\n<li><a href=\"https:\/\/vaski.finna.fi\/Record\/vaski.3925805\">L\u00e4nken till bokens sida i Vaski-databas<\/a><\/li>\n<\/ul>\n<\/li>\n<\/ul>\n<h2>Serie<\/h2>\n<ul>\n<li>Herg\u00e9, Brj\u00f6rn Wahlberg (\u00f6vers.): Tintis \u00e4ventyr \u2013 Koks i lasten (2019)\n<ul>\n<li><a href=\"https:\/\/vaski.finna.fi\/Record\/vaski.3909855\">L\u00e4nken till bokens sida i Vaski-databas<\/a><\/li>\n<\/ul>\n<\/li>\n<li>Herg\u00e9, Jukka Kemppainen (\u00f6vers.): Tintin seikkailut \u2013 Seikkailu punaisella merell\u00e4 (2008)\n<ul>\n<li><a href=\"https:\/\/vaski.finna.fi\/Record\/vaski.506184\">L\u00e4nken till bokens sida i Vaski-databas<\/a><\/li>\n<\/ul>\n<\/li>\n<\/ul>\n<h2>Dikter och ramsor<\/h2>\n<ul>\n<li>Laura Ruohonen, Erika Kallasmaa (ill.), Annika Sandelin (\u00f6vers.): Havs-o-djur (2019)\n<ul>\n<li><a href=\"https:\/\/vaski.finna.fi\/Record\/vaski.4009612\">L\u00e4nken till bokens sida i Vaski-databas<\/a><\/li>\n<\/ul>\n<\/li>\n<li>Jukka Itkonen: Tiira tiiraa tiiraa (2016)\n<ul>\n<li><a href=\"https:\/\/vaski.finna.fi\/Record\/vaski.3439829?lng=fi\">L\u00e4nken till bokens sida i Vaski-databas<\/a><\/li>\n<\/ul>\n<\/li>\n<\/ul>\n<h2>Godnattsagor<\/h2>\n<ul>\n<li>Astrid Lindgren: Vi p\u00e5 Saltkr\u00e5kan (1964)\n<ul>\n<li><a href=\"https:\/\/vaski.finna.fi\/Record\/vaski.2584443\">L\u00e4nken till bokens sida i Vaski-databas<\/a><\/li>\n<\/ul>\n<\/li>\n<li>Aili Somersalo: Mestaritontun seikkailut (orig. 1919)\n<ul>\n<li><a href=\"https:\/\/vaski.finna.fi\/Record\/vaski.2673791\">L\u00e4nken till bokens sida i Vaski-databas<\/a><\/li>\n<\/ul>\n<\/li>\n<\/ul>\n<h2>En p\u00e4rla som bok<\/h2>\n<ul>\n<li>Jakob Wegelius: M\u00f6rdarens apa (2014)\n<ul>\n<li><a href=\"https:\/\/vaski.finna.fi\/Record\/vaski.2958461\">L\u00e4nken till bokens sida i Vaski-databas<\/a><\/li>\n<\/ul>\n<\/li>\n<li>Jakob Wegelius, Kati Valli (\u00f6vers.): Merten gorilla (2017)\n<ul>\n<li><a href=\"https:\/\/vaski.finna.fi\/Record\/vaski.3543836\">L\u00e4nken till bokens sida i Vaski-databas<\/a><\/li>\n<\/ul>\n<\/li>\n<\/ul>\n<h2>S\u00f6k och hitta<\/h2>\n<ul>\n<li>Chihiro Maruyama, Hiro Kamigaki (ill.), Bj\u00f6rn Mattsson (\u00f6vers.): Pusseldeckaren Pierre: jakten p\u00e5 de bortr\u00f6vade labyrintstenarna (2015)\n<ul>\n<li><a href=\"https:\/\/vaski.finna.fi\/Record\/vaski.3114350\">L\u00e4nken till bokens sida i Vaski-databas<\/a><\/li>\n<\/ul>\n<\/li>\n<li>Timothy Knapman, Wesley Robins (ill.), Mika Siimes (\u00f6vers.): Sukella mereen: ui syv\u00e4lle pinnan alle! (2019)\n<ul>\n<li><a href=\"https:\/\/vaski.finna.fi\/Record\/vaski.3905065\">L\u00e4nken till bokens sida i Vaski-databas<\/a><\/li>\n<\/ul>\n<\/li>\n<\/ul>\n<ul>\n<li style=\"list-style-type: none\"><\/li>\n<\/ul>\n","protected":false},"excerpt":{"rendered":"<p>Tema i Katarina: HAVET B\u00f6ckerna \u00e4r listade enligt genre i slumpm\u00e4ssig ordning. Bilderbok Kjell Thorsson: Djungelpiraterna (2017) L\u00e4nken till bokens sida i Vaski-databas Mauri Kunnas (ill.), Tarja Kunnas: Apua, merirosvoja (1994) L\u00e4nken till bokens sida i Vaski-databas Deckare Stefan Casta, Mimmi Tollerupp-Grkovic (ill.): Bl\u00e5b\u00e4rspatrullen och sj\u00f6r\u00f6varna (2009) L\u00e4nken till bokens sida i Vaski-databas Stefan Casta, &hellip; <a href=\"https:\/\/blog.edu.turku.fi\/laskunnighet\/material\/barn-och-barnfamiljer\/barnboksorientering\/katarina\/\" class=\"more-link\">Forts\u00e4tt l\u00e4sa<span class=\"screen-reader-text\"> \u201dKatarina\u201d<\/span><\/a><\/p>\n","protected":false},"author":2465,"featured_media":0,"parent":245,"menu_order":0,"comment_status":"closed","ping_status":"closed","template":"","meta":{"footnotes":""},"class_list":["post-306","page","type-page","status-publish","hentry"],"_links":{"self":[{"href":"https:\/\/blog.edu.turku.fi\/laskunnighet\/wp-json\/wp\/v2\/pages\/306","targetHints":{"allow":["GET"]}}],"collection":[{"href":"https:\/\/blog.edu.turku.fi\/laskunnighet\/wp-json\/wp\/v2\/pages"}],"about":[{"href":"https:\/\/blog.edu.turku.fi\/laskunnighet\/wp-json\/wp\/v2\/types\/page"}],"author":[{"embeddable":true,"href":"https:\/\/blog.edu.turku.fi\/laskunnighet\/wp-json\/wp\/v2\/users\/2465"}],"replies":[{"embeddable":true,"href":"https:\/\/blog.edu.turku.fi\/laskunnighet\/wp-json\/wp\/v2\/comments?post=306"}],"version-history":[{"count":6,"href":"https:\/\/blog.edu.turku.fi\/laskunnighet\/wp-json\/wp\/v2\/pages\/306\/revisions"}],"predecessor-version":[{"id":346,"href":"https:\/\/blog.edu.turku.fi\/laskunnighet\/wp-json\/wp\/v2\/pages\/306\/revisions\/346"}],"up":[{"embeddable":true,"href":"https:\/\/blog.edu.turku.fi\/laskunnighet\/wp-json\/wp\/v2\/pages\/245"}],"wp:attachment":[{"href":"https:\/\/blog.edu.turku.fi\/laskunnighet\/wp-json\/wp\/v2\/media?parent=306"}],"curies":[{"name":"wp","href":"https:\/\/api.w.org\/{rel}","templated":true}]}}