{"id":26,"date":"2020-09-07T15:13:06","date_gmt":"2020-09-07T12:13:06","guid":{"rendered":"https:\/\/blog.edu.turku.fi\/laskunnighet\/?page_id=26"},"modified":"2022-06-06T10:33:29","modified_gmt":"2022-06-06T07:33:29","slug":"for-personal","status":"publish","type":"page","link":"https:\/\/blog.edu.turku.fi\/laskunnighet\/material\/for-personal\/","title":{"rendered":"F\u00f6r personal"},"content":{"rendered":"<blockquote class=\"wp-embedded-content\" data-secret=\"YZGGNgxXEW\"><p><a href=\"https:\/\/blog.edu.turku.fi\/laskunnighet\/material\/for-personal\/betydelsefulla-berattelser-broschyr\/\">Betydelsefulla ber\u00e4ttelser -broschyr<\/a><\/p><\/blockquote>\n<p><iframe loading=\"lazy\" class=\"wp-embedded-content\" sandbox=\"allow-scripts\" security=\"restricted\" style=\"position: absolute; clip: rect(1px, 1px, 1px, 1px);\" title=\"&#8221;Betydelsefulla ber\u00e4ttelser -broschyr&#8221; &#8212; Rikta dig till l\u00e4sning!\" src=\"https:\/\/blog.edu.turku.fi\/laskunnighet\/material\/for-personal\/betydelsefulla-berattelser-broschyr\/embed\/#?secret=YZGGNgxXEW\" data-secret=\"YZGGNgxXEW\" width=\"600\" height=\"338\" frameborder=\"0\" marginwidth=\"0\" marginheight=\"0\" scrolling=\"no\"><\/iframe><\/p>\n<blockquote class=\"wp-embedded-content\" data-secret=\"1yiK2xQrt6\"><p><a href=\"https:\/\/blog.edu.turku.fi\/laskunnighet\/material\/for-personal\/ordkonstverkstader\/\">Ordkonstverkst\u00e4der<\/a><\/p><\/blockquote>\n<p><iframe loading=\"lazy\" class=\"wp-embedded-content\" sandbox=\"allow-scripts\" security=\"restricted\" style=\"position: absolute; clip: rect(1px, 1px, 1px, 1px);\" title=\"&#8221;Ordkonstverkst\u00e4der&#8221; &#8212; Rikta dig till l\u00e4sning!\" src=\"https:\/\/blog.edu.turku.fi\/laskunnighet\/material\/for-personal\/ordkonstverkstader\/embed\/#?secret=1yiK2xQrt6\" data-secret=\"1yiK2xQrt6\" width=\"600\" height=\"338\" frameborder=\"0\" marginwidth=\"0\" marginheight=\"0\" scrolling=\"no\"><\/iframe><\/p>\n<blockquote class=\"wp-embedded-content\" data-secret=\"SFo66pN8ss\"><p><a href=\"https:\/\/blog.edu.turku.fi\/laskunnighet\/material\/for-personal\/pedagogiska-eftermiddagar\/\">Pedagogiska eftermiddagar<\/a><\/p><\/blockquote>\n<p><iframe loading=\"lazy\" class=\"wp-embedded-content\" sandbox=\"allow-scripts\" security=\"restricted\" style=\"position: absolute; clip: rect(1px, 1px, 1px, 1px);\" title=\"&#8221;Pedagogiska eftermiddagar&#8221; &#8212; Rikta dig till l\u00e4sning!\" src=\"https:\/\/blog.edu.turku.fi\/laskunnighet\/material\/for-personal\/pedagogiska-eftermiddagar\/embed\/#?secret=SFo66pN8ss\" data-secret=\"SFo66pN8ss\" width=\"600\" height=\"338\" frameborder=\"0\" marginwidth=\"0\" marginheight=\"0\" scrolling=\"no\"><\/iframe><\/p>\n<blockquote class=\"wp-embedded-content\" data-secret=\"dV1EzLWrxu\"><p><a href=\"https:\/\/blog.edu.turku.fi\/laskunnighet\/material\/for-personal\/tvasprakiga-webbinariedagar\/\">Tv\u00e5spr\u00e5kiga webbinariedagar<\/a><\/p><\/blockquote>\n<p><iframe loading=\"lazy\" class=\"wp-embedded-content\" sandbox=\"allow-scripts\" security=\"restricted\" style=\"position: absolute; clip: rect(1px, 1px, 1px, 1px);\" title=\"&#8221;Tv\u00e5spr\u00e5kiga webbinariedagar&#8221; &#8212; Rikta dig till l\u00e4sning!\" src=\"https:\/\/blog.edu.turku.fi\/laskunnighet\/material\/for-personal\/tvasprakiga-webbinariedagar\/embed\/#?secret=dV1EzLWrxu\" data-secret=\"dV1EzLWrxu\" width=\"600\" height=\"338\" frameborder=\"0\" marginwidth=\"0\" marginheight=\"0\" scrolling=\"no\"><\/iframe><\/p>\n<blockquote class=\"wp-embedded-content\" data-secret=\"CTxAn0vAHt\"><p><a href=\"https:\/\/blog.edu.turku.fi\/laskunnighet\/material\/for-personal\/verksamhetsmodell\/\">Verksamhetsmodell: barnboksorientering<\/a><\/p><\/blockquote>\n<p><iframe loading=\"lazy\" class=\"wp-embedded-content\" sandbox=\"allow-scripts\" security=\"restricted\" style=\"position: absolute; clip: rect(1px, 1px, 1px, 1px);\" title=\"&#8221;Verksamhetsmodell: barnboksorientering&#8221; &#8212; Rikta dig till l\u00e4sning!\" src=\"https:\/\/blog.edu.turku.fi\/laskunnighet\/material\/for-personal\/verksamhetsmodell\/embed\/#?secret=CTxAn0vAHt\" data-secret=\"CTxAn0vAHt\" width=\"600\" height=\"338\" frameborder=\"0\" marginwidth=\"0\" marginheight=\"0\" scrolling=\"no\"><\/iframe><\/p>\n","protected":false},"excerpt":{"rendered":"<p>Betydelsefulla ber\u00e4ttelser -broschyr Ordkonstverkst\u00e4der Pedagogiska eftermiddagar Tv\u00e5spr\u00e5kiga webbinariedagar Verksamhetsmodell: barnboksorientering<\/p>\n","protected":false},"author":2465,"featured_media":0,"parent":8,"menu_order":0,"comment_status":"closed","ping_status":"closed","template":"","meta":{"footnotes":""},"class_list":["post-26","page","type-page","status-publish","hentry"],"_links":{"self":[{"href":"https:\/\/blog.edu.turku.fi\/laskunnighet\/wp-json\/wp\/v2\/pages\/26","targetHints":{"allow":["GET"]}}],"collection":[{"href":"https:\/\/blog.edu.turku.fi\/laskunnighet\/wp-json\/wp\/v2\/pages"}],"about":[{"href":"https:\/\/blog.edu.turku.fi\/laskunnighet\/wp-json\/wp\/v2\/types\/page"}],"author":[{"embeddable":true,"href":"https:\/\/blog.edu.turku.fi\/laskunnighet\/wp-json\/wp\/v2\/users\/2465"}],"replies":[{"embeddable":true,"href":"https:\/\/blog.edu.turku.fi\/laskunnighet\/wp-json\/wp\/v2\/comments?post=26"}],"version-history":[{"count":15,"href":"https:\/\/blog.edu.turku.fi\/laskunnighet\/wp-json\/wp\/v2\/pages\/26\/revisions"}],"predecessor-version":[{"id":1868,"href":"https:\/\/blog.edu.turku.fi\/laskunnighet\/wp-json\/wp\/v2\/pages\/26\/revisions\/1868"}],"up":[{"embeddable":true,"href":"https:\/\/blog.edu.turku.fi\/laskunnighet\/wp-json\/wp\/v2\/pages\/8"}],"wp:attachment":[{"href":"https:\/\/blog.edu.turku.fi\/laskunnighet\/wp-json\/wp\/v2\/media?parent=26"}],"curies":[{"name":"wp","href":"https:\/\/api.w.org\/{rel}","templated":true}]}}