{"id":245,"date":"2020-10-26T16:37:15","date_gmt":"2020-10-26T14:37:15","guid":{"rendered":"https:\/\/blog.edu.turku.fi\/laskunnighet\/?page_id=245"},"modified":"2022-05-30T09:02:17","modified_gmt":"2022-05-30T06:02:17","slug":"barnboksorientering","status":"publish","type":"page","link":"https:\/\/blog.edu.turku.fi\/laskunnighet\/material\/barn-och-barnfamiljer\/barnboksorientering\/","title":{"rendered":"Barnboksorientering 11\/2020"},"content":{"rendered":"<header class=\"entry-header\">\n<h1 class=\"entry-title\">Rikta dig till l\u00e4sning! -barnboksorientering 6.\u201330.11<\/h1>\n<h2>Instruktioner om orientering:<\/h2>\n<\/header>\n<div class=\"entry-content\">\n<p>Sammanlagt finns det fem banor. Tema och uppgifter varierar mellan banorna.<\/p>\n<ul>\n<li>Katarina: havet<\/li>\n<li>Laustis: familj<\/li>\n<li>Pansio: v\u00e4rlden<\/li>\n<li>Runosbacken: action<\/li>\n<li>V\u00e5rdberget: v\u00e4nskap<\/li>\n<\/ul>\n<p>P\u00e5 startpunkter f\u00f6r varje rutt finns en inledningskontroll, &#8221;f\u00f6lj mig till sagornas stigar&#8221; h\u00e4lsar hackspetten v\u00e4lkommen! \u00c4ven om det finns inledningskontroll och -punkt f\u00f6r varje bana, beh\u00f6ver man inte bes\u00f6ka kontrollerna i ordning. Man beh\u00f6ver inte heller bes\u00f6ka alla kontroller p\u00e5 en och samma g\u00e5ng.<\/p>\n<p>Banorna \u00e4r ungef\u00e4r en kilometers l\u00e5nga utebanor och dem kan g\u00e5s<br \/>\n\u00e4ven med barnvagn. Startpunkternas adresser finns nedan. L\u00e4ngs banorna finns skyltar och v\u00e4gvisare s\u00e5 inga egna kartor beh\u00f6vs. Banorna g\u00e5r l\u00e4ngs g\u00e5ngv\u00e4gar och motionsbanor.<\/p>\n<p>P\u00e5 varje kontrollpunkt finns tv\u00e5 lappar, en p\u00e5 finska och en p\u00e5 svenska. B\u00f6ckerna och uppgifterna kan variera mellan lapparna. Kontrollerna \u00e4r \u00f6ppna f\u00f6r alla utan avseende p\u00e5 spr\u00e5k. F\u00f6rkortade versioner av uppgifterna \u00e4r skrivna \u00e4ven p\u00e5 engelska.<\/p>\n<p>P\u00e5 varje uppgiftskontroll finns bild av bokp\u00e4rmen, information om boken, QR-kod som leder till bokens sida p\u00e5 Vaski-databas samt sj\u00e4lva uppgiften. Uppgifterna behandlar inte alltid bildens bok direkt.<\/p>\n<p>Varje bana slutar p\u00e5 en avslutningskontroll. P\u00e5 dessa kontroller finns alla l\u00e4sf\u00e5glar samlade samt b\u00f6cker som presenteras under banornas lopp.<\/p>\n<p><em>Rikta dig till l\u00e4sning! -barnboksorientering \u00e4r helt och h\u00e5llet ett utomhusevenemang. P\u00e5 grund av corona bes bes\u00f6karna att iaktta Institutets f\u00f6r h\u00e4lsa och v\u00e4lf\u00e4rd THL rekommendationer att anv\u00e4nda ansiktsmask, hygien- och hostregler och att h\u00e5lla tillr\u00e4ckliga s\u00e4kerhetsavst\u00e5nd. Det \u00e4r \u00e4ven viktigt att komma ih\u00e5g att anv\u00e4nda reflex under h\u00f6stens m\u00f6rka kv\u00e4llar.<\/em><\/p>\n<p>Fartfyllda utflykter p\u00e5 sagornas stigar! H\u00e4lsa l\u00e4sf\u00e5glar!<\/p>\n<h2>Banornas startpunkter:<\/h2>\n<ul>\n<li>Katarina: parkeringsomr\u00e5det f\u00f6r Katarinas naturstigar, Sigridsstigen 5<\/li>\n<li>Laustis: Laustestigen, P-platser framf\u00f6r Laustis bibliotek, R\u00e5dsgatan 7<\/li>\n<li>Pansio: framf\u00f6r Pansio bibliotek, Pansio biblioteks P-platser, Pernov\u00e4gen 29<\/li>\n<li>Runosbacken: i korsningen av Lantv\u00e4rnsgatan och Tapperstigen, gatuparkering p\u00e5 Lantv\u00e4rnsgatan<\/li>\n<li>V\u00e5rdbergsparken: V\u00e5rdbergets lekplats, V\u00e5rdbergsgatan 2<\/li>\n<\/ul>\n<h2>B\u00f6cker p\u00e5 banor<\/h2>\n<p>B\u00f6ckerna som presenterades under barnboksorienteringen finns listade enligt banan\/temat: <a href=\"https:\/\/blog.edu.turku.fi\/laskunnighet\/material\/for-foraldrar\/barnboksorientering\/katarina\/\" target=\"_blank\" rel=\"noopener noreferrer\">Katarina: havet<\/a>, <a href=\"https:\/\/blog.edu.turku.fi\/laskunnighet\/material\/for-foraldrar\/barnboksorientering\/laustis\/\" target=\"_blank\" rel=\"noopener noreferrer\">Laustis: familj<\/a>, <a href=\"https:\/\/blog.edu.turku.fi\/laskunnighet\/material\/for-foraldrar\/barnboksorientering\/pansio\/\" target=\"_blank\" rel=\"noopener noreferrer\">Pansio: v\u00e4rlden<\/a>, <a href=\"https:\/\/blog.edu.turku.fi\/laskunnighet\/material\/for-foraldrar\/barnboksorientering\/runosbacken\/\" target=\"_blank\" rel=\"noopener noreferrer\">Runosbacken: action<\/a> och <a href=\"https:\/\/blog.edu.turku.fi\/laskunnighet\/material\/for-foraldrar\/barnboksorientering\/vardberget\/\" target=\"_blank\" rel=\"noopener noreferrer\">V\u00e5rdberget: v\u00e4nskap<\/a>.<\/p>\n<h2>Rikta dig till l\u00e4sning!<\/h2>\n<p>Barnboksorienteringen \u00e4r startjippot f\u00f6r Rikta dig till l\u00e4sning! -projektet av \u00c5bo stad. Det tv\u00e5\u00e5riga projektet \u00e4r finansierat av undervisnings- och kulturministeriet.<\/p>\n<p>Barnboksorienteringen genomf\u00f6rs i samarbete med \u00c5bo stads bibliotekstj\u00e4nster och Katariinan Vilske Oy.<\/p>\n<h3>F\u00f6r ytterligare information:<\/h3>\n<p>Henrik Hurme, henrik.hurme(at)turku.fi, 040 5411706<br \/>\nPirita K\u00e4rkk\u00e4inen, pirita.karkkainen(at)turku.fi, 040 4894291<\/p>\n<\/div>\n","protected":false},"excerpt":{"rendered":"<p>Rikta dig till l\u00e4sning! -barnboksorientering 6.\u201330.11 Instruktioner om orientering: Sammanlagt finns det fem banor. Tema och uppgifter varierar mellan banorna. Katarina: havet Laustis: familj Pansio: v\u00e4rlden Runosbacken: action V\u00e5rdberget: v\u00e4nskap P\u00e5 startpunkter f\u00f6r varje rutt finns en inledningskontroll, &#8221;f\u00f6lj mig till sagornas stigar&#8221; h\u00e4lsar hackspetten v\u00e4lkommen! \u00c4ven om det finns inledningskontroll och -punkt f\u00f6r varje &hellip; <a href=\"https:\/\/blog.edu.turku.fi\/laskunnighet\/material\/barn-och-barnfamiljer\/barnboksorientering\/\" class=\"more-link\">Forts\u00e4tt l\u00e4sa<span class=\"screen-reader-text\"> \u201dBarnboksorientering 11\/2020\u201d<\/span><\/a><\/p>\n","protected":false},"author":2465,"featured_media":0,"parent":1587,"menu_order":0,"comment_status":"closed","ping_status":"closed","template":"","meta":{"footnotes":""},"class_list":["post-245","page","type-page","status-publish","hentry"],"_links":{"self":[{"href":"https:\/\/blog.edu.turku.fi\/laskunnighet\/wp-json\/wp\/v2\/pages\/245","targetHints":{"allow":["GET"]}}],"collection":[{"href":"https:\/\/blog.edu.turku.fi\/laskunnighet\/wp-json\/wp\/v2\/pages"}],"about":[{"href":"https:\/\/blog.edu.turku.fi\/laskunnighet\/wp-json\/wp\/v2\/types\/page"}],"author":[{"embeddable":true,"href":"https:\/\/blog.edu.turku.fi\/laskunnighet\/wp-json\/wp\/v2\/users\/2465"}],"replies":[{"embeddable":true,"href":"https:\/\/blog.edu.turku.fi\/laskunnighet\/wp-json\/wp\/v2\/comments?post=245"}],"version-history":[{"count":22,"href":"https:\/\/blog.edu.turku.fi\/laskunnighet\/wp-json\/wp\/v2\/pages\/245\/revisions"}],"predecessor-version":[{"id":264,"href":"https:\/\/blog.edu.turku.fi\/laskunnighet\/wp-json\/wp\/v2\/pages\/245\/revisions\/264"}],"up":[{"embeddable":true,"href":"https:\/\/blog.edu.turku.fi\/laskunnighet\/wp-json\/wp\/v2\/pages\/1587"}],"wp:attachment":[{"href":"https:\/\/blog.edu.turku.fi\/laskunnighet\/wp-json\/wp\/v2\/media?parent=245"}],"curies":[{"name":"wp","href":"https:\/\/api.w.org\/{rel}","templated":true}]}}