{"id":1880,"date":"2022-06-10T13:30:09","date_gmt":"2022-06-10T10:30:09","guid":{"rendered":"https:\/\/blog.edu.turku.fi\/laskunnighet\/?page_id=1880"},"modified":"2022-06-10T13:38:35","modified_gmt":"2022-06-10T10:38:35","slug":"go-ordkonst-go-6-7-2022","status":"publish","type":"page","link":"https:\/\/blog.edu.turku.fi\/laskunnighet\/material\/barn-och-barnfamiljer\/go-ordkonst-go-6-7-2022\/","title":{"rendered":"Go Ordkonst Go! 6.7.2022"},"content":{"rendered":"<h1>V\u00e4lkommen till ordkonstdagen!<\/h1>\n<p><em>Varmt v\u00e4lkommen till GO ORDKONST GO! -ordkonstdagen 6.7.2022! L\u00e5t oss tillbringa en trevlig diktens och sommarens dag kring l\u00e4sning och ordkonst!<\/em><\/p>\n<p><em>H\u00e4lsar,<\/em><\/p>\n<p><em>Henrik och Sara, evenemangets producenter<\/em><\/p>\n<hr \/>\n<h2>VAD?<\/h2>\n<p><strong>En temadag kring ordkonst, l\u00e4sning och litteratur.<\/strong><\/p>\n<p>Deltagandet \u00e4r gratis och \u00f6ppet f\u00f6r alla, inga f\u00f6rhandsanm\u00e4lningar beh\u00f6vs. Det r\u00e4cker att man kommer p\u00e5 plats!<\/p>\n<h2>VAR?<\/h2>\n<p><strong>P\u00e5 Kuppisparken i \u00c5bo.<\/strong><\/p>\n<p><a href=\"https:\/\/opaskartta.turku.fi\/IMS\/sv\/Map?layers=Opaskartta&amp;cp=6703952%2C23460827&amp;z=2&amp;title=Kupittaanpuisto\" target=\"_blank\" rel=\"noopener\">Kuppisparken p\u00e5 kartan.<\/a><\/p>\n<h2>N\u00c4R?<\/h2>\n<p><strong>P\u00e5 onsdag p\u00e5 diktens och sommarens dag 6.7.2022 kl. 11\u201315.<\/strong><\/p>\n<p>OBS! Programmet arrangeras med v\u00e4derreservation.<\/p>\n<hr \/>\n<h2>Producenterna:<\/h2>\n<p><strong>Henrik Hurme<\/strong> (\u00c5bo stad)<br \/>\nhenrik.hurme@turku.fi<br \/>\n040 5411706<\/p>\n<p><strong>Sara Koiranen<\/strong> (Kirjan talo \u2013 Bokens hus ry)<br \/>\ntuottaja.kirjantalo@gmail.com<br \/>\n040 5093363<\/p>\n<hr \/>\n<h2>Arrang\u00f6rerna och organisat\u00f6rerna:<\/h2>\n<ul>\n<li>\u00c5bo stads l\u00e4skunnighetprojekt<\/li>\n<li>Kirjan talo \u2013 Bokens hus ry<\/li>\n<li>\u00c5bo stadsbibliotek<\/li>\n<li>Aura of Puppets<\/li>\n<li>Kommenttiraita<\/li>\n<li>\u00c5bo Sommarteater<\/li>\n<li>Turun Sarjakuvakerho ry<\/li>\n<\/ul>\n<hr \/>\n<div class=\"entry-content\">\n<p>R\u00e4ttigheter till f\u00f6r\u00e4ndringar f\u00f6rbeh\u00e5lls.<\/p>\n<\/div>\n","protected":false},"excerpt":{"rendered":"<p>V\u00e4lkommen till ordkonstdagen! Varmt v\u00e4lkommen till GO ORDKONST GO! -ordkonstdagen 6.7.2022! L\u00e5t oss tillbringa en trevlig diktens och sommarens dag kring l\u00e4sning och ordkonst! H\u00e4lsar, Henrik och Sara, evenemangets producenter VAD? En temadag kring ordkonst, l\u00e4sning och litteratur. Deltagandet \u00e4r gratis och \u00f6ppet f\u00f6r alla, inga f\u00f6rhandsanm\u00e4lningar beh\u00f6vs. Det r\u00e4cker att man kommer p\u00e5 plats! &hellip; <a href=\"https:\/\/blog.edu.turku.fi\/laskunnighet\/material\/barn-och-barnfamiljer\/go-ordkonst-go-6-7-2022\/\" class=\"more-link\">Forts\u00e4tt l\u00e4sa<span class=\"screen-reader-text\"> \u201dGo Ordkonst Go! 6.7.2022\u201d<\/span><\/a><\/p>\n","protected":false},"author":2465,"featured_media":1882,"parent":1587,"menu_order":0,"comment_status":"closed","ping_status":"closed","template":"","meta":{"footnotes":""},"class_list":["post-1880","page","type-page","status-publish","has-post-thumbnail","hentry"],"_links":{"self":[{"href":"https:\/\/blog.edu.turku.fi\/laskunnighet\/wp-json\/wp\/v2\/pages\/1880","targetHints":{"allow":["GET"]}}],"collection":[{"href":"https:\/\/blog.edu.turku.fi\/laskunnighet\/wp-json\/wp\/v2\/pages"}],"about":[{"href":"https:\/\/blog.edu.turku.fi\/laskunnighet\/wp-json\/wp\/v2\/types\/page"}],"author":[{"embeddable":true,"href":"https:\/\/blog.edu.turku.fi\/laskunnighet\/wp-json\/wp\/v2\/users\/2465"}],"replies":[{"embeddable":true,"href":"https:\/\/blog.edu.turku.fi\/laskunnighet\/wp-json\/wp\/v2\/comments?post=1880"}],"version-history":[{"count":4,"href":"https:\/\/blog.edu.turku.fi\/laskunnighet\/wp-json\/wp\/v2\/pages\/1880\/revisions"}],"predecessor-version":[{"id":1885,"href":"https:\/\/blog.edu.turku.fi\/laskunnighet\/wp-json\/wp\/v2\/pages\/1880\/revisions\/1885"}],"up":[{"embeddable":true,"href":"https:\/\/blog.edu.turku.fi\/laskunnighet\/wp-json\/wp\/v2\/pages\/1587"}],"wp:featuredmedia":[{"embeddable":true,"href":"https:\/\/blog.edu.turku.fi\/laskunnighet\/wp-json\/wp\/v2\/media\/1882"}],"wp:attachment":[{"href":"https:\/\/blog.edu.turku.fi\/laskunnighet\/wp-json\/wp\/v2\/media?parent=1880"}],"curies":[{"name":"wp","href":"https:\/\/api.w.org\/{rel}","templated":true}]}}