{"id":1861,"date":"2022-06-06T10:28:33","date_gmt":"2022-06-06T07:28:33","guid":{"rendered":"https:\/\/blog.edu.turku.fi\/laskunnighet\/?page_id=1861"},"modified":"2022-06-06T10:28:33","modified_gmt":"2022-06-06T07:28:33","slug":"abo-stadsbiblioteks-flersprakiga-boklistor","status":"publish","type":"page","link":"https:\/\/blog.edu.turku.fi\/laskunnighet\/material\/barn-och-barnfamiljer\/abo-stadsbiblioteks-flersprakiga-boklistor\/","title":{"rendered":"\u00c5bo stadsbiblioteks flerspr\u00e5kiga boklistor"},"content":{"rendered":"<p><a href=\"https:\/\/vaski.finna.fi\/List\/998542\" target=\"_blank\" rel=\"noopener\">Barnb\u00f6cker p\u00e5 svenska<\/a><\/p>\n<p><a href=\"https:\/\/vaski.finna.fi\/List\/998353\" target=\"_blank\" rel=\"noopener\">Barnb\u00f6cker p\u00e5 finska<\/a><\/p>\n<p><a href=\"https:\/\/vaski.finna.fi\/List\/991804\" target=\"_blank\" rel=\"noopener\">Barnb\u00f6cker p\u00e5 arabiska<\/a><\/p>\n<p><a href=\"https:\/\/vaski.finna.fi\/List\/998029\" target=\"_blank\" rel=\"noopener\">Barnb\u00f6cker p\u00e5 engelska<\/a><\/p>\n<p><a href=\"https:\/\/vaski.finna.fi\/List\/991219\" target=\"_blank\" rel=\"noopener\">Barnb\u00f6cker p\u00e5 estniska<\/a><\/p>\n<p><a href=\"https:\/\/vaski.finna.fi\/List\/995524\" target=\"_blank\" rel=\"noopener\">Barnb\u00f6cker p\u00e5 kurdiska<\/a><\/p>\n<p><a href=\"https:\/\/vaski.finna.fi\/List\/991075\" target=\"_blank\" rel=\"noopener\">Barnb\u00f6cker p\u00e5 ryska<\/a><\/p>\n<p><a href=\"https:\/\/vaski.finna.fi\/List\/991198\" target=\"_blank\" rel=\"noopener\">Barnb\u00f6cker p\u00e5 somaliska<\/a><\/p>\n","protected":false},"excerpt":{"rendered":"<p>Barnb\u00f6cker p\u00e5 svenska Barnb\u00f6cker p\u00e5 finska Barnb\u00f6cker p\u00e5 arabiska Barnb\u00f6cker p\u00e5 engelska Barnb\u00f6cker p\u00e5 estniska Barnb\u00f6cker p\u00e5 kurdiska Barnb\u00f6cker p\u00e5 ryska Barnb\u00f6cker p\u00e5 somaliska<\/p>\n","protected":false},"author":2465,"featured_media":0,"parent":1587,"menu_order":0,"comment_status":"closed","ping_status":"closed","template":"","meta":{"footnotes":""},"class_list":["post-1861","page","type-page","status-publish","hentry"],"_links":{"self":[{"href":"https:\/\/blog.edu.turku.fi\/laskunnighet\/wp-json\/wp\/v2\/pages\/1861","targetHints":{"allow":["GET"]}}],"collection":[{"href":"https:\/\/blog.edu.turku.fi\/laskunnighet\/wp-json\/wp\/v2\/pages"}],"about":[{"href":"https:\/\/blog.edu.turku.fi\/laskunnighet\/wp-json\/wp\/v2\/types\/page"}],"author":[{"embeddable":true,"href":"https:\/\/blog.edu.turku.fi\/laskunnighet\/wp-json\/wp\/v2\/users\/2465"}],"replies":[{"embeddable":true,"href":"https:\/\/blog.edu.turku.fi\/laskunnighet\/wp-json\/wp\/v2\/comments?post=1861"}],"version-history":[{"count":1,"href":"https:\/\/blog.edu.turku.fi\/laskunnighet\/wp-json\/wp\/v2\/pages\/1861\/revisions"}],"predecessor-version":[{"id":1862,"href":"https:\/\/blog.edu.turku.fi\/laskunnighet\/wp-json\/wp\/v2\/pages\/1861\/revisions\/1862"}],"up":[{"embeddable":true,"href":"https:\/\/blog.edu.turku.fi\/laskunnighet\/wp-json\/wp\/v2\/pages\/1587"}],"wp:attachment":[{"href":"https:\/\/blog.edu.turku.fi\/laskunnighet\/wp-json\/wp\/v2\/media?parent=1861"}],"curies":[{"name":"wp","href":"https:\/\/api.w.org\/{rel}","templated":true}]}}