{"id":1856,"date":"2022-06-06T10:21:57","date_gmt":"2022-06-06T07:21:57","guid":{"rendered":"https:\/\/blog.edu.turku.fi\/laskunnighet\/?page_id=1856"},"modified":"2022-06-06T10:21:57","modified_gmt":"2022-06-06T07:21:57","slug":"boktips-enligt-olika-litteraturpriser","status":"publish","type":"page","link":"https:\/\/blog.edu.turku.fi\/laskunnighet\/material\/barn-och-barnfamiljer\/boktips-enligt-olika-litteraturpriser\/","title":{"rendered":"Boktips enligt olika litteraturpriser"},"content":{"rendered":"<p><a href=\"https:\/\/blog.edu.turku.fi\/laskunnighet\/?page_id=494&amp;preview=true\">L\u00e4sv\u00e4rda b\u00f6cker fr\u00e5n Finland &#8211; nominerade till Finlandiapriset 2020<\/a><\/p>\n<p><a href=\"https:\/\/blog.edu.turku.fi\/laskunnighet\/for-barn\/svenska-boktips-nominerade-till-augustpriset-2020\/\">Svenska boktips &#8211; nominerade till \u00c5rets svenska barn- och ungdomsbok 2020<\/a><\/p>\n<p><a href=\"https:\/\/blog.edu.turku.fi\/laskunnighet\/for-barn\/nordiska-boktips-nominerade-till-nordiska-radets-barn-och-ungdomslitteraturpris-2020\/\">Nordiska boktips &#8211; nominerade till Nordiska r\u00e5dets barn- och ungdomslitteraturpris 2020<\/a><\/p>\n<p><a href=\"https:\/\/blog.edu.turku.fi\/laskunnighet\/wp-admin\/post.php?post=502&amp;action=edit\">Runebergska boktips &#8211; nominerade till Runeberg Junior-barnlitteraturpris 2020<\/a><\/p>\n<p><a href=\"https:\/\/blog.edu.turku.fi\/laskunnighet\/material\/for-barn\/632-2\/\">Nominerade kandidater till Litteraturpriset till Astrid Lindgrens minne 2021<\/a><\/p>\n<p><a href=\"https:\/\/blog.edu.turku.fi\/laskunnighet\/material\/barn-och-barnfamiljer\/nominerade-till-arets-svenska-barn-och-ungdomsbok-2021\/\">Nominerade till \u00c5rets svenska barn- och ungdomsboks 2021<\/a><\/p>\n<p><a href=\"https:\/\/blog.edu.turku.fi\/laskunnighet\/material\/barn-och-barnfamiljer\/nominerade-till-finlandiapriset-2021\/\" rel=\"noopener\">Nominerade till Finlandiapriset 2021 &#8211; Barn- och ungdomslitteratur Finlandiapriset<\/a><\/p>\n<p><a href=\"https:\/\/blog.edu.turku.fi\/laskunnighet\/material\/barn-och-barnfamiljer\/kandidaterna-for-priset-som-ska-stoda-barns-laslust-ar-2022-har-offentliggjorts\/\">Kandidaterna f\u00f6r Runeberg Junior-priset 2022<\/a><\/p>\n","protected":false},"excerpt":{"rendered":"<p>L\u00e4sv\u00e4rda b\u00f6cker fr\u00e5n Finland &#8211; nominerade till Finlandiapriset 2020 Svenska boktips &#8211; nominerade till \u00c5rets svenska barn- och ungdomsbok 2020 Nordiska boktips &#8211; nominerade till Nordiska r\u00e5dets barn- och ungdomslitteraturpris 2020 Runebergska boktips &#8211; nominerade till Runeberg Junior-barnlitteraturpris 2020 Nominerade kandidater till Litteraturpriset till Astrid Lindgrens minne 2021 Nominerade till \u00c5rets svenska barn- och ungdomsboks &hellip; <a href=\"https:\/\/blog.edu.turku.fi\/laskunnighet\/material\/barn-och-barnfamiljer\/boktips-enligt-olika-litteraturpriser\/\" class=\"more-link\">Forts\u00e4tt l\u00e4sa<span class=\"screen-reader-text\"> \u201dBoktips enligt olika litteraturpriser\u201d<\/span><\/a><\/p>\n","protected":false},"author":2465,"featured_media":0,"parent":1587,"menu_order":0,"comment_status":"closed","ping_status":"closed","template":"","meta":{"footnotes":""},"class_list":["post-1856","page","type-page","status-publish","hentry"],"_links":{"self":[{"href":"https:\/\/blog.edu.turku.fi\/laskunnighet\/wp-json\/wp\/v2\/pages\/1856","targetHints":{"allow":["GET"]}}],"collection":[{"href":"https:\/\/blog.edu.turku.fi\/laskunnighet\/wp-json\/wp\/v2\/pages"}],"about":[{"href":"https:\/\/blog.edu.turku.fi\/laskunnighet\/wp-json\/wp\/v2\/types\/page"}],"author":[{"embeddable":true,"href":"https:\/\/blog.edu.turku.fi\/laskunnighet\/wp-json\/wp\/v2\/users\/2465"}],"replies":[{"embeddable":true,"href":"https:\/\/blog.edu.turku.fi\/laskunnighet\/wp-json\/wp\/v2\/comments?post=1856"}],"version-history":[{"count":1,"href":"https:\/\/blog.edu.turku.fi\/laskunnighet\/wp-json\/wp\/v2\/pages\/1856\/revisions"}],"predecessor-version":[{"id":1857,"href":"https:\/\/blog.edu.turku.fi\/laskunnighet\/wp-json\/wp\/v2\/pages\/1856\/revisions\/1857"}],"up":[{"embeddable":true,"href":"https:\/\/blog.edu.turku.fi\/laskunnighet\/wp-json\/wp\/v2\/pages\/1587"}],"wp:attachment":[{"href":"https:\/\/blog.edu.turku.fi\/laskunnighet\/wp-json\/wp\/v2\/media?parent=1856"}],"curies":[{"name":"wp","href":"https:\/\/api.w.org\/{rel}","templated":true}]}}