{"id":1736,"date":"2022-03-21T12:32:41","date_gmt":"2022-03-21T10:32:41","guid":{"rendered":"https:\/\/blog.edu.turku.fi\/laskunnighet\/?page_id=1736"},"modified":"2022-06-06T10:38:23","modified_gmt":"2022-06-06T07:38:23","slug":"kompisdeckarna-bokorientering","status":"publish","type":"page","link":"https:\/\/blog.edu.turku.fi\/laskunnighet\/material\/barn-och-barnfamiljer\/kompisdeckarna-bokorientering\/","title":{"rendered":"Kompisdeckarna-bokorientering 2022"},"content":{"rendered":"<h1>Ett sp\u00e4nnande bok\u00e4ventyr runtom i \u00c5bo<\/h1>\n<p>Rikta dig till l\u00e4sning! -l\u00e4skunnighetprojekt, \u00c5bo stadsbiblioteks barnavdelning Saga och \u00c5bof\u00f6rfattaren Eva H\u00f6glund ordnar ett sp\u00e4nnande bok\u00e4ventyr, <em>Kompisdeckarna<\/em>-bokorientering, 4\u201330.4.2022 runtom i \u00c5bo och p\u00e5 n\u00e4tet.<\/p>\n<figure id=\"attachment_1742\" aria-describedby=\"caption-attachment-1742\" style=\"width: 1024px\" class=\"wp-caption aligncenter\"><a href=\"https:\/\/blog.edu.turku.fi\/laskunnighet\/files\/2022\/03\/Kompisdeckarna.jpg\"><img loading=\"lazy\" decoding=\"async\" class=\"wp-image-1742 size-large\" src=\"https:\/\/blog.edu.turku.fi\/laskunnighet\/files\/2022\/03\/Kompisdeckarna-1024x768.jpg\" alt=\"\" width=\"1024\" height=\"768\" srcset=\"https:\/\/blog.edu.turku.fi\/laskunnighet\/files\/2022\/03\/Kompisdeckarna.jpg 1024w, https:\/\/blog.edu.turku.fi\/laskunnighet\/files\/2022\/03\/Kompisdeckarna-300x225.jpg 300w\" sizes=\"auto, (max-width: 709px) 85vw, (max-width: 909px) 67vw, (max-width: 1362px) 62vw, 840px\" \/><\/a><figcaption id=\"caption-attachment-1742\" class=\"wp-caption-text\">Boken Kompisdeckarna l\u00f6ser paketmysteriet av \u00c5bof\u00f6rfattaren Eva H\u00f6glund i likhet med bokorienteringen utspelar sig i \u00c5bo.<\/figcaption><\/figure>\n<h2>VAD?<\/h2>\n<p>Kompisdeckarna-bokorientering \u00e4r ett sp\u00e4nnande bok\u00e4ventyr som baserar sig p\u00e5 detektivromanen <em>Kompisdeckarna l\u00f6ser paketmysteriet<\/em> (2020) av f\u00f6rfattaren Eva H\u00f6glund. Boken i likhet med bokorienteringen utspelar sig i \u00c5bo.<\/p>\n<p>Bokorienteringen best\u00e5r av \u00e5tta kontroller, som i sin tur inneh\u00e5ller citat ur boken samt olika funktionella uppgifter som s\u00e4kert v\u00e4cker intresse hos alla \u00e4ventyrslystna detektiver! Citaten utspelar sig i n\u00e4rheten av varje kontroll s\u00e5 att orienteringen ger en klar och tydlig bild av handlingen och milj\u00f6n i boken. Uppgifterna kan g\u00f6ras \u00e4ven utan att ha l\u00e4st boken p\u00e5 f\u00f6rhand.<\/p>\n<p>Orienteringen \u00e4r \u00f6ppen f\u00f6r alla, men den \u00e4r speciellt riktad till bokens m\u00e5lgrupp, d.v.s. barn och unga mellan 9\u201312 \u00e5r.<\/p>\n<p><a href=\"https:\/\/vaski.finna.fi\/Record\/vaski.4132064\" target=\"_blank\" rel=\"noopener\"><em>Kompisdeckarna l\u00f6ser paketmysteriet<\/em> (2020) p\u00e5 Vaski-n\u00e4tbibliotek.<\/a><\/p>\n<h2>VAR?<\/h2>\n<p>Kontrollerna f\u00f6r Kompisdeckarna-bokorientering:<\/p>\n<ul>\n<li>\u00c5bo slott\/vid slottporten<\/li>\n<li>Barkerparkens lekplats<\/li>\n<li>Idrottsparken\/Paavo Nurmis alle<\/li>\n<li>Biologiska museet<\/li>\n<li>Samppalinnaparkens lekplats<\/li>\n<li>V\u00e5rdbergsparken\/\u00c5bo Sommarteater<\/li>\n<li>\u00c5bo stadsbibliotek\/barnavdelning Saga<\/li>\n<li>Kuppisparken\/\u00c4ventyrsparken<\/li>\n<\/ul>\n<p>Orienteringen i sin helhet finns ocks\u00e5 p\u00e5 webben s\u00e5 att man kan \u00e4ventyra runtom i \u00c5bo och vara en riktig kompisdetektiv oavsett plats och tid!<\/p>\n<p><a href=\"https:\/\/www.thinglink.com\/card\/1561362323384303619\" target=\"_blank\" rel=\"noopener\">Bokorientering p\u00e5 webben (Thinglink)<\/a><\/p>\n<h2>N\u00c4R?<\/h2>\n<p>Orienteringen startar p\u00e5 m\u00e5ndag 4.4. och \u00e4r tillg\u00e4nglig f\u00f6r alla att ta del av \u00e4nda fram till l\u00f6rdagen 30.4.<\/p>\n<p>Orienteringen lanseras under L\u00e4sveckan 2022 (4\u201310.4). L\u00e4sveckan 2022 lyfter fram den sociala betydelsen av l\u00e4skunnighet ur ett globalt perspektiv. Runtom i v\u00e4rlden \u00e4r l\u00e4skunnighet f\u00f6r m\u00e5nga ett viktigt \u00f6verlevnadss\u00e4tt och l\u00e4sning ett privilegium: <a href=\"https:\/\/lukuviikko.fi\/sv\/forstasidan\/\" target=\"_blank\" rel=\"noopener\">L\u00e4sveckan 2022\/L\u00e4scentrum<\/a>.<\/p>\n<hr \/>\n<h3>Kontakt:<\/h3>\n<p>Henrik Hurme, l\u00e4skoordinator (henrik.hurme@turku.fi, 040 5411706)<\/p>\n<p>(R\u00e4ttigheter till f\u00f6r\u00e4ndringar f\u00f6rbeh\u00e5lls.)<\/p>\n","protected":false},"excerpt":{"rendered":"<p>Ett sp\u00e4nnande bok\u00e4ventyr runtom i \u00c5bo Rikta dig till l\u00e4sning! -l\u00e4skunnighetprojekt, \u00c5bo stadsbiblioteks barnavdelning Saga och \u00c5bof\u00f6rfattaren Eva H\u00f6glund ordnar ett sp\u00e4nnande bok\u00e4ventyr, Kompisdeckarna-bokorientering, 4\u201330.4.2022 runtom i \u00c5bo och p\u00e5 n\u00e4tet. VAD? Kompisdeckarna-bokorientering \u00e4r ett sp\u00e4nnande bok\u00e4ventyr som baserar sig p\u00e5 detektivromanen Kompisdeckarna l\u00f6ser paketmysteriet (2020) av f\u00f6rfattaren Eva H\u00f6glund. Boken i likhet med bokorienteringen &hellip; <a href=\"https:\/\/blog.edu.turku.fi\/laskunnighet\/material\/barn-och-barnfamiljer\/kompisdeckarna-bokorientering\/\" class=\"more-link\">Forts\u00e4tt l\u00e4sa<span class=\"screen-reader-text\"> \u201dKompisdeckarna-bokorientering 2022\u201d<\/span><\/a><\/p>\n","protected":false},"author":2465,"featured_media":0,"parent":1587,"menu_order":0,"comment_status":"closed","ping_status":"closed","template":"","meta":{"footnotes":""},"class_list":["post-1736","page","type-page","status-publish","hentry"],"_links":{"self":[{"href":"https:\/\/blog.edu.turku.fi\/laskunnighet\/wp-json\/wp\/v2\/pages\/1736","targetHints":{"allow":["GET"]}}],"collection":[{"href":"https:\/\/blog.edu.turku.fi\/laskunnighet\/wp-json\/wp\/v2\/pages"}],"about":[{"href":"https:\/\/blog.edu.turku.fi\/laskunnighet\/wp-json\/wp\/v2\/types\/page"}],"author":[{"embeddable":true,"href":"https:\/\/blog.edu.turku.fi\/laskunnighet\/wp-json\/wp\/v2\/users\/2465"}],"replies":[{"embeddable":true,"href":"https:\/\/blog.edu.turku.fi\/laskunnighet\/wp-json\/wp\/v2\/comments?post=1736"}],"version-history":[{"count":25,"href":"https:\/\/blog.edu.turku.fi\/laskunnighet\/wp-json\/wp\/v2\/pages\/1736\/revisions"}],"predecessor-version":[{"id":1873,"href":"https:\/\/blog.edu.turku.fi\/laskunnighet\/wp-json\/wp\/v2\/pages\/1736\/revisions\/1873"}],"up":[{"embeddable":true,"href":"https:\/\/blog.edu.turku.fi\/laskunnighet\/wp-json\/wp\/v2\/pages\/1587"}],"wp:attachment":[{"href":"https:\/\/blog.edu.turku.fi\/laskunnighet\/wp-json\/wp\/v2\/media?parent=1736"}],"curies":[{"name":"wp","href":"https:\/\/api.w.org\/{rel}","templated":true}]}}