{"id":1707,"date":"2022-02-07T10:33:23","date_gmt":"2022-02-07T08:33:23","guid":{"rendered":"https:\/\/blog.edu.turku.fi\/laskunnighet\/?page_id=1707"},"modified":"2022-10-21T08:46:21","modified_gmt":"2022-10-21T05:46:21","slug":"forfattarfredag","status":"publish","type":"page","link":"https:\/\/blog.edu.turku.fi\/laskunnighet\/material\/barn-och-barnfamiljer\/forfattarfredag\/","title":{"rendered":"F\u00f6rfattarfredag 2022"},"content":{"rendered":"<h1>F\u00f6rfattarfredagar p\u00e5 v\u00e5ren 2022<\/h1>\n<p>En grupp popul\u00e4ra f\u00f6rfattare virtuellt bes\u00f6ker \u00c5bo p\u00e5 v\u00e5ren 2022. \u00c5bo l\u00e4skunnighetprojekt n\u00e4mligen producerar virtuella f\u00f6rfattarbes\u00f6k fr\u00e5n mars till maj. F\u00f6rfattarbes\u00f6ken ordnas p\u00e5 svenska p\u00e5 fredagarna (<em>f\u00f6rfattarfredag<\/em>) och p\u00e5 finska p\u00e5 onsdagarna (<em>kirjailijakeskiviikko<\/em>).<\/p>\n<p>L\u00e4skunnighetprojektets f\u00f6rfattarfredagar och finskspr\u00e5kiga f\u00f6rfattarbes\u00f6k ordnas i samarbete med \u00c5bo stadsbiblioteks barnavdelning Saga. Bes\u00f6ken ordnas via L\u00e4scentrum.<\/p>\n<p>F\u00f6rfattarbes\u00f6ken ordnas som direkts\u00e4ndningar p\u00e5 Sagas Facebook p\u00e5 onsdags- och fredagsmorgnarna. Till bes\u00f6ken \u00e4r v\u00e4lkomna alla som \u00e4r intresserade av l\u00e4sning och litteratur!<\/p>\n<hr \/>\n<h2>FR\u00c5GA F\u00d6RFATTAREN!<\/h2>\n<p>Man kan st\u00e4lla fr\u00e5gor till g\u00e4stf\u00f6rfattarna och -illustrat\u00f6rerna genom den medf\u00f6ljande enk\u00e4ten: FR\u00c5GA F\u00d6RFATTAREN! (enk\u00e4ten har st\u00e4ngts). Fr\u00e5gorna kan st\u00e4llas anonymt.<\/p>\n<p>Fr\u00e5gor till f\u00f6rfattarna som g\u00e4star de finskspr\u00e5kiga bes\u00f6ken (<em>kirjailijakeskiviikko<\/em>) kan st\u00e4llas via den medf\u00f6ljande enk\u00e4ten: KYSY KIRJAILIJALTA!\u00a0(enk\u00e4ten har st\u00e4ngts). Fr\u00e5gorna kan st\u00e4llas anonymt.<\/p>\n<p>Fr\u00e5gorna kan ocks\u00e5 skickas per e-post till l\u00e4skoordinatorn: henrik.hurme@turku.fi.<\/p>\n<p>Det l\u00f6nar sig att bekanta sig med g\u00e4stf\u00f6rfattarnas och -illustrat\u00f6rernas produktion p\u00e5 f\u00f6rhand \u2013 ett lyckat bes\u00f6k garanterat! Tips inf\u00f6r f\u00f6rfattarbes\u00f6k finns ocks\u00e5 p\u00e5 L\u00e4scentrums webbsida: <a href=\"https:\/\/lukukeskus.fi\/sv\/material-for-forfattarbesok-i-lagstadier\/\" target=\"_blank\" rel=\"noopener\">Material f\u00f6r f\u00f6rfattarbes\u00f6k i l\u00e5gstadier<\/a>.<\/p>\n<hr \/>\n<h2>F\u00f6rfattarfredag<\/h2>\n<p>Fem prisbel\u00f6nta finlandssvenska f\u00f6rfattare och illustrat\u00f6rer g\u00e4star f\u00f6rfattarfredagarna p\u00e5 v\u00e5ren 2022.<\/p>\n<h3>Annika Sandelin \u2013 4.3.2022 kl. 9:30\u201310:00<\/h3>\n<p>Annika Sandelin \u00e4r en prisbel\u00f6nt finlandssvensk f\u00f6rfattare och diktare. Hon tilldelades Anni Swan-medaljen 2021 som \u00e4r en av Finlands mest ansedda barn- och ungdomslitteraturpriser. Sandelin har skrivit bland annat alfabetsboken <em>Mumindalens alfabet<\/em> (2021), som \u00e4r en del av Fr\u00e5n A till \u00d6 med Mumin -l\u00e4skunnighetprojekt. \u00c5bo l\u00e4skunnighetprojekt delar ut den f\u00f6rutn\u00e4mnda alfabetsboken till varje svenskspr\u00e5kigt daghem i \u00c5bo. Det senaste verket av Sandelin, <em>N\u00e4r farmor fl\u00f6g<\/em> (2022), skakar om uppfattningen av superhj\u00e4ltar: i boken \u00e4r det n\u00e4mligen farmor som pl\u00f6tsligt f\u00e5r superkrafter.<\/p>\n<p><a href=\"https:\/\/fb.me\/e\/2ePvLVUWK\" target=\"_blank\" rel=\"noopener\"><em>F\u00f6rfattarfredag med Annika Sandelin<\/em> p\u00e5 Sagas Facebook.<\/a><\/p>\n<p><a href=\"https:\/\/kirjailijavierailut.lukukeskus.fi\/forfattare\/?\/sandelin-annika\" target=\"_blank\" rel=\"noopener\">Bekanta dig med b\u00f6cker av Annika Sandelin p\u00e5 L\u00e4scentrums webbsida.<\/a><\/p>\n<h3>Linda Bondestam \u2013 18.3.2022 kl. 9:30\u201310:00<\/h3>\n<p>Linda Bondestam \u00e4r en finlandssvensk illustrat\u00f6r och f\u00f6rfattare. Hon h\u00f6r till de mest framst\u00e5ende barnboksillustrat\u00f6rerna i Finland och i Norden. Bondestam har illustrerat \u00f6ver 30 b\u00f6cker. Hennes illustreringar och b\u00f6cker behandlar aktuella, \u00e4ven sv\u00e5ra \u00e4mnen, s\u00e5som klimatf\u00f6r\u00e4ndring och naturens m\u00e5ngfald. Boken\u00a0<em>Mitt bottenliv: av en ensam axolotl<\/em> (2020) av Bondestam har st\u00e5tt h\u00f6gt i gunst hos l\u00e4sare s\u00e5v\u00e4l h\u00e4r i Finland som utomlands. Boken var nominerad till Augustpriset 2020 och Nordiska r\u00e5dets barn- och ungdomslitteraturpris 2021.<\/p>\n<p><a href=\"https:\/\/fb.me\/e\/1Ebl04YBN\" target=\"_blank\" rel=\"noopener\"><em>F\u00f6rfattarfredag med Linda Bondestam<\/em> p\u00e5 Sagas Facebook.<\/a><\/p>\n<p><a href=\"https:\/\/kirjailijavierailut.lukukeskus.fi\/forfattare\/?\/bondestam-linda\" target=\"_blank\" rel=\"noopener\">Bekanta dig med b\u00f6cker av Linda Bondestam p\u00e5 L\u00e4scentrums webbsida.<\/a><\/p>\n<h3>Eva H\u00f6glund \u2013 8.4.2022 kl. 9:30\u201310:00<\/h3>\n<p>Eva H\u00f6glund \u00e4r en finlandssvensk f\u00f6rfattare fr\u00e5n \u00c5bo. Hennes debutverk, \u00e4ventyrsromanen\u00a0<em>Kompisdeckarna l\u00f6ser paketmysteriet<\/em> (2020) ber\u00e4ttar kompisdeckarnas sp\u00e4nnande \u00e4ventyr som utspelar sig runtom i \u00c5bo. H\u00f6glund arbetar som informationsspecialist vid \u00c5bo Akademis bibliotek. \u00c5bo l\u00e4skunnighetprojekt tillsammans med H\u00f6glund och \u00c5bo stadsbiblioteks barnavdelning Saga ordnar ocks\u00e5 en bokorientering p\u00e5 v\u00e5ren som baserar sig p\u00e5 <em>Kompisdeckarna-<\/em>boken.<\/p>\n<p><a href=\"https:\/\/fb.me\/e\/2iCCtt3pV\" target=\"_blank\" rel=\"noopener\"><em>F\u00f6rfattarfredag med Eva H\u00f6glund<\/em> p\u00e5 Sagas Facebook.<\/a><\/p>\n<p><a href=\"https:\/\/kirjailijavierailut.lukukeskus.fi\/forfattare\/?\/hoglund-eva\" target=\"_blank\" rel=\"noopener\">Bekanta dig med b\u00f6cker av Eva H\u00f6glund p\u00e5 L\u00e4scentrums webbsida.<\/a><\/p>\n<h3>Eva Frantz \u2013 29.4.2022 kl. 9:30\u201310:00<\/h3>\n<p>Eva Frantz \u00e4r en prisbel\u00f6nt finlandssvensk deckarf\u00f6rfattare, bloggare, journalist, Eurovisionskommentator, kolumnist och barnboksf\u00f6rfattare. Frantz har skrivit bland annat ungdomsb\u00f6ckerna <em>Hallonbacken<\/em> (2018) och\u00a0<em>Hemligheten i Helmersbruk<\/em> (2021) samt Anna Glad-deckare, som riktar sig till vuxna. Hennes verk har publicerats \u00e4ven i Storbritannien, Sverige, Danmark, Ryssland och Estland. Och p\u00e5 tal om Eurovision Song Contest s\u00e5 g\u00e5r den f\u00f6ljande eurovisionsschlagert\u00e4vlingen av stapeln 10\u201314.5.2022.<\/p>\n<p><a href=\"https:\/\/fb.me\/e\/36A6qRQPa\" target=\"_blank\" rel=\"noopener\"><em>F\u00f6rfattarfredag med Eva Frantz<\/em> p\u00e5 Sagas Facebook.<\/a><\/p>\n<p><a href=\"https:\/\/kirjailijavierailut.lukukeskus.fi\/forfattare\/?\/eva-frantz\" target=\"_blank\" rel=\"noopener\">Bekanta dig med b\u00f6cker av Eva Frantz p\u00e5 L\u00e4scentrums webbsida.<\/a><\/p>\n<h3>Jenny Lucander \u2013 13.5.2022 kl. 9:30\u201310:00<\/h3>\n<p>Jenny Lucander \u00e4r en prisbel\u00f6nt finlandssvensk illustrat\u00f6r som \u00e4r ber\u00f6m i hela Norden f\u00f6r sina fina och k\u00e4nsliga verk. Hon tilldelades Nordiska r\u00e5dets barn- och ungdomslitteraturpris 2020 f\u00f6r boken <em>Vi \u00e4r lajon!<\/em> (2019). Hon har illustrerat s\u00e5v\u00e4l svenska som finska barnb\u00f6cker. Det senaste verket av Lucander,\u00a0<em>N\u00e4r farmor fl\u00f6g<\/em> (2022), skakar om uppfattningen av far- och morm\u00f6drar och superhj\u00e4ltar: superhj\u00e4lten i boken \u00e4r n\u00e4mligen farmor! Texten \u00e4r av f\u00f6rfattaren och poeten Annika Sandelin.<\/p>\n<p><a href=\"https:\/\/fb.me\/e\/3fYMhY2Uj\" target=\"_blank\" rel=\"noopener\"><em>F\u00f6rfattarfredag med Jenny Lucander<\/em> p\u00e5 Sagas Facebook.<\/a><\/p>\n<p><a href=\"https:\/\/kirjailijavierailut.lukukeskus.fi\/forfattare\/?\/lucander-jenny\" target=\"_blank\" rel=\"noopener\">Bekanta dig med b\u00f6cker av Jenny Lucander p\u00e5 L\u00e4scentrums webbsida.<\/a><\/p>\n<hr \/>\n<h2>Kirjailijakeskiviikko<\/h2>\n<p>Fem k\u00e4nda finska f\u00f6rfattare g\u00e4star de finskspr\u00e5kiga f\u00f6rfattarbes\u00f6ken\u00a0<em>kirjailijakeskiviikko<\/em>.<\/p>\n<p>Mera om de finskspr\u00e5kiga f\u00f6rfattarbes\u00f6ken p\u00e5 finska: <a href=\"https:\/\/blog.edu.turku.fi\/lukutaito\/materiaalia\/lapsille-ja-lapsiperheille\/kirjailijakeskiviikot\/\" target=\"_blank\" rel=\"noopener\">Kirjailijakeskiviikot kev\u00e4\u00e4ll\u00e4 2022<\/a>.<\/p>\n<h3>Paula Nivukoski \u2013 9.3.2022 kl. 9:30\u201310:00<\/h3>\n<p>Paula Nivukoski \u00e4r en k\u00e4nd finl\u00e4ndsk f\u00f6rfattare. Hon har bland annat skrivit alfabetsboken <em>Onnelliset aakkoset<\/em> (2021) som \u00e4r en del av Fr\u00e5n A till \u00d6 med Mumin -l\u00e4skunnighetprojekt. Nivukoski har ocks\u00e5 skrivit texten till Mumin L\u00e4sdagbok. \u00c5bo l\u00e4skunnighetprojekt delar ut f\u00f6rutn\u00e4mnda alfabetsb\u00f6cker samt l\u00e4sdagb\u00f6cker p\u00e5 finska till barn p\u00e5 finskspr\u00e5kiga daghem och i skolor i \u00c5bo.<\/p>\n<p><a href=\"https:\/\/fb.me\/e\/6eQktpIAX\" target=\"_blank\" rel=\"noopener\"><em>Kirjailijakeskiviikko: Paula Nivukoski<\/em> p\u00e5 Sagas Facebook.<\/a><\/p>\n<p><a href=\"https:\/\/kirjailijavierailut.lukukeskus.fi\/forfattare\/?\/nivukoski-paula\" target=\"_blank\" rel=\"noopener\">Bekanta dig med b\u00f6cker av Paula Nivukoski p\u00e5 L\u00e4scentrums webbsida.<\/a><\/p>\n<h3>Laura Ertimo \u2013 16.3.2022 kl. 9:30\u201310:00<\/h3>\n<p>Laura Ertimo \u00e4r en finsk facklitter\u00e4r f\u00f6rfattare och geograf. Hennes b\u00f6cker behandlar aktuella, men sv\u00e5ra \u00e4mnen p\u00e5 ett f\u00f6rst\u00e5eligt och l\u00e4ttillg\u00e4ngligt s\u00e4tt. Det senaste verket av Ertimo, <em>Aika matka! Lotta, Kasper ja luontokadon arvoitus<\/em> (2021), behandlar jordens utveckling under de senaste 350 miljoner \u00e5ren. Boken var nominerad till Finlandiapriset i barn- och ungdomslitteratur 2021. Ertimo skriver ocks\u00e5 l\u00e4ttl\u00e4st litteratur.<\/p>\n<p><a href=\"https:\/\/fb.me\/e\/1pktj2bZ3\" target=\"_blank\" rel=\"noopener\"><em>Kirjailijakeskiviikko: Laura Ertimo<\/em> p\u00e5 Sagas Facebook.<\/a><\/p>\n<p><a href=\"https:\/\/kirjailijavierailut.lukukeskus.fi\/forfattare\/?\/ertimo-laura\" target=\"_blank\" rel=\"noopener\">Bekanta dig med b\u00f6cker av Laura Ertimo p\u00e5 L\u00e4scentrums webbsida.<\/a><\/p>\n<h3>Roope Lipasti \u2013 13.4.2022 kl. 9:30\u201310:00 (dagen \u00e4ndrad till 13.4)<\/h3>\n<p>Roope Lipasti \u00e4r en f\u00f6rfattare, journalist, k\u00e5s\u00f6r och kolumnist fr\u00e5n Egentliga Finland. Han har ocks\u00e5 skrivit teaterstycken, serier samt tv- och filmmanuskript. Lipasti skriver \u00e4ven den k\u00e4nda kolumnen\u00a0<em>J\u00e4lkipuinti<\/em> i Turun Sanomat. Den senaste romanen av Lipasti, <em>Mikaelin kirja<\/em> (2021), \u00e4r f\u00f6rlagd till 1550-talet och handlingen i boken placerar sig bland annat i \u00c5bo. K\u00e4nda barnb\u00f6cker av Lipasti \u00e4r bland annat <em>L\u00e4tk\u00e4-Lauri<\/em> och <em>Aavepartio<\/em> b\u00f6cker: <em>Aavepartio ja viem\u00e4rin hirvi\u00f6<\/em> publicerades i februari 2022.<\/p>\n<p><a href=\"https:\/\/fb.me\/e\/2cfnKpEe3\" target=\"_blank\" rel=\"noopener\"><em>Kirjailijakeskiviikko: Roope Lipasti<\/em> p\u00e5 Sagas Facebook.<\/a><\/p>\n<p><a href=\"https:\/\/kirjailijavierailut.lukukeskus.fi\/forfattare\/?\/lipasti-roope\" target=\"_blank\" rel=\"noopener\">Bekanta dig med b\u00f6cker av Roope Lipasti p\u00e5 L\u00e4scentrums webbsida.<\/a><\/p>\n<h3>Silja Sillanp\u00e4\u00e4 \u2013 20.4.2022 kl. 9:30\u201310:00<\/h3>\n<p>Silja Sillanp\u00e4\u00e4 \u00e4r en aktuell f\u00f6rfattare och en m\u00e5ngsysslare inom barnkulturen. Hon \u00e4r k\u00e4nd bland annat f\u00f6r sina <em>Katti Matikainen <\/em>-b\u00f6cker samt sina upptr\u00e4danden p\u00e5 TV2:s barnprogram, s\u00e5som <em>Katinkontti<\/em> och\u00a0<em>Syrh\u00e4m\u00e4<\/em>. Sillanp\u00e4\u00e4 har skrivit flera tv-program, ljudber\u00e4ttelser, bild-ljudb\u00f6cker, sagob\u00f6cker, l\u00e4rob\u00f6cker, teaterstycken, s\u00e5nger, konserter, presentationer och dikter. Den senaste boken av Sillanp\u00e4\u00e4,\u00a0<em>Salasaaren salaisuudet<\/em> (2021), har sk\u00f6rdat lagrar b\u00e5de som bok, verkstad (<em>Salasaaren salapaja<\/em>) och \u00e4ventyrsserie i 40 delar (<em>Salasaaren seikkailijat<\/em>).<\/p>\n<p><a href=\"https:\/\/fb.me\/e\/30Fuzkb8s\" target=\"_blank\" rel=\"noopener\"><em>Kirjailijakeskiviikko: Silja Sillanp\u00e4\u00e4<\/em> p\u00e5 Sagas Facebook.<\/a><\/p>\n<p><a href=\"https:\/\/kirjailijavierailut.lukukeskus.fi\/forfattare\/?\/sillanpaa-silja\" target=\"_blank\" rel=\"noopener\">Bekanta dig med b\u00f6cker av Silja Sillanp\u00e4\u00e4 p\u00e5 L\u00e4scentrums webbsida.<\/a><\/p>\n<h3>Tuuli Hyp\u00e9n \u2013 11.5.2022 kl. 9:30\u201310:00 (dagen \u00e4ndrad till 11.5)<\/h3>\n<p>Tuuli Hyp\u00e9n \u00e4r en serief\u00f6rfattare och illustrat\u00f6r fr\u00e5n \u00c5bo. Hennes mest k\u00e4nda seriefigur l\u00e4r vara cityr\u00e4ven Nanna som man har kunnat spana in s\u00e5v\u00e4l i\u00a0<em>Helsingin Sanomat<\/em>,\u00a0<em>Turun Sanomat<\/em> som i andra finska dagstidningar. Hyp\u00e9n har skrivit serier till <em>Veikka<\/em>-barnb\u00f6cker samt illustrerat flera mobil- och br\u00e4dspel. Hyp\u00e9n har ocks\u00e5 handlett serieverkst\u00e4der f\u00f6r barn och unga.<\/p>\n<p><a href=\"https:\/\/fb.me\/e\/1TC0zmr09\" target=\"_blank\" rel=\"noopener\"><em>Kirjailijakeskiviikko: Tuuli Hyp\u00e9n<\/em> p\u00e5 Sagas Facebook.<\/a><\/p>\n<p><a href=\"https:\/\/kirjailijavierailut.lukukeskus.fi\/forfattare\/?\/hypen-tuuli\" target=\"_blank\" rel=\"noopener\">Bekanta dig med b\u00f6cker av Tuuli Hyp\u00e9n p\u00e5 L\u00e4scentrums webbsida.<\/a><\/p>\n<hr \/>\n<p>R\u00e4ttigheter till f\u00f6r\u00e4ndringar f\u00f6rbeh\u00e5lls.<\/p>\n","protected":false},"excerpt":{"rendered":"<p>F\u00f6rfattarfredagar p\u00e5 v\u00e5ren 2022 En grupp popul\u00e4ra f\u00f6rfattare virtuellt bes\u00f6ker \u00c5bo p\u00e5 v\u00e5ren 2022. \u00c5bo l\u00e4skunnighetprojekt n\u00e4mligen producerar virtuella f\u00f6rfattarbes\u00f6k fr\u00e5n mars till maj. F\u00f6rfattarbes\u00f6ken ordnas p\u00e5 svenska p\u00e5 fredagarna (f\u00f6rfattarfredag) och p\u00e5 finska p\u00e5 onsdagarna (kirjailijakeskiviikko). L\u00e4skunnighetprojektets f\u00f6rfattarfredagar och finskspr\u00e5kiga f\u00f6rfattarbes\u00f6k ordnas i samarbete med \u00c5bo stadsbiblioteks barnavdelning Saga. Bes\u00f6ken ordnas via L\u00e4scentrum. F\u00f6rfattarbes\u00f6ken &hellip; <a href=\"https:\/\/blog.edu.turku.fi\/laskunnighet\/material\/barn-och-barnfamiljer\/forfattarfredag\/\" class=\"more-link\">Forts\u00e4tt l\u00e4sa<span class=\"screen-reader-text\"> \u201dF\u00f6rfattarfredag 2022\u201d<\/span><\/a><\/p>\n","protected":false},"author":2465,"featured_media":0,"parent":1587,"menu_order":0,"comment_status":"closed","ping_status":"closed","template":"","meta":{"footnotes":""},"class_list":["post-1707","page","type-page","status-publish","hentry"],"_links":{"self":[{"href":"https:\/\/blog.edu.turku.fi\/laskunnighet\/wp-json\/wp\/v2\/pages\/1707","targetHints":{"allow":["GET"]}}],"collection":[{"href":"https:\/\/blog.edu.turku.fi\/laskunnighet\/wp-json\/wp\/v2\/pages"}],"about":[{"href":"https:\/\/blog.edu.turku.fi\/laskunnighet\/wp-json\/wp\/v2\/types\/page"}],"author":[{"embeddable":true,"href":"https:\/\/blog.edu.turku.fi\/laskunnighet\/wp-json\/wp\/v2\/users\/2465"}],"replies":[{"embeddable":true,"href":"https:\/\/blog.edu.turku.fi\/laskunnighet\/wp-json\/wp\/v2\/comments?post=1707"}],"version-history":[{"count":34,"href":"https:\/\/blog.edu.turku.fi\/laskunnighet\/wp-json\/wp\/v2\/pages\/1707\/revisions"}],"predecessor-version":[{"id":1957,"href":"https:\/\/blog.edu.turku.fi\/laskunnighet\/wp-json\/wp\/v2\/pages\/1707\/revisions\/1957"}],"up":[{"embeddable":true,"href":"https:\/\/blog.edu.turku.fi\/laskunnighet\/wp-json\/wp\/v2\/pages\/1587"}],"wp:attachment":[{"href":"https:\/\/blog.edu.turku.fi\/laskunnighet\/wp-json\/wp\/v2\/media?parent=1707"}],"curies":[{"name":"wp","href":"https:\/\/api.w.org\/{rel}","templated":true}]}}