{"id":1658,"date":"2021-12-09T14:58:45","date_gmt":"2021-12-09T12:58:45","guid":{"rendered":"https:\/\/blog.edu.turku.fi\/laskunnighet\/?page_id=1658"},"modified":"2022-06-06T10:34:45","modified_gmt":"2022-06-06T07:34:45","slug":"nominerade-till-arets-svenska-barn-och-ungdomsbok-2021","status":"publish","type":"page","link":"https:\/\/blog.edu.turku.fi\/laskunnighet\/material\/barn-och-barnfamiljer\/boktips-enligt-olika-litteraturpriser\/nominerade-till-arets-svenska-barn-och-ungdomsbok-2021\/","title":{"rendered":"Nominerade till \u00c5rets svenska barn- och ungdomsbok 2021"},"content":{"rendered":"<h1>\u00c5rets svenska barn- och ungdomsbok 2021<\/h1>\n<p>B\u00f6ckerna som \u00e4r listade nedan t\u00e4vlade om Augustpriset \u00c5rets svenska barn- och ungdomsbok 2021.<\/p>\n<p>Mera om priskandidaterna samt om priset finns p\u00e5 <a href=\"https:\/\/www.augustpriset.se\/\" target=\"_blank\" rel=\"noopener\">Augustprisets webbsida<\/a> (www.augustpriset.se).<\/p>\n<hr \/>\n<p><em>Furan<\/em>, Lisen Adb\u00e5ge (Rab\u00e9n &amp; Sj\u00f6gren)<\/p>\n<p>Boken kan l\u00e5nas p\u00e5 Vaski-biblioteken, <a href=\"https:\/\/vaski.finna.fi\/Record\/vaski.4194613\" target=\"_blank\" rel=\"noopener\">checka bokens tillg\u00e4nglighet p\u00e5 Vaski-n\u00e4tbiblioteket<\/a>.<\/p>\n<p><em>Himlabrand<\/em>, Moa Backe \u00c5stot (Rab\u00e9n &amp; Sj\u00f6gren)<\/p>\n<p>Boken kan l\u00e5nas p\u00e5 Vaski-biblioteken, <a href=\"https:\/\/vaski.finna.fi\/Record\/vaski.4145341\" target=\"_blank\" rel=\"noopener\">checka bokens tillg\u00e4nglighet p\u00e5 Vaski-n\u00e4tbiblioteket<\/a>.<\/p>\n<p><em>Ett rum till Lisen<\/em>, Elin Johansson, Ellen Svedjeland &amp; Emma Adb\u00e5ge (Rab\u00e9n &amp; Sj\u00f6gren)<\/p>\n<p>Boken kan l\u00e5nas p\u00e5 Vaski-biblioteken, <a href=\"https:\/\/vaski.finna.fi\/Record\/vaski.4182911\" target=\"_blank\" rel=\"noopener\">checka bokens tillg\u00e4nglighet p\u00e5 Vaski-n\u00e4tbiblioteket<\/a>.<\/p>\n<p><em>Om du m\u00f6ter en bj\u00f6rn<\/em>, Malin Kivel\u00e4, Martin Glaz Serup &amp; Linda Bondestam (F\u00f6rlaget)<\/p>\n<p>Boken kan l\u00e5nas p\u00e5 Vaski-biblioteken, <a href=\"https:\/\/vaski.finna.fi\/Record\/vaski.4145958\" target=\"_blank\" rel=\"noopener\">checka bokens tillg\u00e4nglighet p\u00e5 Vaski-n\u00e4tbiblioteket<\/a>.<\/p>\n<p><em>Nattkorpen<\/em>, Johan Rundberg (Natur &amp; Kultur)<\/p>\n<p>Boken kan l\u00e5nas p\u00e5 Vaski-biblioteken, <a href=\"https:\/\/vaski.finna.fi\/Record\/vaski.4145362\" target=\"_blank\" rel=\"noopener\">checka bokens tillg\u00e4nglighet p\u00e5 Vaski-n\u00e4tbiblioteket<\/a>.<\/p>\n<p><em>Min mamma \u00e4r snabbare \u00e4n din!<\/em>, Emma Virke &amp; Joanna Hellgren (Lilla Piratf\u00f6rlaget)<\/p>\n<p>Boken kan l\u00e5nas p\u00e5 Vaski-biblioteken, <a href=\"https:\/\/vaski.finna.fi\/Record\/vaski.4217307\" target=\"_blank\" rel=\"noopener\">checka bokens tillg\u00e4nglighet p\u00e5 Vaski-n\u00e4tbiblioteket<\/a>.<\/p>\n<hr \/>\n<p>\u00c5rets vinnare av Augustpriset i kategorin \u00c5rets svenska barn- och ungdomsbok \u00e4r Johan Rundberg med boken\u00a0<em>Nattkorpen<\/em>.<\/p>\n","protected":false},"excerpt":{"rendered":"<p>\u00c5rets svenska barn- och ungdomsbok 2021 B\u00f6ckerna som \u00e4r listade nedan t\u00e4vlade om Augustpriset \u00c5rets svenska barn- och ungdomsbok 2021. Mera om priskandidaterna samt om priset finns p\u00e5 Augustprisets webbsida (www.augustpriset.se). Furan, Lisen Adb\u00e5ge (Rab\u00e9n &amp; Sj\u00f6gren) Boken kan l\u00e5nas p\u00e5 Vaski-biblioteken, checka bokens tillg\u00e4nglighet p\u00e5 Vaski-n\u00e4tbiblioteket. Himlabrand, Moa Backe \u00c5stot (Rab\u00e9n &amp; Sj\u00f6gren) Boken &hellip; <a href=\"https:\/\/blog.edu.turku.fi\/laskunnighet\/material\/barn-och-barnfamiljer\/boktips-enligt-olika-litteraturpriser\/nominerade-till-arets-svenska-barn-och-ungdomsbok-2021\/\" class=\"more-link\">Forts\u00e4tt l\u00e4sa<span class=\"screen-reader-text\"> \u201dNominerade till \u00c5rets svenska barn- och ungdomsbok 2021\u201d<\/span><\/a><\/p>\n","protected":false},"author":2465,"featured_media":0,"parent":1856,"menu_order":0,"comment_status":"closed","ping_status":"closed","template":"","meta":{"footnotes":""},"class_list":["post-1658","page","type-page","status-publish","hentry"],"_links":{"self":[{"href":"https:\/\/blog.edu.turku.fi\/laskunnighet\/wp-json\/wp\/v2\/pages\/1658","targetHints":{"allow":["GET"]}}],"collection":[{"href":"https:\/\/blog.edu.turku.fi\/laskunnighet\/wp-json\/wp\/v2\/pages"}],"about":[{"href":"https:\/\/blog.edu.turku.fi\/laskunnighet\/wp-json\/wp\/v2\/types\/page"}],"author":[{"embeddable":true,"href":"https:\/\/blog.edu.turku.fi\/laskunnighet\/wp-json\/wp\/v2\/users\/2465"}],"replies":[{"embeddable":true,"href":"https:\/\/blog.edu.turku.fi\/laskunnighet\/wp-json\/wp\/v2\/comments?post=1658"}],"version-history":[{"count":1,"href":"https:\/\/blog.edu.turku.fi\/laskunnighet\/wp-json\/wp\/v2\/pages\/1658\/revisions"}],"predecessor-version":[{"id":1660,"href":"https:\/\/blog.edu.turku.fi\/laskunnighet\/wp-json\/wp\/v2\/pages\/1658\/revisions\/1660"}],"up":[{"embeddable":true,"href":"https:\/\/blog.edu.turku.fi\/laskunnighet\/wp-json\/wp\/v2\/pages\/1856"}],"wp:attachment":[{"href":"https:\/\/blog.edu.turku.fi\/laskunnighet\/wp-json\/wp\/v2\/media?parent=1658"}],"curies":[{"name":"wp","href":"https:\/\/api.w.org\/{rel}","templated":true}]}}