{"id":1632,"date":"2021-11-12T12:22:28","date_gmt":"2021-11-12T10:22:28","guid":{"rendered":"https:\/\/blog.edu.turku.fi\/laskunnighet\/?page_id=1632"},"modified":"2022-06-06T10:35:36","modified_gmt":"2022-06-06T07:35:36","slug":"kandidaterna-for-priset-som-ska-stoda-barns-laslust-ar-2022-har-offentliggjorts","status":"publish","type":"page","link":"https:\/\/blog.edu.turku.fi\/laskunnighet\/material\/barn-och-barnfamiljer\/boktips-enligt-olika-litteraturpriser\/kandidaterna-for-priset-som-ska-stoda-barns-laslust-ar-2022-har-offentliggjorts\/","title":{"rendered":"Kandidaterna f\u00f6r priset som ska st\u00f6da barns l\u00e4slust \u00e5r 2022 har offentliggjorts"},"content":{"rendered":"<h1>Kandidaterna f\u00f6r Runeberg Junior 2022<\/h1>\n<p>Kandidaterna f\u00f6r barnlitteraturpriset Runeberg Junior 2022 offentliggjordes p\u00e5 onsdag den 11 november 2021. Sammanlagt tio b\u00f6cker t\u00e4vlar om priset, av dem \u00e4r fem finskspr\u00e5kiga och fem svenskspr\u00e5kiga. Kandidaterna valdes av f\u00f6rvalsjuryn som bestod av\u00a0illustrat\u00f6ren och serietecknaren Filippa Hella, specialbibliotekarien Mikaela Wickstr\u00f6m och klassl\u00e4raren Christa Viitanen.<\/p>\n<p>Vinnaren av Runeberg Junior -barnlitteraturpriset utses av f\u00f6rskolebarn och elever i \u00e5rskurs 1 och 2 i Borg\u00e5.<\/p>\n<h2>Kandidaterna f\u00f6r Runeberg Junior 2022 \u00e4r:<\/h2>\n<p>Frank Furu &amp; Linda Bondestam (ill.). (2021). <em>Ni \u00e4r inte min mamma<\/em>. (F\u00f6rlaget &amp; Berghs).<\/p>\n<p><a href=\"https:\/\/vaski.finna.fi\/Record\/vaski.4179877?lng=sv\" target=\"_blank\" rel=\"noopener\"><em>Ni \u00e4r inte min mamma<\/em> p\u00e5 Vaski-n\u00e4tbibliotek.<\/a><\/p>\n<p>Lena Fr\u00f6lander-Ulf. (2021). <em>Fidel och jag i storstan<\/em>. (F\u00f6rlaget).<\/p>\n<p><a href=\"https:\/\/vaski.finna.fi\/Record\/vaski.4145957\" target=\"_blank\" rel=\"noopener\"><em>Fidel och jag i<\/em> storstan p\u00e5 Vaski-n\u00e4tbibliotek.<\/a><\/p>\n<p>Kaisa Happonen &amp; Anne Vasko (ill.). (2021). <em>Mur ja mets\u00e4n ilta : Iltasatuja isoille ja pienille<\/em>. (Tammi).<\/p>\n<p><a href=\"https:\/\/vaski.finna.fi\/Record\/vaski.4175937\" target=\"_blank\" rel=\"noopener\"><em>Mur ja mets\u00e4n ilta : Iltasatuja isoille ja pienille<\/em> p\u00e5 Vaski-n\u00e4tbibliotek.<\/a><\/p>\n<p>Malin Kivel\u00e4, Martin Glaz Serup &amp; Linda Bondestam (ill.). (2021). <em>Om du m\u00f6ter en bj\u00f6rn<\/em>. (F\u00f6rlaget).<\/p>\n<p><a href=\"https:\/\/vaski.finna.fi\/Record\/vaski.4145958\" target=\"_blank\" rel=\"noopener\"><em>Om du m\u00f6ter en<\/em> bj\u00f6rn p\u00e5 Vaski-n\u00e4tbibliotek.<\/a><\/p>\n<p>Hanna Lundstr\u00f6m &amp; Frank A. Unger (ill.). (2021). <em>Bilskelettet : Sju ber\u00e4ttelser<\/em>. (Schildts &amp; S\u00f6derstr\u00f6ms).<\/p>\n<p><a href=\"https:\/\/vaski.finna.fi\/Record\/vaski.4180678\" target=\"_blank\" rel=\"noopener\"><em>Bilskelettet : Sju ber\u00e4ttelser<\/em> p\u00e5 Vaski-n\u00e4tbibliotek.<\/a><\/p>\n<p>Edu Kettunen. <em>Elppu matkalla kotiin<\/em>. (2021). (Minerva Kustannus).<\/p>\n<p><a href=\"https:\/\/vaski.finna.fi\/Record\/vaski.4180632\" target=\"_blank\" rel=\"noopener\"><em>Elppu matkalla kotiin<\/em> p\u00e5 Vaski-n\u00e4tbibliotek.<\/a><\/p>\n<p>Anja Portin, Sanna Pelliccioni (ill.) &amp; Matias Alfred Stark (fot.). <em>Matias ja kaikki se mik\u00e4 oli jossain kaukana<\/em>. (S&amp;S).<\/p>\n<p><a href=\"https:\/\/vaski.finna.fi\/Record\/vaski.4180248\" target=\"_blank\" rel=\"noopener\"><em>Matias ja kaikki se mik\u00e4 oli jossain kaukana<\/em> p\u00e5 Vaski-n\u00e4tbibliotek.<\/a><\/p>\n<p>Heli Rantala &amp; Netta Lehtola (ill.). (2021). <em>Murtautuja Mauri<\/em>. (WSOY).<\/p>\n<p><a href=\"https:\/\/vaski.finna.fi\/Record\/vaski.4137523\" target=\"_blank\" rel=\"noopener\"><em>Murtautuja Mauri<\/em> p\u00e5 Vaski-n\u00e4tbibliotek.<\/a><\/p>\n<p>Annika Sandelin &amp; Tove Jansson (ill.). (2021). <em>Mumindalens alfabet<\/em>. (F\u00f6rlaget).<\/p>\n<p><a href=\"https:\/\/vaski.finna.fi\/Record\/vaski.4145952\" target=\"_blank\" rel=\"noopener\"><em>Mumindalens alfabet<\/em> p\u00e5 Vaski-n\u00e4tbibliotek.<\/a><\/p>\n<p>Mimmu Tihinen &amp; Meeri Hentil\u00e4 (ill.). (2021). <em>Kalevin kes\u00e4tarina<\/em>. (Otava).<\/p>\n<p><a href=\"https:\/\/vaski.finna.fi\/Record\/vaski.4167310\" target=\"_blank\" rel=\"noopener\"><em>Kalevin kes\u00e4tarina<\/em> p\u00e5 Vaski-n\u00e4tbibliotek.<\/a><\/p>\n<hr \/>\n<p>Runeberg Junior-priset \u00e4r Borg\u00e5 stads och KSF Media \/ Tidningen \u00d6stnylands gemensamma barnlitteraturpris. Prissumman uppg\u00e5r till 10 000 euro och det delades ut f\u00f6rsta g\u00e5ngen i samband med Runebergsdagen i februari 2017.<\/p>\n<p><a href=\"https:\/\/www.borga.fi\/kandidaterna-for-barnlitteraturpriset-runeberg-junior-offentliggjorda2\" target=\"_blank\" rel=\"noopener\">N\u00e4rmare information om Runeberg Junior-priset p\u00e5 Borg\u00e5 stads webbsida.<\/a><\/p>\n","protected":false},"excerpt":{"rendered":"<p>Kandidaterna f\u00f6r Runeberg Junior 2022 Kandidaterna f\u00f6r barnlitteraturpriset Runeberg Junior 2022 offentliggjordes p\u00e5 onsdag den 11 november 2021. Sammanlagt tio b\u00f6cker t\u00e4vlar om priset, av dem \u00e4r fem finskspr\u00e5kiga och fem svenskspr\u00e5kiga. Kandidaterna valdes av f\u00f6rvalsjuryn som bestod av\u00a0illustrat\u00f6ren och serietecknaren Filippa Hella, specialbibliotekarien Mikaela Wickstr\u00f6m och klassl\u00e4raren Christa Viitanen. Vinnaren av Runeberg Junior -barnlitteraturpriset &hellip; <a href=\"https:\/\/blog.edu.turku.fi\/laskunnighet\/material\/barn-och-barnfamiljer\/boktips-enligt-olika-litteraturpriser\/kandidaterna-for-priset-som-ska-stoda-barns-laslust-ar-2022-har-offentliggjorts\/\" class=\"more-link\">Forts\u00e4tt l\u00e4sa<span class=\"screen-reader-text\"> \u201dKandidaterna f\u00f6r priset som ska st\u00f6da barns l\u00e4slust \u00e5r 2022 har offentliggjorts\u201d<\/span><\/a><\/p>\n","protected":false},"author":2465,"featured_media":0,"parent":1856,"menu_order":0,"comment_status":"closed","ping_status":"closed","template":"","meta":{"footnotes":""},"class_list":["post-1632","page","type-page","status-publish","hentry"],"_links":{"self":[{"href":"https:\/\/blog.edu.turku.fi\/laskunnighet\/wp-json\/wp\/v2\/pages\/1632","targetHints":{"allow":["GET"]}}],"collection":[{"href":"https:\/\/blog.edu.turku.fi\/laskunnighet\/wp-json\/wp\/v2\/pages"}],"about":[{"href":"https:\/\/blog.edu.turku.fi\/laskunnighet\/wp-json\/wp\/v2\/types\/page"}],"author":[{"embeddable":true,"href":"https:\/\/blog.edu.turku.fi\/laskunnighet\/wp-json\/wp\/v2\/users\/2465"}],"replies":[{"embeddable":true,"href":"https:\/\/blog.edu.turku.fi\/laskunnighet\/wp-json\/wp\/v2\/comments?post=1632"}],"version-history":[{"count":2,"href":"https:\/\/blog.edu.turku.fi\/laskunnighet\/wp-json\/wp\/v2\/pages\/1632\/revisions"}],"predecessor-version":[{"id":1634,"href":"https:\/\/blog.edu.turku.fi\/laskunnighet\/wp-json\/wp\/v2\/pages\/1632\/revisions\/1634"}],"up":[{"embeddable":true,"href":"https:\/\/blog.edu.turku.fi\/laskunnighet\/wp-json\/wp\/v2\/pages\/1856"}],"wp:attachment":[{"href":"https:\/\/blog.edu.turku.fi\/laskunnighet\/wp-json\/wp\/v2\/media?parent=1632"}],"curies":[{"name":"wp","href":"https:\/\/api.w.org\/{rel}","templated":true}]}}