{"id":1625,"date":"2021-11-10T14:42:16","date_gmt":"2021-11-10T12:42:16","guid":{"rendered":"https:\/\/blog.edu.turku.fi\/laskunnighet\/?page_id=1625"},"modified":"2022-06-06T10:34:51","modified_gmt":"2022-06-06T07:34:51","slug":"nominerade-till-finlandiapriset-2021","status":"publish","type":"page","link":"https:\/\/blog.edu.turku.fi\/laskunnighet\/material\/barn-och-barnfamiljer\/boktips-enligt-olika-litteraturpriser\/nominerade-till-finlandiapriset-2021\/","title":{"rendered":"Nominerade till Finlandiapriset 2021"},"content":{"rendered":"<h1>Nominerade till Barn- och ungdomslitteratur Finlandiapriset 2021<\/h1>\n<p>Nominerade till Barn- och ungdomslitteratur Finlandiapriset 2021 har tillk\u00e4nnagivits!<\/p>\n<h2>Priskandidaterna i \u00e5r \u00e4r:<\/h2>\n<p>Anne-Maija Aalto (2021).\u00a0<em>Mist\u00e4 valo p\u00e4\u00e4see sis\u00e4\u00e4n<\/em>. (Otava).<\/p>\n<p><a href=\"https:\/\/vaski.finna.fi\/Record\/vaski.4177558\" target=\"_blank\" rel=\"noopener\"><em>Mist\u00e4 valo p\u00e4\u00e4see sis\u00e4\u00e4n<\/em> p\u00e5 Vaski-n\u00e4tbibliotek.<\/a><\/p>\n<p>Laura Ertimo &amp; Mari Ahokoivu (ill.). (2021). <em>Aika matka! Lotta, Kasper ja luontokadon arvoitus<\/em>. (Into Kustannus).<\/p>\n<p><a href=\"https:\/\/vaski.finna.fi\/Record\/vaski.4184756\" target=\"_blank\" rel=\"noopener\"><em>Aika matka! Lotta, Kasper ja luontokadon arvoitus<\/em> p\u00e5 Vaski-n\u00e4tbibliotek.<\/a><\/p>\n<p>Malin Kivel\u00e4, Martin Glaz Serup, Linda Bondestam (ill.) &amp; Malin Kivel\u00e4 (\u00f6vers.). (2021). <em>Om du m\u00f6ter en bj\u00f6rn<\/em>\u00a0\/\u00a0<em>Jos kohtaat karhun<\/em>. (F\u00f6rlaget \/ Teos).<\/p>\n<p><a href=\"https:\/\/vaski.finna.fi\/Record\/vaski.4145958\" target=\"_blank\" rel=\"noopener\"><em>Om du m\u00f6ter en bj\u00f6rn<\/em> p\u00e5 Vaski-n\u00e4tbibliotek.<\/a><\/p>\n<p><a href=\"https:\/\/vaski.finna.fi\/Record\/vaski.4179862\" target=\"_blank\" rel=\"noopener\"><em>Jos kohtaat karhun<\/em> p\u00e5 Vaski-n\u00e4tbibliotek.<\/a><\/p>\n<p>Pia Krutsin, Jani Ikonen (ill.). (2021). <em>Kaupunki Kukaties<\/em>. (WSOY).<\/p>\n<p><a href=\"https:\/\/vaski.finna.fi\/Record\/vaski.4137541\" target=\"_blank\" rel=\"noopener\"><em>Kaupunki Kukaties<\/em> p\u00e5 Vaski-n\u00e4tbibliotek.<\/a><\/p>\n<p>Timo Parvela, Pasi Pitk\u00e4nen (ill.). (2021).<em>\u00a0Kepler62 Terra: Kloonit<\/em>. (WSOY).<\/p>\n<p><a href=\"https:\/\/vaski.finna.fi\/Record\/vaski.4145565\" target=\"_blank\" rel=\"noopener\"><em>Kepler62 Terra: Kloonit<\/em> p\u00e5 Vaski-n\u00e4tbibliotek.<\/a><\/p>\n<p>Dess Terentjeva. (2021).\u00a0<em>Ihana<\/em>. (WSOY).<\/p>\n<p><a href=\"https:\/\/vaski.finna.fi\/Record\/vaski.4180216\" target=\"_blank\" rel=\"noopener\"><em>Ihana<\/em> p\u00e5 Vaski-n\u00e4tbibliotek.<\/a><\/p>\n<h2>Nomineringsevenemang 10.11.2021<\/h2>\n<p>Uttagningskommitt\u00e9n f\u00f6r Barn- och ungdomslitteratur Finlandiapriset 2021 tillk\u00e4nnagav de nominerade verken p\u00e5 onsdag 10.11.2021. I \u00e5r best\u00e5r kommitt\u00e9n av Petri Kemppinen (expert inom fil- och tv-industri, ordf\u00f6rande), P\u00e4ivi Jokitalo (expert inom biblioteksbranschen) och Emmi J\u00e4kk\u00f6 (utvecklingschef vid L\u00e4scentrum). Den slutliga vinnare i \u00e5r v\u00e4ljer futuristen, f\u00f6rfattaren Perttu P\u00f6l\u00f6nen.<\/p>\n<p><a href=\"https:\/\/kirjasaatio.fi\/finlandia\/lasten-ja-nuortenkirjallisuuden-finlandia\/lasten-ja-nuortenkirjallisuuden-finlandia-ehdokkaat\" target=\"_blank\" rel=\"noopener\">Se inspelningen av nomineringsevenemanget p\u00e5 Finlands Bokstiftelses webbsida (www.kirjasaatio.fi).<\/a><\/p>\n<hr \/>\n<p>Barn- och ungdomslitteratur Finlandiapriset delas ut av Finlands Bokstiftelse. Priset tilldelas en ansedd finl\u00e4ndsk f\u00f6rfattare med penningpris p\u00e5 30 000 euro. Barn- och ungdomslitteratur Finlandiapriset har tilldelats fr\u00e5n \u00e5r 1997.<\/p>\n","protected":false},"excerpt":{"rendered":"<p>Nominerade till Barn- och ungdomslitteratur Finlandiapriset 2021 Nominerade till Barn- och ungdomslitteratur Finlandiapriset 2021 har tillk\u00e4nnagivits! Priskandidaterna i \u00e5r \u00e4r: Anne-Maija Aalto (2021).\u00a0Mist\u00e4 valo p\u00e4\u00e4see sis\u00e4\u00e4n. (Otava). Mist\u00e4 valo p\u00e4\u00e4see sis\u00e4\u00e4n p\u00e5 Vaski-n\u00e4tbibliotek. Laura Ertimo &amp; Mari Ahokoivu (ill.). (2021). Aika matka! Lotta, Kasper ja luontokadon arvoitus. (Into Kustannus). Aika matka! Lotta, Kasper ja luontokadon &hellip; <a href=\"https:\/\/blog.edu.turku.fi\/laskunnighet\/material\/barn-och-barnfamiljer\/boktips-enligt-olika-litteraturpriser\/nominerade-till-finlandiapriset-2021\/\" class=\"more-link\">Forts\u00e4tt l\u00e4sa<span class=\"screen-reader-text\"> \u201dNominerade till Finlandiapriset 2021\u201d<\/span><\/a><\/p>\n","protected":false},"author":2465,"featured_media":0,"parent":1856,"menu_order":0,"comment_status":"closed","ping_status":"closed","template":"","meta":{"footnotes":""},"class_list":["post-1625","page","type-page","status-publish","hentry"],"_links":{"self":[{"href":"https:\/\/blog.edu.turku.fi\/laskunnighet\/wp-json\/wp\/v2\/pages\/1625","targetHints":{"allow":["GET"]}}],"collection":[{"href":"https:\/\/blog.edu.turku.fi\/laskunnighet\/wp-json\/wp\/v2\/pages"}],"about":[{"href":"https:\/\/blog.edu.turku.fi\/laskunnighet\/wp-json\/wp\/v2\/types\/page"}],"author":[{"embeddable":true,"href":"https:\/\/blog.edu.turku.fi\/laskunnighet\/wp-json\/wp\/v2\/users\/2465"}],"replies":[{"embeddable":true,"href":"https:\/\/blog.edu.turku.fi\/laskunnighet\/wp-json\/wp\/v2\/comments?post=1625"}],"version-history":[{"count":3,"href":"https:\/\/blog.edu.turku.fi\/laskunnighet\/wp-json\/wp\/v2\/pages\/1625\/revisions"}],"predecessor-version":[{"id":1629,"href":"https:\/\/blog.edu.turku.fi\/laskunnighet\/wp-json\/wp\/v2\/pages\/1625\/revisions\/1629"}],"up":[{"embeddable":true,"href":"https:\/\/blog.edu.turku.fi\/laskunnighet\/wp-json\/wp\/v2\/pages\/1856"}],"wp:attachment":[{"href":"https:\/\/blog.edu.turku.fi\/laskunnighet\/wp-json\/wp\/v2\/media?parent=1625"}],"curies":[{"name":"wp","href":"https:\/\/api.w.org\/{rel}","templated":true}]}}