{"id":1587,"date":"2021-10-18T09:10:14","date_gmt":"2021-10-18T06:10:14","guid":{"rendered":"https:\/\/blog.edu.turku.fi\/laskunnighet\/?page_id=1587"},"modified":"2022-06-06T10:32:05","modified_gmt":"2022-06-06T07:32:05","slug":"barn-och-barnfamiljer","status":"publish","type":"page","link":"https:\/\/blog.edu.turku.fi\/laskunnighet\/material\/barn-och-barnfamiljer\/","title":{"rendered":"Barn och barnfamiljer"},"content":{"rendered":"<blockquote class=\"wp-embedded-content\" data-secret=\"ogNGPkGUCC\"><p><a href=\"https:\/\/blog.edu.turku.fi\/laskunnighet\/material\/barn-och-barnfamiljer\/rikta-dig-till-lasning-barnboksorientering-pa-sommar-2021\/\">Barnboksorientering<\/a><\/p><\/blockquote>\n<p><iframe loading=\"lazy\" class=\"wp-embedded-content\" sandbox=\"allow-scripts\" security=\"restricted\" style=\"position: absolute; clip: rect(1px, 1px, 1px, 1px);\" title=\"&#8221;Barnboksorientering&#8221; &#8212; Rikta dig till l\u00e4sning!\" src=\"https:\/\/blog.edu.turku.fi\/laskunnighet\/material\/barn-och-barnfamiljer\/rikta-dig-till-lasning-barnboksorientering-pa-sommar-2021\/embed\/#?secret=ogNGPkGUCC\" data-secret=\"ogNGPkGUCC\" width=\"600\" height=\"338\" frameborder=\"0\" marginwidth=\"0\" marginheight=\"0\" scrolling=\"no\"><\/iframe><\/p>\n<blockquote class=\"wp-embedded-content\" data-secret=\"OWTUV9AhSh\"><p><a href=\"https:\/\/blog.edu.turku.fi\/laskunnighet\/material\/barn-och-barnfamiljer\/boktips-enligt-olika-litteraturpriser\/\">Boktips enligt olika litteraturpriser<\/a><\/p><\/blockquote>\n<p><iframe loading=\"lazy\" class=\"wp-embedded-content\" sandbox=\"allow-scripts\" security=\"restricted\" style=\"position: absolute; clip: rect(1px, 1px, 1px, 1px);\" title=\"&#8221;Boktips enligt olika litteraturpriser&#8221; &#8212; Rikta dig till l\u00e4sning!\" src=\"https:\/\/blog.edu.turku.fi\/laskunnighet\/material\/barn-och-barnfamiljer\/boktips-enligt-olika-litteraturpriser\/embed\/#?secret=OWTUV9AhSh\" data-secret=\"OWTUV9AhSh\" width=\"600\" height=\"338\" frameborder=\"0\" marginwidth=\"0\" marginheight=\"0\" scrolling=\"no\"><\/iframe><\/p>\n<blockquote class=\"wp-embedded-content\" data-secret=\"RSI2VgmOq5\"><p><a href=\"https:\/\/blog.edu.turku.fi\/laskunnighet\/material\/barn-och-barnfamiljer\/forfattarfredag\/\">F\u00f6rfattarfredag<\/a><\/p><\/blockquote>\n<p><iframe loading=\"lazy\" class=\"wp-embedded-content\" sandbox=\"allow-scripts\" security=\"restricted\" style=\"position: absolute; clip: rect(1px, 1px, 1px, 1px);\" title=\"&#8221;F\u00f6rfattarfredag&#8221; &#8212; Rikta dig till l\u00e4sning!\" src=\"https:\/\/blog.edu.turku.fi\/laskunnighet\/material\/barn-och-barnfamiljer\/forfattarfredag\/embed\/#?secret=RSI2VgmOq5\" data-secret=\"RSI2VgmOq5\" width=\"600\" height=\"338\" frameborder=\"0\" marginwidth=\"0\" marginheight=\"0\" scrolling=\"no\"><\/iframe><\/p>\n<blockquote class=\"wp-embedded-content\" data-secret=\"9sKDszzdoI\"><p><a href=\"https:\/\/blog.edu.turku.fi\/laskunnighet\/material\/barn-och-barnfamiljer\/ordkonstdag-go-ordkonst-go\/\">GO ORDKONST GO!<\/a><\/p><\/blockquote>\n<p><iframe loading=\"lazy\" class=\"wp-embedded-content\" sandbox=\"allow-scripts\" security=\"restricted\" style=\"position: absolute; clip: rect(1px, 1px, 1px, 1px);\" title=\"&#8221;GO ORDKONST GO!&#8221; &#8212; Rikta dig till l\u00e4sning!\" src=\"https:\/\/blog.edu.turku.fi\/laskunnighet\/material\/barn-och-barnfamiljer\/ordkonstdag-go-ordkonst-go\/embed\/#?secret=9sKDszzdoI\" data-secret=\"9sKDszzdoI\" width=\"600\" height=\"338\" frameborder=\"0\" marginwidth=\"0\" marginheight=\"0\" scrolling=\"no\"><\/iframe><\/p>\n<blockquote class=\"wp-embedded-content\" data-secret=\"I3LWuAEAoC\"><p><a href=\"https:\/\/blog.edu.turku.fi\/laskunnighet\/material\/barn-och-barnfamiljer\/kompisdeckarna-bokorientering\/\">Kompisdeckarna-bokorientering<\/a><\/p><\/blockquote>\n<p><iframe loading=\"lazy\" class=\"wp-embedded-content\" sandbox=\"allow-scripts\" security=\"restricted\" style=\"position: absolute; clip: rect(1px, 1px, 1px, 1px);\" title=\"&#8221;Kompisdeckarna-bokorientering&#8221; &#8212; Rikta dig till l\u00e4sning!\" src=\"https:\/\/blog.edu.turku.fi\/laskunnighet\/material\/barn-och-barnfamiljer\/kompisdeckarna-bokorientering\/embed\/#?secret=I3LWuAEAoC\" data-secret=\"I3LWuAEAoC\" width=\"600\" height=\"338\" frameborder=\"0\" marginwidth=\"0\" marginheight=\"0\" scrolling=\"no\"><\/iframe><\/p>\n<blockquote class=\"wp-embedded-content\" data-secret=\"8YfqQrS21E\"><p><a href=\"https:\/\/blog.edu.turku.fi\/laskunnighet\/material\/barn-och-barnfamiljer\/abo-stadsbiblioteks-flersprakiga-boklistor\/\">\u00c5bo stadsbiblioteks flerspr\u00e5kiga boklistor<\/a><\/p><\/blockquote>\n<p><iframe loading=\"lazy\" class=\"wp-embedded-content\" sandbox=\"allow-scripts\" security=\"restricted\" style=\"position: absolute; clip: rect(1px, 1px, 1px, 1px);\" title=\"&#8221;\u00c5bo stadsbiblioteks flerspr\u00e5kiga boklistor&#8221; &#8212; Rikta dig till l\u00e4sning!\" src=\"https:\/\/blog.edu.turku.fi\/laskunnighet\/material\/barn-och-barnfamiljer\/abo-stadsbiblioteks-flersprakiga-boklistor\/embed\/#?secret=8YfqQrS21E\" data-secret=\"8YfqQrS21E\" width=\"600\" height=\"338\" frameborder=\"0\" marginwidth=\"0\" marginheight=\"0\" scrolling=\"no\"><\/iframe><\/p>\n","protected":false},"excerpt":{"rendered":"<p>Barnboksorientering Boktips enligt olika litteraturpriser F\u00f6rfattarfredag GO ORDKONST GO! Kompisdeckarna-bokorientering \u00c5bo stadsbiblioteks flerspr\u00e5kiga boklistor<\/p>\n","protected":false},"author":2465,"featured_media":0,"parent":8,"menu_order":0,"comment_status":"closed","ping_status":"closed","template":"","meta":{"footnotes":""},"class_list":["post-1587","page","type-page","status-publish","hentry"],"_links":{"self":[{"href":"https:\/\/blog.edu.turku.fi\/laskunnighet\/wp-json\/wp\/v2\/pages\/1587","targetHints":{"allow":["GET"]}}],"collection":[{"href":"https:\/\/blog.edu.turku.fi\/laskunnighet\/wp-json\/wp\/v2\/pages"}],"about":[{"href":"https:\/\/blog.edu.turku.fi\/laskunnighet\/wp-json\/wp\/v2\/types\/page"}],"author":[{"embeddable":true,"href":"https:\/\/blog.edu.turku.fi\/laskunnighet\/wp-json\/wp\/v2\/users\/2465"}],"replies":[{"embeddable":true,"href":"https:\/\/blog.edu.turku.fi\/laskunnighet\/wp-json\/wp\/v2\/comments?post=1587"}],"version-history":[{"count":11,"href":"https:\/\/blog.edu.turku.fi\/laskunnighet\/wp-json\/wp\/v2\/pages\/1587\/revisions"}],"predecessor-version":[{"id":1867,"href":"https:\/\/blog.edu.turku.fi\/laskunnighet\/wp-json\/wp\/v2\/pages\/1587\/revisions\/1867"}],"up":[{"embeddable":true,"href":"https:\/\/blog.edu.turku.fi\/laskunnighet\/wp-json\/wp\/v2\/pages\/8"}],"wp:attachment":[{"href":"https:\/\/blog.edu.turku.fi\/laskunnighet\/wp-json\/wp\/v2\/media?parent=1587"}],"curies":[{"name":"wp","href":"https:\/\/api.w.org\/{rel}","templated":true}]}}